{"id":11420,"date":"2019-12-02T12:58:07","date_gmt":"2019-12-02T11:58:07","guid":{"rendered":"https:\/\/dlmtappi.com\/prodotti\/"},"modified":"2026-01-07T11:39:53","modified_gmt":"2026-01-07T10:39:53","slug":"produkty","status":"publish","type":"page","link":"https:\/\/dlmtappi.com\/cs\/produkty\/","title":{"rendered":"Produkty"},"content":{"rendered":"","protected":false},"excerpt":{"rendered":"","protected":false},"author":1,"featured_media":11421,"parent":0,"menu_order":0,"comment_status":"closed","ping_status":"closed","template":"","meta":{"_acf_changed":false,"footnotes":""},"class_list":["post-11420","page","type-page","status-publish","has-post-thumbnail","hentry","description-off"],"acf":[],"yoast_head":"<!-- This site is optimized with the Yoast SEO plugin v25.6 - https:\/\/yoast.com\/wordpress\/plugins\/seo\/ -->\n<title>Plastov\u00e9 ochrann\u00e9 krytky | Online prodej - DLM tappi<\/title>\n<meta name=\"description\" content=\"Objevte v\u0161echny produkty DLM Tappi, online prodej plastov\u00fdch ochrann\u00fdch krytek, technick\u00fdch krytek, ochrany z\u00e1vit\u016f a mnoho dal\u0161\u00edho.\" \/>\n<meta name=\"robots\" content=\"index, follow, max-snippet:-1, max-image-preview:large, max-video-preview:-1\" \/>\n<link rel=\"canonical\" href=\"https:\/\/dlmtappi.com\/cs\/produkty\/\" \/>\n<meta property=\"og:locale\" content=\"cs_CZ\" \/>\n<meta property=\"og:type\" content=\"article\" \/>\n<meta property=\"og:title\" content=\"Plastov\u00e9 ochrann\u00e9 krytky | Online prodej - DLM tappi\" \/>\n<meta property=\"og:description\" content=\"Objevte v\u0161echny produkty DLM Tappi, online prodej plastov\u00fdch ochrann\u00fdch krytek, technick\u00fdch krytek, ochrany z\u00e1vit\u016f a mnoho dal\u0161\u00edho.\" \/>\n<meta property=\"og:url\" content=\"https:\/\/dlmtappi.com\/cs\/produkty\/\" \/>\n<meta property=\"og:site_name\" content=\"DLM tappi\" \/>\n<meta property=\"article:modified_time\" content=\"2026-01-07T10:39:53+00:00\" \/>\n<meta property=\"og:image\" content=\"https:\/\/dlmtappi.com\/wp-content\/uploads\/2022\/12\/dlm_logo_contorno_foglia.png\" \/>\n\t<meta property=\"og:image:width\" content=\"297\" \/>\n\t<meta property=\"og:image:height\" content=\"221\" \/>\n\t<meta property=\"og:image:type\" content=\"image\/png\" \/>\n<meta name=\"twitter:card\" content=\"summary_large_image\" \/>\n<meta name=\"twitter:label1\" content=\"Odhadovan\u00e1 doba \u010dten\u00ed\" \/>\n\t<meta name=\"twitter:data1\" content=\"1 minuta\" \/>\n<script type=\"application\/ld+json\" class=\"yoast-schema-graph\">{\"@context\":\"https:\/\/schema.org\",\"@graph\":[{\"@type\":\"WebPage\",\"@id\":\"https:\/\/dlmtappi.com\/cs\/produkty\/\",\"url\":\"https:\/\/dlmtappi.com\/cs\/produkty\/\",\"name\":\"Plastov\u00e9 ochrann\u00e9 krytky | Online prodej - DLM tappi\",\"isPartOf\":{\"@id\":\"https:\/\/dlmtappi.com\/cs\/#website\"},\"primaryImageOfPage\":{\"@id\":\"https:\/\/dlmtappi.com\/cs\/produkty\/#primaryimage\"},\"image\":{\"@id\":\"https:\/\/dlmtappi.com\/cs\/produkty\/#primaryimage\"},\"thumbnailUrl\":\"https:\/\/dlmtappi.com\/wp-content\/uploads\/2022\/12\/dlm_logo_contorno_foglia.png\",\"datePublished\":\"2019-12-02T11:58:07+00:00\",\"dateModified\":\"2026-01-07T10:39:53+00:00\",\"description\":\"Objevte v\u0161echny produkty DLM Tappi, online prodej plastov\u00fdch ochrann\u00fdch krytek, technick\u00fdch krytek, ochrany z\u00e1vit\u016f a mnoho dal\u0161\u00edho.\",\"breadcrumb\":{\"@id\":\"https:\/\/dlmtappi.com\/cs\/produkty\/#breadcrumb\"},\"inLanguage\":\"cs\",\"potentialAction\":[{\"@type\":\"ReadAction\",\"target\":[\"https:\/\/dlmtappi.com\/cs\/produkty\/\"]}]},{\"@type\":\"ImageObject\",\"inLanguage\":\"cs\",\"@id\":\"https:\/\/dlmtappi.com\/cs\/produkty\/#primaryimage\",\"url\":\"https:\/\/dlmtappi.com\/wp-content\/uploads\/2022\/12\/dlm_logo_contorno_foglia.png\",\"contentUrl\":\"https:\/\/dlmtappi.com\/wp-content\/uploads\/2022\/12\/dlm_logo_contorno_foglia.png\",\"width\":297,\"height\":221},{\"@type\":\"BreadcrumbList\",\"@id\":\"https:\/\/dlmtappi.com\/cs\/produkty\/#breadcrumb\",\"itemListElement\":[{\"@type\":\"ListItem\",\"position\":1,\"name\":\"Home\",\"item\":\"https:\/\/dlmtappi.com\/cs\/\"},{\"@type\":\"ListItem\",\"position\":2,\"name\":\"Produkty\"}]},{\"@type\":\"WebSite\",\"@id\":\"https:\/\/dlmtappi.com\/cs\/#website\",\"url\":\"https:\/\/dlmtappi.com\/cs\/\",\"name\":\"DLM tappi\",\"description\":\"Produzione tappi tecnici e protezione filetti in plastica\",\"publisher\":{\"@id\":\"https:\/\/dlmtappi.com\/cs\/#organization\"},\"potentialAction\":[{\"@type\":\"SearchAction\",\"target\":{\"@type\":\"EntryPoint\",\"urlTemplate\":\"https:\/\/dlmtappi.com\/cs\/?s={search_term_string}\"},\"query-input\":{\"@type\":\"PropertyValueSpecification\",\"valueRequired\":true,\"valueName\":\"search_term_string\"}}],\"inLanguage\":\"cs\"},{\"@type\":\"Organization\",\"@id\":\"https:\/\/dlmtappi.com\/cs\/#organization\",\"name\":\"DLM tappi\",\"url\":\"https:\/\/dlmtappi.com\/cs\/\",\"logo\":{\"@type\":\"ImageObject\",\"inLanguage\":\"cs\",\"@id\":\"https:\/\/dlmtappi.com\/cs\/#\/schema\/logo\/image\/\",\"url\":\"https:\/\/dlmtappi.com\/wp-content\/uploads\/2022\/12\/dlm_logo_foglia.png\",\"contentUrl\":\"https:\/\/dlmtappi.com\/wp-content\/uploads\/2022\/12\/dlm_logo_foglia.png\",\"width\":114,\"height\":100,\"caption\":\"DLM tappi\"},\"image\":{\"@id\":\"https:\/\/dlmtappi.com\/cs\/#\/schema\/logo\/image\/\"}}]}<\/script>\n<!-- \/ Yoast SEO plugin. -->","yoast_head_json":{"title":"Plastov\u00e9 ochrann\u00e9 krytky | Online prodej - DLM tappi","description":"Objevte v\u0161echny produkty DLM Tappi, online prodej plastov\u00fdch ochrann\u00fdch krytek, technick\u00fdch krytek, ochrany z\u00e1vit\u016f a mnoho dal\u0161\u00edho.","robots":{"index":"index","follow":"follow","max-snippet":"max-snippet:-1","max-image-preview":"max-image-preview:large","max-video-preview":"max-video-preview:-1"},"canonical":"https:\/\/dlmtappi.com\/cs\/produkty\/","og_locale":"cs_CZ","og_type":"article","og_title":"Plastov\u00e9 ochrann\u00e9 krytky | Online prodej - DLM tappi","og_description":"Objevte v\u0161echny produkty DLM Tappi, online prodej plastov\u00fdch ochrann\u00fdch krytek, technick\u00fdch krytek, ochrany z\u00e1vit\u016f a mnoho dal\u0161\u00edho.","og_url":"https:\/\/dlmtappi.com\/cs\/produkty\/","og_site_name":"DLM tappi","article_modified_time":"2026-01-07T10:39:53+00:00","og_image":[{"width":297,"height":221,"url":"https:\/\/dlmtappi.com\/wp-content\/uploads\/2022\/12\/dlm_logo_contorno_foglia.png","type":"image\/png"}],"twitter_card":"summary_large_image","twitter_misc":{"Odhadovan\u00e1 doba \u010dten\u00ed":"1 minuta"},"schema":{"@context":"https:\/\/schema.org","@graph":[{"@type":"WebPage","@id":"https:\/\/dlmtappi.com\/cs\/produkty\/","url":"https:\/\/dlmtappi.com\/cs\/produkty\/","name":"Plastov\u00e9 ochrann\u00e9 krytky | Online prodej - DLM tappi","isPartOf":{"@id":"https:\/\/dlmtappi.com\/cs\/#website"},"primaryImageOfPage":{"@id":"https:\/\/dlmtappi.com\/cs\/produkty\/#primaryimage"},"image":{"@id":"https:\/\/dlmtappi.com\/cs\/produkty\/#primaryimage"},"thumbnailUrl":"https:\/\/dlmtappi.com\/wp-content\/uploads\/2022\/12\/dlm_logo_contorno_foglia.png","datePublished":"2019-12-02T11:58:07+00:00","dateModified":"2026-01-07T10:39:53+00:00","description":"Objevte v\u0161echny produkty DLM Tappi, online prodej plastov\u00fdch ochrann\u00fdch krytek, technick\u00fdch krytek, ochrany z\u00e1vit\u016f a mnoho dal\u0161\u00edho.","breadcrumb":{"@id":"https:\/\/dlmtappi.com\/cs\/produkty\/#breadcrumb"},"inLanguage":"cs","potentialAction":[{"@type":"ReadAction","target":["https:\/\/dlmtappi.com\/cs\/produkty\/"]}]},{"@type":"ImageObject","inLanguage":"cs","@id":"https:\/\/dlmtappi.com\/cs\/produkty\/#primaryimage","url":"https:\/\/dlmtappi.com\/wp-content\/uploads\/2022\/12\/dlm_logo_contorno_foglia.png","contentUrl":"https:\/\/dlmtappi.com\/wp-content\/uploads\/2022\/12\/dlm_logo_contorno_foglia.png","width":297,"height":221},{"@type":"BreadcrumbList","@id":"https:\/\/dlmtappi.com\/cs\/produkty\/#breadcrumb","itemListElement":[{"@type":"ListItem","position":1,"name":"Home","item":"https:\/\/dlmtappi.com\/cs\/"},{"@type":"ListItem","position":2,"name":"Produkty"}]},{"@type":"WebSite","@id":"https:\/\/dlmtappi.com\/cs\/#website","url":"https:\/\/dlmtappi.com\/cs\/","name":"DLM tappi","description":"Produzione tappi tecnici e protezione filetti in plastica","publisher":{"@id":"https:\/\/dlmtappi.com\/cs\/#organization"},"potentialAction":[{"@type":"SearchAction","target":{"@type":"EntryPoint","urlTemplate":"https:\/\/dlmtappi.com\/cs\/?s={search_term_string}"},"query-input":{"@type":"PropertyValueSpecification","valueRequired":true,"valueName":"search_term_string"}}],"inLanguage":"cs"},{"@type":"Organization","@id":"https:\/\/dlmtappi.com\/cs\/#organization","name":"DLM tappi","url":"https:\/\/dlmtappi.com\/cs\/","logo":{"@type":"ImageObject","inLanguage":"cs","@id":"https:\/\/dlmtappi.com\/cs\/#\/schema\/logo\/image\/","url":"https:\/\/dlmtappi.com\/wp-content\/uploads\/2022\/12\/dlm_logo_foglia.png","contentUrl":"https:\/\/dlmtappi.com\/wp-content\/uploads\/2022\/12\/dlm_logo_foglia.png","width":114,"height":100,"caption":"DLM tappi"},"image":{"@id":"https:\/\/dlmtappi.com\/cs\/#\/schema\/logo\/image\/"}}]}},"_links":{"self":[{"href":"https:\/\/dlmtappi.com\/cs\/wp-json\/wp\/v2\/pages\/11420","targetHints":{"allow":["GET"]}}],"collection":[{"href":"https:\/\/dlmtappi.com\/cs\/wp-json\/wp\/v2\/pages"}],"about":[{"href":"https:\/\/dlmtappi.com\/cs\/wp-json\/wp\/v2\/types\/page"}],"author":[{"embeddable":true,"href":"https:\/\/dlmtappi.com\/cs\/wp-json\/wp\/v2\/users\/1"}],"replies":[{"embeddable":true,"href":"https:\/\/dlmtappi.com\/cs\/wp-json\/wp\/v2\/comments?post=11420"}],"version-history":[{"count":1,"href":"https:\/\/dlmtappi.com\/cs\/wp-json\/wp\/v2\/pages\/11420\/revisions"}],"predecessor-version":[{"id":11425,"href":"https:\/\/dlmtappi.com\/cs\/wp-json\/wp\/v2\/pages\/11420\/revisions\/11425"}],"wp:featuredmedia":[{"embeddable":true,"href":"https:\/\/dlmtappi.com\/cs\/wp-json\/wp\/v2\/media\/11421"}],"wp:attachment":[{"href":"https:\/\/dlmtappi.com\/cs\/wp-json\/wp\/v2\/media?parent=11420"}],"curies":[{"name":"wp","href":"https:\/\/api.w.org\/{rel}","templated":true}]}}