{"id":11431,"date":"2019-07-30T12:14:42","date_gmt":"2019-07-30T10:14:42","guid":{"rendered":"https:\/\/dlmtappi.com\/azienda\/"},"modified":"2025-12-23T16:45:44","modified_gmt":"2025-12-23T15:45:44","slug":"spolecnost","status":"publish","type":"page","link":"https:\/\/dlmtappi.com\/cs\/spolecnost\/","title":{"rendered":"Spole\u010dnost"},"content":{"rendered":"<section class=\"wpb-content-wrapper\"><p>[vc_row gap=&#8220;20&#8243; equal_height=&#8220;yes&#8220; content_placement=&#8220;middle&#8220;][vc_column width=&#8220;1\/2&#8243; offset=&#8220;vc_hidden-xs&#8220;][vc_column_text]Spole\u010dnost DLM se specializuje na v\u00fdrobu ochrann\u00fdch syst\u00e9m\u016f ji\u017e v\u00edce ne\u017e 50 let.<\/p>\n<p>Spole\u010dnost se zav\u00e1zala <strong>k \u00fapln\u00e9 ekologick\u00e9 p\u0159em\u011bn\u011b<\/strong> sv\u00fdch v\u00fdrobk\u016f a v\u00fdrobn\u00edch proces\u016f do roku 2025.<\/p>\n<p>Zam\u011bstnanci DLM jsou tepaj\u00edc\u00edm srdcem t\u00e9to mimo\u0159\u00e1dn\u00e9 ekologick\u00e9 zm\u011bny, kter\u00e1 se prom\u011b\u0148uje v <strong>konkr\u00e9tn\u00ed \u010diny<\/strong> na profesion\u00e1ln\u00ed i osobn\u00ed \u00farovni.<\/p>\n<p>N\u00e1\u0161 ekologick\u00fd p\u0159echod je konkr\u00e9tn\u00edm z\u00e1vazkem v\u016f\u010di na\u0161im rodin\u00e1m, na\u0161im d\u011btem a budouc\u00edm generac\u00edm, \u017ee <strong>sn\u00ed\u017e\u00edme dopad<\/strong> na\u0161ich v\u00fdrobk\u016f a proces\u016f <strong>na \u017eivotn\u00ed prost\u0159ed\u00ed<\/strong>, co\u017e je pevn\u011b zakotveno v programu <strong>GREEN DEAL DLM<\/strong>.[\/vc_column_text][\/vc_column][vc_column width=&#8220;1\/2&#8243; css=&#8220;.vc_custom_1709894351283{background-image: url(https:\/\/dlmtappi.com\/wp-content\/uploads\/2024\/03\/spalla-laterale-azienda.jpg?id=10599) !important;background-position: center !important;background-repeat: no-repeat !important;background-size: contain !important;}&#8220; offset=&#8220;vc_hidden-xs&#8220;][\/vc_column][\/vc_row][vc_row equal_height=&#8220;yes&#8220; content_placement=&#8220;middle&#8220;][vc_column offset=&#8220;vc_hidden-lg vc_hidden-md vc_hidden-sm&#8220;][vc_single_image image=&#8220;9630&#8243; img_size=&#8220;full&#8220; alignment=&#8220;center&#8220;][vc_column_text]DLM da oltre 50 anni \u00e8 un\u2019azienda specializzata nella produzione di sistemi di protezione.<\/p>\n<p>La societ\u00e0 si \u00e8 impegnata, entro il 2025, ad affrontare una <strong>totale transizione ecologica<\/strong> dei propri prodotti e processi produttivi.<\/p>\n<p>Lo Staff di DLM \u00e8 il cuore pulsante di questa straordinaria transizione ecologica, che si trasforma in <strong>azioni concrete<\/strong> sia a livello professionale che personale.<\/p>\n<p>La nostra transizione ecologica \u00e8 un impegno concreto nei confronti delle nostre famiglie, dei nostri figli e delle generazioni future, per <strong>ridurre l\u2019impatto ambientale<\/strong> dei nostri prodotti e processi, che trova solide fondamenta nel <strong>GREEN DEAL DLM<\/strong>.[\/vc_column_text][vc_single_image image=&#8220;10622&#8243; img_size=&#8220;full&#8220; alignment=&#8220;center&#8220;][vc_column_text]La nostra LINEA GREEN realizzata con <strong>plastiche di seconda vita<\/strong> \u00e8 il risultato del nostro impegno verso l\u2019ambiente.<\/p>\n<p>I nostri prodotti ECO sono certificati PSV (Plastica Seconda Vita) e rispondono ai requisiti della ISO 14021.<br \/>\nLa linea ECO ci permetter\u00e0 di contribuire ad <strong>evitare l\u2019emissione di circa 800.000 kg di CO2 equivalente<\/strong>.<\/p>\n<p>Tutti gli articoli ECO saranno nuovamente riciclabili in ottica di <strong>economia circolare<\/strong>.<\/p>\n<p>DLM quotidianamente si impegna nello sviluppo di idee e soluzioni per soddisfare la sostenibilit\u00e0 economica, sociale ed ambientale, accogliendo sfide di <strong>miglioramento continuo<\/strong>.[\/vc_column_text][\/vc_column][\/vc_row][vc_row equal_height=&#8220;yes&#8220; content_placement=&#8220;middle&#8220;][vc_column][vc_empty_space height=&#8220;50px&#8220;][\/vc_column][\/vc_row][vc_row full_width=&#8220;stretch_row&#8220; gap=&#8220;20&#8243; equal_height=&#8220;yes&#8220; content_placement=&#8220;top&#8220; disable_element=&#8220;yes&#8220; css=&#8220;.vc_custom_1673623706796{background-color: #f7f7f7 !important;}&#8220;][vc_column width=&#8220;1\/3&#8243;][vc_custom_heading text=&#8220;Team&#8220; font_container=&#8220;tag:h3|text_align:left&#8220; use_theme_fonts=&#8220;yes&#8220; el_class=&#8220;textUppercase myHtre&#8220;][vc_column_text el_class=&#8220;leftBorder&#8220;]La nostra azienda \u00e8 composta da un team di <b>14 persone altamente specializzate<\/b> e costantemente formate, per rispondere da <b>oltre 30 anni <\/b>alle continue richieste del mercato.[\/vc_column_text][\/vc_column][vc_column width=&#8220;1\/3&#8243;][vc_custom_heading text=&#8220;Parco macchine&#8220; font_container=&#8220;tag:h3|text_align:left&#8220; use_theme_fonts=&#8220;yes&#8220; el_class=&#8220;textUppercase myHtre&#8220;][vc_column_text el_class=&#8220;leftBorder&#8220;]Il parco macchine \u00e8 costituito da <b>45 presse<\/b> per lo stampaggio ad iniezione, <b>un impianto<\/b> per lo stampaggio ad immersione ed <b>una attrezzeria<\/b> per la realizzazione degli stampi.[\/vc_column_text][\/vc_column][vc_column width=&#8220;1\/3&#8243;][vc_custom_heading text=&#8220;Mission&#8220; font_container=&#8220;tag:h3|text_align:left&#8220; use_theme_fonts=&#8220;yes&#8220; el_class=&#8220;textUppercase myHtre&#8220;][vc_column_text el_class=&#8220;leftBorder&#8220;]\u201cI nostri clienti devono dimenticarsi della gestione dei tappi. Il tappo in produzione \u00e8 come la penna in un ufficio: nessuno si aspetta di non trovarlo nel momento del bisogno.\u201d[\/vc_column_text][\/vc_column][\/vc_row][vc_row full_width=&#8220;stretch_row&#8220; gap=&#8220;20&#8243; equal_height=&#8220;yes&#8220; content_placement=&#8220;top&#8220; disable_element=&#8220;yes&#8220; css=&#8220;.vc_custom_1673623715464{background-color: #f7f7f7 !important;}&#8220;][vc_column width=&#8220;1\/3&#8243;][vc_custom_heading text=&#8220;Filosofia&#8220; font_container=&#8220;tag:h3|text_align:left&#8220; use_theme_fonts=&#8220;yes&#8220; el_class=&#8220;textUppercase myHtre&#8220;][vc_column_text el_class=&#8220;leftBorder&#8220;]Le nostre tecniche di fornitura si sono consolidate nella filosofia <b>Just in time<\/b> e <b>Kanban<\/b>. Siamo sensibili ai contenuti delle nuove normative in materia ambientale e ci stiamo concentrando nello <b>sviluppo di nuovi prodotti eco-compatibili<\/b>. La nostra azienda \u00e8 <b>certificata<\/b> secondo la normativa UNI EN ISO 9001:2015.[\/vc_column_text][\/vc_column][vc_column width=&#8220;1\/3&#8243;][vc_custom_heading text=&#8220;Produzione&#8220; font_container=&#8220;tag:h3|text_align:left&#8220; use_theme_fonts=&#8220;yes&#8220; el_class=&#8220;textUppercase myHtre&#8220;][vc_column_text el_class=&#8220;leftBorder&#8220;]La nostra area produttiva si estende su circa <b>2.000 mq<\/b>, mentre la logistica ed il magazzino dei prodotti finiti si trovano a pochi chilometri dal sito produttivo e coprono un\u2019area di circa 1.500 mq. Siamo costantemente riforniti con <b>oltre 5.000 articoli<\/b> della nostra gamma standard.[\/vc_column_text][\/vc_column][vc_column width=&#8220;1\/3&#8243;][vc_custom_heading text=&#8220;Settori&#8220; font_container=&#8220;tag:h3|text_align:left&#8220; use_theme_fonts=&#8220;yes&#8220; el_class=&#8220;textUppercase myHtre&#8220;][vc_column_text el_class=&#8220;leftBorder&#8220;]I nostri rapporti commerciali sono in continuo sviluppo con aziende leader nei settori dell\u2019<b>Automotive<\/b> e del <b>Condizionamento<\/b>, oltre che dell\u2019<b>Oleodimanica<\/b> e dell\u2019<b>Oleopneumatica<\/b>.[\/vc_column_text][\/vc_column][\/vc_row][vc_row equal_height=&#8220;yes&#8220; content_placement=&#8220;middle&#8220; disable_element=&#8220;yes&#8220;][vc_column width=&#8220;1\/2&#8243; css=&#8220;.vc_custom_1575900256001{margin-top: 50px !important;margin-bottom: 50px !important;background-image: url(https:\/\/dlmtappi.com\/wp-content\/uploads\/2019\/12\/DLM-cosa-caffiamo.jpg?id=5778) !important;background-position: center !important;background-repeat: no-repeat !important;background-size: contain !important;}&#8220; offset=&#8220;vc_hidden-xs&#8220;][\/vc_column][vc_column width=&#8220;1\/2&#8243; offset=&#8220;vc_hidden-xs&#8220;][vc_empty_space height=&#8220;100px&#8220;][vc_column_text]Affianchiamo i nostri clienti dall\u2019inizio alla fine. In fase di <b>progettazione<\/b> della protezione suggeriamo i <b>materiali <\/b>migliori e pi\u00f9 adeguati all&#8217;applicazione richiesta. Definiamo il <b>layout<\/b> pi\u00f9 sicuro. A seconda dell\u2019utilizzo realizziamo <b>prototipi<\/b> funzionali e stampi di produzione, grazie alla nostra attrezzeria interna.<\/p>\n<p>Inoltre garantiamo eventuali <b>scorte<\/b> del prodotto &#8211; in base alle necessit\u00e0 del cliente &#8211; grazie al magazzino di oltre 2.000 mq, con ulteriori aree dedicate ai prodotti customizzati. La <b>distribuzione<\/b> dei prodotti viene organizzata in ogni parte del mondo.[\/vc_column_text][vc_empty_space height=&#8220;100px&#8220;][\/vc_column][\/vc_row][vc_row equal_height=&#8220;yes&#8220; content_placement=&#8220;middle&#8220; disable_element=&#8220;yes&#8220; css=&#8220;.vc_custom_1676622493793{padding-top: 50px !important;}&#8220;][vc_column offset=&#8220;vc_hidden-lg vc_hidden-md vc_hidden-sm&#8220;][vc_column_text]Affianchiamo i nostri clienti dall\u2019inizio alla fine. In fase di <b>progettazione<\/b> della protezione suggeriamo i <b>materiali <\/b>migliori e pi\u00f9 adeguati all&#8217;applicazione richiesta. Definiamo il <b>layout<\/b> pi\u00f9 sicuro. A seconda dell\u2019utilizzo realizziamo <b>prototipi<\/b> funzionali e stampi di produzione, grazie alla nostra attrezzeria interna.<\/p>\n<p>Inoltre garantiamo eventuali <b>scorte<\/b> del prodotto &#8211; in base alle necessit\u00e0 del cliente &#8211; grazie al magazzino di oltre 2.000 mq, con ulteriori aree dedicate ai prodotti customizzati. La <b>distribuzione<\/b> dei prodotti viene organizzata in ogni parte del mondo.[\/vc_column_text][vc_single_image image=&#8220;5778&#8243; img_size=&#8220;320&#215;480&#8243; alignment=&#8220;center&#8220;][\/vc_column][\/vc_row][vc_row full_width=&#8220;stretch_row&#8220; equal_height=&#8220;yes&#8220; content_placement=&#8220;middle&#8220; el_class=&#8220;preFooter&#8220;][vc_column offset=&#8220;vc_col-lg-offset-1 vc_col-lg-10 vc_col-md-offset-1 vc_col-md-10&#8243;][\/vc_column][\/vc_row][vc_row full_width=&#8220;stretch_row_content_no_spaces&#8220; css=&#8220;.vc_custom_1710233084148{background-color: #f7f7f7 !important;}&#8220;][vc_column][vc_cta h2=&#8220;Ovoce na\u0161eho \u00fasil\u00ed? St\u00e1le zelen\u011bj\u0161\u00ed katalog!&#8220; h4=&#8220;St\u00e1hn\u011bte si ji a zjist\u011bte v\u0161echny podrobnosti&#8220; txt_align=&#8220;center&#8220; add_button=&#8220;bottom&#8220; btn_title=&#8220;ST\u00c1HNOUT ZELEN\u00dd KATALOG&#8220; btn_style=&#8220;flat&#8220; btn_shape=&#8220;square&#8220; btn_size=&#8220;lg&#8220; btn_align=&#8220;center&#8220; el_class=&#8220;verde&#8220; btn_link=&#8220;url:https%3A%2F%2Fdlmtappi.com%2Fcs%2Fkatalog%2F|title:Katalog&#8220;][\/vc_cta][\/vc_column][\/vc_row][vc_row][vc_column][vc_single_image image=&#8220;10601&#8243; img_size=&#8220;full&#8220; alignment=&#8220;center&#8220; el_class=&#8220;immagine&#8220;][vc_column_text]Od roku 2019 spole\u010dnost DLM investovala do v\u00fdm\u011bny 65 % sv\u00fdch v\u00fdrobn\u00edch za\u0159\u00edzen\u00ed instalac\u00ed <strong>nejmodern\u011bj\u0161\u00edch za\u0159\u00edzen\u00ed<\/strong>, kter\u00e1 sn\u00ed\u017eila spot\u0159ebu energie o 30 %.<\/p>\n<p>V roce 2021 jsme aktivovali n\u00e1\u0161 <strong>fotovoltaick\u00fd syst\u00e9m<\/strong>, kter\u00fd n\u00e1m d\u00edky sol\u00e1rn\u00ed energii umo\u017e\u0148uje pokr\u00fdt 35 % na\u0161ich pot\u0159eb elekt\u0159iny.<\/p>\n<p>\u0160kolen\u00ed, osv\u011bta a zapojen\u00ed cel\u00e9ho na\u0161eho person\u00e1lu byly faktory \u00fasp\u011bchu pro <strong>uv\u011bdom\u011bl\u00e9 vyu\u017e\u00edv\u00e1n\u00ed<\/strong> za\u0159\u00edzen\u00ed a surovin.[\/vc_column_text][vc_btn title=&#8220;OBJEVTE NA\u0160E CERTIFIKACE&#8220; style=&#8220;outline-custom&#8220; outline_custom_color=&#8220;#0a0a0a&#8220; outline_custom_hover_background=&#8220;#000000&#8243; outline_custom_hover_text=&#8220;#ffffff&#8220; shape=&#8220;square&#8220; size=&#8220;lg&#8220; align=&#8220;center&#8220; link=&#8220;url:https%3A%2F%2Fdlmtappi.com%2Fcs%2Fcertifikace%2F|title:Certifikace&#8220;][vc_empty_space height=&#8220;40px&#8220;][\/vc_column][\/vc_row][vc_row][vc_column][vc_single_image image=&#8220;10681&#8243; img_size=&#8220;full&#8220; alignment=&#8220;center&#8220; el_class=&#8220;immagine&#8220;][vc_column_text]Na\u0161e \u0159ada GREEN LINE vyroben\u00e1 <strong>z pou\u017eit\u00fdch plast\u016f<\/strong> je v\u00fdsledkem na\u0161eho z\u00e1vazku v\u016f\u010di \u017eivotn\u00edmu prost\u0159ed\u00ed.<\/p>\n<p>Na\u0161e v\u00fdrobky ECO maj\u00ed certifik\u00e1t PSV (Plastic Second Life) a spl\u0148uj\u00ed po\u017eadavky normy ISO 14021.<br \/>\nLinka ECO n\u00e1m umo\u017en\u00ed <strong>zabr\u00e1nit emis\u00edm p\u0159ibli\u017en\u011b 800 000 kg ekvivalentu CO2<\/strong>.<\/p>\n<p>V\u0161echny p\u0159edm\u011bty ECO budou s ohledem na <strong>ob\u011bhov\u00e9 hospod\u00e1\u0159stv\u00ed<\/strong> op\u011bt recyklovateln\u00e9.<\/p>\n<p>Spole\u010dnost DLM se denn\u011b sna\u017e\u00ed rozv\u00edjet my\u0161lenky a \u0159e\u0161en\u00ed pro dosa\u017een\u00ed ekonomick\u00e9, soci\u00e1ln\u00ed a environment\u00e1ln\u00ed udr\u017eitelnosti a p\u0159ij\u00edm\u00e1 v\u00fdzvy k <strong>neust\u00e1l\u00e9mu zlep\u0161ov\u00e1n\u00ed<\/strong>.[\/vc_column_text][vc_btn title=&#8220;ST\u00c1HN\u011aTE SI N\u00c1\u0160 ZELEN\u00dd KATALOG&#8220; style=&#8220;outline-custom&#8220; outline_custom_color=&#8220;#0a0a0a&#8220; outline_custom_hover_background=&#8220;#000000&#8243; outline_custom_hover_text=&#8220;#ffffff&#8220; shape=&#8220;square&#8220; size=&#8220;lg&#8220; align=&#8220;center&#8220; link=&#8220;url:https%3A%2F%2Fdlmtappi.com%2Fcs%2Fkatalog%2F|title:Katalog&#8220;][vc_empty_space height=&#8220;40px&#8220;][vc_single_image image=&#8220;10638&#8243; img_size=&#8220;full&#8220; alignment=&#8220;center&#8220; el_class=&#8220;immagine&#8220;][vc_empty_space height=&#8220;40px&#8220;][\/vc_column][\/vc_row]<\/p>\n<\/section>","protected":false},"excerpt":{"rendered":"<p>[vc_row gap=&#8220;20&#8243; equal_height=&#8220;yes&#8220; content_placement=&#8220;middle&#8220;][vc_column width=&#8220;1\/2&#8243; offset=&#8220;vc_hidden-xs&#8220;][vc_column_text]Spole\u010dnost DLM se specializuje na v\u00fdrobu ochrann\u00fdch syst\u00e9m\u016f ji\u017e v\u00edce ne\u017e 50 let. Spole\u010dnost se zav\u00e1zala k \u00fapln\u00e9 ekologick\u00e9 p\u0159em\u011bn\u011b sv\u00fdch v\u00fdrobk\u016f a v\u00fdrobn\u00edch proces\u016f do roku 2025. Zam\u011bstnanci DLM jsou tepaj\u00edc\u00edm srdcem t\u00e9to mimo\u0159\u00e1dn\u00e9 ekologick\u00e9 zm\u011bny, kter\u00e1 se prom\u011b\u0148uje v konkr\u00e9tn\u00ed \u010diny na profesion\u00e1ln\u00ed i osobn\u00ed \u00farovni. N\u00e1\u0161 ekologick\u00fd&hellip;<\/p>\n","protected":false},"author":1,"featured_media":0,"parent":0,"menu_order":0,"comment_status":"closed","ping_status":"closed","template":"","meta":{"_acf_changed":false,"footnotes":""},"class_list":["post-11431","page","type-page","status-publish","hentry","description-off"],"acf":[],"yoast_head":"<!-- This site is optimized with the Yoast SEO plugin v25.6 - https:\/\/yoast.com\/wordpress\/plugins\/seo\/ -->\n<title>V\u00fdrobce plastov\u00fdch uz\u00e1v\u011br\u016f | Spole\u010dnost - DLM tappi<\/title>\n<meta name=\"description\" content=\"V\u00fdrobce plastov\u00fdch uz\u00e1v\u011br\u016f a p\u0159edn\u00ed partner ve v\u00fdrob\u011b a lisov\u00e1n\u00ed technick\u00fdch uz\u00e1v\u011br\u016f a ochrann\u00fdch krytek z\u00e1vit\u016f\" \/>\n<meta name=\"robots\" content=\"index, follow, max-snippet:-1, max-image-preview:large, max-video-preview:-1\" \/>\n<link rel=\"canonical\" href=\"https:\/\/dlmtappi.com\/cs\/spolecnost\/\" \/>\n<meta property=\"og:locale\" content=\"cs_CZ\" \/>\n<meta property=\"og:type\" content=\"article\" \/>\n<meta property=\"og:title\" content=\"V\u00fdrobce plastov\u00fdch uz\u00e1v\u011br\u016f | Spole\u010dnost - DLM tappi\" \/>\n<meta property=\"og:description\" content=\"V\u00fdrobce plastov\u00fdch uz\u00e1v\u011br\u016f a p\u0159edn\u00ed partner ve v\u00fdrob\u011b a lisov\u00e1n\u00ed technick\u00fdch uz\u00e1v\u011br\u016f a ochrann\u00fdch krytek z\u00e1vit\u016f\" \/>\n<meta property=\"og:url\" content=\"https:\/\/dlmtappi.com\/cs\/spolecnost\/\" \/>\n<meta property=\"og:site_name\" content=\"DLM tappi\" \/>\n<meta property=\"article:modified_time\" content=\"2025-12-23T15:45:44+00:00\" \/>\n<meta name=\"twitter:card\" content=\"summary_large_image\" \/>\n<meta name=\"twitter:label1\" content=\"Odhadovan\u00e1 doba \u010dten\u00ed\" \/>\n\t<meta name=\"twitter:data1\" content=\"6 minut\" \/>\n<script type=\"application\/ld+json\" class=\"yoast-schema-graph\">{\"@context\":\"https:\/\/schema.org\",\"@graph\":[{\"@type\":\"WebPage\",\"@id\":\"https:\/\/dlmtappi.com\/cs\/spolecnost\/\",\"url\":\"https:\/\/dlmtappi.com\/cs\/spolecnost\/\",\"name\":\"V\u00fdrobce plastov\u00fdch uz\u00e1v\u011br\u016f | Spole\u010dnost - DLM tappi\",\"isPartOf\":{\"@id\":\"https:\/\/dlmtappi.com\/cs\/#website\"},\"datePublished\":\"2019-07-30T10:14:42+00:00\",\"dateModified\":\"2025-12-23T15:45:44+00:00\",\"description\":\"V\u00fdrobce plastov\u00fdch uz\u00e1v\u011br\u016f a p\u0159edn\u00ed partner ve v\u00fdrob\u011b a lisov\u00e1n\u00ed technick\u00fdch uz\u00e1v\u011br\u016f a ochrann\u00fdch krytek z\u00e1vit\u016f\",\"breadcrumb\":{\"@id\":\"https:\/\/dlmtappi.com\/cs\/spolecnost\/#breadcrumb\"},\"inLanguage\":\"cs\",\"potentialAction\":[{\"@type\":\"ReadAction\",\"target\":[\"https:\/\/dlmtappi.com\/cs\/spolecnost\/\"]}]},{\"@type\":\"BreadcrumbList\",\"@id\":\"https:\/\/dlmtappi.com\/cs\/spolecnost\/#breadcrumb\",\"itemListElement\":[{\"@type\":\"ListItem\",\"position\":1,\"name\":\"Home\",\"item\":\"https:\/\/dlmtappi.com\/cs\/\"},{\"@type\":\"ListItem\",\"position\":2,\"name\":\"Spole\u010dnost\"}]},{\"@type\":\"WebSite\",\"@id\":\"https:\/\/dlmtappi.com\/cs\/#website\",\"url\":\"https:\/\/dlmtappi.com\/cs\/\",\"name\":\"DLM tappi\",\"description\":\"Produzione tappi tecnici e protezione filetti in plastica\",\"publisher\":{\"@id\":\"https:\/\/dlmtappi.com\/cs\/#organization\"},\"potentialAction\":[{\"@type\":\"SearchAction\",\"target\":{\"@type\":\"EntryPoint\",\"urlTemplate\":\"https:\/\/dlmtappi.com\/cs\/?s={search_term_string}\"},\"query-input\":{\"@type\":\"PropertyValueSpecification\",\"valueRequired\":true,\"valueName\":\"search_term_string\"}}],\"inLanguage\":\"cs\"},{\"@type\":\"Organization\",\"@id\":\"https:\/\/dlmtappi.com\/cs\/#organization\",\"name\":\"DLM tappi\",\"url\":\"https:\/\/dlmtappi.com\/cs\/\",\"logo\":{\"@type\":\"ImageObject\",\"inLanguage\":\"cs\",\"@id\":\"https:\/\/dlmtappi.com\/cs\/#\/schema\/logo\/image\/\",\"url\":\"https:\/\/dlmtappi.com\/wp-content\/uploads\/2022\/12\/dlm_logo_foglia.png\",\"contentUrl\":\"https:\/\/dlmtappi.com\/wp-content\/uploads\/2022\/12\/dlm_logo_foglia.png\",\"width\":114,\"height\":100,\"caption\":\"DLM tappi\"},\"image\":{\"@id\":\"https:\/\/dlmtappi.com\/cs\/#\/schema\/logo\/image\/\"}}]}<\/script>\n<!-- \/ Yoast SEO plugin. -->","yoast_head_json":{"title":"V\u00fdrobce plastov\u00fdch uz\u00e1v\u011br\u016f | Spole\u010dnost - DLM tappi","description":"V\u00fdrobce plastov\u00fdch uz\u00e1v\u011br\u016f a p\u0159edn\u00ed partner ve v\u00fdrob\u011b a lisov\u00e1n\u00ed technick\u00fdch uz\u00e1v\u011br\u016f a ochrann\u00fdch krytek z\u00e1vit\u016f","robots":{"index":"index","follow":"follow","max-snippet":"max-snippet:-1","max-image-preview":"max-image-preview:large","max-video-preview":"max-video-preview:-1"},"canonical":"https:\/\/dlmtappi.com\/cs\/spolecnost\/","og_locale":"cs_CZ","og_type":"article","og_title":"V\u00fdrobce plastov\u00fdch uz\u00e1v\u011br\u016f | Spole\u010dnost - DLM tappi","og_description":"V\u00fdrobce plastov\u00fdch uz\u00e1v\u011br\u016f a p\u0159edn\u00ed partner ve v\u00fdrob\u011b a lisov\u00e1n\u00ed technick\u00fdch uz\u00e1v\u011br\u016f a ochrann\u00fdch krytek z\u00e1vit\u016f","og_url":"https:\/\/dlmtappi.com\/cs\/spolecnost\/","og_site_name":"DLM tappi","article_modified_time":"2025-12-23T15:45:44+00:00","twitter_card":"summary_large_image","twitter_misc":{"Odhadovan\u00e1 doba \u010dten\u00ed":"6 minut"},"schema":{"@context":"https:\/\/schema.org","@graph":[{"@type":"WebPage","@id":"https:\/\/dlmtappi.com\/cs\/spolecnost\/","url":"https:\/\/dlmtappi.com\/cs\/spolecnost\/","name":"V\u00fdrobce plastov\u00fdch uz\u00e1v\u011br\u016f | Spole\u010dnost - DLM tappi","isPartOf":{"@id":"https:\/\/dlmtappi.com\/cs\/#website"},"datePublished":"2019-07-30T10:14:42+00:00","dateModified":"2025-12-23T15:45:44+00:00","description":"V\u00fdrobce plastov\u00fdch uz\u00e1v\u011br\u016f a p\u0159edn\u00ed partner ve v\u00fdrob\u011b a lisov\u00e1n\u00ed technick\u00fdch uz\u00e1v\u011br\u016f a ochrann\u00fdch krytek z\u00e1vit\u016f","breadcrumb":{"@id":"https:\/\/dlmtappi.com\/cs\/spolecnost\/#breadcrumb"},"inLanguage":"cs","potentialAction":[{"@type":"ReadAction","target":["https:\/\/dlmtappi.com\/cs\/spolecnost\/"]}]},{"@type":"BreadcrumbList","@id":"https:\/\/dlmtappi.com\/cs\/spolecnost\/#breadcrumb","itemListElement":[{"@type":"ListItem","position":1,"name":"Home","item":"https:\/\/dlmtappi.com\/cs\/"},{"@type":"ListItem","position":2,"name":"Spole\u010dnost"}]},{"@type":"WebSite","@id":"https:\/\/dlmtappi.com\/cs\/#website","url":"https:\/\/dlmtappi.com\/cs\/","name":"DLM tappi","description":"Produzione tappi tecnici e protezione filetti in plastica","publisher":{"@id":"https:\/\/dlmtappi.com\/cs\/#organization"},"potentialAction":[{"@type":"SearchAction","target":{"@type":"EntryPoint","urlTemplate":"https:\/\/dlmtappi.com\/cs\/?s={search_term_string}"},"query-input":{"@type":"PropertyValueSpecification","valueRequired":true,"valueName":"search_term_string"}}],"inLanguage":"cs"},{"@type":"Organization","@id":"https:\/\/dlmtappi.com\/cs\/#organization","name":"DLM tappi","url":"https:\/\/dlmtappi.com\/cs\/","logo":{"@type":"ImageObject","inLanguage":"cs","@id":"https:\/\/dlmtappi.com\/cs\/#\/schema\/logo\/image\/","url":"https:\/\/dlmtappi.com\/wp-content\/uploads\/2022\/12\/dlm_logo_foglia.png","contentUrl":"https:\/\/dlmtappi.com\/wp-content\/uploads\/2022\/12\/dlm_logo_foglia.png","width":114,"height":100,"caption":"DLM tappi"},"image":{"@id":"https:\/\/dlmtappi.com\/cs\/#\/schema\/logo\/image\/"}}]}},"_links":{"self":[{"href":"https:\/\/dlmtappi.com\/cs\/wp-json\/wp\/v2\/pages\/11431","targetHints":{"allow":["GET"]}}],"collection":[{"href":"https:\/\/dlmtappi.com\/cs\/wp-json\/wp\/v2\/pages"}],"about":[{"href":"https:\/\/dlmtappi.com\/cs\/wp-json\/wp\/v2\/types\/page"}],"author":[{"embeddable":true,"href":"https:\/\/dlmtappi.com\/cs\/wp-json\/wp\/v2\/users\/1"}],"replies":[{"embeddable":true,"href":"https:\/\/dlmtappi.com\/cs\/wp-json\/wp\/v2\/comments?post=11431"}],"version-history":[{"count":3,"href":"https:\/\/dlmtappi.com\/cs\/wp-json\/wp\/v2\/pages\/11431\/revisions"}],"predecessor-version":[{"id":11567,"href":"https:\/\/dlmtappi.com\/cs\/wp-json\/wp\/v2\/pages\/11431\/revisions\/11567"}],"wp:attachment":[{"href":"https:\/\/dlmtappi.com\/cs\/wp-json\/wp\/v2\/media?parent=11431"}],"curies":[{"name":"wp","href":"https:\/\/api.w.org\/{rel}","templated":true}]}}