{"id":11471,"date":"2019-07-30T14:12:15","date_gmt":"2019-07-30T12:12:15","guid":{"rendered":"https:\/\/dlmtappi.com\/spolecnost\/ricerca-e-sviluppo\/"},"modified":"2025-12-23T16:52:38","modified_gmt":"2025-12-23T15:52:38","slug":"vyzkum-a-vyvoj","status":"publish","type":"page","link":"https:\/\/dlmtappi.com\/cs\/spolecnost\/vyzkum-a-vyvoj\/","title":{"rendered":"V\u00fdzkum a v\u00fdvoj"},"content":{"rendered":"<section class=\"wpb-content-wrapper\"><p>[vc_row][vc_column][vc_column_text]D\u00edky <strong>neust\u00e1l\u00e9 zp\u011btn\u00e9 vazb\u011b<\/strong> od z\u00e1kazn\u00edk\u016f na\u0161e spole\u010dnost pe\u010dliv\u011b vyv\u00edj\u00ed produkty, kter\u00e9 reaguj\u00ed na nejkriti\u010dt\u011bj\u0161\u00ed probl\u00e9my, s nimi\u017e se v posledn\u00edch letech setk\u00e1v\u00e1me. Ve skute\u010dnosti v\u011bnujeme \u010das a prost\u0159edky v\u00fdzkumu a v\u00fdvoji <strong>nov\u00fdch postup\u016f a \u0159e\u0161en\u00ed<\/strong>, stejn\u011b jako specializovan\u00e9mu vlastn\u00edmu <strong>person\u00e1lu<\/strong> a <strong>poradenstv\u00ed<\/strong> s automobilov\u00fdmi in\u017een\u00fdry.[\/vc_column_text][\/vc_column][\/vc_row][vc_row][vc_column][vc_empty_space][vc_custom_heading text=&#8220;Zde jsou na\u0161e p\u0159ednosti v oblasti kvality:&#8220; font_container=&#8220;tag:h3|text_align:center&#8220; use_theme_fonts=&#8220;yes&#8220; el_class=&#8220;bold black&#8220;][vc_empty_space height=&#8220;50px&#8220;][\/vc_column][\/vc_row][vc_row gap=&#8220;35&#8243; equal_height=&#8220;yes&#8220; content_placement=&#8220;top&#8220;][vc_column width=&#8220;1\/2&#8243;][vc_custom_heading text=&#8220;Time saving&#8220; font_container=&#8220;tag:h2|font_size:50px|text_align:center|line_height:54px&#8220; use_theme_fonts=&#8220;yes&#8220; el_class=&#8220;textUppercase clip-time&#8220;][vc_empty_space height=&#8220;20px&#8220;][vc_column_text]<\/p>\n<p style=\"text-align: center;\"><strong>Zkr\u00e1cen\u00ed doby mont\u00e1\u017ee<\/strong>: chr\u00e1ni\u010de jsou tak osvobozeny od konceptu upev\u0148ov\u00e1n\u00ed z\u00e1vit\u016f a doch\u00e1z\u00ed k teoretick\u00e9mu zv\u00fd\u0161en\u00ed v\u00fdroby (p\u0159i 8hodinov\u00e9 sm\u011bn\u011b: +60 %).<\/p>\n<p>[\/vc_column_text][\/vc_column][vc_column width=&#8220;1\/2&#8243;][vc_custom_heading text=&#8220;Poka Yoke&#8220; font_container=&#8220;tag:h2|font_size:50px|text_align:center|line_height:54px&#8220; use_theme_fonts=&#8220;yes&#8220; el_class=&#8220;textUppercase clip-poka&#8220;][vc_empty_space height=&#8220;20px&#8220;][vc_column_text]<\/p>\n<p style=\"text-align: center;\"><strong>\u201eOdoln\u00fd proti chyb\u00e1m\u201c<\/strong>: ozna\u010duje volbu n\u00e1vrhu, kter\u00e1 omezen\u00edm pou\u017eit\u00ed v\u00fdrobku nut\u00ed u\u017eivatele k jeho spr\u00e1vn\u00e9mu pou\u017eit\u00ed. P\u0159\u00edm\u00e1 identifikace v\u00fdrobku &#8211; jednozna\u010dn\u011b a nezam\u011bniteln\u011b &#8211; usnad\u0148uje jeho mont\u00e1\u017e a pou\u017eit\u00ed, co\u017e vede ke sn\u00ed\u017een\u00ed po\u010dtu k\u00f3d\u016f.<\/p>\n<p>[\/vc_column_text][\/vc_column][\/vc_row][vc_row gap=&#8220;35&#8243; equal_height=&#8220;yes&#8220; content_placement=&#8220;top&#8220;][vc_column width=&#8220;1\/2&#8243;][vc_custom_heading text=&#8220;Stock saving&#8220; font_container=&#8220;tag:h2|font_size:50px|text_align:center|line_height:54px&#8220; use_theme_fonts=&#8220;yes&#8220; el_class=&#8220;textUppercase clip-stock&#8220;][vc_empty_space height=&#8220;20px&#8220;][vc_column_text]<\/p>\n<p style=\"text-align: center;\"><strong>Zmen\u0161en\u00ed \u00falo\u017en\u00e9ho prostoru<\/strong> (vy\u0159e\u0161en\u00ed probl\u00e9mu ukotven\u00ed jedine\u010dn\u00fdch vl\u00e1ken), zjednodu\u0161en\u00ed kusovn\u00edk\u016f, sjednocen\u00ed produkt\u016f.<\/p>\n<p>[\/vc_column_text][\/vc_column][vc_column width=&#8220;1\/2&#8243;][vc_custom_heading text=&#8220;Patented&#8220; font_container=&#8220;tag:h2|font_size:50px|text_align:center|line_height:54px&#8220; use_theme_fonts=&#8220;yes&#8220; el_class=&#8220;textUppercase clip-patented&#8220;][vc_empty_space height=&#8220;20px&#8220;][vc_column_text]<\/p>\n<p style=\"text-align: center;\"><strong>Typ v\u00fdrobku<\/strong>: patentovan\u00e9 \u0159ezan\u00e9 uz\u00e1v\u011bry a jednoduch\u00e9 uz\u00e1v\u011bry.<\/p>\n<p>[\/vc_column_text][\/vc_column][\/vc_row][vc_row disable_element=&#8220;yes&#8220;][vc_column offset=&#8220;vc_col-lg-offset-1 vc_col-lg-10 vc_col-md-offset-1 vc_col-md-10&#8243;][vc_video link=&#8220;https:\/\/youtu.be\/kvO9HdRZggs&#8220; align=&#8220;center&#8220;][\/vc_column][\/vc_row][vc_row full_width=&#8220;stretch_row&#8220; gap=&#8220;35&#8243; equal_height=&#8220;yes&#8220; content_placement=&#8220;middle&#8220; css=&#8220;.vc_custom_1575906711278{background-color: #f7f7f7 !important;}&#8220; el_class=&#8220;preFooter&#8220;][vc_column offset=&#8220;vc_col-lg-offset-1 vc_col-lg-10 vc_col-md-offset-1 vc_col-md-10&#8243;][vc_custom_heading text=&#8220;Vlastn\u00ed produkty&#8220; font_container=&#8220;tag:h2|text_align:center&#8220; use_theme_fonts=&#8220;yes&#8220; el_class=&#8220;textUppercase&#8220;][vc_custom_heading text=&#8220;Pro z\u00e1kazn\u00edky, kte\u0159\u00ed pot\u0159ebuj\u00ed krytku nebo ochranu, kter\u00e1 nepat\u0159\u00ed do standardn\u00ed nab\u00eddky DLM, vyvineme ad hoc produkt pro konkr\u00e9tn\u00ed po\u017eadovanou ochranu.&#8220; font_container=&#8220;tag:h3|text_align:center&#8220; use_theme_fonts=&#8220;yes&#8220;][vc_empty_space][vc_btn title=&#8220;ZJIST\u011aTE V\u00cdCE &gt;&#8220; style=&#8220;outline-custom&#8220; outline_custom_color=&#8220;#333333&#8243; outline_custom_hover_background=&#8220;#333333&#8243; outline_custom_hover_text=&#8220;#ffffff&#8220; shape=&#8220;square&#8220; align=&#8220;center&#8220; link=&#8220;url:https%3A%2F%2Fdlmtappi.com%2Fcs%2Fspolecnost%2Fvlastni-produkty%2F|title:Vlastn%C3%AD%20produkty&#8220; el_class=&#8220;textUppercase&#8220;][vc_empty_space height=&#8220;20px&#8220;][\/vc_column][\/vc_row]<\/p>\n<\/section>","protected":false},"excerpt":{"rendered":"<p>[vc_row][vc_column][vc_column_text]D\u00edky neust\u00e1l\u00e9 zp\u011btn\u00e9 vazb\u011b od z\u00e1kazn\u00edk\u016f na\u0161e spole\u010dnost pe\u010dliv\u011b vyv\u00edj\u00ed produkty, kter\u00e9 reaguj\u00ed na nejkriti\u010dt\u011bj\u0161\u00ed probl\u00e9my, s nimi\u017e se v posledn\u00edch letech setk\u00e1v\u00e1me. Ve skute\u010dnosti v\u011bnujeme \u010das a prost\u0159edky v\u00fdzkumu a v\u00fdvoji nov\u00fdch postup\u016f a \u0159e\u0161en\u00ed, stejn\u011b jako specializovan\u00e9mu vlastn\u00edmu person\u00e1lu a poradenstv\u00ed s automobilov\u00fdmi in\u017een\u00fdry.[\/vc_column_text][\/vc_column][\/vc_row][vc_row][vc_column][vc_empty_space][vc_custom_heading text=&#8220;Zde jsou na\u0161e p\u0159ednosti v oblasti kvality:&#8220; font_container=&#8220;tag:h3|text_align:center&#8220; use_theme_fonts=&#8220;yes&#8220;&hellip;<\/p>\n","protected":false},"author":1,"featured_media":11472,"parent":11431,"menu_order":0,"comment_status":"closed","ping_status":"closed","template":"","meta":{"_acf_changed":false,"footnotes":""},"class_list":["post-11471","page","type-page","status-publish","has-post-thumbnail","hentry","description-off"],"acf":[],"yoast_head":"<!-- This site is optimized with the Yoast SEO plugin v25.6 - https:\/\/yoast.com\/wordpress\/plugins\/seo\/ -->\n<title>Ricerca e sviluppo tappi protezioni in plastica | DLM Tappi<\/title>\n<meta name=\"description\" content=\"Grazie al costante feedback da parte dei clienti, DLM Tappi \u00e8 attiva nel campo della ricerca e sviluppo tappi protezioni in plastica. Scopri\" \/>\n<meta name=\"robots\" content=\"index, follow, max-snippet:-1, max-image-preview:large, max-video-preview:-1\" \/>\n<link rel=\"canonical\" href=\"https:\/\/dlmtappi.com\/cs\/spolecnost\/vyzkum-a-vyvoj\/\" \/>\n<meta property=\"og:locale\" content=\"cs_CZ\" \/>\n<meta property=\"og:type\" content=\"article\" \/>\n<meta property=\"og:title\" content=\"Ricerca e sviluppo tappi protezioni in plastica | DLM Tappi\" \/>\n<meta property=\"og:description\" content=\"Grazie al costante feedback da parte dei clienti, DLM Tappi \u00e8 attiva nel campo della ricerca e sviluppo tappi protezioni in plastica. Scopri\" \/>\n<meta property=\"og:url\" content=\"https:\/\/dlmtappi.com\/cs\/spolecnost\/vyzkum-a-vyvoj\/\" \/>\n<meta property=\"og:site_name\" content=\"DLM tappi\" \/>\n<meta property=\"article:modified_time\" content=\"2025-12-23T15:52:38+00:00\" \/>\n<meta property=\"og:image\" content=\"https:\/\/dlmtappi.com\/wp-content\/uploads\/2020\/03\/0401_Disegno-tecnico.jpg\" \/>\n\t<meta property=\"og:image:width\" content=\"618\" \/>\n\t<meta property=\"og:image:height\" content=\"450\" \/>\n\t<meta property=\"og:image:type\" content=\"image\/jpeg\" \/>\n<meta name=\"twitter:card\" content=\"summary_large_image\" \/>\n<meta name=\"twitter:label1\" content=\"Odhadovan\u00e1 doba \u010dten\u00ed\" \/>\n\t<meta name=\"twitter:data1\" content=\"2 minuty\" \/>\n<script type=\"application\/ld+json\" class=\"yoast-schema-graph\">{\"@context\":\"https:\/\/schema.org\",\"@graph\":[{\"@type\":\"WebPage\",\"@id\":\"https:\/\/dlmtappi.com\/cs\/spolecnost\/vyzkum-a-vyvoj\/\",\"url\":\"https:\/\/dlmtappi.com\/cs\/spolecnost\/vyzkum-a-vyvoj\/\",\"name\":\"Ricerca e sviluppo tappi protezioni in plastica | DLM Tappi\",\"isPartOf\":{\"@id\":\"https:\/\/dlmtappi.com\/cs\/#website\"},\"primaryImageOfPage\":{\"@id\":\"https:\/\/dlmtappi.com\/cs\/spolecnost\/vyzkum-a-vyvoj\/#primaryimage\"},\"image\":{\"@id\":\"https:\/\/dlmtappi.com\/cs\/spolecnost\/vyzkum-a-vyvoj\/#primaryimage\"},\"thumbnailUrl\":\"https:\/\/dlmtappi.com\/wp-content\/uploads\/2020\/03\/0401_Disegno-tecnico.jpg\",\"datePublished\":\"2019-07-30T12:12:15+00:00\",\"dateModified\":\"2025-12-23T15:52:38+00:00\",\"description\":\"Grazie al costante feedback da parte dei clienti, DLM Tappi \u00e8 attiva nel campo della ricerca e sviluppo tappi protezioni in plastica. Scopri\",\"breadcrumb\":{\"@id\":\"https:\/\/dlmtappi.com\/cs\/spolecnost\/vyzkum-a-vyvoj\/#breadcrumb\"},\"inLanguage\":\"cs\",\"potentialAction\":[{\"@type\":\"ReadAction\",\"target\":[\"https:\/\/dlmtappi.com\/cs\/spolecnost\/vyzkum-a-vyvoj\/\"]}]},{\"@type\":\"ImageObject\",\"inLanguage\":\"cs\",\"@id\":\"https:\/\/dlmtappi.com\/cs\/spolecnost\/vyzkum-a-vyvoj\/#primaryimage\",\"url\":\"https:\/\/dlmtappi.com\/wp-content\/uploads\/2020\/03\/0401_Disegno-tecnico.jpg\",\"contentUrl\":\"https:\/\/dlmtappi.com\/wp-content\/uploads\/2020\/03\/0401_Disegno-tecnico.jpg\",\"width\":618,\"height\":450},{\"@type\":\"BreadcrumbList\",\"@id\":\"https:\/\/dlmtappi.com\/cs\/spolecnost\/vyzkum-a-vyvoj\/#breadcrumb\",\"itemListElement\":[{\"@type\":\"ListItem\",\"position\":1,\"name\":\"Home\",\"item\":\"https:\/\/dlmtappi.com\/cs\/\"},{\"@type\":\"ListItem\",\"position\":2,\"name\":\"Spole\u010dnost\",\"item\":\"https:\/\/dlmtappi.com\/cs\/spolecnost\/\"},{\"@type\":\"ListItem\",\"position\":3,\"name\":\"V\u00fdzkum a v\u00fdvoj\"}]},{\"@type\":\"WebSite\",\"@id\":\"https:\/\/dlmtappi.com\/cs\/#website\",\"url\":\"https:\/\/dlmtappi.com\/cs\/\",\"name\":\"DLM tappi\",\"description\":\"Produzione tappi tecnici e protezione filetti in plastica\",\"publisher\":{\"@id\":\"https:\/\/dlmtappi.com\/cs\/#organization\"},\"potentialAction\":[{\"@type\":\"SearchAction\",\"target\":{\"@type\":\"EntryPoint\",\"urlTemplate\":\"https:\/\/dlmtappi.com\/cs\/?s={search_term_string}\"},\"query-input\":{\"@type\":\"PropertyValueSpecification\",\"valueRequired\":true,\"valueName\":\"search_term_string\"}}],\"inLanguage\":\"cs\"},{\"@type\":\"Organization\",\"@id\":\"https:\/\/dlmtappi.com\/cs\/#organization\",\"name\":\"DLM tappi\",\"url\":\"https:\/\/dlmtappi.com\/cs\/\",\"logo\":{\"@type\":\"ImageObject\",\"inLanguage\":\"cs\",\"@id\":\"https:\/\/dlmtappi.com\/cs\/#\/schema\/logo\/image\/\",\"url\":\"https:\/\/dlmtappi.com\/wp-content\/uploads\/2022\/12\/dlm_logo_foglia.png\",\"contentUrl\":\"https:\/\/dlmtappi.com\/wp-content\/uploads\/2022\/12\/dlm_logo_foglia.png\",\"width\":114,\"height\":100,\"caption\":\"DLM tappi\"},\"image\":{\"@id\":\"https:\/\/dlmtappi.com\/cs\/#\/schema\/logo\/image\/\"}}]}<\/script>\n<!-- \/ Yoast SEO plugin. -->","yoast_head_json":{"title":"Ricerca e sviluppo tappi protezioni in plastica | DLM Tappi","description":"Grazie al costante feedback da parte dei clienti, DLM Tappi \u00e8 attiva nel campo della ricerca e sviluppo tappi protezioni in plastica. Scopri","robots":{"index":"index","follow":"follow","max-snippet":"max-snippet:-1","max-image-preview":"max-image-preview:large","max-video-preview":"max-video-preview:-1"},"canonical":"https:\/\/dlmtappi.com\/cs\/spolecnost\/vyzkum-a-vyvoj\/","og_locale":"cs_CZ","og_type":"article","og_title":"Ricerca e sviluppo tappi protezioni in plastica | DLM Tappi","og_description":"Grazie al costante feedback da parte dei clienti, DLM Tappi \u00e8 attiva nel campo della ricerca e sviluppo tappi protezioni in plastica. Scopri","og_url":"https:\/\/dlmtappi.com\/cs\/spolecnost\/vyzkum-a-vyvoj\/","og_site_name":"DLM tappi","article_modified_time":"2025-12-23T15:52:38+00:00","og_image":[{"width":618,"height":450,"url":"https:\/\/dlmtappi.com\/wp-content\/uploads\/2020\/03\/0401_Disegno-tecnico.jpg","type":"image\/jpeg"}],"twitter_card":"summary_large_image","twitter_misc":{"Odhadovan\u00e1 doba \u010dten\u00ed":"2 minuty"},"schema":{"@context":"https:\/\/schema.org","@graph":[{"@type":"WebPage","@id":"https:\/\/dlmtappi.com\/cs\/spolecnost\/vyzkum-a-vyvoj\/","url":"https:\/\/dlmtappi.com\/cs\/spolecnost\/vyzkum-a-vyvoj\/","name":"Ricerca e sviluppo tappi protezioni in plastica | DLM Tappi","isPartOf":{"@id":"https:\/\/dlmtappi.com\/cs\/#website"},"primaryImageOfPage":{"@id":"https:\/\/dlmtappi.com\/cs\/spolecnost\/vyzkum-a-vyvoj\/#primaryimage"},"image":{"@id":"https:\/\/dlmtappi.com\/cs\/spolecnost\/vyzkum-a-vyvoj\/#primaryimage"},"thumbnailUrl":"https:\/\/dlmtappi.com\/wp-content\/uploads\/2020\/03\/0401_Disegno-tecnico.jpg","datePublished":"2019-07-30T12:12:15+00:00","dateModified":"2025-12-23T15:52:38+00:00","description":"Grazie al costante feedback da parte dei clienti, DLM Tappi \u00e8 attiva nel campo della ricerca e sviluppo tappi protezioni in plastica. Scopri","breadcrumb":{"@id":"https:\/\/dlmtappi.com\/cs\/spolecnost\/vyzkum-a-vyvoj\/#breadcrumb"},"inLanguage":"cs","potentialAction":[{"@type":"ReadAction","target":["https:\/\/dlmtappi.com\/cs\/spolecnost\/vyzkum-a-vyvoj\/"]}]},{"@type":"ImageObject","inLanguage":"cs","@id":"https:\/\/dlmtappi.com\/cs\/spolecnost\/vyzkum-a-vyvoj\/#primaryimage","url":"https:\/\/dlmtappi.com\/wp-content\/uploads\/2020\/03\/0401_Disegno-tecnico.jpg","contentUrl":"https:\/\/dlmtappi.com\/wp-content\/uploads\/2020\/03\/0401_Disegno-tecnico.jpg","width":618,"height":450},{"@type":"BreadcrumbList","@id":"https:\/\/dlmtappi.com\/cs\/spolecnost\/vyzkum-a-vyvoj\/#breadcrumb","itemListElement":[{"@type":"ListItem","position":1,"name":"Home","item":"https:\/\/dlmtappi.com\/cs\/"},{"@type":"ListItem","position":2,"name":"Spole\u010dnost","item":"https:\/\/dlmtappi.com\/cs\/spolecnost\/"},{"@type":"ListItem","position":3,"name":"V\u00fdzkum a v\u00fdvoj"}]},{"@type":"WebSite","@id":"https:\/\/dlmtappi.com\/cs\/#website","url":"https:\/\/dlmtappi.com\/cs\/","name":"DLM tappi","description":"Produzione tappi tecnici e protezione filetti in plastica","publisher":{"@id":"https:\/\/dlmtappi.com\/cs\/#organization"},"potentialAction":[{"@type":"SearchAction","target":{"@type":"EntryPoint","urlTemplate":"https:\/\/dlmtappi.com\/cs\/?s={search_term_string}"},"query-input":{"@type":"PropertyValueSpecification","valueRequired":true,"valueName":"search_term_string"}}],"inLanguage":"cs"},{"@type":"Organization","@id":"https:\/\/dlmtappi.com\/cs\/#organization","name":"DLM tappi","url":"https:\/\/dlmtappi.com\/cs\/","logo":{"@type":"ImageObject","inLanguage":"cs","@id":"https:\/\/dlmtappi.com\/cs\/#\/schema\/logo\/image\/","url":"https:\/\/dlmtappi.com\/wp-content\/uploads\/2022\/12\/dlm_logo_foglia.png","contentUrl":"https:\/\/dlmtappi.com\/wp-content\/uploads\/2022\/12\/dlm_logo_foglia.png","width":114,"height":100,"caption":"DLM tappi"},"image":{"@id":"https:\/\/dlmtappi.com\/cs\/#\/schema\/logo\/image\/"}}]}},"_links":{"self":[{"href":"https:\/\/dlmtappi.com\/cs\/wp-json\/wp\/v2\/pages\/11471","targetHints":{"allow":["GET"]}}],"collection":[{"href":"https:\/\/dlmtappi.com\/cs\/wp-json\/wp\/v2\/pages"}],"about":[{"href":"https:\/\/dlmtappi.com\/cs\/wp-json\/wp\/v2\/types\/page"}],"author":[{"embeddable":true,"href":"https:\/\/dlmtappi.com\/cs\/wp-json\/wp\/v2\/users\/1"}],"replies":[{"embeddable":true,"href":"https:\/\/dlmtappi.com\/cs\/wp-json\/wp\/v2\/comments?post=11471"}],"version-history":[{"count":3,"href":"https:\/\/dlmtappi.com\/cs\/wp-json\/wp\/v2\/pages\/11471\/revisions"}],"predecessor-version":[{"id":11572,"href":"https:\/\/dlmtappi.com\/cs\/wp-json\/wp\/v2\/pages\/11471\/revisions\/11572"}],"up":[{"embeddable":true,"href":"https:\/\/dlmtappi.com\/cs\/wp-json\/wp\/v2\/pages\/11431"}],"wp:featuredmedia":[{"embeddable":true,"href":"https:\/\/dlmtappi.com\/cs\/wp-json\/wp\/v2\/media\/11472"}],"wp:attachment":[{"href":"https:\/\/dlmtappi.com\/cs\/wp-json\/wp\/v2\/media?parent=11471"}],"curies":[{"name":"wp","href":"https:\/\/api.w.org\/{rel}","templated":true}]}}