{"id":11479,"date":"2019-07-30T14:22:38","date_gmt":"2019-07-30T12:22:38","guid":{"rendered":"https:\/\/dlmtappi.com\/?page_id=11479"},"modified":"2025-12-23T16:53:42","modified_gmt":"2025-12-23T15:53:42","slug":"udrzitelnost","status":"publish","type":"page","link":"https:\/\/dlmtappi.com\/cs\/spolecnost\/udrzitelnost\/","title":{"rendered":"Udr\u017eitelnost"},"content":{"rendered":"<section class=\"wpb-content-wrapper\"><p>[vc_row gap=&#8220;20&#8243; equal_height=&#8220;yes&#8220; content_placement=&#8220;middle&#8220;][vc_column width=&#8220;1\/2&#8243; offset=&#8220;vc_hidden-xs&#8220;][vc_column_text]Z hlediska udr\u017eitelnosti se v\u011bnujeme v\u00fdvoji v\u00fdrobk\u016f z <strong>biologicky odbourateln\u00fdch plast\u016f<\/strong> a <strong>plast\u016f \u201edruh\u00e9ho \u017eivota\u201c<\/strong>. Krom\u011b hled\u00e1n\u00ed materi\u00e1l\u016f s n\u00edzk\u00fdm dopadem na \u017eivotn\u00ed prost\u0159ed\u00ed je snahou spole\u010dnosti sni\u017eovat mno\u017estv\u00ed odpadu prost\u0159ednictv\u00edm <strong>\u201euzav\u0159en\u00fdch smy\u010dek\u201c<\/strong> pro vyu\u017eit\u00ed odpad\u016f a \u0161rotu.[\/vc_column_text][vc_empty_space][vc_column_text]Spole\u010dnost DLM se ji\u017e n\u011bkolik let sna\u017e\u00ed <strong>vzd\u011bl\u00e1vat koncov\u00e9 z\u00e1kazn\u00edky v oblasti spr\u00e1vn\u00e9ho odstra\u0148ov\u00e1n\u00ed a likvidace sv\u00fdch chr\u00e1ni\u010d\u016f<\/strong>. D\u00edky tomu je mo\u017en\u00e9 tento materi\u00e1l s pomoc\u00ed p\u0159edn\u00edch spole\u010dnost\u00ed v oblasti regenerace granul\u00ed obnovit a znovu zpracovat.[\/vc_column_text][vc_empty_space][vc_column_text]<strong>Soci\u00e1ln\u00ed anga\u017eovanost<\/strong> se upevnila tak\u00e9 v podpo\u0159e m\u00edstn\u00edch sdru\u017een\u00ed a ve <strong>vzd\u011bl\u00e1vac\u00edch projektech se \u0161kolami<\/strong> v\u0161ech stup\u0148\u016f. Organizovali jsme nap\u0159\u00edklad v\u00fduku recyklace plast\u016f nebo st\u00e1\u017ee pro \u017e\u00e1ky odborn\u00fdch \u0161kol.[\/vc_column_text][vc_empty_space][\/vc_column][vc_column width=&#8220;1\/2&#8243; css=&#8220;.vc_custom_1575901322404{background-image: url(https:\/\/dlmtappi.com\/wp-content\/uploads\/2019\/12\/DLM-Bio.jpg?id=5791) !important;background-position: center !important;background-repeat: no-repeat !important;background-size: cover !important;}&#8220; offset=&#8220;vc_hidden-xs&#8220;][\/vc_column][\/vc_row][vc_row equal_height=&#8220;yes&#8220; content_placement=&#8220;middle&#8220;][vc_column offset=&#8220;vc_hidden-lg vc_hidden-md vc_hidden-sm&#8220;][vc_column_text]In termini di sostenibilit\u00e0 ci dedichiamo al potenziamento di prodotti realizzati con <b>plastiche biodegradabili<\/b> e con <b>plastiche di &#8222;seconda vita&#8220;<\/b>. Oltre alla ricerca di materiali a basso impatto ambientale, la volont\u00e0 dell&#8217;azienda \u00e8 ridurre gli sprechi attraverso \u201c<b>cicli chiusi&#8220;<\/b> per recuperare il materiale di scarto e di sfrido.<\/p>\n<p>Da anni DLM \u00e8 impegnata in un <b>percorso di educazione alla corretta rimozione e smaltimento delle proprie protezioni<\/b> da parte del cliente finale. In questo modo \u00e8 possibile recuperare e rielaborare il materiale, con l&#8217;aiuto di aziende leader nel settore della rigenerazione del granulo.<\/p>\n<p>L<b>\u2019impegno sociale<\/b> si \u00e8 consolidato anche nel sostegno alle associazioni del territorio, nonch\u00e9 <b>progetti formativi con le scuole<\/b> di ogni ordine e grado. Abbiamo organizzato ad esempio lezioni sulla tematica del riciclo della plastica oppure tirocini per i ragazzi delle scuole professionali.[\/vc_column_text][vc_single_image image=&#8220;5791&#8243; img_size=&#8220;450&#215;300&#8243; alignment=&#8220;center&#8220;][\/vc_column][\/vc_row][vc_row full_width=&#8220;stretch_row&#8220; gap=&#8220;35&#8243; equal_height=&#8220;yes&#8220; content_placement=&#8220;middle&#8220; css=&#8220;.vc_custom_1575906788338{margin-top: 50px !important;background-color: #f7f7f7 !important;}&#8220; el_class=&#8220;preFooter&#8220;][vc_column offset=&#8220;vc_col-lg-offset-1 vc_col-lg-10 vc_col-md-offset-1 vc_col-md-10&#8243;][vc_custom_heading text=&#8220;O n\u00e1s&#8220; font_container=&#8220;tag:h2|text_align:center&#8220; use_theme_fonts=&#8220;yes&#8220; el_class=&#8220;textUppercase&#8220;][vc_custom_heading text=&#8220;\u201eNa\u0161i z\u00e1kazn\u00edci mus\u00ed zapomenout na spr\u00e1vu uz\u00e1v\u011br\u016f. V\u00ed\u010dko ve v\u00fdrob\u011b je jako pero v kancel\u00e1\u0159i: nikdo neo\u010dek\u00e1v\u00e1, \u017ee ho v p\u0159\u00edpad\u011b pot\u0159eby nenajde.\u201c&#8220; font_container=&#8220;tag:h3|text_align:center&#8220; use_theme_fonts=&#8220;yes&#8220;][vc_empty_space][vc_btn title=&#8220;OBJEVTE SPOLE\u010cNOST DLM &gt;&#8220; style=&#8220;outline-custom&#8220; outline_custom_color=&#8220;#333333&#8243; outline_custom_hover_background=&#8220;#333333&#8243; outline_custom_hover_text=&#8220;#ffffff&#8220; shape=&#8220;square&#8220; align=&#8220;center&#8220; link=&#8220;url:https%3A%2F%2Fdlmtappi.com%2Fcs%2Fspolecnost%2F|title:Spole%C4%8Dnost&#8220; el_class=&#8220;textUppercase&#8220;][vc_empty_space height=&#8220;20px&#8220;][\/vc_column][\/vc_row]<\/p>\n<\/section>","protected":false},"excerpt":{"rendered":"<p>[vc_row gap=&#8220;20&#8243; equal_height=&#8220;yes&#8220; content_placement=&#8220;middle&#8220;][vc_column width=&#8220;1\/2&#8243; offset=&#8220;vc_hidden-xs&#8220;][vc_column_text]Z hlediska udr\u017eitelnosti se v\u011bnujeme v\u00fdvoji v\u00fdrobk\u016f z biologicky odbourateln\u00fdch plast\u016f a plast\u016f \u201edruh\u00e9ho \u017eivota\u201c. Krom\u011b hled\u00e1n\u00ed materi\u00e1l\u016f s n\u00edzk\u00fdm dopadem na \u017eivotn\u00ed prost\u0159ed\u00ed je snahou spole\u010dnosti sni\u017eovat mno\u017estv\u00ed odpadu prost\u0159ednictv\u00edm \u201euzav\u0159en\u00fdch smy\u010dek\u201c pro vyu\u017eit\u00ed odpad\u016f a \u0161rotu.[\/vc_column_text][vc_empty_space][vc_column_text]Spole\u010dnost DLM se ji\u017e n\u011bkolik let sna\u017e\u00ed vzd\u011bl\u00e1vat koncov\u00e9 z\u00e1kazn\u00edky v oblasti spr\u00e1vn\u00e9ho&hellip;<\/p>\n","protected":false},"author":1,"featured_media":11481,"parent":11431,"menu_order":0,"comment_status":"closed","ping_status":"closed","template":"","meta":{"_acf_changed":false,"footnotes":""},"class_list":["post-11479","page","type-page","status-publish","has-post-thumbnail","hentry","description-off"],"acf":[],"yoast_head":"<!-- This site is optimized with the Yoast SEO plugin v25.6 - https:\/\/yoast.com\/wordpress\/plugins\/seo\/ -->\n<title>Sostenibilit\u00e0 ambientale - Riciclo Plastica - DLM tappi<\/title>\n<meta name=\"description\" content=\"Produciamo prodotti con plastiche biodegradabili e di seconda vita. Scopri i nostri progetti di riciclo plastico e sostenibilit\u00e0 ambientale\" \/>\n<meta name=\"robots\" content=\"index, follow, max-snippet:-1, max-image-preview:large, max-video-preview:-1\" \/>\n<link rel=\"canonical\" href=\"https:\/\/dlmtappi.com\/cs\/spolecnost\/udrzitelnost\/\" \/>\n<meta property=\"og:locale\" content=\"cs_CZ\" \/>\n<meta property=\"og:type\" content=\"article\" \/>\n<meta property=\"og:title\" content=\"Sostenibilit\u00e0 ambientale - Riciclo Plastica - DLM tappi\" \/>\n<meta property=\"og:description\" content=\"Produciamo prodotti con plastiche biodegradabili e di seconda vita. Scopri i nostri progetti di riciclo plastico e sostenibilit\u00e0 ambientale\" \/>\n<meta property=\"og:url\" content=\"https:\/\/dlmtappi.com\/cs\/spolecnost\/udrzitelnost\/\" \/>\n<meta property=\"og:site_name\" content=\"DLM tappi\" \/>\n<meta property=\"article:modified_time\" content=\"2025-12-23T15:53:42+00:00\" \/>\n<meta property=\"og:image\" content=\"https:\/\/dlmtappi.com\/wp-content\/uploads\/2022\/12\/Eco_plugs_male_short_push-in_with_pull_tab.jpg\" \/>\n\t<meta property=\"og:image:width\" content=\"1824\" \/>\n\t<meta property=\"og:image:height\" content=\"1221\" \/>\n\t<meta property=\"og:image:type\" content=\"image\/jpeg\" \/>\n<meta name=\"twitter:card\" content=\"summary_large_image\" \/>\n<meta name=\"twitter:label1\" content=\"Odhadovan\u00e1 doba \u010dten\u00ed\" \/>\n\t<meta name=\"twitter:data1\" content=\"3 minuty\" \/>\n<script type=\"application\/ld+json\" class=\"yoast-schema-graph\">{\"@context\":\"https:\/\/schema.org\",\"@graph\":[{\"@type\":\"WebPage\",\"@id\":\"https:\/\/dlmtappi.com\/cs\/spolecnost\/udrzitelnost\/\",\"url\":\"https:\/\/dlmtappi.com\/cs\/spolecnost\/udrzitelnost\/\",\"name\":\"Sostenibilit\u00e0 ambientale - Riciclo Plastica - DLM tappi\",\"isPartOf\":{\"@id\":\"https:\/\/dlmtappi.com\/cs\/#website\"},\"primaryImageOfPage\":{\"@id\":\"https:\/\/dlmtappi.com\/cs\/spolecnost\/udrzitelnost\/#primaryimage\"},\"image\":{\"@id\":\"https:\/\/dlmtappi.com\/cs\/spolecnost\/udrzitelnost\/#primaryimage\"},\"thumbnailUrl\":\"https:\/\/dlmtappi.com\/wp-content\/uploads\/2022\/12\/Eco_plugs_male_short_push-in_with_pull_tab.jpg\",\"datePublished\":\"2019-07-30T12:22:38+00:00\",\"dateModified\":\"2025-12-23T15:53:42+00:00\",\"description\":\"Produciamo prodotti con plastiche biodegradabili e di seconda vita. Scopri i nostri progetti di riciclo plastico e sostenibilit\u00e0 ambientale\",\"breadcrumb\":{\"@id\":\"https:\/\/dlmtappi.com\/cs\/spolecnost\/udrzitelnost\/#breadcrumb\"},\"inLanguage\":\"cs\",\"potentialAction\":[{\"@type\":\"ReadAction\",\"target\":[\"https:\/\/dlmtappi.com\/cs\/spolecnost\/udrzitelnost\/\"]}]},{\"@type\":\"ImageObject\",\"inLanguage\":\"cs\",\"@id\":\"https:\/\/dlmtappi.com\/cs\/spolecnost\/udrzitelnost\/#primaryimage\",\"url\":\"https:\/\/dlmtappi.com\/wp-content\/uploads\/2022\/12\/Eco_plugs_male_short_push-in_with_pull_tab.jpg\",\"contentUrl\":\"https:\/\/dlmtappi.com\/wp-content\/uploads\/2022\/12\/Eco_plugs_male_short_push-in_with_pull_tab.jpg\",\"width\":1824,\"height\":1221},{\"@type\":\"BreadcrumbList\",\"@id\":\"https:\/\/dlmtappi.com\/cs\/spolecnost\/udrzitelnost\/#breadcrumb\",\"itemListElement\":[{\"@type\":\"ListItem\",\"position\":1,\"name\":\"Home\",\"item\":\"https:\/\/dlmtappi.com\/cs\/\"},{\"@type\":\"ListItem\",\"position\":2,\"name\":\"Spole\u010dnost\",\"item\":\"https:\/\/dlmtappi.com\/cs\/spolecnost\/\"},{\"@type\":\"ListItem\",\"position\":3,\"name\":\"Udr\u017eitelnost\"}]},{\"@type\":\"WebSite\",\"@id\":\"https:\/\/dlmtappi.com\/cs\/#website\",\"url\":\"https:\/\/dlmtappi.com\/cs\/\",\"name\":\"DLM tappi\",\"description\":\"Produzione tappi tecnici e protezione filetti in plastica\",\"publisher\":{\"@id\":\"https:\/\/dlmtappi.com\/cs\/#organization\"},\"potentialAction\":[{\"@type\":\"SearchAction\",\"target\":{\"@type\":\"EntryPoint\",\"urlTemplate\":\"https:\/\/dlmtappi.com\/cs\/?s={search_term_string}\"},\"query-input\":{\"@type\":\"PropertyValueSpecification\",\"valueRequired\":true,\"valueName\":\"search_term_string\"}}],\"inLanguage\":\"cs\"},{\"@type\":\"Organization\",\"@id\":\"https:\/\/dlmtappi.com\/cs\/#organization\",\"name\":\"DLM tappi\",\"url\":\"https:\/\/dlmtappi.com\/cs\/\",\"logo\":{\"@type\":\"ImageObject\",\"inLanguage\":\"cs\",\"@id\":\"https:\/\/dlmtappi.com\/cs\/#\/schema\/logo\/image\/\",\"url\":\"https:\/\/dlmtappi.com\/wp-content\/uploads\/2022\/12\/dlm_logo_foglia.png\",\"contentUrl\":\"https:\/\/dlmtappi.com\/wp-content\/uploads\/2022\/12\/dlm_logo_foglia.png\",\"width\":114,\"height\":100,\"caption\":\"DLM tappi\"},\"image\":{\"@id\":\"https:\/\/dlmtappi.com\/cs\/#\/schema\/logo\/image\/\"}}]}<\/script>\n<!-- \/ Yoast SEO plugin. -->","yoast_head_json":{"title":"Sostenibilit\u00e0 ambientale - Riciclo Plastica - DLM tappi","description":"Produciamo prodotti con plastiche biodegradabili e di seconda vita. Scopri i nostri progetti di riciclo plastico e sostenibilit\u00e0 ambientale","robots":{"index":"index","follow":"follow","max-snippet":"max-snippet:-1","max-image-preview":"max-image-preview:large","max-video-preview":"max-video-preview:-1"},"canonical":"https:\/\/dlmtappi.com\/cs\/spolecnost\/udrzitelnost\/","og_locale":"cs_CZ","og_type":"article","og_title":"Sostenibilit\u00e0 ambientale - Riciclo Plastica - DLM tappi","og_description":"Produciamo prodotti con plastiche biodegradabili e di seconda vita. Scopri i nostri progetti di riciclo plastico e sostenibilit\u00e0 ambientale","og_url":"https:\/\/dlmtappi.com\/cs\/spolecnost\/udrzitelnost\/","og_site_name":"DLM tappi","article_modified_time":"2025-12-23T15:53:42+00:00","og_image":[{"width":1824,"height":1221,"url":"https:\/\/dlmtappi.com\/wp-content\/uploads\/2022\/12\/Eco_plugs_male_short_push-in_with_pull_tab.jpg","type":"image\/jpeg"}],"twitter_card":"summary_large_image","twitter_misc":{"Odhadovan\u00e1 doba \u010dten\u00ed":"3 minuty"},"schema":{"@context":"https:\/\/schema.org","@graph":[{"@type":"WebPage","@id":"https:\/\/dlmtappi.com\/cs\/spolecnost\/udrzitelnost\/","url":"https:\/\/dlmtappi.com\/cs\/spolecnost\/udrzitelnost\/","name":"Sostenibilit\u00e0 ambientale - Riciclo Plastica - DLM tappi","isPartOf":{"@id":"https:\/\/dlmtappi.com\/cs\/#website"},"primaryImageOfPage":{"@id":"https:\/\/dlmtappi.com\/cs\/spolecnost\/udrzitelnost\/#primaryimage"},"image":{"@id":"https:\/\/dlmtappi.com\/cs\/spolecnost\/udrzitelnost\/#primaryimage"},"thumbnailUrl":"https:\/\/dlmtappi.com\/wp-content\/uploads\/2022\/12\/Eco_plugs_male_short_push-in_with_pull_tab.jpg","datePublished":"2019-07-30T12:22:38+00:00","dateModified":"2025-12-23T15:53:42+00:00","description":"Produciamo prodotti con plastiche biodegradabili e di seconda vita. Scopri i nostri progetti di riciclo plastico e sostenibilit\u00e0 ambientale","breadcrumb":{"@id":"https:\/\/dlmtappi.com\/cs\/spolecnost\/udrzitelnost\/#breadcrumb"},"inLanguage":"cs","potentialAction":[{"@type":"ReadAction","target":["https:\/\/dlmtappi.com\/cs\/spolecnost\/udrzitelnost\/"]}]},{"@type":"ImageObject","inLanguage":"cs","@id":"https:\/\/dlmtappi.com\/cs\/spolecnost\/udrzitelnost\/#primaryimage","url":"https:\/\/dlmtappi.com\/wp-content\/uploads\/2022\/12\/Eco_plugs_male_short_push-in_with_pull_tab.jpg","contentUrl":"https:\/\/dlmtappi.com\/wp-content\/uploads\/2022\/12\/Eco_plugs_male_short_push-in_with_pull_tab.jpg","width":1824,"height":1221},{"@type":"BreadcrumbList","@id":"https:\/\/dlmtappi.com\/cs\/spolecnost\/udrzitelnost\/#breadcrumb","itemListElement":[{"@type":"ListItem","position":1,"name":"Home","item":"https:\/\/dlmtappi.com\/cs\/"},{"@type":"ListItem","position":2,"name":"Spole\u010dnost","item":"https:\/\/dlmtappi.com\/cs\/spolecnost\/"},{"@type":"ListItem","position":3,"name":"Udr\u017eitelnost"}]},{"@type":"WebSite","@id":"https:\/\/dlmtappi.com\/cs\/#website","url":"https:\/\/dlmtappi.com\/cs\/","name":"DLM tappi","description":"Produzione tappi tecnici e protezione filetti in plastica","publisher":{"@id":"https:\/\/dlmtappi.com\/cs\/#organization"},"potentialAction":[{"@type":"SearchAction","target":{"@type":"EntryPoint","urlTemplate":"https:\/\/dlmtappi.com\/cs\/?s={search_term_string}"},"query-input":{"@type":"PropertyValueSpecification","valueRequired":true,"valueName":"search_term_string"}}],"inLanguage":"cs"},{"@type":"Organization","@id":"https:\/\/dlmtappi.com\/cs\/#organization","name":"DLM tappi","url":"https:\/\/dlmtappi.com\/cs\/","logo":{"@type":"ImageObject","inLanguage":"cs","@id":"https:\/\/dlmtappi.com\/cs\/#\/schema\/logo\/image\/","url":"https:\/\/dlmtappi.com\/wp-content\/uploads\/2022\/12\/dlm_logo_foglia.png","contentUrl":"https:\/\/dlmtappi.com\/wp-content\/uploads\/2022\/12\/dlm_logo_foglia.png","width":114,"height":100,"caption":"DLM tappi"},"image":{"@id":"https:\/\/dlmtappi.com\/cs\/#\/schema\/logo\/image\/"}}]}},"_links":{"self":[{"href":"https:\/\/dlmtappi.com\/cs\/wp-json\/wp\/v2\/pages\/11479","targetHints":{"allow":["GET"]}}],"collection":[{"href":"https:\/\/dlmtappi.com\/cs\/wp-json\/wp\/v2\/pages"}],"about":[{"href":"https:\/\/dlmtappi.com\/cs\/wp-json\/wp\/v2\/types\/page"}],"author":[{"embeddable":true,"href":"https:\/\/dlmtappi.com\/cs\/wp-json\/wp\/v2\/users\/1"}],"replies":[{"embeddable":true,"href":"https:\/\/dlmtappi.com\/cs\/wp-json\/wp\/v2\/comments?post=11479"}],"version-history":[{"count":3,"href":"https:\/\/dlmtappi.com\/cs\/wp-json\/wp\/v2\/pages\/11479\/revisions"}],"predecessor-version":[{"id":11573,"href":"https:\/\/dlmtappi.com\/cs\/wp-json\/wp\/v2\/pages\/11479\/revisions\/11573"}],"up":[{"embeddable":true,"href":"https:\/\/dlmtappi.com\/cs\/wp-json\/wp\/v2\/pages\/11431"}],"wp:featuredmedia":[{"embeddable":true,"href":"https:\/\/dlmtappi.com\/cs\/wp-json\/wp\/v2\/media\/11481"}],"wp:attachment":[{"href":"https:\/\/dlmtappi.com\/cs\/wp-json\/wp\/v2\/media?parent=11479"}],"curies":[{"name":"wp","href":"https:\/\/api.w.org\/{rel}","templated":true}]}}