{"id":11586,"date":"2023-03-24T10:10:59","date_gmt":"2023-03-24T09:10:59","guid":{"rendered":"https:\/\/dlmtappi.com\/fiera-hannover\/"},"modified":"2024-05-23T12:13:43","modified_gmt":"2024-05-23T10:13:43","slug":"hannover-messe","status":"publish","type":"page","link":"https:\/\/dlmtappi.com\/cs\/hannover-messe\/","title":{"rendered":"Hannover Messe"},"content":{"rendered":"<section class=\"wpb-content-wrapper\"><p>[vc_row full_width=&#8220;stretch_row&#8220; equal_height=&#8220;yes&#8220; content_placement=&#8220;top&#8220;][vc_column css=&#8220;.vc_custom_1679580240978{padding-top: 30px !important;padding-right: 30px !important;padding-bottom: 30px !important;padding-left: 30px !important;}&#8220;][vc_column_text]<\/p>\n<h1 style=\"text-align: center; color: black;\">NAV\u0160TIVTE N\u00c1S NA HANNOVERSK\u00c9M VELETRHU<\/h1>\n<p style=\"text-align: center; font-size: 18px;\"><strong><a style=\"color: #577858;\" href=\"#form\">Po\u017e\u00e1dat o vstupenky<\/a><\/strong><\/p>\n<p>[\/vc_column_text][vc_row_inner equal_height=&#8220;yes&#8220; content_placement=&#8220;middle&#8220;][vc_column_inner width=&#8220;1\/2&#8243;][vc_single_image image=&#8220;9827&#8243; img_size=&#8220;full&#8220; alignment=&#8220;right&#8220;][\/vc_column_inner][vc_column_inner width=&#8220;1\/2&#8243;][vc_column_text]<\/p>\n<p style=\"text-align: left;\">Poj\u010fte s n\u00e1mi a p\u0159ipojte se k <strong>Zelen\u00e9 Revoluci<\/strong> v na\u0161em oboru!<\/p>\n<p style=\"text-align: left;\">Letos se op\u011bt p\u0159edstav\u00edme na veletrhu <strong>Hannover Messe<\/strong> od 17. do 21. dubna. Najdete n\u00e1s v <strong>hale 5 na st\u00e1nku A47<\/strong>.<\/p>\n<p style=\"text-align: left;\">\u00da\u010dast na veletrhu <strong>Hannover Messe<\/strong> je p\u0159\u00edle\u017eitost\u00ed k prezentaci na\u0161ich v\u00fdrobk\u016f a potvrzen\u00ed na\u0161eho z\u00e1vazku k ochran\u011b \u017eivotn\u00edho prost\u0159ed\u00ed. Design na\u0161eho st\u00e1nku bude inspirov\u00e1n udr\u017eitelnost\u00ed a bude m\u00edt origin\u00e1ln\u00ed, poutav\u00fd design, kter\u00fd p\u0159it\u00e1hne pozornost n\u00e1v\u0161t\u011bvn\u00edk\u016f.<\/p>\n<p>[\/vc_column_text][vc_btn title=&#8220;<strong>VY\u017d\u00c1DAT SI VSTUPENKY<\/strong>&#8220; style=&#8220;outline-custom&#8220; outline_custom_color=&#8220;#0b770d&#8220; outline_custom_hover_background=&#8220;#0b770d&#8220; outline_custom_hover_text=&#8220;#ffffff&#8220; shape=&#8220;square&#8220; align=&#8220;center&#8220; link=&#8220;url:%23form&#8220;][\/vc_column_inner][\/vc_row_inner][vc_column_text]<\/p>\n<h3 style=\"text-align: center;\"><em>Zveme v\u0161echny, aby n\u00e1s nav\u0161t\u00edvili a sezn\u00e1mili se s na\u0161\u00edm sortimentem v\u00fdrobk\u016f a prodiskutovali s na\u0161imi techniky va\u0161e projekty.<\/em><\/h3>\n<p>[\/vc_column_text][vc_separator el_id=&#8220;form&#8220;][vc_column_text]<\/p>\n<h2 style=\"text-align: center; color: #d40020;\">NAV\u0160TIVTE N\u00c1S<\/h2>\n<h3 style=\"text-align: center;\"><em>Objednejte si vstupenky na Hannover Messe<\/em><\/h3>\n<p>[\/vc_column_text]\n<div class=\"wpcf7 no-js\" id=\"wpcf7-f9884-o1\" lang=\"it-IT\" dir=\"ltr\" data-wpcf7-id=\"9884\">\n<div class=\"screen-reader-response\"><p role=\"status\" aria-live=\"polite\" aria-atomic=\"true\"><\/p> <ul><\/ul><\/div>\n<form action=\"\/cs\/wp-json\/wp\/v2\/pages\/11586#wpcf7-f9884-o1\" method=\"post\" class=\"wpcf7-form init\" aria-label=\"Modulo di contatto\" novalidate=\"novalidate\" data-status=\"init\">\n<fieldset class=\"hidden-fields-container\"><input type=\"hidden\" name=\"_wpcf7\" value=\"9884\" \/><input type=\"hidden\" name=\"_wpcf7_version\" value=\"6.1\" \/><input type=\"hidden\" name=\"_wpcf7_locale\" value=\"it_IT\" \/><input type=\"hidden\" name=\"_wpcf7_unit_tag\" value=\"wpcf7-f9884-o1\" \/><input type=\"hidden\" name=\"_wpcf7_container_post\" value=\"0\" \/><input type=\"hidden\" name=\"_wpcf7_posted_data_hash\" value=\"\" \/><input type=\"hidden\" name=\"_wpcf7_recaptcha_response\" value=\"\" \/>\n<\/fieldset>\n<div class=\"vc_row wpb_row vc_row-fluid downloadCatalogo\">\n\t<div class=\"wpb_column vc_column_container vc_col-sm-12\">\n\t\t<div class=\"vc_column-inner \">\n\t\t\t<div class=\"wpb_wrapper\">\n\t\t\t\t<div class=\"vc_row wpb_row vc_inner vc_row-fluid\">\n\t\t\t\t\t<div class=\"wpb_column vc_column_container vc_col-sm-6\">\n\t\t\t\t\t\t<div class=\"vc_column-inner \">\n\t\t\t\t\t\t\t<div class=\"wpb_wrapper\">\n\t\t\t\t\t\t\t\t<div class=\"wpb_text_column wpb_content_element\">\n\t\t\t\t\t\t\t\t\t<div class=\"wpb_wrapper\">\n\t\t\t\t\t\t\t\t\t\t<p><label> Nome e cognome *<\/label><br \/>\n<span class=\"wpcf7-form-control-wrap\" data-name=\"your-nome\"><input size=\"40\" maxlength=\"400\" class=\"wpcf7-form-control wpcf7-text wpcf7-validates-as-required\" aria-required=\"true\" aria-invalid=\"false\" value=\"\" type=\"text\" name=\"your-nome\" \/><\/span>\n\t\t\t\t\t\t\t\t\t\t<\/p>\n\t\t\t\t\t\t\t\t\t\t<p><label> Email *<\/label><br \/>\n<span class=\"wpcf7-form-control-wrap\" data-name=\"your-email\"><input size=\"40\" maxlength=\"400\" class=\"wpcf7-form-control wpcf7-email wpcf7-validates-as-required wpcf7-text wpcf7-validates-as-email\" aria-required=\"true\" aria-invalid=\"false\" value=\"\" type=\"email\" name=\"your-email\" \/><\/span>\n\t\t\t\t\t\t\t\t\t\t<\/p>\n\t\t\t\t\t\t\t\t\t<\/div>\n\t\t\t\t\t\t\t\t<\/div>\n\t\t\t\t\t\t\t<\/div>\n\t\t\t\t\t\t<\/div>\n\t\t\t\t\t<\/div>\n\t\t\t\t\t<div class=\"wpb_column vc_column_container vc_col-sm-6\">\n\t\t\t\t\t\t<div class=\"vc_column-inner \">\n\t\t\t\t\t\t\t<div class=\"wpb_wrapper\">\n\t\t\t\t\t\t\t\t<div class=\"wpb_text_column wpb_content_element\">\n\t\t\t\t\t\t\t\t\t<div class=\"wpb_wrapper\">\n\t\t\t\t\t\t\t\t\t\t<p><label> Azienda *<\/label><br \/>\n<span class=\"wpcf7-form-control-wrap\" data-name=\"your-ragsociale\"><input size=\"40\" maxlength=\"400\" class=\"wpcf7-form-control wpcf7-text wpcf7-validates-as-required\" aria-required=\"true\" aria-invalid=\"false\" value=\"\" type=\"text\" name=\"your-ragsociale\" \/><\/span>\n\t\t\t\t\t\t\t\t\t\t<\/p>\n\t\t\t\t\t\t\t\t\t\t<p><label> Telefono <\/label><br \/>\n<span class=\"wpcf7-form-control-wrap\" data-name=\"your-telefono\"><input size=\"40\" maxlength=\"400\" class=\"wpcf7-form-control wpcf7-tel wpcf7-validates-as-required wpcf7-text wpcf7-validates-as-tel\" aria-required=\"true\" aria-invalid=\"false\" value=\"\" type=\"tel\" name=\"your-telefono\" \/><\/span>\n\t\t\t\t\t\t\t\t\t\t<\/p>\n\t\t\t\t\t\t\t\t\t<\/div>\n\t\t\t\t\t\t\t\t<\/div>\n\t\t\t\t\t\t\t<\/div>\n\t\t\t\t\t\t<\/div>\n\t\t\t\t\t<\/div>\n\t\t\t\t<\/div>\n\t\t\t\t<div class=\"wpb_text_column wpb_content_element\">\n\t\t\t\t\t<div class=\"wpb_wrapper\">\n\t\t\t\t\t\t<p><span class=\"wpcf7-form-control-wrap\" data-name=\"autorizzazione\"><span class=\"wpcf7-form-control wpcf7-checkbox wpcf7-validates-as-required\"><span class=\"wpcf7-list-item first last\"><input type=\"checkbox\" name=\"autorizzazione[]\" value=\"Autorizzo il trattamento dei miei dati personali, ai sensi della normativa privacy vigente (UE GDPR 679\/16), secondo le finalit\u00e0 e le modalit\u00e0 indicate nell&#039;informativa privacy.\" \/><span class=\"wpcf7-list-item-label\">Autorizzo il trattamento dei miei dati personali, ai sensi della normativa privacy vigente (UE GDPR 679\/16), secondo le finalit\u00e0 e le modalit\u00e0 indicate nell&#039;informativa privacy.<\/span><\/span><\/span><\/span><a href=\"\/privacy-policy\/\" target=\"_blank\">Privacy policy<\/a><br \/>\n<span class=\"wpcf7-form-control-wrap\" data-name=\"newsletter\"><span class=\"wpcf7-form-control wpcf7-checkbox\"><span class=\"wpcf7-list-item first last\"><input type=\"checkbox\" name=\"newsletter[]\" value=\"Desidero inoltre iscrivermi alla newsletter per rimanere aggiornato sulle novit\u00e0 offerte speciali e iniziative.\" \/><span class=\"wpcf7-list-item-label\">Desidero inoltre iscrivermi alla newsletter per rimanere aggiornato sulle novit\u00e0 offerte speciali e iniziative.<\/span><\/span><\/span><\/span>\n\t\t\t\t\t\t<\/p>\n\t\t\t\t\t\t<p class=\"submitCenter\"><input class=\"wpcf7-form-control wpcf7-submit has-spinner\" type=\"submit\" value=\"Richiedi biglietti\" \/>\n\t\t\t\t\t\t<\/p>\n\t\t\t\t\t<\/div>\n\t\t\t\t<\/div>\n\t\t\t<\/div>\n\t\t<\/div>\n\t<\/div>\n<\/div><div class=\"wpcf7-response-output\" aria-hidden=\"true\"><\/div>\n<\/form>\n<\/div>\n[vc_column_text css=&#8220;.vc_custom_1679647284503{margin-top: -20px !important;}&#8220;]<\/p>\n<h3 style=\"text-align: center;\">P\u0158IPOJTE SE K NA\u0160EMU EKOLOGICK\u00c9MU \u00daSIL\u00cd,<br \/>\nN\u00c1SLEDUJTE ZM\u011aNU!<\/h3>\n<p>[\/vc_column_text][vc_empty_space height=&#8220;50px&#8220;][\/vc_column][\/vc_row][vc_row full_width=&#8220;stretch_row&#8220; css=&#8220;.vc_custom_1679647197023{margin-bottom: 50px !important;}&#8220;][vc_column width=&#8220;1\/3&#8243; css=&#8220;.vc_custom_1679580356349{margin-top: 80px !important;}&#8220;][vc_single_image image=&#8220;9846&#8243; img_size=&#8220;full&#8220; alignment=&#8220;center&#8220; css=&#8220;.vc_custom_1679647215519{margin-top: -50px !important;}&#8220;][\/vc_column][vc_column width=&#8220;2\/3&#8243; css=&#8220;.vc_custom_1679580348165{padding-top: 30px !important;padding-right: 30px !important;padding-bottom: 30px !important;padding-left: 30px !important;}&#8220;][vc_column_text]<\/p>\n<p>DLM Srl je spole\u010dnost, kter\u00e1 se ji\u017e v\u00edce ne\u017e 50 let specializuje na v\u00fdrobu ochrann\u00fdch syst\u00e9m\u016f.<\/p>\n<p>Spole\u010dnost se zav\u00e1zala k \u00fapln\u00e9 <strong>ekologick\u00e9 p\u0159em\u011bn\u011b<\/strong> sv\u00fdch v\u00fdrobk\u016f a v\u00fdrobn\u00edch proces\u016f do roku 2025.<\/p>\n<ul>\n<li>Na\u0161e \u0159ada <strong>GREEN LINE<\/strong> vyroben\u00e1 z <strong>plast\u016f z druh\u00e9 \u017eivotnosti<\/strong> je v\u00fdsledkem na\u0161eho z\u00e1vazku k ochran\u011b \u017eivotn\u00edho prost\u0159ed\u00ed.<\/li>\n<li>Na\u0161e v\u00fdrobky ECO jsou certifikov\u00e1ny podle normy <strong>PSV (Plastic Second Life)<\/strong> a spl\u0148uj\u00ed po\u017eadavky normy ISO 14021.<\/li>\n<li>\u0158ada <strong>ECO LINE<\/strong> n\u00e1m umo\u017en\u00ed p\u0159isp\u011bt k zamezen\u00ed emis\u00ed p\u0159ibli\u017en\u011b 800 000 kg ekvivalentu CO2.<\/li>\n<li>V\u0161echny v\u00fdrobky ECO budou v duchu <strong>ob\u011bhov\u00e9ho hospod\u00e1\u0159stv\u00ed<\/strong> op\u011bt recyklovateln\u00e9.<\/li>\n<\/ul>\n<p>[\/vc_column_text][vc_btn title=&#8220;<strong>VY\u017d\u00c1DEJTE SI VSTUPENKY<\/strong>&#8220; style=&#8220;outline-custom&#8220; outline_custom_color=&#8220;#0b770d&#8220; outline_custom_hover_background=&#8220;#0b770d&#8220; outline_custom_hover_text=&#8220;#ffffff&#8220; shape=&#8220;square&#8220; align=&#8220;center&#8220; link=&#8220;url:%23form&#8220;][\/vc_column][\/vc_row]<\/p>\n<\/section>","protected":false},"excerpt":{"rendered":"<p>[vc_row full_width=&#8220;stretch_row&#8220; equal_height=&#8220;yes&#8220; content_placement=&#8220;top&#8220;][vc_column css=&#8220;.vc_custom_1679580240978{padding-top: 30px !important;padding-right: 30px !important;padding-bottom: 30px !important;padding-left: 30px !important;}&#8220;][vc_column_text] NAV\u0160TIVTE N\u00c1S NA HANNOVERSK\u00c9M VELETRHU Po\u017e\u00e1dat o vstupenky [\/vc_column_text][vc_row_inner equal_height=&#8220;yes&#8220; content_placement=&#8220;middle&#8220;][vc_column_inner width=&#8220;1\/2&#8243;][vc_single_image image=&#8220;9827&#8243; img_size=&#8220;full&#8220; alignment=&#8220;right&#8220;][\/vc_column_inner][vc_column_inner width=&#8220;1\/2&#8243;][vc_column_text] Poj\u010fte s n\u00e1mi a p\u0159ipojte se k Zelen\u00e9 Revoluci v na\u0161em oboru! Letos se op\u011bt p\u0159edstav\u00edme na veletrhu Hannover Messe od 17. do 21. dubna. Najdete&hellip;<\/p>\n","protected":false},"author":693,"featured_media":0,"parent":0,"menu_order":0,"comment_status":"closed","ping_status":"closed","template":"","meta":{"_acf_changed":false,"footnotes":""},"class_list":["post-11586","page","type-page","status-publish","hentry","description-off"],"acf":[],"yoast_head":"<!-- This site is optimized with the Yoast SEO plugin v25.6 - https:\/\/yoast.com\/wordpress\/plugins\/seo\/ -->\n<title>Hannover Messe Germania - DLM tappi<\/title>\n<meta name=\"description\" content=\"Saremo presenti alla Fiera di Hannover, dal 17 al 21 Aprile. Richiedici i biglietti e vieni a trovarci! Ti aspettiamo\" \/>\n<meta name=\"robots\" content=\"index, follow, max-snippet:-1, max-image-preview:large, max-video-preview:-1\" \/>\n<link rel=\"canonical\" href=\"https:\/\/dlmtappi.com\/cs\/hannover-messe\/\" \/>\n<meta property=\"og:locale\" content=\"cs_CZ\" \/>\n<meta property=\"og:type\" content=\"article\" \/>\n<meta property=\"og:title\" content=\"Hannover Messe Germania - DLM tappi\" \/>\n<meta property=\"og:description\" content=\"Saremo presenti alla Fiera di Hannover, dal 17 al 21 Aprile. Richiedici i biglietti e vieni a trovarci! Ti aspettiamo\" \/>\n<meta property=\"og:url\" content=\"https:\/\/dlmtappi.com\/cs\/hannover-messe\/\" \/>\n<meta property=\"og:site_name\" content=\"DLM tappi\" \/>\n<meta property=\"article:modified_time\" content=\"2024-05-23T10:13:43+00:00\" \/>\n<meta name=\"twitter:card\" content=\"summary_large_image\" \/>\n<meta name=\"twitter:label1\" content=\"Odhadovan\u00e1 doba \u010dten\u00ed\" \/>\n\t<meta name=\"twitter:data1\" content=\"2 minuty\" \/>\n<script type=\"application\/ld+json\" class=\"yoast-schema-graph\">{\"@context\":\"https:\/\/schema.org\",\"@graph\":[{\"@type\":\"WebPage\",\"@id\":\"https:\/\/dlmtappi.com\/cs\/hannover-messe\/\",\"url\":\"https:\/\/dlmtappi.com\/cs\/hannover-messe\/\",\"name\":\"Hannover Messe Germania - DLM tappi\",\"isPartOf\":{\"@id\":\"https:\/\/dlmtappi.com\/cs\/#website\"},\"datePublished\":\"2023-03-24T09:10:59+00:00\",\"dateModified\":\"2024-05-23T10:13:43+00:00\",\"description\":\"Saremo presenti alla Fiera di Hannover, dal 17 al 21 Aprile. Richiedici i biglietti e vieni a trovarci! Ti aspettiamo\",\"breadcrumb\":{\"@id\":\"https:\/\/dlmtappi.com\/cs\/hannover-messe\/#breadcrumb\"},\"inLanguage\":\"cs\",\"potentialAction\":[{\"@type\":\"ReadAction\",\"target\":[\"https:\/\/dlmtappi.com\/cs\/hannover-messe\/\"]}]},{\"@type\":\"BreadcrumbList\",\"@id\":\"https:\/\/dlmtappi.com\/cs\/hannover-messe\/#breadcrumb\",\"itemListElement\":[{\"@type\":\"ListItem\",\"position\":1,\"name\":\"Home\",\"item\":\"https:\/\/dlmtappi.com\/cs\/\"},{\"@type\":\"ListItem\",\"position\":2,\"name\":\"Hannover Messe\"}]},{\"@type\":\"WebSite\",\"@id\":\"https:\/\/dlmtappi.com\/cs\/#website\",\"url\":\"https:\/\/dlmtappi.com\/cs\/\",\"name\":\"DLM tappi\",\"description\":\"Produzione tappi tecnici e protezione filetti in plastica\",\"publisher\":{\"@id\":\"https:\/\/dlmtappi.com\/cs\/#organization\"},\"potentialAction\":[{\"@type\":\"SearchAction\",\"target\":{\"@type\":\"EntryPoint\",\"urlTemplate\":\"https:\/\/dlmtappi.com\/cs\/?s={search_term_string}\"},\"query-input\":{\"@type\":\"PropertyValueSpecification\",\"valueRequired\":true,\"valueName\":\"search_term_string\"}}],\"inLanguage\":\"cs\"},{\"@type\":\"Organization\",\"@id\":\"https:\/\/dlmtappi.com\/cs\/#organization\",\"name\":\"DLM tappi\",\"url\":\"https:\/\/dlmtappi.com\/cs\/\",\"logo\":{\"@type\":\"ImageObject\",\"inLanguage\":\"cs\",\"@id\":\"https:\/\/dlmtappi.com\/cs\/#\/schema\/logo\/image\/\",\"url\":\"https:\/\/dlmtappi.com\/wp-content\/uploads\/2022\/12\/dlm_logo_foglia.png\",\"contentUrl\":\"https:\/\/dlmtappi.com\/wp-content\/uploads\/2022\/12\/dlm_logo_foglia.png\",\"width\":114,\"height\":100,\"caption\":\"DLM tappi\"},\"image\":{\"@id\":\"https:\/\/dlmtappi.com\/cs\/#\/schema\/logo\/image\/\"}}]}<\/script>\n<!-- \/ Yoast SEO plugin. -->","yoast_head_json":{"title":"Hannover Messe Germania - DLM tappi","description":"Saremo presenti alla Fiera di Hannover, dal 17 al 21 Aprile. Richiedici i biglietti e vieni a trovarci! Ti aspettiamo","robots":{"index":"index","follow":"follow","max-snippet":"max-snippet:-1","max-image-preview":"max-image-preview:large","max-video-preview":"max-video-preview:-1"},"canonical":"https:\/\/dlmtappi.com\/cs\/hannover-messe\/","og_locale":"cs_CZ","og_type":"article","og_title":"Hannover Messe Germania - DLM tappi","og_description":"Saremo presenti alla Fiera di Hannover, dal 17 al 21 Aprile. Richiedici i biglietti e vieni a trovarci! Ti aspettiamo","og_url":"https:\/\/dlmtappi.com\/cs\/hannover-messe\/","og_site_name":"DLM tappi","article_modified_time":"2024-05-23T10:13:43+00:00","twitter_card":"summary_large_image","twitter_misc":{"Odhadovan\u00e1 doba \u010dten\u00ed":"2 minuty"},"schema":{"@context":"https:\/\/schema.org","@graph":[{"@type":"WebPage","@id":"https:\/\/dlmtappi.com\/cs\/hannover-messe\/","url":"https:\/\/dlmtappi.com\/cs\/hannover-messe\/","name":"Hannover Messe Germania - DLM tappi","isPartOf":{"@id":"https:\/\/dlmtappi.com\/cs\/#website"},"datePublished":"2023-03-24T09:10:59+00:00","dateModified":"2024-05-23T10:13:43+00:00","description":"Saremo presenti alla Fiera di Hannover, dal 17 al 21 Aprile. Richiedici i biglietti e vieni a trovarci! Ti aspettiamo","breadcrumb":{"@id":"https:\/\/dlmtappi.com\/cs\/hannover-messe\/#breadcrumb"},"inLanguage":"cs","potentialAction":[{"@type":"ReadAction","target":["https:\/\/dlmtappi.com\/cs\/hannover-messe\/"]}]},{"@type":"BreadcrumbList","@id":"https:\/\/dlmtappi.com\/cs\/hannover-messe\/#breadcrumb","itemListElement":[{"@type":"ListItem","position":1,"name":"Home","item":"https:\/\/dlmtappi.com\/cs\/"},{"@type":"ListItem","position":2,"name":"Hannover Messe"}]},{"@type":"WebSite","@id":"https:\/\/dlmtappi.com\/cs\/#website","url":"https:\/\/dlmtappi.com\/cs\/","name":"DLM tappi","description":"Produzione tappi tecnici e protezione filetti in plastica","publisher":{"@id":"https:\/\/dlmtappi.com\/cs\/#organization"},"potentialAction":[{"@type":"SearchAction","target":{"@type":"EntryPoint","urlTemplate":"https:\/\/dlmtappi.com\/cs\/?s={search_term_string}"},"query-input":{"@type":"PropertyValueSpecification","valueRequired":true,"valueName":"search_term_string"}}],"inLanguage":"cs"},{"@type":"Organization","@id":"https:\/\/dlmtappi.com\/cs\/#organization","name":"DLM tappi","url":"https:\/\/dlmtappi.com\/cs\/","logo":{"@type":"ImageObject","inLanguage":"cs","@id":"https:\/\/dlmtappi.com\/cs\/#\/schema\/logo\/image\/","url":"https:\/\/dlmtappi.com\/wp-content\/uploads\/2022\/12\/dlm_logo_foglia.png","contentUrl":"https:\/\/dlmtappi.com\/wp-content\/uploads\/2022\/12\/dlm_logo_foglia.png","width":114,"height":100,"caption":"DLM tappi"},"image":{"@id":"https:\/\/dlmtappi.com\/cs\/#\/schema\/logo\/image\/"}}]}},"_links":{"self":[{"href":"https:\/\/dlmtappi.com\/cs\/wp-json\/wp\/v2\/pages\/11586","targetHints":{"allow":["GET"]}}],"collection":[{"href":"https:\/\/dlmtappi.com\/cs\/wp-json\/wp\/v2\/pages"}],"about":[{"href":"https:\/\/dlmtappi.com\/cs\/wp-json\/wp\/v2\/types\/page"}],"author":[{"embeddable":true,"href":"https:\/\/dlmtappi.com\/cs\/wp-json\/wp\/v2\/users\/693"}],"replies":[{"embeddable":true,"href":"https:\/\/dlmtappi.com\/cs\/wp-json\/wp\/v2\/comments?post=11586"}],"version-history":[{"count":2,"href":"https:\/\/dlmtappi.com\/cs\/wp-json\/wp\/v2\/pages\/11586\/revisions"}],"predecessor-version":[{"id":11601,"href":"https:\/\/dlmtappi.com\/cs\/wp-json\/wp\/v2\/pages\/11586\/revisions\/11601"}],"wp:attachment":[{"href":"https:\/\/dlmtappi.com\/cs\/wp-json\/wp\/v2\/media?parent=11586"}],"curies":[{"name":"wp","href":"https:\/\/api.w.org\/{rel}","templated":true}]}}