{"id":11262,"date":"2019-07-30T14:22:38","date_gmt":"2019-07-30T12:22:38","guid":{"rendered":"https:\/\/dlmtappi.com\/?page_id=11262"},"modified":"2025-12-23T16:53:47","modified_gmt":"2025-12-23T15:53:47","slug":"nachhaltigkeit","status":"publish","type":"page","link":"https:\/\/dlmtappi.com\/de\/unternehmen\/nachhaltigkeit\/","title":{"rendered":"Nachhaltigkeit"},"content":{"rendered":"<section class=\"wpb-content-wrapper\"><p>[vc_row gap=&#8220;20&#8243; equal_height=&#8220;yes&#8220; content_placement=&#8220;middle&#8220;][vc_column width=&#8220;1\/2&#8243; offset=&#8220;vc_hidden-xs&#8220;][vc_column_text]Was die Nachhaltigkeit betrifft, so widmen wir uns der Entwicklung von Produkten aus <strong>biologisch abbaubaren<\/strong> und <strong>&#8222;Second Life&#8220;-Kunststoffen<\/strong>. Neben der Suche nach Materialien mit geringen Umweltauswirkungen ist das Unternehmen bestrebt, Abf\u00e4lle durch <strong>&#8222;geschlossene Kreisl\u00e4ufe&#8220;<\/strong> zu reduzieren, um Abf\u00e4lle und Schrott wiederzugewinnen.[\/vc_column_text][vc_empty_space][vc_column_text]Seit Jahren setzt sich DLM daf\u00fcr ein, den Endkunden <strong>\u00fcber die ordnungsgem\u00e4\u00dfe Entfernung und Entsorgung seiner Protektoren aufzukl\u00e4ren<\/strong>. Dies erm\u00f6glicht die R\u00fcckgewinnung und Wiederaufbereitung des Materials mit Hilfe von f\u00fchrenden Unternehmen im Bereich der Granulataufbereitung.[\/vc_column_text][vc_empty_space][vc_column_text]Das <strong>soziale Engagement<\/strong> wurde auch durch die Unterst\u00fctzung lokaler Vereine sowie durch <strong>Bildungsprojekte mit Schulen<\/strong> aller Stufen gefestigt. So haben wir beispielsweise Unterrichtsstunden zum Thema Kunststoffrecycling oder Praktika f\u00fcr Berufssch\u00fcler organisiert.[\/vc_column_text][vc_empty_space][\/vc_column][vc_column width=&#8220;1\/2&#8243; css=&#8220;.vc_custom_1575901322404{background-image: url(https:\/\/dlmtappi.com\/wp-content\/uploads\/2019\/12\/DLM-Bio.jpg?id=5791) !important;background-position: center !important;background-repeat: no-repeat !important;background-size: cover !important;}&#8220; offset=&#8220;vc_hidden-xs&#8220;][\/vc_column][\/vc_row][vc_row equal_height=&#8220;yes&#8220; content_placement=&#8220;middle&#8220;][vc_column offset=&#8220;vc_hidden-lg vc_hidden-md vc_hidden-sm&#8220;][vc_column_text]In termini di sostenibilit\u00e0 ci dedichiamo al potenziamento di prodotti realizzati con <b>plastiche biodegradabili<\/b> e con <b>plastiche di &#8222;seconda vita&#8220;<\/b>. Oltre alla ricerca di materiali a basso impatto ambientale, la volont\u00e0 dell&#8217;azienda \u00e8 ridurre gli sprechi attraverso \u201c<b>cicli chiusi&#8220;<\/b> per recuperare il materiale di scarto e di sfrido.<\/p>\n<p>Da anni DLM \u00e8 impegnata in un <b>percorso di educazione alla corretta rimozione e smaltimento delle proprie protezioni<\/b> da parte del cliente finale. In questo modo \u00e8 possibile recuperare e rielaborare il materiale, con l&#8217;aiuto di aziende leader nel settore della rigenerazione del granulo.<\/p>\n<p>L<b>\u2019impegno sociale<\/b> si \u00e8 consolidato anche nel sostegno alle associazioni del territorio, nonch\u00e9 <b>progetti formativi con le scuole<\/b> di ogni ordine e grado. Abbiamo organizzato ad esempio lezioni sulla tematica del riciclo della plastica oppure tirocini per i ragazzi delle scuole professionali.[\/vc_column_text][vc_single_image image=&#8220;5791&#8243; img_size=&#8220;450&#215;300&#8243; alignment=&#8220;center&#8220;][\/vc_column][\/vc_row][vc_row full_width=&#8220;stretch_row&#8220; gap=&#8220;35&#8243; equal_height=&#8220;yes&#8220; content_placement=&#8220;middle&#8220; css=&#8220;.vc_custom_1575906788338{margin-top: 50px !important;background-color: #f7f7f7 !important;}&#8220; el_class=&#8220;preFooter&#8220;][vc_column offset=&#8220;vc_col-lg-offset-1 vc_col-lg-10 vc_col-md-offset-1 vc_col-md-10&#8243;][vc_custom_heading text=&#8220;\u00dcber uns&#8220; font_container=&#8220;tag:h2|text_align:center&#8220; use_theme_fonts=&#8220;yes&#8220; el_class=&#8220;textUppercase&#8220;][vc_custom_heading text=&#8220;&#8222;Unsere Kunden m\u00fcssen das Kappenmanagement vergessen. Die Kappe in der Produktion ist wie der Kugelschreiber im B\u00fcro: Niemand erwartet, dass man sie nicht findet, wenn man sie braucht.&#8222;&#8220; font_container=&#8220;tag:h3|text_align:center&#8220; use_theme_fonts=&#8220;yes&#8220;][vc_empty_space][vc_btn title=&#8220;ENTDECKEN SIE DAS UNTERNEHMEN DLM &gt;&#8220; style=&#8220;outline-custom&#8220; outline_custom_color=&#8220;#333333&#8243; outline_custom_hover_background=&#8220;#333333&#8243; outline_custom_hover_text=&#8220;#ffffff&#8220; shape=&#8220;square&#8220; align=&#8220;center&#8220; link=&#8220;url:https%3A%2F%2Fdlmtappi.com%2Fde%2Funternehmen%2F|title:Unternehmen&#8220; el_class=&#8220;textUppercase&#8220;][vc_empty_space height=&#8220;20px&#8220;][\/vc_column][\/vc_row]<\/p>\n<\/section>","protected":false},"excerpt":{"rendered":"<p>[vc_row gap=&#8220;20&#8243; equal_height=&#8220;yes&#8220; content_placement=&#8220;middle&#8220;][vc_column width=&#8220;1\/2&#8243; offset=&#8220;vc_hidden-xs&#8220;][vc_column_text]Was die Nachhaltigkeit betrifft, so widmen wir uns der Entwicklung von Produkten aus biologisch abbaubaren und &#8222;Second Life&#8220;-Kunststoffen. Neben der Suche nach Materialien mit geringen Umweltauswirkungen ist das Unternehmen bestrebt, Abf\u00e4lle durch &#8222;geschlossene Kreisl\u00e4ufe&#8220; zu reduzieren, um Abf\u00e4lle und Schrott wiederzugewinnen.[\/vc_column_text][vc_empty_space][vc_column_text]Seit Jahren setzt sich DLM daf\u00fcr ein, den Endkunden \u00fcber&hellip;<\/p>\n","protected":false},"author":1,"featured_media":11264,"parent":11296,"menu_order":0,"comment_status":"closed","ping_status":"closed","template":"","meta":{"_acf_changed":false,"footnotes":""},"class_list":["post-11262","page","type-page","status-publish","has-post-thumbnail","hentry","description-off"],"acf":[],"yoast_head":"<!-- This site is optimized with the Yoast SEO plugin v25.6 - https:\/\/yoast.com\/wordpress\/plugins\/seo\/ -->\n<title>Sostenibilit\u00e0 ambientale - Riciclo Plastica - DLM tappi<\/title>\n<meta name=\"description\" content=\"Produciamo prodotti con plastiche biodegradabili e di seconda vita. Scopri i nostri progetti di riciclo plastico e sostenibilit\u00e0 ambientale\" \/>\n<meta name=\"robots\" content=\"index, follow, max-snippet:-1, max-image-preview:large, max-video-preview:-1\" \/>\n<link rel=\"canonical\" href=\"https:\/\/dlmtappi.com\/de\/unternehmen\/nachhaltigkeit\/\" \/>\n<meta property=\"og:locale\" content=\"de_DE\" \/>\n<meta property=\"og:type\" content=\"article\" \/>\n<meta property=\"og:title\" content=\"Sostenibilit\u00e0 ambientale - Riciclo Plastica - DLM tappi\" \/>\n<meta property=\"og:description\" content=\"Produciamo prodotti con plastiche biodegradabili e di seconda vita. Scopri i nostri progetti di riciclo plastico e sostenibilit\u00e0 ambientale\" \/>\n<meta property=\"og:url\" content=\"https:\/\/dlmtappi.com\/de\/unternehmen\/nachhaltigkeit\/\" \/>\n<meta property=\"og:site_name\" content=\"DLM tappi\" \/>\n<meta property=\"article:modified_time\" content=\"2025-12-23T15:53:47+00:00\" \/>\n<meta property=\"og:image\" content=\"https:\/\/dlmtappi.com\/wp-content\/uploads\/2022\/12\/Eco_plugs_male_short_push-in_with_pull_tab.jpg\" \/>\n\t<meta property=\"og:image:width\" content=\"1824\" \/>\n\t<meta property=\"og:image:height\" content=\"1221\" \/>\n\t<meta property=\"og:image:type\" content=\"image\/jpeg\" \/>\n<meta name=\"twitter:card\" content=\"summary_large_image\" \/>\n<meta name=\"twitter:label1\" content=\"Gesch\u00e4tzte Lesezeit\" \/>\n\t<meta name=\"twitter:data1\" content=\"2\u00a0Minuten\" \/>\n<script type=\"application\/ld+json\" class=\"yoast-schema-graph\">{\"@context\":\"https:\/\/schema.org\",\"@graph\":[{\"@type\":\"WebPage\",\"@id\":\"https:\/\/dlmtappi.com\/de\/unternehmen\/nachhaltigkeit\/\",\"url\":\"https:\/\/dlmtappi.com\/de\/unternehmen\/nachhaltigkeit\/\",\"name\":\"Sostenibilit\u00e0 ambientale - Riciclo Plastica - DLM tappi\",\"isPartOf\":{\"@id\":\"https:\/\/dlmtappi.com\/de\/#website\"},\"primaryImageOfPage\":{\"@id\":\"https:\/\/dlmtappi.com\/de\/unternehmen\/nachhaltigkeit\/#primaryimage\"},\"image\":{\"@id\":\"https:\/\/dlmtappi.com\/de\/unternehmen\/nachhaltigkeit\/#primaryimage\"},\"thumbnailUrl\":\"https:\/\/dlmtappi.com\/wp-content\/uploads\/2022\/12\/Eco_plugs_male_short_push-in_with_pull_tab.jpg\",\"datePublished\":\"2019-07-30T12:22:38+00:00\",\"dateModified\":\"2025-12-23T15:53:47+00:00\",\"description\":\"Produciamo prodotti con plastiche biodegradabili e di seconda vita. Scopri i nostri progetti di riciclo plastico e sostenibilit\u00e0 ambientale\",\"breadcrumb\":{\"@id\":\"https:\/\/dlmtappi.com\/de\/unternehmen\/nachhaltigkeit\/#breadcrumb\"},\"inLanguage\":\"de\",\"potentialAction\":[{\"@type\":\"ReadAction\",\"target\":[\"https:\/\/dlmtappi.com\/de\/unternehmen\/nachhaltigkeit\/\"]}]},{\"@type\":\"ImageObject\",\"inLanguage\":\"de\",\"@id\":\"https:\/\/dlmtappi.com\/de\/unternehmen\/nachhaltigkeit\/#primaryimage\",\"url\":\"https:\/\/dlmtappi.com\/wp-content\/uploads\/2022\/12\/Eco_plugs_male_short_push-in_with_pull_tab.jpg\",\"contentUrl\":\"https:\/\/dlmtappi.com\/wp-content\/uploads\/2022\/12\/Eco_plugs_male_short_push-in_with_pull_tab.jpg\",\"width\":1824,\"height\":1221},{\"@type\":\"BreadcrumbList\",\"@id\":\"https:\/\/dlmtappi.com\/de\/unternehmen\/nachhaltigkeit\/#breadcrumb\",\"itemListElement\":[{\"@type\":\"ListItem\",\"position\":1,\"name\":\"Home\",\"item\":\"https:\/\/dlmtappi.com\/de\/\"},{\"@type\":\"ListItem\",\"position\":2,\"name\":\"Unternehmen\",\"item\":\"https:\/\/dlmtappi.com\/de\/unternehmen\/\"},{\"@type\":\"ListItem\",\"position\":3,\"name\":\"Nachhaltigkeit\"}]},{\"@type\":\"WebSite\",\"@id\":\"https:\/\/dlmtappi.com\/de\/#website\",\"url\":\"https:\/\/dlmtappi.com\/de\/\",\"name\":\"DLM tappi\",\"description\":\"Produzione tappi tecnici e protezione filetti in plastica\",\"publisher\":{\"@id\":\"https:\/\/dlmtappi.com\/de\/#organization\"},\"potentialAction\":[{\"@type\":\"SearchAction\",\"target\":{\"@type\":\"EntryPoint\",\"urlTemplate\":\"https:\/\/dlmtappi.com\/de\/?s={search_term_string}\"},\"query-input\":{\"@type\":\"PropertyValueSpecification\",\"valueRequired\":true,\"valueName\":\"search_term_string\"}}],\"inLanguage\":\"de\"},{\"@type\":\"Organization\",\"@id\":\"https:\/\/dlmtappi.com\/de\/#organization\",\"name\":\"DLM tappi\",\"url\":\"https:\/\/dlmtappi.com\/de\/\",\"logo\":{\"@type\":\"ImageObject\",\"inLanguage\":\"de\",\"@id\":\"https:\/\/dlmtappi.com\/de\/#\/schema\/logo\/image\/\",\"url\":\"https:\/\/dlmtappi.com\/wp-content\/uploads\/2022\/12\/dlm_logo_foglia.png\",\"contentUrl\":\"https:\/\/dlmtappi.com\/wp-content\/uploads\/2022\/12\/dlm_logo_foglia.png\",\"width\":114,\"height\":100,\"caption\":\"DLM tappi\"},\"image\":{\"@id\":\"https:\/\/dlmtappi.com\/de\/#\/schema\/logo\/image\/\"}}]}<\/script>\n<!-- \/ Yoast SEO plugin. -->","yoast_head_json":{"title":"Sostenibilit\u00e0 ambientale - Riciclo Plastica - DLM tappi","description":"Produciamo prodotti con plastiche biodegradabili e di seconda vita. Scopri i nostri progetti di riciclo plastico e sostenibilit\u00e0 ambientale","robots":{"index":"index","follow":"follow","max-snippet":"max-snippet:-1","max-image-preview":"max-image-preview:large","max-video-preview":"max-video-preview:-1"},"canonical":"https:\/\/dlmtappi.com\/de\/unternehmen\/nachhaltigkeit\/","og_locale":"de_DE","og_type":"article","og_title":"Sostenibilit\u00e0 ambientale - Riciclo Plastica - DLM tappi","og_description":"Produciamo prodotti con plastiche biodegradabili e di seconda vita. Scopri i nostri progetti di riciclo plastico e sostenibilit\u00e0 ambientale","og_url":"https:\/\/dlmtappi.com\/de\/unternehmen\/nachhaltigkeit\/","og_site_name":"DLM tappi","article_modified_time":"2025-12-23T15:53:47+00:00","og_image":[{"width":1824,"height":1221,"url":"https:\/\/dlmtappi.com\/wp-content\/uploads\/2022\/12\/Eco_plugs_male_short_push-in_with_pull_tab.jpg","type":"image\/jpeg"}],"twitter_card":"summary_large_image","twitter_misc":{"Gesch\u00e4tzte Lesezeit":"2\u00a0Minuten"},"schema":{"@context":"https:\/\/schema.org","@graph":[{"@type":"WebPage","@id":"https:\/\/dlmtappi.com\/de\/unternehmen\/nachhaltigkeit\/","url":"https:\/\/dlmtappi.com\/de\/unternehmen\/nachhaltigkeit\/","name":"Sostenibilit\u00e0 ambientale - Riciclo Plastica - DLM tappi","isPartOf":{"@id":"https:\/\/dlmtappi.com\/de\/#website"},"primaryImageOfPage":{"@id":"https:\/\/dlmtappi.com\/de\/unternehmen\/nachhaltigkeit\/#primaryimage"},"image":{"@id":"https:\/\/dlmtappi.com\/de\/unternehmen\/nachhaltigkeit\/#primaryimage"},"thumbnailUrl":"https:\/\/dlmtappi.com\/wp-content\/uploads\/2022\/12\/Eco_plugs_male_short_push-in_with_pull_tab.jpg","datePublished":"2019-07-30T12:22:38+00:00","dateModified":"2025-12-23T15:53:47+00:00","description":"Produciamo prodotti con plastiche biodegradabili e di seconda vita. Scopri i nostri progetti di riciclo plastico e sostenibilit\u00e0 ambientale","breadcrumb":{"@id":"https:\/\/dlmtappi.com\/de\/unternehmen\/nachhaltigkeit\/#breadcrumb"},"inLanguage":"de","potentialAction":[{"@type":"ReadAction","target":["https:\/\/dlmtappi.com\/de\/unternehmen\/nachhaltigkeit\/"]}]},{"@type":"ImageObject","inLanguage":"de","@id":"https:\/\/dlmtappi.com\/de\/unternehmen\/nachhaltigkeit\/#primaryimage","url":"https:\/\/dlmtappi.com\/wp-content\/uploads\/2022\/12\/Eco_plugs_male_short_push-in_with_pull_tab.jpg","contentUrl":"https:\/\/dlmtappi.com\/wp-content\/uploads\/2022\/12\/Eco_plugs_male_short_push-in_with_pull_tab.jpg","width":1824,"height":1221},{"@type":"BreadcrumbList","@id":"https:\/\/dlmtappi.com\/de\/unternehmen\/nachhaltigkeit\/#breadcrumb","itemListElement":[{"@type":"ListItem","position":1,"name":"Home","item":"https:\/\/dlmtappi.com\/de\/"},{"@type":"ListItem","position":2,"name":"Unternehmen","item":"https:\/\/dlmtappi.com\/de\/unternehmen\/"},{"@type":"ListItem","position":3,"name":"Nachhaltigkeit"}]},{"@type":"WebSite","@id":"https:\/\/dlmtappi.com\/de\/#website","url":"https:\/\/dlmtappi.com\/de\/","name":"DLM tappi","description":"Produzione tappi tecnici e protezione filetti in plastica","publisher":{"@id":"https:\/\/dlmtappi.com\/de\/#organization"},"potentialAction":[{"@type":"SearchAction","target":{"@type":"EntryPoint","urlTemplate":"https:\/\/dlmtappi.com\/de\/?s={search_term_string}"},"query-input":{"@type":"PropertyValueSpecification","valueRequired":true,"valueName":"search_term_string"}}],"inLanguage":"de"},{"@type":"Organization","@id":"https:\/\/dlmtappi.com\/de\/#organization","name":"DLM tappi","url":"https:\/\/dlmtappi.com\/de\/","logo":{"@type":"ImageObject","inLanguage":"de","@id":"https:\/\/dlmtappi.com\/de\/#\/schema\/logo\/image\/","url":"https:\/\/dlmtappi.com\/wp-content\/uploads\/2022\/12\/dlm_logo_foglia.png","contentUrl":"https:\/\/dlmtappi.com\/wp-content\/uploads\/2022\/12\/dlm_logo_foglia.png","width":114,"height":100,"caption":"DLM tappi"},"image":{"@id":"https:\/\/dlmtappi.com\/de\/#\/schema\/logo\/image\/"}}]}},"_links":{"self":[{"href":"https:\/\/dlmtappi.com\/de\/wp-json\/wp\/v2\/pages\/11262","targetHints":{"allow":["GET"]}}],"collection":[{"href":"https:\/\/dlmtappi.com\/de\/wp-json\/wp\/v2\/pages"}],"about":[{"href":"https:\/\/dlmtappi.com\/de\/wp-json\/wp\/v2\/types\/page"}],"author":[{"embeddable":true,"href":"https:\/\/dlmtappi.com\/de\/wp-json\/wp\/v2\/users\/1"}],"replies":[{"embeddable":true,"href":"https:\/\/dlmtappi.com\/de\/wp-json\/wp\/v2\/comments?post=11262"}],"version-history":[{"count":3,"href":"https:\/\/dlmtappi.com\/de\/wp-json\/wp\/v2\/pages\/11262\/revisions"}],"predecessor-version":[{"id":11343,"href":"https:\/\/dlmtappi.com\/de\/wp-json\/wp\/v2\/pages\/11262\/revisions\/11343"}],"up":[{"embeddable":true,"href":"https:\/\/dlmtappi.com\/de\/wp-json\/wp\/v2\/pages\/11296"}],"wp:featuredmedia":[{"embeddable":true,"href":"https:\/\/dlmtappi.com\/de\/wp-json\/wp\/v2\/media\/11264"}],"wp:attachment":[{"href":"https:\/\/dlmtappi.com\/de\/wp-json\/wp\/v2\/media?parent=11262"}],"curies":[{"name":"wp","href":"https:\/\/api.w.org\/{rel}","templated":true}]}}