{"id":11296,"date":"2019-07-30T12:14:42","date_gmt":"2019-07-30T10:14:42","guid":{"rendered":"https:\/\/dlmtappi.com\/azienda\/"},"modified":"2026-01-07T11:28:43","modified_gmt":"2026-01-07T10:28:43","slug":"unternehmen","status":"publish","type":"page","link":"https:\/\/dlmtappi.com\/de\/unternehmen\/","title":{"rendered":"Unternehmen"},"content":{"rendered":"<section class=\"wpb-content-wrapper\"><p>[vc_row gap=&#8220;20&#8243; equal_height=&#8220;yes&#8220; content_placement=&#8220;middle&#8220;][vc_column width=&#8220;1\/2&#8243; offset=&#8220;vc_hidden-xs&#8220;][vc_column_text]DLM ist seit \u00fcber 50 Jahren ein Unternehmen, das sich auf die Herstellung von Schutzsystemen spezialisiert hat.<\/p>\n<p>Das Unternehmen hat sich verpflichtet, bis 2025 eine <strong>vollst\u00e4ndige \u00f6kologische Umstellung <\/strong>seiner Produkte und Produktionsprozesse zu bew\u00e4ltigen.<\/p>\n<p>Das DLM-Team ist das schlagende Herz dieses au\u00dfergew\u00f6hnlichen \u00f6kologischen \u00dcbergangs, der sowohl beruflich als auch privat in <strong>konkrete<\/strong> Ma\u00dfnahmen\u00a0 umgesetzt wird.<\/p>\n<p>Unser \u00f6kologischer \u00dcbergang ist ein konkretes Bekenntnis gegen\u00fcber unseren Familien, unseren Kindern und zuk\u00fcnftigen Generationen, die <strong>Umweltbelastung <\/strong>unserer Produkte und Prozesse zu verringern, was fest im\u00a0 <strong>DLM GREEN DEAL <\/strong>verankert ist.[\/vc_column_text][\/vc_column][vc_column width=&#8220;1\/2&#8243; css=&#8220;.vc_custom_1709894351283{background-image: url(https:\/\/dlmtappi.com\/wp-content\/uploads\/2024\/03\/spalla-laterale-azienda.jpg?id=10599) !important;background-position: center !important;background-repeat: no-repeat !important;background-size: contain !important;}&#8220; offset=&#8220;vc_hidden-xs&#8220;][\/vc_column][\/vc_row][vc_row equal_height=&#8220;yes&#8220; content_placement=&#8220;middle&#8220;][vc_column offset=&#8220;vc_hidden-lg vc_hidden-md vc_hidden-sm&#8220;][vc_single_image image=&#8220;9630&#8243; img_size=&#8220;full&#8220; alignment=&#8220;center&#8220;][vc_column_text]DLM da oltre 50 anni \u00e8 un\u2019azienda specializzata nella produzione di sistemi di protezione.<\/p>\n<p>La societ\u00e0 si \u00e8 impegnata, entro il 2025, ad affrontare una <strong>totale transizione ecologica<\/strong> dei propri prodotti e processi produttivi.<\/p>\n<p>Lo Staff di DLM \u00e8 il cuore pulsante di questa straordinaria transizione ecologica, che si trasforma in <strong>azioni concrete<\/strong> sia a livello professionale che personale.<\/p>\n<p>La nostra transizione ecologica \u00e8 un impegno concreto nei confronti delle nostre famiglie, dei nostri figli e delle generazioni future, per <strong>ridurre l\u2019impatto ambientale<\/strong> dei nostri prodotti e processi, che trova solide fondamenta nel <strong>GREEN DEAL DLM<\/strong>.[\/vc_column_text][vc_single_image image=&#8220;10622&#8243; img_size=&#8220;full&#8220; alignment=&#8220;center&#8220;][vc_column_text]La nostra LINEA GREEN realizzata con <strong>plastiche di seconda vita<\/strong> \u00e8 il risultato del nostro impegno verso l\u2019ambiente.<\/p>\n<p>I nostri prodotti ECO sono certificati PSV (Plastica Seconda Vita) e rispondono ai requisiti della ISO 14021.<br \/>\nLa linea ECO ci permetter\u00e0 di contribuire ad <strong>evitare l\u2019emissione di circa 800.000 kg di CO2 equivalente<\/strong>.<\/p>\n<p>Tutti gli articoli ECO saranno nuovamente riciclabili in ottica di <strong>economia circolare<\/strong>.<\/p>\n<p>DLM quotidianamente si impegna nello sviluppo di idee e soluzioni per soddisfare la sostenibilit\u00e0 economica, sociale ed ambientale, accogliendo sfide di <strong>miglioramento continuo<\/strong>.[\/vc_column_text][\/vc_column][\/vc_row][vc_row equal_height=&#8220;yes&#8220; content_placement=&#8220;middle&#8220;][vc_column][vc_empty_space height=&#8220;50px&#8220;][\/vc_column][\/vc_row][vc_row full_width=&#8220;stretch_row&#8220; gap=&#8220;20&#8243; equal_height=&#8220;yes&#8220; content_placement=&#8220;top&#8220; disable_element=&#8220;yes&#8220; css=&#8220;.vc_custom_1673623706796{background-color: #f7f7f7 !important;}&#8220;][vc_column width=&#8220;1\/3&#8243;][vc_custom_heading text=&#8220;Team&#8220; font_container=&#8220;tag:h3|text_align:left&#8220; use_theme_fonts=&#8220;yes&#8220; el_class=&#8220;textUppercase myHtre&#8220;][vc_column_text el_class=&#8220;leftBorder&#8220;]La nostra azienda \u00e8 composta da un team di <b>14 persone altamente specializzate<\/b> e costantemente formate, per rispondere da <b>oltre 30 anni <\/b>alle continue richieste del mercato.[\/vc_column_text][\/vc_column][vc_column width=&#8220;1\/3&#8243;][vc_custom_heading text=&#8220;Parco macchine&#8220; font_container=&#8220;tag:h3|text_align:left&#8220; use_theme_fonts=&#8220;yes&#8220; el_class=&#8220;textUppercase myHtre&#8220;][vc_column_text el_class=&#8220;leftBorder&#8220;]Il parco macchine \u00e8 costituito da <b>45 presse<\/b> per lo stampaggio ad iniezione, <b>un impianto<\/b> per lo stampaggio ad immersione ed <b>una attrezzeria<\/b> per la realizzazione degli stampi.[\/vc_column_text][\/vc_column][vc_column width=&#8220;1\/3&#8243;][vc_custom_heading text=&#8220;Mission&#8220; font_container=&#8220;tag:h3|text_align:left&#8220; use_theme_fonts=&#8220;yes&#8220; el_class=&#8220;textUppercase myHtre&#8220;][vc_column_text el_class=&#8220;leftBorder&#8220;]\u201cI nostri clienti devono dimenticarsi della gestione dei tappi. Il tappo in produzione \u00e8 come la penna in un ufficio: nessuno si aspetta di non trovarlo nel momento del bisogno.\u201d[\/vc_column_text][\/vc_column][\/vc_row][vc_row full_width=&#8220;stretch_row&#8220; gap=&#8220;20&#8243; equal_height=&#8220;yes&#8220; content_placement=&#8220;top&#8220; disable_element=&#8220;yes&#8220; css=&#8220;.vc_custom_1673623715464{background-color: #f7f7f7 !important;}&#8220;][vc_column width=&#8220;1\/3&#8243;][vc_custom_heading text=&#8220;Filosofia&#8220; font_container=&#8220;tag:h3|text_align:left&#8220; use_theme_fonts=&#8220;yes&#8220; el_class=&#8220;textUppercase myHtre&#8220;][vc_column_text el_class=&#8220;leftBorder&#8220;]Le nostre tecniche di fornitura si sono consolidate nella filosofia <b>Just in time<\/b> e <b>Kanban<\/b>. Siamo sensibili ai contenuti delle nuove normative in materia ambientale e ci stiamo concentrando nello <b>sviluppo di nuovi prodotti eco-compatibili<\/b>. La nostra azienda \u00e8 <b>certificata<\/b> secondo la normativa UNI EN ISO 9001:2015.[\/vc_column_text][\/vc_column][vc_column width=&#8220;1\/3&#8243;][vc_custom_heading text=&#8220;Produzione&#8220; font_container=&#8220;tag:h3|text_align:left&#8220; use_theme_fonts=&#8220;yes&#8220; el_class=&#8220;textUppercase myHtre&#8220;][vc_column_text el_class=&#8220;leftBorder&#8220;]La nostra area produttiva si estende su circa <b>2.000 mq<\/b>, mentre la logistica ed il magazzino dei prodotti finiti si trovano a pochi chilometri dal sito produttivo e coprono un\u2019area di circa 1.500 mq. Siamo costantemente riforniti con <b>oltre 5.000 articoli<\/b> della nostra gamma standard.[\/vc_column_text][\/vc_column][vc_column width=&#8220;1\/3&#8243;][vc_custom_heading text=&#8220;Settori&#8220; font_container=&#8220;tag:h3|text_align:left&#8220; use_theme_fonts=&#8220;yes&#8220; el_class=&#8220;textUppercase myHtre&#8220;][vc_column_text el_class=&#8220;leftBorder&#8220;]I nostri rapporti commerciali sono in continuo sviluppo con aziende leader nei settori dell\u2019<b>Automotive<\/b> e del <b>Condizionamento<\/b>, oltre che dell\u2019<b>Oleodimanica<\/b> e dell\u2019<b>Oleopneumatica<\/b>.[\/vc_column_text][\/vc_column][\/vc_row][vc_row equal_height=&#8220;yes&#8220; content_placement=&#8220;middle&#8220; disable_element=&#8220;yes&#8220;][vc_column width=&#8220;1\/2&#8243; css=&#8220;.vc_custom_1575900256001{margin-top: 50px !important;margin-bottom: 50px !important;background-image: url(https:\/\/dlmtappi.com\/wp-content\/uploads\/2019\/12\/DLM-cosa-caffiamo.jpg?id=5778) !important;background-position: center !important;background-repeat: no-repeat !important;background-size: contain !important;}&#8220; offset=&#8220;vc_hidden-xs&#8220;][\/vc_column][vc_column width=&#8220;1\/2&#8243; offset=&#8220;vc_hidden-xs&#8220;][vc_empty_space height=&#8220;100px&#8220;][vc_column_text]Affianchiamo i nostri clienti dall\u2019inizio alla fine. In fase di <b>progettazione<\/b> della protezione suggeriamo i <b>materiali <\/b>migliori e pi\u00f9 adeguati all&#8217;applicazione richiesta. Definiamo il <b>layout<\/b> pi\u00f9 sicuro. A seconda dell\u2019utilizzo realizziamo <b>prototipi<\/b> funzionali e stampi di produzione, grazie alla nostra attrezzeria interna.<\/p>\n<p>Inoltre garantiamo eventuali <b>scorte<\/b> del prodotto &#8211; in base alle necessit\u00e0 del cliente &#8211; grazie al magazzino di oltre 2.000 mq, con ulteriori aree dedicate ai prodotti customizzati. La <b>distribuzione<\/b> dei prodotti viene organizzata in ogni parte del mondo.[\/vc_column_text][vc_empty_space height=&#8220;100px&#8220;][\/vc_column][\/vc_row][vc_row equal_height=&#8220;yes&#8220; content_placement=&#8220;middle&#8220; disable_element=&#8220;yes&#8220; css=&#8220;.vc_custom_1676622493793{padding-top: 50px !important;}&#8220;][vc_column offset=&#8220;vc_hidden-lg vc_hidden-md vc_hidden-sm&#8220;][vc_column_text]Affianchiamo i nostri clienti dall\u2019inizio alla fine. In fase di <b>progettazione<\/b> della protezione suggeriamo i <b>materiali <\/b>migliori e pi\u00f9 adeguati all&#8217;applicazione richiesta. Definiamo il <b>layout<\/b> pi\u00f9 sicuro. A seconda dell\u2019utilizzo realizziamo <b>prototipi<\/b> funzionali e stampi di produzione, grazie alla nostra attrezzeria interna.<\/p>\n<p>Inoltre garantiamo eventuali <b>scorte<\/b> del prodotto &#8211; in base alle necessit\u00e0 del cliente &#8211; grazie al magazzino di oltre 2.000 mq, con ulteriori aree dedicate ai prodotti customizzati. La <b>distribuzione<\/b> dei prodotti viene organizzata in ogni parte del mondo.[\/vc_column_text][vc_single_image image=&#8220;5778&#8243; img_size=&#8220;320&#215;480&#8243; alignment=&#8220;center&#8220;][\/vc_column][\/vc_row][vc_row full_width=&#8220;stretch_row&#8220; equal_height=&#8220;yes&#8220; content_placement=&#8220;middle&#8220; el_class=&#8220;preFooter&#8220;][vc_column offset=&#8220;vc_col-lg-offset-1 vc_col-lg-10 vc_col-md-offset-1 vc_col-md-10&#8243;][\/vc_column][\/vc_row][vc_row full_width=&#8220;stretch_row_content_no_spaces&#8220; css=&#8220;.vc_custom_1710233084148{background-color: #f7f7f7 !important;}&#8220;][vc_column][vc_cta h2=&#8220;Die Frucht unseres Engagements? Ein zunehmend gr\u00fcner Katalog!&#8220; h4=&#8220;Laden Sie es herunter und erfahren Sie alle Details&#8220; txt_align=&#8220;center&#8220; add_button=&#8220;bottom&#8220; btn_title=&#8220;LADEN SIE DEN GR\u00dcNEN KATALOG HERUNTER&#8220; btn_style=&#8220;flat&#8220; btn_shape=&#8220;square&#8220; btn_size=&#8220;lg&#8220; btn_align=&#8220;center&#8220; el_class=&#8220;verde&#8220; btn_link=&#8220;url:https%3A%2F%2Fdlmtappi.com%2Fde%2Fkatalog%2F|title:Katalog&#8220;][\/vc_cta][\/vc_column][\/vc_row][vc_row][vc_column][vc_single_image image=&#8220;10601&#8243; img_size=&#8220;full&#8220; alignment=&#8220;center&#8220; el_class=&#8220;immagine&#8220;][vc_column_text]Seit 2019 hat DLM Investitionen get\u00e4tigt, um 65 % seiner Produktionsanlagen durch die Installation <strong>der neuesten Generation von Ger\u00e4ten\u00a0 zu ersetzen<\/strong>, die es erm\u00f6glichen, den Energieverbrauch um 30 % zu senken.<\/p>\n<p>Im Jahr 2021 haben wir unser <strong>Photovoltaiksystem <\/strong>\u00a0aktiviert, das es uns dank Solarenergie erm\u00f6glicht, 35 % unseres Strombedarfs zu decken.<\/p>\n<p>Schulungen, Bewusstsein und die Beteiligung aller unserer MITARBEITER waren Erfolgsfaktoren f\u00fcr den <strong>bewussten Einsatz <\/strong>von Pflanzen und Rohstoffen.[\/vc_column_text][vc_btn title=&#8220;ENTDECKEN SIE UNSERE ZERTIFIKATE&#8220; style=&#8220;outline-custom&#8220; outline_custom_color=&#8220;#0a0a0a&#8220; outline_custom_hover_background=&#8220;#000000&#8243; outline_custom_hover_text=&#8220;#ffffff&#8220; shape=&#8220;square&#8220; size=&#8220;lg&#8220; align=&#8220;center&#8220; link=&#8220;url:https%3A%2F%2Fdlmtappi.com%2Fde%2Fzertifizierungen%2F|title:Zertifizierungen&#8220;][vc_empty_space height=&#8220;40px&#8220;][\/vc_column][\/vc_row][vc_row][vc_column][vc_single_image image=&#8220;10681&#8243; img_size=&#8220;full&#8220; alignment=&#8220;center&#8220; el_class=&#8220;immagine&#8220;][vc_column_text]Unsere GR\u00dcNE LINIE, hergestellt mit <strong>Second-Life-Kunststoffen, <\/strong>ist das Ergebnis unseres Engagements f\u00fcr die Umwelt.<\/p>\n<p>Unsere ECO-Produkte sind PSV-zertifiziert (Plastic Second Life) und erf\u00fcllen die Anforderungen der ISO 14021.La ECO-Linie, was es uns erm\u00f6glicht, <strong>die Emission von etwa 800.000 kg CO2-\u00c4quivalent zu vermeiden<\/strong>.<\/p>\n<p>Alle ECO-Artikel werden mit Blick auf eine <strong>Kreislaufwirtschaft<\/strong> wieder recycelbar sein.<\/p>\n<p>DLM verpflichtet sich, t\u00e4glich Ideen und L\u00f6sungen zu entwickeln, um wirtschaftliche, soziale und \u00f6kologische Nachhaltigkeit zu erf\u00fcllen, und stellt Herausforderungen <strong>kontinuierlicher<\/strong> <strong>Verbesserung<\/strong>.[\/vc_column_text][vc_btn title=&#8220;LADEN SIE UNSEREN GR\u00dcNEN KATALOG HERUNTER&#8220; style=&#8220;outline-custom&#8220; outline_custom_color=&#8220;#0a0a0a&#8220; outline_custom_hover_background=&#8220;#000000&#8243; outline_custom_hover_text=&#8220;#ffffff&#8220; shape=&#8220;square&#8220; size=&#8220;lg&#8220; align=&#8220;center&#8220; link=&#8220;url:https%3A%2F%2Fdlmtappi.com%2Fde%2Fkatalog%2F|title:Katalog&#8220;][vc_empty_space height=&#8220;40px&#8220;][vc_single_image image=&#8220;10638&#8243; img_size=&#8220;full&#8220; alignment=&#8220;center&#8220; el_class=&#8220;immagine&#8220;][vc_empty_space height=&#8220;40px&#8220;][\/vc_column][\/vc_row]<\/p>\n<\/section>","protected":false},"excerpt":{"rendered":"<p>[vc_row gap=&#8220;20&#8243; equal_height=&#8220;yes&#8220; content_placement=&#8220;middle&#8220;][vc_column width=&#8220;1\/2&#8243; offset=&#8220;vc_hidden-xs&#8220;][vc_column_text]DLM ist seit \u00fcber 50 Jahren ein Unternehmen, das sich auf die Herstellung von Schutzsystemen spezialisiert hat. Das Unternehmen hat sich verpflichtet, bis 2025 eine vollst\u00e4ndige \u00f6kologische Umstellung seiner Produkte und Produktionsprozesse zu bew\u00e4ltigen. Das DLM-Team ist das schlagende Herz dieses au\u00dfergew\u00f6hnlichen \u00f6kologischen \u00dcbergangs, der sowohl beruflich als auch privat&hellip;<\/p>\n","protected":false},"author":1,"featured_media":0,"parent":0,"menu_order":0,"comment_status":"closed","ping_status":"closed","template":"","meta":{"_acf_changed":false,"footnotes":""},"class_list":["post-11296","page","type-page","status-publish","hentry","description-off"],"acf":[],"yoast_head":"<!-- This site is optimized with the Yoast SEO plugin v25.6 - https:\/\/yoast.com\/wordpress\/plugins\/seo\/ -->\n<title>Kunststoffkappenhersteller | Unternehmen - DLM tappi<\/title>\n<meta name=\"description\" content=\"Kunststoffkappenhersteller und f\u00fchrender Partner in der Produktion und Formgebung von technischen Kappen und Gewindeschutzkappen.\" \/>\n<meta name=\"robots\" content=\"index, follow, max-snippet:-1, max-image-preview:large, max-video-preview:-1\" \/>\n<link rel=\"canonical\" href=\"https:\/\/dlmtappi.com\/de\/unternehmen\/\" \/>\n<meta property=\"og:locale\" content=\"de_DE\" \/>\n<meta property=\"og:type\" content=\"article\" \/>\n<meta property=\"og:title\" content=\"Kunststoffkappenhersteller | Unternehmen - DLM tappi\" \/>\n<meta property=\"og:description\" content=\"Kunststoffkappenhersteller und f\u00fchrender Partner in der Produktion und Formgebung von technischen Kappen und Gewindeschutzkappen.\" \/>\n<meta property=\"og:url\" content=\"https:\/\/dlmtappi.com\/de\/unternehmen\/\" \/>\n<meta property=\"og:site_name\" content=\"DLM tappi\" \/>\n<meta property=\"article:modified_time\" content=\"2026-01-07T10:28:43+00:00\" \/>\n<meta name=\"twitter:card\" content=\"summary_large_image\" \/>\n<meta name=\"twitter:label1\" content=\"Gesch\u00e4tzte Lesezeit\" \/>\n\t<meta name=\"twitter:data1\" content=\"7\u00a0Minuten\" \/>\n<script type=\"application\/ld+json\" class=\"yoast-schema-graph\">{\"@context\":\"https:\/\/schema.org\",\"@graph\":[{\"@type\":\"WebPage\",\"@id\":\"https:\/\/dlmtappi.com\/de\/unternehmen\/\",\"url\":\"https:\/\/dlmtappi.com\/de\/unternehmen\/\",\"name\":\"Kunststoffkappenhersteller | Unternehmen - DLM tappi\",\"isPartOf\":{\"@id\":\"https:\/\/dlmtappi.com\/de\/#website\"},\"datePublished\":\"2019-07-30T10:14:42+00:00\",\"dateModified\":\"2026-01-07T10:28:43+00:00\",\"description\":\"Kunststoffkappenhersteller und f\u00fchrender Partner in der Produktion und Formgebung von technischen Kappen und Gewindeschutzkappen.\",\"breadcrumb\":{\"@id\":\"https:\/\/dlmtappi.com\/de\/unternehmen\/#breadcrumb\"},\"inLanguage\":\"de\",\"potentialAction\":[{\"@type\":\"ReadAction\",\"target\":[\"https:\/\/dlmtappi.com\/de\/unternehmen\/\"]}]},{\"@type\":\"BreadcrumbList\",\"@id\":\"https:\/\/dlmtappi.com\/de\/unternehmen\/#breadcrumb\",\"itemListElement\":[{\"@type\":\"ListItem\",\"position\":1,\"name\":\"Home\",\"item\":\"https:\/\/dlmtappi.com\/de\/\"},{\"@type\":\"ListItem\",\"position\":2,\"name\":\"Unternehmen\"}]},{\"@type\":\"WebSite\",\"@id\":\"https:\/\/dlmtappi.com\/de\/#website\",\"url\":\"https:\/\/dlmtappi.com\/de\/\",\"name\":\"DLM tappi\",\"description\":\"Produzione tappi tecnici e protezione filetti in plastica\",\"publisher\":{\"@id\":\"https:\/\/dlmtappi.com\/de\/#organization\"},\"potentialAction\":[{\"@type\":\"SearchAction\",\"target\":{\"@type\":\"EntryPoint\",\"urlTemplate\":\"https:\/\/dlmtappi.com\/de\/?s={search_term_string}\"},\"query-input\":{\"@type\":\"PropertyValueSpecification\",\"valueRequired\":true,\"valueName\":\"search_term_string\"}}],\"inLanguage\":\"de\"},{\"@type\":\"Organization\",\"@id\":\"https:\/\/dlmtappi.com\/de\/#organization\",\"name\":\"DLM tappi\",\"url\":\"https:\/\/dlmtappi.com\/de\/\",\"logo\":{\"@type\":\"ImageObject\",\"inLanguage\":\"de\",\"@id\":\"https:\/\/dlmtappi.com\/de\/#\/schema\/logo\/image\/\",\"url\":\"https:\/\/dlmtappi.com\/wp-content\/uploads\/2022\/12\/dlm_logo_foglia.png\",\"contentUrl\":\"https:\/\/dlmtappi.com\/wp-content\/uploads\/2022\/12\/dlm_logo_foglia.png\",\"width\":114,\"height\":100,\"caption\":\"DLM tappi\"},\"image\":{\"@id\":\"https:\/\/dlmtappi.com\/de\/#\/schema\/logo\/image\/\"}}]}<\/script>\n<!-- \/ Yoast SEO plugin. -->","yoast_head_json":{"title":"Kunststoffkappenhersteller | Unternehmen - DLM tappi","description":"Kunststoffkappenhersteller und f\u00fchrender Partner in der Produktion und Formgebung von technischen Kappen und Gewindeschutzkappen.","robots":{"index":"index","follow":"follow","max-snippet":"max-snippet:-1","max-image-preview":"max-image-preview:large","max-video-preview":"max-video-preview:-1"},"canonical":"https:\/\/dlmtappi.com\/de\/unternehmen\/","og_locale":"de_DE","og_type":"article","og_title":"Kunststoffkappenhersteller | Unternehmen - DLM tappi","og_description":"Kunststoffkappenhersteller und f\u00fchrender Partner in der Produktion und Formgebung von technischen Kappen und Gewindeschutzkappen.","og_url":"https:\/\/dlmtappi.com\/de\/unternehmen\/","og_site_name":"DLM tappi","article_modified_time":"2026-01-07T10:28:43+00:00","twitter_card":"summary_large_image","twitter_misc":{"Gesch\u00e4tzte Lesezeit":"7\u00a0Minuten"},"schema":{"@context":"https:\/\/schema.org","@graph":[{"@type":"WebPage","@id":"https:\/\/dlmtappi.com\/de\/unternehmen\/","url":"https:\/\/dlmtappi.com\/de\/unternehmen\/","name":"Kunststoffkappenhersteller | Unternehmen - DLM tappi","isPartOf":{"@id":"https:\/\/dlmtappi.com\/de\/#website"},"datePublished":"2019-07-30T10:14:42+00:00","dateModified":"2026-01-07T10:28:43+00:00","description":"Kunststoffkappenhersteller und f\u00fchrender Partner in der Produktion und Formgebung von technischen Kappen und Gewindeschutzkappen.","breadcrumb":{"@id":"https:\/\/dlmtappi.com\/de\/unternehmen\/#breadcrumb"},"inLanguage":"de","potentialAction":[{"@type":"ReadAction","target":["https:\/\/dlmtappi.com\/de\/unternehmen\/"]}]},{"@type":"BreadcrumbList","@id":"https:\/\/dlmtappi.com\/de\/unternehmen\/#breadcrumb","itemListElement":[{"@type":"ListItem","position":1,"name":"Home","item":"https:\/\/dlmtappi.com\/de\/"},{"@type":"ListItem","position":2,"name":"Unternehmen"}]},{"@type":"WebSite","@id":"https:\/\/dlmtappi.com\/de\/#website","url":"https:\/\/dlmtappi.com\/de\/","name":"DLM tappi","description":"Produzione tappi tecnici e protezione filetti in plastica","publisher":{"@id":"https:\/\/dlmtappi.com\/de\/#organization"},"potentialAction":[{"@type":"SearchAction","target":{"@type":"EntryPoint","urlTemplate":"https:\/\/dlmtappi.com\/de\/?s={search_term_string}"},"query-input":{"@type":"PropertyValueSpecification","valueRequired":true,"valueName":"search_term_string"}}],"inLanguage":"de"},{"@type":"Organization","@id":"https:\/\/dlmtappi.com\/de\/#organization","name":"DLM tappi","url":"https:\/\/dlmtappi.com\/de\/","logo":{"@type":"ImageObject","inLanguage":"de","@id":"https:\/\/dlmtappi.com\/de\/#\/schema\/logo\/image\/","url":"https:\/\/dlmtappi.com\/wp-content\/uploads\/2022\/12\/dlm_logo_foglia.png","contentUrl":"https:\/\/dlmtappi.com\/wp-content\/uploads\/2022\/12\/dlm_logo_foglia.png","width":114,"height":100,"caption":"DLM tappi"},"image":{"@id":"https:\/\/dlmtappi.com\/de\/#\/schema\/logo\/image\/"}}]}},"_links":{"self":[{"href":"https:\/\/dlmtappi.com\/de\/wp-json\/wp\/v2\/pages\/11296","targetHints":{"allow":["GET"]}}],"collection":[{"href":"https:\/\/dlmtappi.com\/de\/wp-json\/wp\/v2\/pages"}],"about":[{"href":"https:\/\/dlmtappi.com\/de\/wp-json\/wp\/v2\/types\/page"}],"author":[{"embeddable":true,"href":"https:\/\/dlmtappi.com\/de\/wp-json\/wp\/v2\/users\/1"}],"replies":[{"embeddable":true,"href":"https:\/\/dlmtappi.com\/de\/wp-json\/wp\/v2\/comments?post=11296"}],"version-history":[{"count":6,"href":"https:\/\/dlmtappi.com\/de\/wp-json\/wp\/v2\/pages\/11296\/revisions"}],"predecessor-version":[{"id":13524,"href":"https:\/\/dlmtappi.com\/de\/wp-json\/wp\/v2\/pages\/11296\/revisions\/13524"}],"wp:attachment":[{"href":"https:\/\/dlmtappi.com\/de\/wp-json\/wp\/v2\/media?parent=11296"}],"curies":[{"name":"wp","href":"https:\/\/api.w.org\/{rel}","templated":true}]}}