{"id":11095,"date":"2019-12-02T12:58:07","date_gmt":"2019-12-02T11:58:07","guid":{"rendered":"https:\/\/dlmtappi.com\/prodotti\/"},"modified":"2026-01-07T11:38:21","modified_gmt":"2026-01-07T10:38:21","slug":"productos","status":"publish","type":"page","link":"https:\/\/dlmtappi.com\/es\/productos\/","title":{"rendered":"Productos"},"content":{"rendered":"","protected":false},"excerpt":{"rendered":"","protected":false},"author":1,"featured_media":11096,"parent":0,"menu_order":0,"comment_status":"closed","ping_status":"closed","template":"","meta":{"_acf_changed":false,"footnotes":""},"class_list":["post-11095","page","type-page","status-publish","has-post-thumbnail","hentry","description-off"],"acf":[],"yoast_head":"<!-- This site is optimized with the Yoast SEO plugin v25.6 - https:\/\/yoast.com\/wordpress\/plugins\/seo\/ -->\n<title>Tapones protectores de pl\u00e1stico | Venta online - DLM tappi<\/title>\n<meta name=\"description\" content=\"Descubra todos los productos DLM Tapones, venta online de tapones protectores de pl\u00e1stico, tapones t\u00e9cnicos, protectores de roscas y mucho m\u00e1s.\" \/>\n<meta name=\"robots\" content=\"index, follow, max-snippet:-1, max-image-preview:large, max-video-preview:-1\" \/>\n<link rel=\"canonical\" href=\"https:\/\/dlmtappi.com\/es\/productos\/\" \/>\n<meta property=\"og:locale\" content=\"es_ES\" \/>\n<meta property=\"og:type\" content=\"article\" \/>\n<meta property=\"og:title\" content=\"Tapones protectores de pl\u00e1stico | Venta online - DLM tappi\" \/>\n<meta property=\"og:description\" content=\"Descubra todos los productos DLM Tapones, venta online de tapones protectores de pl\u00e1stico, tapones t\u00e9cnicos, protectores de roscas y mucho m\u00e1s.\" \/>\n<meta property=\"og:url\" content=\"https:\/\/dlmtappi.com\/es\/productos\/\" \/>\n<meta property=\"og:site_name\" content=\"DLM tappi\" \/>\n<meta property=\"article:modified_time\" content=\"2026-01-07T10:38:21+00:00\" \/>\n<meta property=\"og:image\" content=\"https:\/\/dlmtappi.com\/wp-content\/uploads\/2022\/12\/dlm_logo_contorno_foglia.png\" \/>\n\t<meta property=\"og:image:width\" content=\"297\" \/>\n\t<meta property=\"og:image:height\" content=\"221\" \/>\n\t<meta property=\"og:image:type\" content=\"image\/png\" \/>\n<meta name=\"twitter:card\" content=\"summary_large_image\" \/>\n<meta name=\"twitter:label1\" content=\"Tiempo de lectura\" \/>\n\t<meta name=\"twitter:data1\" content=\"1 minuto\" \/>\n<script type=\"application\/ld+json\" class=\"yoast-schema-graph\">{\"@context\":\"https:\/\/schema.org\",\"@graph\":[{\"@type\":\"WebPage\",\"@id\":\"https:\/\/dlmtappi.com\/es\/productos\/\",\"url\":\"https:\/\/dlmtappi.com\/es\/productos\/\",\"name\":\"Tapones protectores de pl\u00e1stico | Venta online - DLM tappi\",\"isPartOf\":{\"@id\":\"https:\/\/dlmtappi.com\/es\/#website\"},\"primaryImageOfPage\":{\"@id\":\"https:\/\/dlmtappi.com\/es\/productos\/#primaryimage\"},\"image\":{\"@id\":\"https:\/\/dlmtappi.com\/es\/productos\/#primaryimage\"},\"thumbnailUrl\":\"https:\/\/dlmtappi.com\/wp-content\/uploads\/2022\/12\/dlm_logo_contorno_foglia.png\",\"datePublished\":\"2019-12-02T11:58:07+00:00\",\"dateModified\":\"2026-01-07T10:38:21+00:00\",\"description\":\"Descubra todos los productos DLM Tapones, venta online de tapones protectores de pl\u00e1stico, tapones t\u00e9cnicos, protectores de roscas y mucho m\u00e1s.\",\"breadcrumb\":{\"@id\":\"https:\/\/dlmtappi.com\/es\/productos\/#breadcrumb\"},\"inLanguage\":\"es\",\"potentialAction\":[{\"@type\":\"ReadAction\",\"target\":[\"https:\/\/dlmtappi.com\/es\/productos\/\"]}]},{\"@type\":\"ImageObject\",\"inLanguage\":\"es\",\"@id\":\"https:\/\/dlmtappi.com\/es\/productos\/#primaryimage\",\"url\":\"https:\/\/dlmtappi.com\/wp-content\/uploads\/2022\/12\/dlm_logo_contorno_foglia.png\",\"contentUrl\":\"https:\/\/dlmtappi.com\/wp-content\/uploads\/2022\/12\/dlm_logo_contorno_foglia.png\",\"width\":297,\"height\":221},{\"@type\":\"BreadcrumbList\",\"@id\":\"https:\/\/dlmtappi.com\/es\/productos\/#breadcrumb\",\"itemListElement\":[{\"@type\":\"ListItem\",\"position\":1,\"name\":\"Home\",\"item\":\"https:\/\/dlmtappi.com\/es\/\"},{\"@type\":\"ListItem\",\"position\":2,\"name\":\"Productos\"}]},{\"@type\":\"WebSite\",\"@id\":\"https:\/\/dlmtappi.com\/es\/#website\",\"url\":\"https:\/\/dlmtappi.com\/es\/\",\"name\":\"DLM tappi\",\"description\":\"Produzione tappi tecnici e protezione filetti in plastica\",\"publisher\":{\"@id\":\"https:\/\/dlmtappi.com\/es\/#organization\"},\"potentialAction\":[{\"@type\":\"SearchAction\",\"target\":{\"@type\":\"EntryPoint\",\"urlTemplate\":\"https:\/\/dlmtappi.com\/es\/?s={search_term_string}\"},\"query-input\":{\"@type\":\"PropertyValueSpecification\",\"valueRequired\":true,\"valueName\":\"search_term_string\"}}],\"inLanguage\":\"es\"},{\"@type\":\"Organization\",\"@id\":\"https:\/\/dlmtappi.com\/es\/#organization\",\"name\":\"DLM tappi\",\"url\":\"https:\/\/dlmtappi.com\/es\/\",\"logo\":{\"@type\":\"ImageObject\",\"inLanguage\":\"es\",\"@id\":\"https:\/\/dlmtappi.com\/es\/#\/schema\/logo\/image\/\",\"url\":\"https:\/\/dlmtappi.com\/wp-content\/uploads\/2022\/12\/dlm_logo_foglia.png\",\"contentUrl\":\"https:\/\/dlmtappi.com\/wp-content\/uploads\/2022\/12\/dlm_logo_foglia.png\",\"width\":114,\"height\":100,\"caption\":\"DLM tappi\"},\"image\":{\"@id\":\"https:\/\/dlmtappi.com\/es\/#\/schema\/logo\/image\/\"}}]}<\/script>\n<!-- \/ Yoast SEO plugin. -->","yoast_head_json":{"title":"Tapones protectores de pl\u00e1stico | Venta online - DLM tappi","description":"Descubra todos los productos DLM Tapones, venta online de tapones protectores de pl\u00e1stico, tapones t\u00e9cnicos, protectores de roscas y mucho m\u00e1s.","robots":{"index":"index","follow":"follow","max-snippet":"max-snippet:-1","max-image-preview":"max-image-preview:large","max-video-preview":"max-video-preview:-1"},"canonical":"https:\/\/dlmtappi.com\/es\/productos\/","og_locale":"es_ES","og_type":"article","og_title":"Tapones protectores de pl\u00e1stico | Venta online - DLM tappi","og_description":"Descubra todos los productos DLM Tapones, venta online de tapones protectores de pl\u00e1stico, tapones t\u00e9cnicos, protectores de roscas y mucho m\u00e1s.","og_url":"https:\/\/dlmtappi.com\/es\/productos\/","og_site_name":"DLM tappi","article_modified_time":"2026-01-07T10:38:21+00:00","og_image":[{"width":297,"height":221,"url":"https:\/\/dlmtappi.com\/wp-content\/uploads\/2022\/12\/dlm_logo_contorno_foglia.png","type":"image\/png"}],"twitter_card":"summary_large_image","twitter_misc":{"Tiempo de lectura":"1 minuto"},"schema":{"@context":"https:\/\/schema.org","@graph":[{"@type":"WebPage","@id":"https:\/\/dlmtappi.com\/es\/productos\/","url":"https:\/\/dlmtappi.com\/es\/productos\/","name":"Tapones protectores de pl\u00e1stico | Venta online - DLM tappi","isPartOf":{"@id":"https:\/\/dlmtappi.com\/es\/#website"},"primaryImageOfPage":{"@id":"https:\/\/dlmtappi.com\/es\/productos\/#primaryimage"},"image":{"@id":"https:\/\/dlmtappi.com\/es\/productos\/#primaryimage"},"thumbnailUrl":"https:\/\/dlmtappi.com\/wp-content\/uploads\/2022\/12\/dlm_logo_contorno_foglia.png","datePublished":"2019-12-02T11:58:07+00:00","dateModified":"2026-01-07T10:38:21+00:00","description":"Descubra todos los productos DLM Tapones, venta online de tapones protectores de pl\u00e1stico, tapones t\u00e9cnicos, protectores de roscas y mucho m\u00e1s.","breadcrumb":{"@id":"https:\/\/dlmtappi.com\/es\/productos\/#breadcrumb"},"inLanguage":"es","potentialAction":[{"@type":"ReadAction","target":["https:\/\/dlmtappi.com\/es\/productos\/"]}]},{"@type":"ImageObject","inLanguage":"es","@id":"https:\/\/dlmtappi.com\/es\/productos\/#primaryimage","url":"https:\/\/dlmtappi.com\/wp-content\/uploads\/2022\/12\/dlm_logo_contorno_foglia.png","contentUrl":"https:\/\/dlmtappi.com\/wp-content\/uploads\/2022\/12\/dlm_logo_contorno_foglia.png","width":297,"height":221},{"@type":"BreadcrumbList","@id":"https:\/\/dlmtappi.com\/es\/productos\/#breadcrumb","itemListElement":[{"@type":"ListItem","position":1,"name":"Home","item":"https:\/\/dlmtappi.com\/es\/"},{"@type":"ListItem","position":2,"name":"Productos"}]},{"@type":"WebSite","@id":"https:\/\/dlmtappi.com\/es\/#website","url":"https:\/\/dlmtappi.com\/es\/","name":"DLM tappi","description":"Produzione tappi tecnici e protezione filetti in plastica","publisher":{"@id":"https:\/\/dlmtappi.com\/es\/#organization"},"potentialAction":[{"@type":"SearchAction","target":{"@type":"EntryPoint","urlTemplate":"https:\/\/dlmtappi.com\/es\/?s={search_term_string}"},"query-input":{"@type":"PropertyValueSpecification","valueRequired":true,"valueName":"search_term_string"}}],"inLanguage":"es"},{"@type":"Organization","@id":"https:\/\/dlmtappi.com\/es\/#organization","name":"DLM tappi","url":"https:\/\/dlmtappi.com\/es\/","logo":{"@type":"ImageObject","inLanguage":"es","@id":"https:\/\/dlmtappi.com\/es\/#\/schema\/logo\/image\/","url":"https:\/\/dlmtappi.com\/wp-content\/uploads\/2022\/12\/dlm_logo_foglia.png","contentUrl":"https:\/\/dlmtappi.com\/wp-content\/uploads\/2022\/12\/dlm_logo_foglia.png","width":114,"height":100,"caption":"DLM tappi"},"image":{"@id":"https:\/\/dlmtappi.com\/es\/#\/schema\/logo\/image\/"}}]}},"_links":{"self":[{"href":"https:\/\/dlmtappi.com\/es\/wp-json\/wp\/v2\/pages\/11095","targetHints":{"allow":["GET"]}}],"collection":[{"href":"https:\/\/dlmtappi.com\/es\/wp-json\/wp\/v2\/pages"}],"about":[{"href":"https:\/\/dlmtappi.com\/es\/wp-json\/wp\/v2\/types\/page"}],"author":[{"embeddable":true,"href":"https:\/\/dlmtappi.com\/es\/wp-json\/wp\/v2\/users\/1"}],"replies":[{"embeddable":true,"href":"https:\/\/dlmtappi.com\/es\/wp-json\/wp\/v2\/comments?post=11095"}],"version-history":[{"count":1,"href":"https:\/\/dlmtappi.com\/es\/wp-json\/wp\/v2\/pages\/11095\/revisions"}],"predecessor-version":[{"id":11097,"href":"https:\/\/dlmtappi.com\/es\/wp-json\/wp\/v2\/pages\/11095\/revisions\/11097"}],"wp:featuredmedia":[{"embeddable":true,"href":"https:\/\/dlmtappi.com\/es\/wp-json\/wp\/v2\/media\/11096"}],"wp:attachment":[{"href":"https:\/\/dlmtappi.com\/es\/wp-json\/wp\/v2\/media?parent=11095"}],"curies":[{"name":"wp","href":"https:\/\/api.w.org\/{rel}","templated":true}]}}