{"id":11152,"date":"2023-03-24T10:10:59","date_gmt":"2023-03-24T09:10:59","guid":{"rendered":"https:\/\/dlmtappi.com\/fiera-hannover\/"},"modified":"2024-05-21T11:15:04","modified_gmt":"2024-05-21T09:15:04","slug":"feria-hannover","status":"publish","type":"page","link":"https:\/\/dlmtappi.com\/es\/feria-hannover\/","title":{"rendered":"Feria de Hannover"},"content":{"rendered":"<section class=\"wpb-content-wrapper\"><p>[vc_row full_width=\u00bbstretch_row\u00bb equal_height=\u00bbyes\u00bb content_placement=\u00bbtop\u00bb][vc_column css=\u00bb.vc_custom_1679580240978{padding-top: 30px !important;padding-right: 30px !important;padding-bottom: 30px !important;padding-left: 30px !important;}\u00bb][vc_column_text]<\/p>\n<h1 style=\"text-align: center; color: black;\">VIS\u00cdTENOS EN LA FERIA DE HANNOVER<\/h1>\n<p style=\"text-align: center; font-size: 18px;\"><strong><a style=\"color: #577858;\" href=\"#form\">Solicitar entradas<\/a><\/strong><\/p>\n<p>[\/vc_column_text][vc_row_inner equal_height=\u00bbyes\u00bb content_placement=\u00bbmiddle\u00bb][vc_column_inner width=\u00bb1\/2&#8243;][vc_single_image image=\u00bb9827&#8243; img_size=\u00bbfull\u00bb alignment=\u00bbright\u00bb][\/vc_column_inner][vc_column_inner width=\u00bb1\/2&#8243;][vc_column_text]<\/p>\n<p style=\"text-align: left;\">\u00a1Venga con nosotros y \u00fanase a la <strong>Revoluci\u00f3n Verde<\/strong> de nuestra industria!<\/p>\n<p style=\"text-align: left;\">Un a\u00f1o m\u00e1s estaremos presentes en la <strong>Feria de Hannover<\/strong> del 17 al 21 de abril. Nos encontrar\u00e1 en el <strong>Pabell\u00f3n 5 Stand A47<\/strong>.<\/p>\n<p style=\"text-align: left;\">Participar en la <strong>Feria de Hannover<\/strong> es una oportunidad para mostrar nuestros productos y reafirmar nuestro compromiso con el medio ambiente. El dise\u00f1o de nuestro stand se inspirar\u00e1 en la sostenibilidad, con un dise\u00f1o original y llamativo que atraer\u00e1 la atenci\u00f3n de los visitantes.<\/p>\n<p>[\/vc_column_text][vc_btn title=\u00bb<strong>SOLICITAR ENTRADAS<\/strong>\u00bb style=\u00bboutline-custom\u00bb outline_custom_color=\u00bb#0b770d\u00bb outline_custom_hover_background=\u00bb#0b770d\u00bb outline_custom_hover_text=\u00bb#ffffff\u00bb shape=\u00bbsquare\u00bb align=\u00bbcenter\u00bb link=\u00bburl:%23form\u00bb][\/vc_column_inner][\/vc_row_inner][vc_column_text]<\/p>\n<h3 style=\"text-align: center;\"><strong><em>Invitamos a todos a visitarnos para descubrir nuestra gama de productos y comentar sus proyectos con nuestros t\u00e9cnicos.<\/em><\/strong><\/h3>\n<p>[\/vc_column_text][vc_separator el_id=\u00bbform\u00bb][vc_column_text]<\/p>\n<h2 style=\"text-align: center; color: #d40020;\">VIS\u00cdTANOS<\/h2>\n<h3 style=\"text-align: center;\"><em>Pida sus entradas para la Feria de Hannover<\/em><\/h3>\n<p>[\/vc_column_text]\n<div class=\"wpcf7 no-js\" id=\"wpcf7-f9884-o1\" lang=\"it-IT\" dir=\"ltr\" data-wpcf7-id=\"9884\">\n<div class=\"screen-reader-response\"><p role=\"status\" aria-live=\"polite\" aria-atomic=\"true\"><\/p> <ul><\/ul><\/div>\n<form action=\"\/es\/wp-json\/wp\/v2\/pages\/11152#wpcf7-f9884-o1\" method=\"post\" class=\"wpcf7-form init\" aria-label=\"Modulo di contatto\" novalidate=\"novalidate\" data-status=\"init\">\n<fieldset class=\"hidden-fields-container\"><input type=\"hidden\" name=\"_wpcf7\" value=\"9884\" \/><input type=\"hidden\" name=\"_wpcf7_version\" value=\"6.1\" \/><input type=\"hidden\" name=\"_wpcf7_locale\" value=\"it_IT\" \/><input type=\"hidden\" name=\"_wpcf7_unit_tag\" value=\"wpcf7-f9884-o1\" \/><input type=\"hidden\" name=\"_wpcf7_container_post\" value=\"0\" \/><input type=\"hidden\" name=\"_wpcf7_posted_data_hash\" value=\"\" \/><input type=\"hidden\" name=\"_wpcf7_recaptcha_response\" value=\"\" \/>\n<\/fieldset>\n<div class=\"vc_row wpb_row vc_row-fluid downloadCatalogo\">\n\t<div class=\"wpb_column vc_column_container vc_col-sm-12\">\n\t\t<div class=\"vc_column-inner \">\n\t\t\t<div class=\"wpb_wrapper\">\n\t\t\t\t<div class=\"vc_row wpb_row vc_inner vc_row-fluid\">\n\t\t\t\t\t<div class=\"wpb_column vc_column_container vc_col-sm-6\">\n\t\t\t\t\t\t<div class=\"vc_column-inner \">\n\t\t\t\t\t\t\t<div class=\"wpb_wrapper\">\n\t\t\t\t\t\t\t\t<div class=\"wpb_text_column wpb_content_element\">\n\t\t\t\t\t\t\t\t\t<div class=\"wpb_wrapper\">\n\t\t\t\t\t\t\t\t\t\t<p><label> Nome e cognome *<\/label><br \/>\n<span class=\"wpcf7-form-control-wrap\" data-name=\"your-nome\"><input size=\"40\" maxlength=\"400\" class=\"wpcf7-form-control wpcf7-text wpcf7-validates-as-required\" aria-required=\"true\" aria-invalid=\"false\" value=\"\" type=\"text\" name=\"your-nome\" \/><\/span>\n\t\t\t\t\t\t\t\t\t\t<\/p>\n\t\t\t\t\t\t\t\t\t\t<p><label> Email *<\/label><br \/>\n<span class=\"wpcf7-form-control-wrap\" data-name=\"your-email\"><input size=\"40\" maxlength=\"400\" class=\"wpcf7-form-control wpcf7-email wpcf7-validates-as-required wpcf7-text wpcf7-validates-as-email\" aria-required=\"true\" aria-invalid=\"false\" value=\"\" type=\"email\" name=\"your-email\" \/><\/span>\n\t\t\t\t\t\t\t\t\t\t<\/p>\n\t\t\t\t\t\t\t\t\t<\/div>\n\t\t\t\t\t\t\t\t<\/div>\n\t\t\t\t\t\t\t<\/div>\n\t\t\t\t\t\t<\/div>\n\t\t\t\t\t<\/div>\n\t\t\t\t\t<div class=\"wpb_column vc_column_container vc_col-sm-6\">\n\t\t\t\t\t\t<div class=\"vc_column-inner \">\n\t\t\t\t\t\t\t<div class=\"wpb_wrapper\">\n\t\t\t\t\t\t\t\t<div class=\"wpb_text_column wpb_content_element\">\n\t\t\t\t\t\t\t\t\t<div class=\"wpb_wrapper\">\n\t\t\t\t\t\t\t\t\t\t<p><label> Azienda *<\/label><br \/>\n<span class=\"wpcf7-form-control-wrap\" data-name=\"your-ragsociale\"><input size=\"40\" maxlength=\"400\" class=\"wpcf7-form-control wpcf7-text wpcf7-validates-as-required\" aria-required=\"true\" aria-invalid=\"false\" value=\"\" type=\"text\" name=\"your-ragsociale\" \/><\/span>\n\t\t\t\t\t\t\t\t\t\t<\/p>\n\t\t\t\t\t\t\t\t\t\t<p><label> Telefono <\/label><br \/>\n<span class=\"wpcf7-form-control-wrap\" data-name=\"your-telefono\"><input size=\"40\" maxlength=\"400\" class=\"wpcf7-form-control wpcf7-tel wpcf7-validates-as-required wpcf7-text wpcf7-validates-as-tel\" aria-required=\"true\" aria-invalid=\"false\" value=\"\" type=\"tel\" name=\"your-telefono\" \/><\/span>\n\t\t\t\t\t\t\t\t\t\t<\/p>\n\t\t\t\t\t\t\t\t\t<\/div>\n\t\t\t\t\t\t\t\t<\/div>\n\t\t\t\t\t\t\t<\/div>\n\t\t\t\t\t\t<\/div>\n\t\t\t\t\t<\/div>\n\t\t\t\t<\/div>\n\t\t\t\t<div class=\"wpb_text_column wpb_content_element\">\n\t\t\t\t\t<div class=\"wpb_wrapper\">\n\t\t\t\t\t\t<p><span class=\"wpcf7-form-control-wrap\" data-name=\"autorizzazione\"><span class=\"wpcf7-form-control wpcf7-checkbox wpcf7-validates-as-required\"><span class=\"wpcf7-list-item first last\"><input type=\"checkbox\" name=\"autorizzazione[]\" value=\"Autorizzo il trattamento dei miei dati personali, ai sensi della normativa privacy vigente (UE GDPR 679\/16), secondo le finalit\u00e0 e le modalit\u00e0 indicate nell&#039;informativa privacy.\" \/><span class=\"wpcf7-list-item-label\">Autorizzo il trattamento dei miei dati personali, ai sensi della normativa privacy vigente (UE GDPR 679\/16), secondo le finalit\u00e0 e le modalit\u00e0 indicate nell&#039;informativa privacy.<\/span><\/span><\/span><\/span><a href=\"\/privacy-policy\/\" target=\"_blank\">Privacy policy<\/a><br \/>\n<span class=\"wpcf7-form-control-wrap\" data-name=\"newsletter\"><span class=\"wpcf7-form-control wpcf7-checkbox\"><span class=\"wpcf7-list-item first last\"><input type=\"checkbox\" name=\"newsletter[]\" value=\"Desidero inoltre iscrivermi alla newsletter per rimanere aggiornato sulle novit\u00e0 offerte speciali e iniziative.\" \/><span class=\"wpcf7-list-item-label\">Desidero inoltre iscrivermi alla newsletter per rimanere aggiornato sulle novit\u00e0 offerte speciali e iniziative.<\/span><\/span><\/span><\/span>\n\t\t\t\t\t\t<\/p>\n\t\t\t\t\t\t<p class=\"submitCenter\"><input class=\"wpcf7-form-control wpcf7-submit has-spinner\" type=\"submit\" value=\"Richiedi biglietti\" \/>\n\t\t\t\t\t\t<\/p>\n\t\t\t\t\t<\/div>\n\t\t\t\t<\/div>\n\t\t\t<\/div>\n\t\t<\/div>\n\t<\/div>\n<\/div><div class=\"wpcf7-response-output\" aria-hidden=\"true\"><\/div>\n<\/form>\n<\/div>\n[vc_column_text css=\u00bb.vc_custom_1679647284503{margin-top: -20px !important;}\u00bb]<\/p>\n<h3 style=\"text-align: center;\">\u00daNETE A NUESTRO ESFUERZO ECOL\u00d3GICO,<br \/>\n\u00a1SIGUE EL CAMBIO!<\/h3>\n<p>[\/vc_column_text][vc_empty_space height=\u00bb50px\u00bb][\/vc_column][\/vc_row][vc_row full_width=\u00bbstretch_row\u00bb css=\u00bb.vc_custom_1679647197023{margin-bottom: 50px !important;}\u00bb][vc_column width=\u00bb1\/3&#8243; css=\u00bb.vc_custom_1679580356349{margin-top: 80px !important;}\u00bb][vc_single_image image=\u00bb9846&#8243; img_size=\u00bbfull\u00bb alignment=\u00bbcenter\u00bb css=\u00bb.vc_custom_1679647215519{margin-top: -50px !important;}\u00bb][\/vc_column][vc_column width=\u00bb2\/3&#8243; css=\u00bb.vc_custom_1679580348165{padding-top: 30px !important;padding-right: 30px !important;padding-bottom: 30px !important;padding-left: 30px !important;}\u00bb][vc_column_text]<\/p>\n<p>DLM Srl es una empresa especializada en la producci\u00f3n de sistemas de protecci\u00f3n desde hace m\u00e1s de 50 a\u00f1os.<\/p>\n<p>La empresa se ha comprometido a realizar una <strong>transici\u00f3n ecol\u00f3gica<\/strong> total de sus productos y procesos de producci\u00f3n de aqu\u00ed a 2025.<\/p>\n<ul>\n<li>Nuestra <strong>GREEN LINE<\/strong>, fabricada con <strong>pl\u00e1stico de segunda vida<\/strong>, es el resultado de nuestro compromiso con el medio ambiente.<\/li>\n<li>Nuestros productos ECO cuentan con la certificaci\u00f3n <strong>PSV (Plastic Second Life)<\/strong> y cumplen los requisitos de la norma ISO 14021.<\/li>\n<li>La <strong>l\u00ednea ECO<\/strong> nos permitir\u00e1 contribuir a evitar la emisi\u00f3n de unos 800.000 kg de CO2 equivalente.<\/li>\n<li>Todos los art\u00edculos ECO volver\u00e1n a ser reciclables en la perspectiva de la <strong>econom\u00eda circular<\/strong>.<\/li>\n<\/ul>\n<p>[\/vc_column_text][vc_btn title=\u00bb<strong>SOLICITE SUS ENTRADAS<\/strong>\u00bb style=\u00bboutline-custom\u00bb outline_custom_color=\u00bb#0b770d\u00bb outline_custom_hover_background=\u00bb#0b770d\u00bb outline_custom_hover_text=\u00bb#ffffff\u00bb shape=\u00bbsquare\u00bb align=\u00bbcenter\u00bb link=\u00bburl:%23form\u00bb][\/vc_column][\/vc_row]<\/p>\n<\/section>","protected":false},"excerpt":{"rendered":"<p>[vc_row full_width=\u00bbstretch_row\u00bb equal_height=\u00bbyes\u00bb content_placement=\u00bbtop\u00bb][vc_column css=\u00bb.vc_custom_1679580240978{padding-top: 30px !important;padding-right: 30px !important;padding-bottom: 30px !important;padding-left: 30px !important;}\u00bb][vc_column_text] VIS\u00cdTENOS EN LA FERIA DE HANNOVER Solicitar entradas [\/vc_column_text][vc_row_inner equal_height=\u00bbyes\u00bb content_placement=\u00bbmiddle\u00bb][vc_column_inner width=\u00bb1\/2&#8243;][vc_single_image image=\u00bb9827&#8243; img_size=\u00bbfull\u00bb alignment=\u00bbright\u00bb][\/vc_column_inner][vc_column_inner width=\u00bb1\/2&#8243;][vc_column_text] \u00a1Venga con nosotros y \u00fanase a la Revoluci\u00f3n Verde de nuestra industria! Un a\u00f1o m\u00e1s estaremos presentes en la Feria de Hannover del 17 al 21&hellip;<\/p>\n","protected":false},"author":693,"featured_media":0,"parent":0,"menu_order":0,"comment_status":"closed","ping_status":"closed","template":"","meta":{"_acf_changed":false,"footnotes":""},"class_list":["post-11152","page","type-page","status-publish","hentry","description-off"],"acf":[],"yoast_head":"<!-- This site is optimized with the Yoast SEO plugin v25.6 - https:\/\/yoast.com\/wordpress\/plugins\/seo\/ -->\n<title>Feria de Hannover Germania - DLM tappi<\/title>\n<meta name=\"description\" content=\"Saremo presenti alla Fiera di Hannover, dal 17 al 21 Aprile. Richiedici i biglietti e vieni a trovarci! Ti aspettiamo\" \/>\n<meta name=\"robots\" content=\"index, follow, max-snippet:-1, max-image-preview:large, max-video-preview:-1\" \/>\n<link rel=\"canonical\" href=\"https:\/\/dlmtappi.com\/es\/feria-hannover\/\" \/>\n<meta property=\"og:locale\" content=\"es_ES\" \/>\n<meta property=\"og:type\" content=\"article\" \/>\n<meta property=\"og:title\" content=\"Feria de Hannover Germania - DLM tappi\" \/>\n<meta property=\"og:description\" content=\"Saremo presenti alla Fiera di Hannover, dal 17 al 21 Aprile. Richiedici i biglietti e vieni a trovarci! Ti aspettiamo\" \/>\n<meta property=\"og:url\" content=\"https:\/\/dlmtappi.com\/es\/feria-hannover\/\" \/>\n<meta property=\"og:site_name\" content=\"DLM tappi\" \/>\n<meta property=\"article:modified_time\" content=\"2024-05-21T09:15:04+00:00\" \/>\n<meta name=\"twitter:card\" content=\"summary_large_image\" \/>\n<meta name=\"twitter:label1\" content=\"Tiempo de lectura\" \/>\n\t<meta name=\"twitter:data1\" content=\"2 minutos\" \/>\n<script type=\"application\/ld+json\" class=\"yoast-schema-graph\">{\"@context\":\"https:\/\/schema.org\",\"@graph\":[{\"@type\":\"WebPage\",\"@id\":\"https:\/\/dlmtappi.com\/es\/feria-hannover\/\",\"url\":\"https:\/\/dlmtappi.com\/es\/feria-hannover\/\",\"name\":\"Feria de Hannover Germania - DLM tappi\",\"isPartOf\":{\"@id\":\"https:\/\/dlmtappi.com\/es\/#website\"},\"datePublished\":\"2023-03-24T09:10:59+00:00\",\"dateModified\":\"2024-05-21T09:15:04+00:00\",\"description\":\"Saremo presenti alla Fiera di Hannover, dal 17 al 21 Aprile. Richiedici i biglietti e vieni a trovarci! Ti aspettiamo\",\"breadcrumb\":{\"@id\":\"https:\/\/dlmtappi.com\/es\/feria-hannover\/#breadcrumb\"},\"inLanguage\":\"es\",\"potentialAction\":[{\"@type\":\"ReadAction\",\"target\":[\"https:\/\/dlmtappi.com\/es\/feria-hannover\/\"]}]},{\"@type\":\"BreadcrumbList\",\"@id\":\"https:\/\/dlmtappi.com\/es\/feria-hannover\/#breadcrumb\",\"itemListElement\":[{\"@type\":\"ListItem\",\"position\":1,\"name\":\"Home\",\"item\":\"https:\/\/dlmtappi.com\/es\/\"},{\"@type\":\"ListItem\",\"position\":2,\"name\":\"Feria de Hannover\"}]},{\"@type\":\"WebSite\",\"@id\":\"https:\/\/dlmtappi.com\/es\/#website\",\"url\":\"https:\/\/dlmtappi.com\/es\/\",\"name\":\"DLM tappi\",\"description\":\"Produzione tappi tecnici e protezione filetti in plastica\",\"publisher\":{\"@id\":\"https:\/\/dlmtappi.com\/es\/#organization\"},\"potentialAction\":[{\"@type\":\"SearchAction\",\"target\":{\"@type\":\"EntryPoint\",\"urlTemplate\":\"https:\/\/dlmtappi.com\/es\/?s={search_term_string}\"},\"query-input\":{\"@type\":\"PropertyValueSpecification\",\"valueRequired\":true,\"valueName\":\"search_term_string\"}}],\"inLanguage\":\"es\"},{\"@type\":\"Organization\",\"@id\":\"https:\/\/dlmtappi.com\/es\/#organization\",\"name\":\"DLM tappi\",\"url\":\"https:\/\/dlmtappi.com\/es\/\",\"logo\":{\"@type\":\"ImageObject\",\"inLanguage\":\"es\",\"@id\":\"https:\/\/dlmtappi.com\/es\/#\/schema\/logo\/image\/\",\"url\":\"https:\/\/dlmtappi.com\/wp-content\/uploads\/2022\/12\/dlm_logo_foglia.png\",\"contentUrl\":\"https:\/\/dlmtappi.com\/wp-content\/uploads\/2022\/12\/dlm_logo_foglia.png\",\"width\":114,\"height\":100,\"caption\":\"DLM tappi\"},\"image\":{\"@id\":\"https:\/\/dlmtappi.com\/es\/#\/schema\/logo\/image\/\"}}]}<\/script>\n<!-- \/ Yoast SEO plugin. -->","yoast_head_json":{"title":"Feria de Hannover Germania - DLM tappi","description":"Saremo presenti alla Fiera di Hannover, dal 17 al 21 Aprile. Richiedici i biglietti e vieni a trovarci! Ti aspettiamo","robots":{"index":"index","follow":"follow","max-snippet":"max-snippet:-1","max-image-preview":"max-image-preview:large","max-video-preview":"max-video-preview:-1"},"canonical":"https:\/\/dlmtappi.com\/es\/feria-hannover\/","og_locale":"es_ES","og_type":"article","og_title":"Feria de Hannover Germania - DLM tappi","og_description":"Saremo presenti alla Fiera di Hannover, dal 17 al 21 Aprile. Richiedici i biglietti e vieni a trovarci! Ti aspettiamo","og_url":"https:\/\/dlmtappi.com\/es\/feria-hannover\/","og_site_name":"DLM tappi","article_modified_time":"2024-05-21T09:15:04+00:00","twitter_card":"summary_large_image","twitter_misc":{"Tiempo de lectura":"2 minutos"},"schema":{"@context":"https:\/\/schema.org","@graph":[{"@type":"WebPage","@id":"https:\/\/dlmtappi.com\/es\/feria-hannover\/","url":"https:\/\/dlmtappi.com\/es\/feria-hannover\/","name":"Feria de Hannover Germania - DLM tappi","isPartOf":{"@id":"https:\/\/dlmtappi.com\/es\/#website"},"datePublished":"2023-03-24T09:10:59+00:00","dateModified":"2024-05-21T09:15:04+00:00","description":"Saremo presenti alla Fiera di Hannover, dal 17 al 21 Aprile. Richiedici i biglietti e vieni a trovarci! Ti aspettiamo","breadcrumb":{"@id":"https:\/\/dlmtappi.com\/es\/feria-hannover\/#breadcrumb"},"inLanguage":"es","potentialAction":[{"@type":"ReadAction","target":["https:\/\/dlmtappi.com\/es\/feria-hannover\/"]}]},{"@type":"BreadcrumbList","@id":"https:\/\/dlmtappi.com\/es\/feria-hannover\/#breadcrumb","itemListElement":[{"@type":"ListItem","position":1,"name":"Home","item":"https:\/\/dlmtappi.com\/es\/"},{"@type":"ListItem","position":2,"name":"Feria de Hannover"}]},{"@type":"WebSite","@id":"https:\/\/dlmtappi.com\/es\/#website","url":"https:\/\/dlmtappi.com\/es\/","name":"DLM tappi","description":"Produzione tappi tecnici e protezione filetti in plastica","publisher":{"@id":"https:\/\/dlmtappi.com\/es\/#organization"},"potentialAction":[{"@type":"SearchAction","target":{"@type":"EntryPoint","urlTemplate":"https:\/\/dlmtappi.com\/es\/?s={search_term_string}"},"query-input":{"@type":"PropertyValueSpecification","valueRequired":true,"valueName":"search_term_string"}}],"inLanguage":"es"},{"@type":"Organization","@id":"https:\/\/dlmtappi.com\/es\/#organization","name":"DLM tappi","url":"https:\/\/dlmtappi.com\/es\/","logo":{"@type":"ImageObject","inLanguage":"es","@id":"https:\/\/dlmtappi.com\/es\/#\/schema\/logo\/image\/","url":"https:\/\/dlmtappi.com\/wp-content\/uploads\/2022\/12\/dlm_logo_foglia.png","contentUrl":"https:\/\/dlmtappi.com\/wp-content\/uploads\/2022\/12\/dlm_logo_foglia.png","width":114,"height":100,"caption":"DLM tappi"},"image":{"@id":"https:\/\/dlmtappi.com\/es\/#\/schema\/logo\/image\/"}}]}},"_links":{"self":[{"href":"https:\/\/dlmtappi.com\/es\/wp-json\/wp\/v2\/pages\/11152","targetHints":{"allow":["GET"]}}],"collection":[{"href":"https:\/\/dlmtappi.com\/es\/wp-json\/wp\/v2\/pages"}],"about":[{"href":"https:\/\/dlmtappi.com\/es\/wp-json\/wp\/v2\/types\/page"}],"author":[{"embeddable":true,"href":"https:\/\/dlmtappi.com\/es\/wp-json\/wp\/v2\/users\/693"}],"replies":[{"embeddable":true,"href":"https:\/\/dlmtappi.com\/es\/wp-json\/wp\/v2\/comments?post=11152"}],"version-history":[{"count":2,"href":"https:\/\/dlmtappi.com\/es\/wp-json\/wp\/v2\/pages\/11152\/revisions"}],"predecessor-version":[{"id":11157,"href":"https:\/\/dlmtappi.com\/es\/wp-json\/wp\/v2\/pages\/11152\/revisions\/11157"}],"wp:attachment":[{"href":"https:\/\/dlmtappi.com\/es\/wp-json\/wp\/v2\/media?parent=11152"}],"curies":[{"name":"wp","href":"https:\/\/api.w.org\/{rel}","templated":true}]}}