{"id":11213,"date":"2019-07-30T11:18:14","date_gmt":"2019-07-30T09:18:14","guid":{"rendered":"https:\/\/dlmtappi.com\/contatti\/"},"modified":"2025-12-23T17:19:35","modified_gmt":"2025-12-23T16:19:35","slug":"contactos","status":"publish","type":"page","link":"https:\/\/dlmtappi.com\/es\/contactos\/","title":{"rendered":"Contactos"},"content":{"rendered":"<section class=\"wpb-content-wrapper\"><p>[vc_row full_width=\u00bbstretch_row_content_no_spaces\u00bb gap=\u00bb35&#8243; equal_height=\u00bbyes\u00bb content_placement=\u00bbmiddle\u00bb][vc_column width=\u00bb1\/3&#8243;][vc_empty_space height=\u00bb40px\u00bb][vc_row_inner][vc_column_inner width=\u00bb1\/3&#8243; offset=\u00bbvc_hidden-md vc_hidden-sm vc_hidden-xs\u00bb][\/vc_column_inner][vc_column_inner width=\u00bb2\/3&#8243;][vc_custom_heading text=\u00bb<strong>DLM<\/strong>\u00bb font_container=\u00bbtag:h1|text_align:center|color:%235a7856|line_height:38px\u00bb use_theme_fonts=\u00bbyes\u00bb el_class=\u00bbupperText\u00bb css=\u00bb.vc_custom_1709721115919{margin-bottom: 20px !important;}\u00bb][vc_column_text css=\u00bb.vc_custom_1716288395388{margin-bottom: 10px !important;}\u00bb]<\/p>\n<p style=\"text-align: center;\"><strong><span style=\"color: #000000;\">Via dei Pioppi, 32<\/span><\/strong><br \/>\n<strong><span style=\"color: #000000;\">20073 Opera (MI) Italia<\/span><\/strong><\/p>\n<p>[\/vc_column_text][vc_empty_space]<style type=\"text\/css\">#dt-btn-1 {background: #5a7856;}#dt-btn-1:hover {background: #5a7856;}<\/style><div class=\"text-centered\"><a href=\"tel:+390257682111\" class=\"btn-shortcode dt-btn-m dt-btn default-btn-color default-btn-hover-color\" target=\"_blank\" id=\"dt-btn-1\" rel=\"noopener\"><span>Tel. +39 02 57682111<\/span><\/a><\/div>[vc_empty_space height=\u00bb64px\u00bb][\/vc_column_inner][\/vc_row_inner][\/vc_column][vc_column width=\u00bb2\/3&#8243; css=\u00bb.vc_custom_1565177618653{margin-top: 0px !important;margin-bottom: 0px !important;padding-top: 0px !important;padding-bottom: 0px !important;}\u00bb][vc_gmaps link=\u00bb#E-8_JTNDaWZyYW1lJTIwc3JjJTNEJTIyaHR0cHMlM0ElMkYlMkZ3d3cuZ29vZ2xlLmNvbSUyRm1hcHMlMkZlbWJlZCUzRnBiJTNEJTIxMW0xOCUyMTFtMTIlMjExbTMlMjExZDI4MDIuNjE1NDg1Nzk0NTE5NCUyMTJkOS4yMjIzODEzMTUzMzU4OCUyMTNkNDUuMzc2NzUzNzQ3Mjk1NTYlMjEybTMlMjExZjAlMjEyZjAlMjEzZjAlMjEzbTIlMjExaTEwMjQlMjEyaTc2OCUyMTRmMTMuMSUyMTNtMyUyMTFtMiUyMTFzMHg0Nzg2ZGFjYTY1Y2EyZmM5JTI1M0EweGE3MGJlMTdhNThhMTVjNDclMjEyc0RsbSUyQlNybCUyMTVlMCUyMTNtMiUyMTFzaXQlMjEyc2l0JTIxNHYxNTY0NTc1MzM0ODcxJTIxNW0yJTIxMXNpdCUyMTJzaXQlMjIlMjBoZWlnaHQlM0QlMjI0NTAlMjIlMjBmcmFtZWJvcmRlciUzRCUyMjAlMjIlMjBzdHlsZSUzRCUyMmJvcmRlciUzQTAlMjIlMjBhbGxvd2Z1bGxzY3JlZW4lM0UlM0MlMkZpZnJhbWUlM0U=\u00bb css=\u00bb.vc_custom_1565177653256{margin-top: 0px !important;margin-bottom: 0px !important;border-top-width: 0px !important;border-bottom-width: 0px !important;padding-top: 0px !important;padding-bottom: 0px !important;}\u00bb][\/vc_column][\/vc_row][vc_row full_width=\u00bbstretch_row\u00bb bg_type=\u00bbbg_color\u00bb bg_color_value=\u00bb#f7f7f7&#8243;][vc_column offset=\u00bbvc_col-lg-offset-2 vc_col-lg-8 vc_col-md-offset-2 vc_col-md-8&#8243;][vc_column_text]<\/p>\n<h3 class=\"vc_custom_heading uppercase\" style=\"text-align: center;\">\u00bfNecesita informaci\u00f3n?<\/h3>\n<p style=\"text-align: center;\">\u00bfEs usted un cliente interesado en nuestros productos?<br \/>\n\u00bfO es usted proveedor y desea presentarnos sus productos?<br \/>\n\u00bfO es usted distribuidor o agente y desea ponerse en contacto con nosotros para una futura colaboraci\u00f3n?<\/p>\n<h4 class=\"vc_custom_heading uppercase\" style=\"text-align: center;\">Escr\u00edbanos y nos pondremos en contacto con usted<\/h4>\n<p>[\/vc_column_text][vc_column_text]\n<div class=\"wpcf7 no-js\" id=\"wpcf7-f13034-o1\" lang=\"it-IT\" dir=\"ltr\" data-wpcf7-id=\"13034\">\n<div class=\"screen-reader-response\"><p role=\"status\" aria-live=\"polite\" aria-atomic=\"true\"><\/p> <ul><\/ul><\/div>\n<form action=\"\/es\/wp-json\/wp\/v2\/pages\/11213#wpcf7-f13034-o1\" method=\"post\" class=\"wpcf7-form init\" aria-label=\"Modulo di contatto\" novalidate=\"novalidate\" data-status=\"init\">\n<fieldset class=\"hidden-fields-container\"><input type=\"hidden\" name=\"_wpcf7\" value=\"13034\" \/><input type=\"hidden\" name=\"_wpcf7_version\" value=\"6.1\" \/><input type=\"hidden\" name=\"_wpcf7_locale\" value=\"it_IT\" \/><input type=\"hidden\" name=\"_wpcf7_unit_tag\" value=\"wpcf7-f13034-o1\" \/><input type=\"hidden\" name=\"_wpcf7_container_post\" value=\"0\" \/><input type=\"hidden\" name=\"_wpcf7_posted_data_hash\" value=\"\" \/><input type=\"hidden\" name=\"_wpcf7_recaptcha_response\" value=\"\" \/>\n<\/fieldset>\n<div class=\"vc_row wpb_row vc_row-fluid contattiForm\">\n\t<div class=\"wpb_column vc_column_container vc_col-sm-12\">\n\t\t<div class=\"vc_column-inner \">\n\t\t\t<div class=\"wpb_wrapper\">\n\t\t\t\t<div class=\"vc_row wpb_row vc_inner vc_row-fluid\">\n\t\t\t\t\t<div class=\"wpb_column vc_column_container vc_col-sm-6\">\n\t\t\t\t\t\t<div class=\"vc_column-inner \">\n\t\t\t\t\t\t\t<div class=\"wpb_wrapper\">\n\t\t\t\t\t\t\t\t<div class=\"wpb_text_column wpb_content_element\">\n\t\t\t\t\t\t\t\t\t<div class=\"wpb_wrapper\">\n\t\t\t\t\t\t\t\t\t\t<p><label> Nombre *<\/label><br \/>\n<span class=\"wpcf7-form-control-wrap\" data-name=\"your-nome\"><input size=\"40\" maxlength=\"400\" class=\"wpcf7-form-control wpcf7-text wpcf7-validates-as-required\" aria-required=\"true\" aria-invalid=\"false\" value=\"\" type=\"text\" name=\"your-nome\" \/><\/span><br \/>\n<label> Empresa *<\/label><br \/>\n<span class=\"wpcf7-form-control-wrap\" data-name=\"your-ragsociale\"><input size=\"40\" maxlength=\"400\" class=\"wpcf7-form-control wpcf7-text wpcf7-validates-as-required\" aria-required=\"true\" aria-invalid=\"false\" value=\"\" type=\"text\" name=\"your-ragsociale\" \/><\/span>\n\t\t\t\t\t\t\t\t\t\t<\/p>\n\t\t\t\t\t\t\t\t\t\t<p><label> Correo electr\u00f3nico *<\/label><br \/>\n<span class=\"wpcf7-form-control-wrap\" data-name=\"your-email\"><input size=\"40\" maxlength=\"400\" class=\"wpcf7-form-control wpcf7-email wpcf7-validates-as-required wpcf7-text wpcf7-validates-as-email\" aria-required=\"true\" aria-invalid=\"false\" value=\"\" type=\"email\" name=\"your-email\" \/><\/span>\n\t\t\t\t\t\t\t\t\t\t<\/p>\n\t\t\t\t\t\t\t\t\t<\/div>\n\t\t\t\t\t\t\t\t<\/div>\n\t\t\t\t\t\t\t<\/div>\n\t\t\t\t\t\t<\/div>\n\t\t\t\t\t<\/div>\n\t\t\t\t\t<div class=\"wpb_column vc_column_container vc_col-sm-6\">\n\t\t\t\t\t\t<div class=\"vc_column-inner \">\n\t\t\t\t\t\t\t<div class=\"wpb_wrapper\">\n\t\t\t\t\t\t\t\t<div class=\"wpb_text_column wpb_content_element\">\n\t\t\t\t\t\t\t\t\t<div class=\"wpb_wrapper\">\n\t\t\t\t\t\t\t\t\t\t<p><label> Apellido *<\/label><br \/>\n<span class=\"wpcf7-form-control-wrap\" data-name=\"your-cognome\"><input size=\"40\" maxlength=\"400\" class=\"wpcf7-form-control wpcf7-text wpcf7-validates-as-required\" aria-required=\"true\" aria-invalid=\"false\" value=\"\" type=\"text\" name=\"your-cognome\" \/><\/span>\n\t\t\t\t\t\t\t\t\t\t<\/p>\n\t\t\t\t\t\t\t\t\t\t<p><label> Funci\u00f3n empresarial *<\/label><br \/>\n<span class=\"wpcf7-form-control-wrap\" data-name=\"your-qualifica\"><input size=\"40\" maxlength=\"400\" class=\"wpcf7-form-control wpcf7-text wpcf7-validates-as-required\" aria-required=\"true\" aria-invalid=\"false\" value=\"\" type=\"text\" name=\"your-qualifica\" \/><\/span>\n\t\t\t\t\t\t\t\t\t\t<\/p>\n\t\t\t\t\t\t\t\t\t\t<p><label> Tel\u00e9fono *<\/label><br \/>\n<span class=\"wpcf7-form-control-wrap\" data-name=\"your-telefono\"><input size=\"40\" maxlength=\"400\" class=\"wpcf7-form-control wpcf7-tel wpcf7-validates-as-required wpcf7-text wpcf7-validates-as-tel\" aria-required=\"true\" aria-invalid=\"false\" value=\"\" type=\"tel\" name=\"your-telefono\" \/><\/span>\n\t\t\t\t\t\t\t\t\t\t<\/p>\n\t\t\t\t\t\t\t\t\t<\/div>\n\t\t\t\t\t\t\t\t<\/div>\n\t\t\t\t\t\t\t<\/div>\n\t\t\t\t\t\t<\/div>\n\t\t\t\t\t<\/div>\n\t\t\t\t<\/div>\n\t\t\t\t<div class=\"wpb_text_column wpb_content_element\">\n\t\t\t\t\t<div class=\"wpb_wrapper\">\n\t\t\t\t\t\t<p><label> Ciudades *<\/label><br \/>\n<span class=\"wpcf7-form-control-wrap\" data-name=\"your-localita\"><input size=\"40\" maxlength=\"400\" class=\"wpcf7-form-control wpcf7-text wpcf7-validates-as-required\" aria-required=\"true\" aria-invalid=\"false\" value=\"\" type=\"text\" name=\"your-localita\" \/><\/span><br \/>\n<label> D\u00edganos qu\u00e9 necesita<\/label><span class=\"wpcf7-form-control-wrap\" data-name=\"messaggio\"><textarea cols=\"40\" rows=\"10\" maxlength=\"2000\" class=\"wpcf7-form-control wpcf7-textarea\" aria-invalid=\"false\" name=\"messaggio\"><\/textarea><\/span><span class=\"wpcf7-form-control-wrap\" data-name=\"autorizzazione\"><span class=\"wpcf7-form-control wpcf7-checkbox wpcf7-validates-as-required\"><span class=\"wpcf7-list-item first last\"><input type=\"checkbox\" name=\"autorizzazione[]\" value=\"Autorizo el tratamiento de mis datos personales, de conformidad con la normativa vigente en materia de privacidad (Reglamento Europeo n\u00ba 679\/16), para los fines y en la forma indicados en la declaraci\u00f3n de privacidad.\" \/><span class=\"wpcf7-list-item-label\">Autorizo el tratamiento de mis datos personales, de conformidad con la normativa vigente en materia de privacidad (Reglamento Europeo n\u00ba 679\/16), para los fines y en la forma indicados en la declaraci\u00f3n de privacidad.<\/span><\/span><\/span><\/span><a href=\"\/privacy-policy\/\" target=\"_blank\">Privacy policy<\/a><br \/>\n<span class=\"wpcf7-form-control-wrap\" data-name=\"newsletter\"><span class=\"wpcf7-form-control wpcf7-checkbox\"><span class=\"wpcf7-list-item first last\"><input type=\"checkbox\" name=\"newsletter[]\" value=\"Tambi\u00e9n me gustar\u00eda suscribirme al bolet\u00edn para estar al d\u00eda de las nuevas Promociones e iniciativas.\" \/><span class=\"wpcf7-list-item-label\">Tambi\u00e9n me gustar\u00eda suscribirme al bolet\u00edn para estar al d\u00eda de las nuevas Promociones e iniciativas.<\/span><\/span><\/span><\/span>\n\t\t\t\t\t\t<\/p>\n\t\t\t\t\t\t<p class=\"submitCenter\"><input class=\"wpcf7-form-control wpcf7-submit has-spinner\" type=\"submit\" value=\"Solicitar informaci\u00f3n&nbsp;&nbsp;&rarr;\" \/>\n\t\t\t\t\t\t<\/p>\n\t\t\t\t\t<\/div>\n\t\t\t\t<\/div>\n\t\t\t<\/div>\n\t\t<\/div>\n\t<\/div>\n<\/div><div class=\"wpcf7-response-output\" aria-hidden=\"true\"><\/div>\n<\/form>\n<\/div>\n[\/vc_column_text][vc_row_inner disable_element=\u00bbyes\u00bb][vc_column_inner width=\u00bb1\/3&#8243;][vc_btn title=\u00bbCLIENTE\u00bb style=\u00bboutline-custom\u00bb outline_custom_color=\u00bb#333333&#8243; outline_custom_hover_background=\u00bb#333333&#8243; outline_custom_hover_text=\u00bb#ffffff\u00bb shape=\u00bbsquare\u00bb align=\u00bbcenter\u00bb el_class=\u00bbtextUppercase buttonGra scelta\u00bb link=\u00bb|||\u00bb el_id=\u00bbcontatta_cliente\u00bb][\/vc_column_inner][vc_column_inner width=\u00bb1\/3&#8243;][vc_btn title=\u00bbPROVEEDOR\u00bb style=\u00bboutline-custom\u00bb outline_custom_color=\u00bb#333333&#8243; outline_custom_hover_background=\u00bb#333333&#8243; outline_custom_hover_text=\u00bb#ffffff\u00bb shape=\u00bbsquare\u00bb align=\u00bbcenter\u00bb el_class=\u00bbtextUppercase buttonGra scelta\u00bb link=\u00bb|||\u00bb el_id=\u00bbcontatta_fornitore\u00bb][\/vc_column_inner][vc_column_inner width=\u00bb1\/3&#8243;][vc_btn title=\u00bbDISTRIBUIDOR\/AGENTE\u00bb style=\u00bboutline-custom\u00bb outline_custom_color=\u00bb#333333&#8243; outline_custom_hover_background=\u00bb#333333&#8243; outline_custom_hover_text=\u00bb#ffffff\u00bb shape=\u00bbsquare\u00bb align=\u00bbcenter\u00bb el_class=\u00bbtextUppercase buttonGra scelta\u00bb link=\u00bb|||\u00bb el_id=\u00bbcontatta_agente\u00bb][\/vc_column_inner][\/vc_row_inner][vc_row_inner][vc_column_inner][vc_empty_space height=\u00bb20px\u00bb][\/vc_column_inner][\/vc_row_inner][\/vc_column][\/vc_row]<\/p>\n<\/section>","protected":false},"excerpt":{"rendered":"<p>[vc_row full_width=\u00bbstretch_row_content_no_spaces\u00bb gap=\u00bb35&#8243; equal_height=\u00bbyes\u00bb content_placement=\u00bbmiddle\u00bb][vc_column width=\u00bb1\/3&#8243;][vc_empty_space height=\u00bb40px\u00bb][vc_row_inner][vc_column_inner width=\u00bb1\/3&#8243; offset=\u00bbvc_hidden-md vc_hidden-sm vc_hidden-xs\u00bb][\/vc_column_inner][vc_column_inner width=\u00bb2\/3&#8243;][vc_custom_heading text=\u00bbDLM\u00bb font_container=\u00bbtag:h1|text_align:center|color:%235a7856|line_height:38px\u00bb use_theme_fonts=\u00bbyes\u00bb el_class=\u00bbupperText\u00bb css=\u00bb.vc_custom_1709721115919{margin-bottom: 20px !important;}\u00bb][vc_column_text css=\u00bb.vc_custom_1716288395388{margin-bottom: 10px !important;}\u00bb] Via dei Pioppi, 32 20073 Opera (MI) Italia [\/vc_column_text][vc_empty_space][vc_empty_space height=\u00bb64px\u00bb][\/vc_column_inner][\/vc_row_inner][\/vc_column][vc_column width=\u00bb2\/3&#8243; css=\u00bb.vc_custom_1565177618653{margin-top: 0px !important;margin-bottom: 0px !important;padding-top: 0px !important;padding-bottom: 0px !important;}\u00bb][vc_gmaps link=\u00bb#E-8_JTNDaWZyYW1lJTIwc3JjJTNEJTIyaHR0cHMlM0ElMkYlMkZ3d3cuZ29vZ2xlLmNvbSUyRm1hcHMlMkZlbWJlZCUzRnBiJTNEJTIxMW0xOCUyMTFtMTIlMjExbTMlMjExZDI4MDIuNjE1NDg1Nzk0NTE5NCUyMTJkOS4yMjIzODEzMTUzMzU4OCUyMTNkNDUuMzc2NzUzNzQ3Mjk1NTYlMjEybTMlMjExZjAlMjEyZjAlMjEzZjAlMjEzbTIlMjExaTEwMjQlMjEyaTc2OCUyMTRmMTMuMSUyMTNtMyUyMTFtMiUyMTFzMHg0Nzg2ZGFjYTY1Y2EyZmM5JTI1M0EweGE3MGJlMTdhNThhMTVjNDclMjEyc0RsbSUyQlNybCUyMTVlMCUyMTNtMiUyMTFzaXQlMjEyc2l0JTIxNHYxNTY0NTc1MzM0ODcxJTIxNW0yJTIxMXNpdCUyMTJzaXQlMjIlMjBoZWlnaHQlM0QlMjI0NTAlMjIlMjBmcmFtZWJvcmRlciUzRCUyMjAlMjIlMjBzdHlsZSUzRCUyMmJvcmRlciUzQTAlMjIlMjBhbGxvd2Z1bGxzY3JlZW4lM0UlM0MlMkZpZnJhbWUlM0U=\u00bb css=\u00bb.vc_custom_1565177653256{margin-top: 0px !important;margin-bottom: 0px !important;border-top-width: 0px !important;border-bottom-width: 0px !important;padding-top: 0px !important;padding-bottom: 0px&hellip;<\/p>\n","protected":false},"author":1,"featured_media":11214,"parent":0,"menu_order":0,"comment_status":"closed","ping_status":"closed","template":"","meta":{"_acf_changed":false,"footnotes":""},"class_list":["post-11213","page","type-page","status-publish","has-post-thumbnail","hentry","description-off"],"acf":[],"yoast_head":"<!-- This site is optimized with the Yoast SEO plugin v25.6 - https:\/\/yoast.com\/wordpress\/plugins\/seo\/ -->\n<title>Contatti - Vendita tappi - DLM tappi Srl<\/title>\n<meta name=\"description\" content=\"Sei un cliente interessato a tappi tecnici e protezioni? O sei un fornitore e vorresti sottoporci i tuoi prodotti? Contatti DLM Tappi Srl.\" \/>\n<meta name=\"robots\" content=\"index, follow, max-snippet:-1, max-image-preview:large, max-video-preview:-1\" \/>\n<link rel=\"canonical\" href=\"https:\/\/dlmtappi.com\/es\/contactos\/\" \/>\n<meta property=\"og:locale\" content=\"es_ES\" \/>\n<meta property=\"og:type\" content=\"article\" \/>\n<meta property=\"og:title\" content=\"Contatti - Vendita tappi - DLM tappi Srl\" \/>\n<meta property=\"og:description\" content=\"Sei un cliente interessato a tappi tecnici e protezioni? O sei un fornitore e vorresti sottoporci i tuoi prodotti? Contatti DLM Tappi Srl.\" \/>\n<meta property=\"og:url\" content=\"https:\/\/dlmtappi.com\/es\/contactos\/\" \/>\n<meta property=\"og:site_name\" content=\"DLM tappi\" \/>\n<meta property=\"article:modified_time\" content=\"2025-12-23T16:19:35+00:00\" \/>\n<meta property=\"og:image\" content=\"https:\/\/dlmtappi.com\/wp-content\/uploads\/2022\/12\/apple-icon-152x152-1.png\" \/>\n\t<meta property=\"og:image:width\" content=\"152\" \/>\n\t<meta property=\"og:image:height\" content=\"152\" \/>\n\t<meta property=\"og:image:type\" content=\"image\/png\" \/>\n<meta name=\"twitter:card\" content=\"summary_large_image\" \/>\n<meta name=\"twitter:label1\" content=\"Tiempo de lectura\" \/>\n\t<meta name=\"twitter:data1\" content=\"2 minutos\" \/>\n<script type=\"application\/ld+json\" class=\"yoast-schema-graph\">{\"@context\":\"https:\/\/schema.org\",\"@graph\":[{\"@type\":\"WebPage\",\"@id\":\"https:\/\/dlmtappi.com\/es\/contactos\/\",\"url\":\"https:\/\/dlmtappi.com\/es\/contactos\/\",\"name\":\"Contatti - Vendita tappi - DLM tappi Srl\",\"isPartOf\":{\"@id\":\"https:\/\/dlmtappi.com\/es\/#website\"},\"primaryImageOfPage\":{\"@id\":\"https:\/\/dlmtappi.com\/es\/contactos\/#primaryimage\"},\"image\":{\"@id\":\"https:\/\/dlmtappi.com\/es\/contactos\/#primaryimage\"},\"thumbnailUrl\":\"https:\/\/dlmtappi.com\/wp-content\/uploads\/2022\/12\/apple-icon-152x152-1.png\",\"datePublished\":\"2019-07-30T09:18:14+00:00\",\"dateModified\":\"2025-12-23T16:19:35+00:00\",\"description\":\"Sei un cliente interessato a tappi tecnici e protezioni? O sei un fornitore e vorresti sottoporci i tuoi prodotti? Contatti DLM Tappi Srl.\",\"breadcrumb\":{\"@id\":\"https:\/\/dlmtappi.com\/es\/contactos\/#breadcrumb\"},\"inLanguage\":\"es\",\"potentialAction\":[{\"@type\":\"ReadAction\",\"target\":[\"https:\/\/dlmtappi.com\/es\/contactos\/\"]}]},{\"@type\":\"ImageObject\",\"inLanguage\":\"es\",\"@id\":\"https:\/\/dlmtappi.com\/es\/contactos\/#primaryimage\",\"url\":\"https:\/\/dlmtappi.com\/wp-content\/uploads\/2022\/12\/apple-icon-152x152-1.png\",\"contentUrl\":\"https:\/\/dlmtappi.com\/wp-content\/uploads\/2022\/12\/apple-icon-152x152-1.png\",\"width\":152,\"height\":152},{\"@type\":\"BreadcrumbList\",\"@id\":\"https:\/\/dlmtappi.com\/es\/contactos\/#breadcrumb\",\"itemListElement\":[{\"@type\":\"ListItem\",\"position\":1,\"name\":\"Home\",\"item\":\"https:\/\/dlmtappi.com\/es\/\"},{\"@type\":\"ListItem\",\"position\":2,\"name\":\"Contactos\"}]},{\"@type\":\"WebSite\",\"@id\":\"https:\/\/dlmtappi.com\/es\/#website\",\"url\":\"https:\/\/dlmtappi.com\/es\/\",\"name\":\"DLM tappi\",\"description\":\"Produzione tappi tecnici e protezione filetti in plastica\",\"publisher\":{\"@id\":\"https:\/\/dlmtappi.com\/es\/#organization\"},\"potentialAction\":[{\"@type\":\"SearchAction\",\"target\":{\"@type\":\"EntryPoint\",\"urlTemplate\":\"https:\/\/dlmtappi.com\/es\/?s={search_term_string}\"},\"query-input\":{\"@type\":\"PropertyValueSpecification\",\"valueRequired\":true,\"valueName\":\"search_term_string\"}}],\"inLanguage\":\"es\"},{\"@type\":\"Organization\",\"@id\":\"https:\/\/dlmtappi.com\/es\/#organization\",\"name\":\"DLM tappi\",\"url\":\"https:\/\/dlmtappi.com\/es\/\",\"logo\":{\"@type\":\"ImageObject\",\"inLanguage\":\"es\",\"@id\":\"https:\/\/dlmtappi.com\/es\/#\/schema\/logo\/image\/\",\"url\":\"https:\/\/dlmtappi.com\/wp-content\/uploads\/2022\/12\/dlm_logo_foglia.png\",\"contentUrl\":\"https:\/\/dlmtappi.com\/wp-content\/uploads\/2022\/12\/dlm_logo_foglia.png\",\"width\":114,\"height\":100,\"caption\":\"DLM tappi\"},\"image\":{\"@id\":\"https:\/\/dlmtappi.com\/es\/#\/schema\/logo\/image\/\"}}]}<\/script>\n<!-- \/ Yoast SEO plugin. -->","yoast_head_json":{"title":"Contatti - Vendita tappi - DLM tappi Srl","description":"Sei un cliente interessato a tappi tecnici e protezioni? O sei un fornitore e vorresti sottoporci i tuoi prodotti? Contatti DLM Tappi Srl.","robots":{"index":"index","follow":"follow","max-snippet":"max-snippet:-1","max-image-preview":"max-image-preview:large","max-video-preview":"max-video-preview:-1"},"canonical":"https:\/\/dlmtappi.com\/es\/contactos\/","og_locale":"es_ES","og_type":"article","og_title":"Contatti - Vendita tappi - DLM tappi Srl","og_description":"Sei un cliente interessato a tappi tecnici e protezioni? O sei un fornitore e vorresti sottoporci i tuoi prodotti? Contatti DLM Tappi Srl.","og_url":"https:\/\/dlmtappi.com\/es\/contactos\/","og_site_name":"DLM tappi","article_modified_time":"2025-12-23T16:19:35+00:00","og_image":[{"width":152,"height":152,"url":"https:\/\/dlmtappi.com\/wp-content\/uploads\/2022\/12\/apple-icon-152x152-1.png","type":"image\/png"}],"twitter_card":"summary_large_image","twitter_misc":{"Tiempo de lectura":"2 minutos"},"schema":{"@context":"https:\/\/schema.org","@graph":[{"@type":"WebPage","@id":"https:\/\/dlmtappi.com\/es\/contactos\/","url":"https:\/\/dlmtappi.com\/es\/contactos\/","name":"Contatti - Vendita tappi - DLM tappi Srl","isPartOf":{"@id":"https:\/\/dlmtappi.com\/es\/#website"},"primaryImageOfPage":{"@id":"https:\/\/dlmtappi.com\/es\/contactos\/#primaryimage"},"image":{"@id":"https:\/\/dlmtappi.com\/es\/contactos\/#primaryimage"},"thumbnailUrl":"https:\/\/dlmtappi.com\/wp-content\/uploads\/2022\/12\/apple-icon-152x152-1.png","datePublished":"2019-07-30T09:18:14+00:00","dateModified":"2025-12-23T16:19:35+00:00","description":"Sei un cliente interessato a tappi tecnici e protezioni? O sei un fornitore e vorresti sottoporci i tuoi prodotti? Contatti DLM Tappi Srl.","breadcrumb":{"@id":"https:\/\/dlmtappi.com\/es\/contactos\/#breadcrumb"},"inLanguage":"es","potentialAction":[{"@type":"ReadAction","target":["https:\/\/dlmtappi.com\/es\/contactos\/"]}]},{"@type":"ImageObject","inLanguage":"es","@id":"https:\/\/dlmtappi.com\/es\/contactos\/#primaryimage","url":"https:\/\/dlmtappi.com\/wp-content\/uploads\/2022\/12\/apple-icon-152x152-1.png","contentUrl":"https:\/\/dlmtappi.com\/wp-content\/uploads\/2022\/12\/apple-icon-152x152-1.png","width":152,"height":152},{"@type":"BreadcrumbList","@id":"https:\/\/dlmtappi.com\/es\/contactos\/#breadcrumb","itemListElement":[{"@type":"ListItem","position":1,"name":"Home","item":"https:\/\/dlmtappi.com\/es\/"},{"@type":"ListItem","position":2,"name":"Contactos"}]},{"@type":"WebSite","@id":"https:\/\/dlmtappi.com\/es\/#website","url":"https:\/\/dlmtappi.com\/es\/","name":"DLM tappi","description":"Produzione tappi tecnici e protezione filetti in plastica","publisher":{"@id":"https:\/\/dlmtappi.com\/es\/#organization"},"potentialAction":[{"@type":"SearchAction","target":{"@type":"EntryPoint","urlTemplate":"https:\/\/dlmtappi.com\/es\/?s={search_term_string}"},"query-input":{"@type":"PropertyValueSpecification","valueRequired":true,"valueName":"search_term_string"}}],"inLanguage":"es"},{"@type":"Organization","@id":"https:\/\/dlmtappi.com\/es\/#organization","name":"DLM tappi","url":"https:\/\/dlmtappi.com\/es\/","logo":{"@type":"ImageObject","inLanguage":"es","@id":"https:\/\/dlmtappi.com\/es\/#\/schema\/logo\/image\/","url":"https:\/\/dlmtappi.com\/wp-content\/uploads\/2022\/12\/dlm_logo_foglia.png","contentUrl":"https:\/\/dlmtappi.com\/wp-content\/uploads\/2022\/12\/dlm_logo_foglia.png","width":114,"height":100,"caption":"DLM tappi"},"image":{"@id":"https:\/\/dlmtappi.com\/es\/#\/schema\/logo\/image\/"}}]}},"_links":{"self":[{"href":"https:\/\/dlmtappi.com\/es\/wp-json\/wp\/v2\/pages\/11213","targetHints":{"allow":["GET"]}}],"collection":[{"href":"https:\/\/dlmtappi.com\/es\/wp-json\/wp\/v2\/pages"}],"about":[{"href":"https:\/\/dlmtappi.com\/es\/wp-json\/wp\/v2\/types\/page"}],"author":[{"embeddable":true,"href":"https:\/\/dlmtappi.com\/es\/wp-json\/wp\/v2\/users\/1"}],"replies":[{"embeddable":true,"href":"https:\/\/dlmtappi.com\/es\/wp-json\/wp\/v2\/comments?post=11213"}],"version-history":[{"count":8,"href":"https:\/\/dlmtappi.com\/es\/wp-json\/wp\/v2\/pages\/11213\/revisions"}],"predecessor-version":[{"id":13039,"href":"https:\/\/dlmtappi.com\/es\/wp-json\/wp\/v2\/pages\/11213\/revisions\/13039"}],"wp:featuredmedia":[{"embeddable":true,"href":"https:\/\/dlmtappi.com\/es\/wp-json\/wp\/v2\/media\/11214"}],"wp:attachment":[{"href":"https:\/\/dlmtappi.com\/es\/wp-json\/wp\/v2\/media?parent=11213"}],"curies":[{"name":"wp","href":"https:\/\/api.w.org\/{rel}","templated":true}]}}