{"id":11244,"date":"2019-11-29T10:29:17","date_gmt":"2019-11-29T09:29:17","guid":{"rendered":"https:\/\/dlmtappi.com\/categorie\/"},"modified":"2025-12-23T16:55:36","modified_gmt":"2025-12-23T15:55:36","slug":"categorias","status":"publish","type":"page","link":"https:\/\/dlmtappi.com\/es\/categorias\/","title":{"rendered":"Categor\u00edas"},"content":{"rendered":"<section class=\"wpb-content-wrapper\"><p>[vc_row][vc_column offset=\u00bbvc_col-lg-offset-2 vc_col-lg-8 vc_col-md-offset-2 vc_col-md-8&#8243;][vc_empty_space][vc_column_text]En esta secci\u00f3n encontrar\u00e1 todos nuestros productos divididos en las siguientes <strong>categor\u00edas<\/strong>: tapones, caperuzas, protecciones magras, protectores de bridas, protectores de acoplamientos r\u00e1pidos, anillos de liberaci\u00f3n de tuercas, automoci\u00f3n, caperuzas de pintura, otros protectores, series bio y eco. Cada producto responde a una <strong>necesidad diferente<\/strong>, garantizando una producci\u00f3n \u00f3ptima durante la fabricaci\u00f3n, el almacenamiento y el transporte de mercanc\u00edas. <strong>Los colores, dimensiones y materiales disponibles<\/strong> se indican en cada ficha de producto.[\/vc_column_text][\/vc_column][\/vc_row]<\/p>\n<\/section>","protected":false},"excerpt":{"rendered":"<p>[vc_row][vc_column offset=\u00bbvc_col-lg-offset-2 vc_col-lg-8 vc_col-md-offset-2 vc_col-md-8&#8243;][vc_empty_space][vc_column_text]En esta secci\u00f3n encontrar\u00e1 todos nuestros productos divididos en las siguientes categor\u00edas: tapones, caperuzas, protecciones magras, protectores de bridas, protectores de acoplamientos r\u00e1pidos, anillos de liberaci\u00f3n de tuercas, automoci\u00f3n, caperuzas de pintura, otros protectores, series bio y eco. Cada producto responde a una necesidad diferente, garantizando una producci\u00f3n \u00f3ptima durante la&hellip;<\/p>\n","protected":false},"author":1,"featured_media":11245,"parent":0,"menu_order":0,"comment_status":"closed","ping_status":"closed","template":"","meta":{"_acf_changed":false,"footnotes":""},"class_list":["post-11244","page","type-page","status-publish","has-post-thumbnail","hentry","description-off"],"acf":[],"yoast_head":"<!-- This site is optimized with the Yoast SEO plugin v25.6 - https:\/\/yoast.com\/wordpress\/plugins\/seo\/ -->\n<title>Categorie tappi tecnici in plastica - DLM tappi<\/title>\n<meta name=\"description\" content=\"Scopri ora le categorie tappi tecnici in plastica, cappucci, protezioni per flange, protezioni per innesti rapidi, tappi per verniciatura...\" \/>\n<meta name=\"robots\" content=\"index, follow, max-snippet:-1, max-image-preview:large, max-video-preview:-1\" \/>\n<link rel=\"canonical\" href=\"https:\/\/dlmtappi.com\/es\/categorias\/\" \/>\n<meta property=\"og:locale\" content=\"es_ES\" \/>\n<meta property=\"og:type\" content=\"article\" \/>\n<meta property=\"og:title\" content=\"Categorie tappi tecnici in plastica - DLM tappi\" \/>\n<meta property=\"og:description\" content=\"Scopri ora le categorie tappi tecnici in plastica, cappucci, protezioni per flange, protezioni per innesti rapidi, tappi per verniciatura...\" \/>\n<meta property=\"og:url\" content=\"https:\/\/dlmtappi.com\/es\/categorias\/\" \/>\n<meta property=\"og:site_name\" content=\"DLM tappi\" \/>\n<meta property=\"article:modified_time\" content=\"2025-12-23T15:55:36+00:00\" \/>\n<meta property=\"og:image\" content=\"https:\/\/dlmtappi.com\/wp-content\/uploads\/2022\/12\/Eco_caps_female_quick_fit_style_plain_push-on.jpg\" \/>\n\t<meta property=\"og:image:width\" content=\"2022\" \/>\n\t<meta property=\"og:image:height\" content=\"1354\" \/>\n\t<meta property=\"og:image:type\" content=\"image\/jpeg\" \/>\n<meta name=\"twitter:card\" content=\"summary_large_image\" \/>\n<meta name=\"twitter:label1\" content=\"Tiempo de lectura\" \/>\n\t<meta name=\"twitter:data1\" content=\"1 minuto\" \/>\n<script type=\"application\/ld+json\" class=\"yoast-schema-graph\">{\"@context\":\"https:\/\/schema.org\",\"@graph\":[{\"@type\":\"WebPage\",\"@id\":\"https:\/\/dlmtappi.com\/es\/categorias\/\",\"url\":\"https:\/\/dlmtappi.com\/es\/categorias\/\",\"name\":\"Categorie tappi tecnici in plastica - DLM tappi\",\"isPartOf\":{\"@id\":\"https:\/\/dlmtappi.com\/es\/#website\"},\"primaryImageOfPage\":{\"@id\":\"https:\/\/dlmtappi.com\/es\/categorias\/#primaryimage\"},\"image\":{\"@id\":\"https:\/\/dlmtappi.com\/es\/categorias\/#primaryimage\"},\"thumbnailUrl\":\"https:\/\/dlmtappi.com\/wp-content\/uploads\/2022\/12\/Eco_caps_female_quick_fit_style_plain_push-on.jpg\",\"datePublished\":\"2019-11-29T09:29:17+00:00\",\"dateModified\":\"2025-12-23T15:55:36+00:00\",\"description\":\"Scopri ora le categorie tappi tecnici in plastica, cappucci, protezioni per flange, protezioni per innesti rapidi, tappi per verniciatura...\",\"breadcrumb\":{\"@id\":\"https:\/\/dlmtappi.com\/es\/categorias\/#breadcrumb\"},\"inLanguage\":\"es\",\"potentialAction\":[{\"@type\":\"ReadAction\",\"target\":[\"https:\/\/dlmtappi.com\/es\/categorias\/\"]}]},{\"@type\":\"ImageObject\",\"inLanguage\":\"es\",\"@id\":\"https:\/\/dlmtappi.com\/es\/categorias\/#primaryimage\",\"url\":\"https:\/\/dlmtappi.com\/wp-content\/uploads\/2022\/12\/Eco_caps_female_quick_fit_style_plain_push-on.jpg\",\"contentUrl\":\"https:\/\/dlmtappi.com\/wp-content\/uploads\/2022\/12\/Eco_caps_female_quick_fit_style_plain_push-on.jpg\",\"width\":2022,\"height\":1354},{\"@type\":\"BreadcrumbList\",\"@id\":\"https:\/\/dlmtappi.com\/es\/categorias\/#breadcrumb\",\"itemListElement\":[{\"@type\":\"ListItem\",\"position\":1,\"name\":\"Home\",\"item\":\"https:\/\/dlmtappi.com\/es\/\"},{\"@type\":\"ListItem\",\"position\":2,\"name\":\"Categor\u00edas\"}]},{\"@type\":\"WebSite\",\"@id\":\"https:\/\/dlmtappi.com\/es\/#website\",\"url\":\"https:\/\/dlmtappi.com\/es\/\",\"name\":\"DLM tappi\",\"description\":\"Produzione tappi tecnici e protezione filetti in plastica\",\"publisher\":{\"@id\":\"https:\/\/dlmtappi.com\/es\/#organization\"},\"potentialAction\":[{\"@type\":\"SearchAction\",\"target\":{\"@type\":\"EntryPoint\",\"urlTemplate\":\"https:\/\/dlmtappi.com\/es\/?s={search_term_string}\"},\"query-input\":{\"@type\":\"PropertyValueSpecification\",\"valueRequired\":true,\"valueName\":\"search_term_string\"}}],\"inLanguage\":\"es\"},{\"@type\":\"Organization\",\"@id\":\"https:\/\/dlmtappi.com\/es\/#organization\",\"name\":\"DLM tappi\",\"url\":\"https:\/\/dlmtappi.com\/es\/\",\"logo\":{\"@type\":\"ImageObject\",\"inLanguage\":\"es\",\"@id\":\"https:\/\/dlmtappi.com\/es\/#\/schema\/logo\/image\/\",\"url\":\"https:\/\/dlmtappi.com\/wp-content\/uploads\/2022\/12\/dlm_logo_foglia.png\",\"contentUrl\":\"https:\/\/dlmtappi.com\/wp-content\/uploads\/2022\/12\/dlm_logo_foglia.png\",\"width\":114,\"height\":100,\"caption\":\"DLM tappi\"},\"image\":{\"@id\":\"https:\/\/dlmtappi.com\/es\/#\/schema\/logo\/image\/\"}}]}<\/script>\n<!-- \/ Yoast SEO plugin. -->","yoast_head_json":{"title":"Categorie tappi tecnici in plastica - DLM tappi","description":"Scopri ora le categorie tappi tecnici in plastica, cappucci, protezioni per flange, protezioni per innesti rapidi, tappi per verniciatura...","robots":{"index":"index","follow":"follow","max-snippet":"max-snippet:-1","max-image-preview":"max-image-preview:large","max-video-preview":"max-video-preview:-1"},"canonical":"https:\/\/dlmtappi.com\/es\/categorias\/","og_locale":"es_ES","og_type":"article","og_title":"Categorie tappi tecnici in plastica - DLM tappi","og_description":"Scopri ora le categorie tappi tecnici in plastica, cappucci, protezioni per flange, protezioni per innesti rapidi, tappi per verniciatura...","og_url":"https:\/\/dlmtappi.com\/es\/categorias\/","og_site_name":"DLM tappi","article_modified_time":"2025-12-23T15:55:36+00:00","og_image":[{"width":2022,"height":1354,"url":"https:\/\/dlmtappi.com\/wp-content\/uploads\/2022\/12\/Eco_caps_female_quick_fit_style_plain_push-on.jpg","type":"image\/jpeg"}],"twitter_card":"summary_large_image","twitter_misc":{"Tiempo de lectura":"1 minuto"},"schema":{"@context":"https:\/\/schema.org","@graph":[{"@type":"WebPage","@id":"https:\/\/dlmtappi.com\/es\/categorias\/","url":"https:\/\/dlmtappi.com\/es\/categorias\/","name":"Categorie tappi tecnici in plastica - DLM tappi","isPartOf":{"@id":"https:\/\/dlmtappi.com\/es\/#website"},"primaryImageOfPage":{"@id":"https:\/\/dlmtappi.com\/es\/categorias\/#primaryimage"},"image":{"@id":"https:\/\/dlmtappi.com\/es\/categorias\/#primaryimage"},"thumbnailUrl":"https:\/\/dlmtappi.com\/wp-content\/uploads\/2022\/12\/Eco_caps_female_quick_fit_style_plain_push-on.jpg","datePublished":"2019-11-29T09:29:17+00:00","dateModified":"2025-12-23T15:55:36+00:00","description":"Scopri ora le categorie tappi tecnici in plastica, cappucci, protezioni per flange, protezioni per innesti rapidi, tappi per verniciatura...","breadcrumb":{"@id":"https:\/\/dlmtappi.com\/es\/categorias\/#breadcrumb"},"inLanguage":"es","potentialAction":[{"@type":"ReadAction","target":["https:\/\/dlmtappi.com\/es\/categorias\/"]}]},{"@type":"ImageObject","inLanguage":"es","@id":"https:\/\/dlmtappi.com\/es\/categorias\/#primaryimage","url":"https:\/\/dlmtappi.com\/wp-content\/uploads\/2022\/12\/Eco_caps_female_quick_fit_style_plain_push-on.jpg","contentUrl":"https:\/\/dlmtappi.com\/wp-content\/uploads\/2022\/12\/Eco_caps_female_quick_fit_style_plain_push-on.jpg","width":2022,"height":1354},{"@type":"BreadcrumbList","@id":"https:\/\/dlmtappi.com\/es\/categorias\/#breadcrumb","itemListElement":[{"@type":"ListItem","position":1,"name":"Home","item":"https:\/\/dlmtappi.com\/es\/"},{"@type":"ListItem","position":2,"name":"Categor\u00edas"}]},{"@type":"WebSite","@id":"https:\/\/dlmtappi.com\/es\/#website","url":"https:\/\/dlmtappi.com\/es\/","name":"DLM tappi","description":"Produzione tappi tecnici e protezione filetti in plastica","publisher":{"@id":"https:\/\/dlmtappi.com\/es\/#organization"},"potentialAction":[{"@type":"SearchAction","target":{"@type":"EntryPoint","urlTemplate":"https:\/\/dlmtappi.com\/es\/?s={search_term_string}"},"query-input":{"@type":"PropertyValueSpecification","valueRequired":true,"valueName":"search_term_string"}}],"inLanguage":"es"},{"@type":"Organization","@id":"https:\/\/dlmtappi.com\/es\/#organization","name":"DLM tappi","url":"https:\/\/dlmtappi.com\/es\/","logo":{"@type":"ImageObject","inLanguage":"es","@id":"https:\/\/dlmtappi.com\/es\/#\/schema\/logo\/image\/","url":"https:\/\/dlmtappi.com\/wp-content\/uploads\/2022\/12\/dlm_logo_foglia.png","contentUrl":"https:\/\/dlmtappi.com\/wp-content\/uploads\/2022\/12\/dlm_logo_foglia.png","width":114,"height":100,"caption":"DLM tappi"},"image":{"@id":"https:\/\/dlmtappi.com\/es\/#\/schema\/logo\/image\/"}}]}},"_links":{"self":[{"href":"https:\/\/dlmtappi.com\/es\/wp-json\/wp\/v2\/pages\/11244","targetHints":{"allow":["GET"]}}],"collection":[{"href":"https:\/\/dlmtappi.com\/es\/wp-json\/wp\/v2\/pages"}],"about":[{"href":"https:\/\/dlmtappi.com\/es\/wp-json\/wp\/v2\/types\/page"}],"author":[{"embeddable":true,"href":"https:\/\/dlmtappi.com\/es\/wp-json\/wp\/v2\/users\/1"}],"replies":[{"embeddable":true,"href":"https:\/\/dlmtappi.com\/es\/wp-json\/wp\/v2\/comments?post=11244"}],"version-history":[{"count":2,"href":"https:\/\/dlmtappi.com\/es\/wp-json\/wp\/v2\/pages\/11244\/revisions"}],"predecessor-version":[{"id":11249,"href":"https:\/\/dlmtappi.com\/es\/wp-json\/wp\/v2\/pages\/11244\/revisions\/11249"}],"wp:featuredmedia":[{"embeddable":true,"href":"https:\/\/dlmtappi.com\/es\/wp-json\/wp\/v2\/media\/11245"}],"wp:attachment":[{"href":"https:\/\/dlmtappi.com\/es\/wp-json\/wp\/v2\/media?parent=11244"}],"curies":[{"name":"wp","href":"https:\/\/api.w.org\/{rel}","templated":true}]}}