{"id":11265,"date":"2019-07-30T14:22:38","date_gmt":"2019-07-30T12:22:38","guid":{"rendered":"https:\/\/dlmtappi.com\/?page_id=11265"},"modified":"2025-12-23T16:53:53","modified_gmt":"2025-12-23T15:53:53","slug":"sostenibilidad","status":"publish","type":"page","link":"https:\/\/dlmtappi.com\/es\/empresa\/sostenibilidad\/","title":{"rendered":"Sostenibilidad"},"content":{"rendered":"<section class=\"wpb-content-wrapper\"><p>[vc_row gap=\u00bb20&#8243; equal_height=\u00bbyes\u00bb content_placement=\u00bbmiddle\u00bb][vc_column width=\u00bb1\/2&#8243; offset=\u00bbvc_hidden-xs\u00bb][vc_column_text]En t\u00e9rminos de sostenibilidad, nos dedicamos al desarrollo de productos fabricados con <strong>pl\u00e1sticos biodegradables<\/strong> y <strong>de \u00absegunda vida\u00bb<\/strong>. Adem\u00e1s de la b\u00fasqueda de materiales con un bajo impacto ambiental, el deseo de la empresa es reducir los residuos mediante <strong>\u00abcircuitos cerrados\u00bb<\/strong> para recuperar los residuos y el material de desecho.[\/vc_column_text][vc_empty_space][vc_column_text]Desde hace a\u00f1os, DLM se ha comprometido a <strong>educar<\/strong> al cliente final <strong>sobre la correcta retirada y eliminaci\u00f3n de sus protectores<\/strong>. Esto permite recuperar y reprocesar el material, con la ayuda de empresas l\u00edderes en el sector de la regeneraci\u00f3n de gr\u00e1nulos.[\/vc_column_text][vc_empty_space][vc_column_text]El <strong>compromiso social<\/strong> tambi\u00e9n se ha consolidado en el apoyo a asociaciones locales, as\u00ed como en <strong>proyectos educativos con escuelas<\/strong> de todos los niveles. Por ejemplo, hemos organizado clases sobre reciclaje de pl\u00e1sticos o pr\u00e1cticas para alumnos de formaci\u00f3n profesional.[\/vc_column_text][vc_empty_space][\/vc_column][vc_column width=\u00bb1\/2&#8243; css=\u00bb.vc_custom_1575901322404{background-image: url(https:\/\/dlmtappi.com\/wp-content\/uploads\/2019\/12\/DLM-Bio.jpg?id=5791) !important;background-position: center !important;background-repeat: no-repeat !important;background-size: cover !important;}\u00bb offset=\u00bbvc_hidden-xs\u00bb][\/vc_column][\/vc_row][vc_row equal_height=\u00bbyes\u00bb content_placement=\u00bbmiddle\u00bb][vc_column offset=\u00bbvc_hidden-lg vc_hidden-md vc_hidden-sm\u00bb][vc_column_text]In termini di sostenibilit\u00e0 ci dedichiamo al potenziamento di prodotti realizzati con <b>plastiche biodegradabili<\/b> e con <b>plastiche di \u00abseconda vita\u00bb<\/b>. Oltre alla ricerca di materiali a basso impatto ambientale, la volont\u00e0 dell&#8217;azienda \u00e8 ridurre gli sprechi attraverso \u201c<b>cicli chiusi\u00bb<\/b> per recuperare il materiale di scarto e di sfrido.<\/p>\n<p>Da anni DLM \u00e8 impegnata in un <b>percorso di educazione alla corretta rimozione e smaltimento delle proprie protezioni<\/b> da parte del cliente finale. In questo modo \u00e8 possibile recuperare e rielaborare il materiale, con l&#8217;aiuto di aziende leader nel settore della rigenerazione del granulo.<\/p>\n<p>L<b>\u2019impegno sociale<\/b> si \u00e8 consolidato anche nel sostegno alle associazioni del territorio, nonch\u00e9 <b>progetti formativi con le scuole<\/b> di ogni ordine e grado. Abbiamo organizzato ad esempio lezioni sulla tematica del riciclo della plastica oppure tirocini per i ragazzi delle scuole professionali.[\/vc_column_text][vc_single_image image=\u00bb5791&#8243; img_size=\u00bb450&#215;300&#8243; alignment=\u00bbcenter\u00bb][\/vc_column][\/vc_row][vc_row full_width=\u00bbstretch_row\u00bb gap=\u00bb35&#8243; equal_height=\u00bbyes\u00bb content_placement=\u00bbmiddle\u00bb css=\u00bb.vc_custom_1575906788338{margin-top: 50px !important;background-color: #f7f7f7 !important;}\u00bb el_class=\u00bbpreFooter\u00bb][vc_column offset=\u00bbvc_col-lg-offset-1 vc_col-lg-10 vc_col-md-offset-1 vc_col-md-10&#8243;][vc_custom_heading text=\u00bbQui\u00e9nes somos\u00bb font_container=\u00bbtag:h2|text_align:center\u00bb use_theme_fonts=\u00bbyes\u00bb el_class=\u00bbtextUppercase\u00bb][vc_custom_heading text=\u00bb\u00abNuestros clientes tienen que olvidarse de la gesti\u00f3n de los tapones. El tap\u00f3n en producci\u00f3n es como el bol\u00edgrafo en una oficina: nadie espera no encontrarlo cuando lo necesita\u00ab.\u00bb font_container=\u00bbtag:h3|text_align:center\u00bb use_theme_fonts=\u00bbyes\u00bb][vc_empty_space][vc_btn title=\u00bbDESCUBRA LA EMPRESA DLM &gt;\u00bb style=\u00bboutline-custom\u00bb outline_custom_color=\u00bb#333333&#8243; outline_custom_hover_background=\u00bb#333333&#8243; outline_custom_hover_text=\u00bb#ffffff\u00bb shape=\u00bbsquare\u00bb align=\u00bbcenter\u00bb link=\u00bburl:https%3A%2F%2Fdlmtappi.com%2Fes%2Fempresa%2F|title:Empresa\u00bb el_class=\u00bbtextUppercase\u00bb][vc_empty_space height=\u00bb20px\u00bb][\/vc_column][\/vc_row]<\/p>\n<\/section>","protected":false},"excerpt":{"rendered":"<p>[vc_row gap=\u00bb20&#8243; equal_height=\u00bbyes\u00bb content_placement=\u00bbmiddle\u00bb][vc_column width=\u00bb1\/2&#8243; offset=\u00bbvc_hidden-xs\u00bb][vc_column_text]En t\u00e9rminos de sostenibilidad, nos dedicamos al desarrollo de productos fabricados con pl\u00e1sticos biodegradables y de \u00absegunda vida\u00bb. Adem\u00e1s de la b\u00fasqueda de materiales con un bajo impacto ambiental, el deseo de la empresa es reducir los residuos mediante \u00abcircuitos cerrados\u00bb para recuperar los residuos y el material de desecho.[\/vc_column_text][vc_empty_space][vc_column_text]Desde&hellip;<\/p>\n","protected":false},"author":1,"featured_media":11267,"parent":11298,"menu_order":0,"comment_status":"closed","ping_status":"closed","template":"","meta":{"_acf_changed":false,"footnotes":""},"class_list":["post-11265","page","type-page","status-publish","has-post-thumbnail","hentry","description-off"],"acf":[],"yoast_head":"<!-- This site is optimized with the Yoast SEO plugin v25.6 - https:\/\/yoast.com\/wordpress\/plugins\/seo\/ -->\n<title>Sostenibilit\u00e0 ambientale - Riciclo Plastica - DLM tappi<\/title>\n<meta name=\"description\" content=\"Produciamo prodotti con plastiche biodegradabili e di seconda vita. Scopri i nostri progetti di riciclo plastico e sostenibilit\u00e0 ambientale\" \/>\n<meta name=\"robots\" content=\"index, follow, max-snippet:-1, max-image-preview:large, max-video-preview:-1\" \/>\n<link rel=\"canonical\" href=\"https:\/\/dlmtappi.com\/es\/empresa\/sostenibilidad\/\" \/>\n<meta property=\"og:locale\" content=\"es_ES\" \/>\n<meta property=\"og:type\" content=\"article\" \/>\n<meta property=\"og:title\" content=\"Sostenibilit\u00e0 ambientale - Riciclo Plastica - DLM tappi\" \/>\n<meta property=\"og:description\" content=\"Produciamo prodotti con plastiche biodegradabili e di seconda vita. Scopri i nostri progetti di riciclo plastico e sostenibilit\u00e0 ambientale\" \/>\n<meta property=\"og:url\" content=\"https:\/\/dlmtappi.com\/es\/empresa\/sostenibilidad\/\" \/>\n<meta property=\"og:site_name\" content=\"DLM tappi\" \/>\n<meta property=\"article:modified_time\" content=\"2025-12-23T15:53:53+00:00\" \/>\n<meta property=\"og:image\" content=\"https:\/\/dlmtappi.com\/wp-content\/uploads\/2022\/12\/Eco_plugs_male_short_push-in_with_pull_tab.jpg\" \/>\n\t<meta property=\"og:image:width\" content=\"1824\" \/>\n\t<meta property=\"og:image:height\" content=\"1221\" \/>\n\t<meta property=\"og:image:type\" content=\"image\/jpeg\" \/>\n<meta name=\"twitter:card\" content=\"summary_large_image\" \/>\n<meta name=\"twitter:label1\" content=\"Tiempo de lectura\" \/>\n\t<meta name=\"twitter:data1\" content=\"3 minutos\" \/>\n<script type=\"application\/ld+json\" class=\"yoast-schema-graph\">{\"@context\":\"https:\/\/schema.org\",\"@graph\":[{\"@type\":\"WebPage\",\"@id\":\"https:\/\/dlmtappi.com\/es\/empresa\/sostenibilidad\/\",\"url\":\"https:\/\/dlmtappi.com\/es\/empresa\/sostenibilidad\/\",\"name\":\"Sostenibilit\u00e0 ambientale - Riciclo Plastica - DLM tappi\",\"isPartOf\":{\"@id\":\"https:\/\/dlmtappi.com\/es\/#website\"},\"primaryImageOfPage\":{\"@id\":\"https:\/\/dlmtappi.com\/es\/empresa\/sostenibilidad\/#primaryimage\"},\"image\":{\"@id\":\"https:\/\/dlmtappi.com\/es\/empresa\/sostenibilidad\/#primaryimage\"},\"thumbnailUrl\":\"https:\/\/dlmtappi.com\/wp-content\/uploads\/2022\/12\/Eco_plugs_male_short_push-in_with_pull_tab.jpg\",\"datePublished\":\"2019-07-30T12:22:38+00:00\",\"dateModified\":\"2025-12-23T15:53:53+00:00\",\"description\":\"Produciamo prodotti con plastiche biodegradabili e di seconda vita. Scopri i nostri progetti di riciclo plastico e sostenibilit\u00e0 ambientale\",\"breadcrumb\":{\"@id\":\"https:\/\/dlmtappi.com\/es\/empresa\/sostenibilidad\/#breadcrumb\"},\"inLanguage\":\"es\",\"potentialAction\":[{\"@type\":\"ReadAction\",\"target\":[\"https:\/\/dlmtappi.com\/es\/empresa\/sostenibilidad\/\"]}]},{\"@type\":\"ImageObject\",\"inLanguage\":\"es\",\"@id\":\"https:\/\/dlmtappi.com\/es\/empresa\/sostenibilidad\/#primaryimage\",\"url\":\"https:\/\/dlmtappi.com\/wp-content\/uploads\/2022\/12\/Eco_plugs_male_short_push-in_with_pull_tab.jpg\",\"contentUrl\":\"https:\/\/dlmtappi.com\/wp-content\/uploads\/2022\/12\/Eco_plugs_male_short_push-in_with_pull_tab.jpg\",\"width\":1824,\"height\":1221},{\"@type\":\"BreadcrumbList\",\"@id\":\"https:\/\/dlmtappi.com\/es\/empresa\/sostenibilidad\/#breadcrumb\",\"itemListElement\":[{\"@type\":\"ListItem\",\"position\":1,\"name\":\"Home\",\"item\":\"https:\/\/dlmtappi.com\/es\/\"},{\"@type\":\"ListItem\",\"position\":2,\"name\":\"Empresa\",\"item\":\"https:\/\/dlmtappi.com\/es\/empresa\/\"},{\"@type\":\"ListItem\",\"position\":3,\"name\":\"Sostenibilidad\"}]},{\"@type\":\"WebSite\",\"@id\":\"https:\/\/dlmtappi.com\/es\/#website\",\"url\":\"https:\/\/dlmtappi.com\/es\/\",\"name\":\"DLM tappi\",\"description\":\"Produzione tappi tecnici e protezione filetti in plastica\",\"publisher\":{\"@id\":\"https:\/\/dlmtappi.com\/es\/#organization\"},\"potentialAction\":[{\"@type\":\"SearchAction\",\"target\":{\"@type\":\"EntryPoint\",\"urlTemplate\":\"https:\/\/dlmtappi.com\/es\/?s={search_term_string}\"},\"query-input\":{\"@type\":\"PropertyValueSpecification\",\"valueRequired\":true,\"valueName\":\"search_term_string\"}}],\"inLanguage\":\"es\"},{\"@type\":\"Organization\",\"@id\":\"https:\/\/dlmtappi.com\/es\/#organization\",\"name\":\"DLM tappi\",\"url\":\"https:\/\/dlmtappi.com\/es\/\",\"logo\":{\"@type\":\"ImageObject\",\"inLanguage\":\"es\",\"@id\":\"https:\/\/dlmtappi.com\/es\/#\/schema\/logo\/image\/\",\"url\":\"https:\/\/dlmtappi.com\/wp-content\/uploads\/2022\/12\/dlm_logo_foglia.png\",\"contentUrl\":\"https:\/\/dlmtappi.com\/wp-content\/uploads\/2022\/12\/dlm_logo_foglia.png\",\"width\":114,\"height\":100,\"caption\":\"DLM tappi\"},\"image\":{\"@id\":\"https:\/\/dlmtappi.com\/es\/#\/schema\/logo\/image\/\"}}]}<\/script>\n<!-- \/ Yoast SEO plugin. -->","yoast_head_json":{"title":"Sostenibilit\u00e0 ambientale - Riciclo Plastica - DLM tappi","description":"Produciamo prodotti con plastiche biodegradabili e di seconda vita. Scopri i nostri progetti di riciclo plastico e sostenibilit\u00e0 ambientale","robots":{"index":"index","follow":"follow","max-snippet":"max-snippet:-1","max-image-preview":"max-image-preview:large","max-video-preview":"max-video-preview:-1"},"canonical":"https:\/\/dlmtappi.com\/es\/empresa\/sostenibilidad\/","og_locale":"es_ES","og_type":"article","og_title":"Sostenibilit\u00e0 ambientale - Riciclo Plastica - DLM tappi","og_description":"Produciamo prodotti con plastiche biodegradabili e di seconda vita. Scopri i nostri progetti di riciclo plastico e sostenibilit\u00e0 ambientale","og_url":"https:\/\/dlmtappi.com\/es\/empresa\/sostenibilidad\/","og_site_name":"DLM tappi","article_modified_time":"2025-12-23T15:53:53+00:00","og_image":[{"width":1824,"height":1221,"url":"https:\/\/dlmtappi.com\/wp-content\/uploads\/2022\/12\/Eco_plugs_male_short_push-in_with_pull_tab.jpg","type":"image\/jpeg"}],"twitter_card":"summary_large_image","twitter_misc":{"Tiempo de lectura":"3 minutos"},"schema":{"@context":"https:\/\/schema.org","@graph":[{"@type":"WebPage","@id":"https:\/\/dlmtappi.com\/es\/empresa\/sostenibilidad\/","url":"https:\/\/dlmtappi.com\/es\/empresa\/sostenibilidad\/","name":"Sostenibilit\u00e0 ambientale - Riciclo Plastica - DLM tappi","isPartOf":{"@id":"https:\/\/dlmtappi.com\/es\/#website"},"primaryImageOfPage":{"@id":"https:\/\/dlmtappi.com\/es\/empresa\/sostenibilidad\/#primaryimage"},"image":{"@id":"https:\/\/dlmtappi.com\/es\/empresa\/sostenibilidad\/#primaryimage"},"thumbnailUrl":"https:\/\/dlmtappi.com\/wp-content\/uploads\/2022\/12\/Eco_plugs_male_short_push-in_with_pull_tab.jpg","datePublished":"2019-07-30T12:22:38+00:00","dateModified":"2025-12-23T15:53:53+00:00","description":"Produciamo prodotti con plastiche biodegradabili e di seconda vita. Scopri i nostri progetti di riciclo plastico e sostenibilit\u00e0 ambientale","breadcrumb":{"@id":"https:\/\/dlmtappi.com\/es\/empresa\/sostenibilidad\/#breadcrumb"},"inLanguage":"es","potentialAction":[{"@type":"ReadAction","target":["https:\/\/dlmtappi.com\/es\/empresa\/sostenibilidad\/"]}]},{"@type":"ImageObject","inLanguage":"es","@id":"https:\/\/dlmtappi.com\/es\/empresa\/sostenibilidad\/#primaryimage","url":"https:\/\/dlmtappi.com\/wp-content\/uploads\/2022\/12\/Eco_plugs_male_short_push-in_with_pull_tab.jpg","contentUrl":"https:\/\/dlmtappi.com\/wp-content\/uploads\/2022\/12\/Eco_plugs_male_short_push-in_with_pull_tab.jpg","width":1824,"height":1221},{"@type":"BreadcrumbList","@id":"https:\/\/dlmtappi.com\/es\/empresa\/sostenibilidad\/#breadcrumb","itemListElement":[{"@type":"ListItem","position":1,"name":"Home","item":"https:\/\/dlmtappi.com\/es\/"},{"@type":"ListItem","position":2,"name":"Empresa","item":"https:\/\/dlmtappi.com\/es\/empresa\/"},{"@type":"ListItem","position":3,"name":"Sostenibilidad"}]},{"@type":"WebSite","@id":"https:\/\/dlmtappi.com\/es\/#website","url":"https:\/\/dlmtappi.com\/es\/","name":"DLM tappi","description":"Produzione tappi tecnici e protezione filetti in plastica","publisher":{"@id":"https:\/\/dlmtappi.com\/es\/#organization"},"potentialAction":[{"@type":"SearchAction","target":{"@type":"EntryPoint","urlTemplate":"https:\/\/dlmtappi.com\/es\/?s={search_term_string}"},"query-input":{"@type":"PropertyValueSpecification","valueRequired":true,"valueName":"search_term_string"}}],"inLanguage":"es"},{"@type":"Organization","@id":"https:\/\/dlmtappi.com\/es\/#organization","name":"DLM tappi","url":"https:\/\/dlmtappi.com\/es\/","logo":{"@type":"ImageObject","inLanguage":"es","@id":"https:\/\/dlmtappi.com\/es\/#\/schema\/logo\/image\/","url":"https:\/\/dlmtappi.com\/wp-content\/uploads\/2022\/12\/dlm_logo_foglia.png","contentUrl":"https:\/\/dlmtappi.com\/wp-content\/uploads\/2022\/12\/dlm_logo_foglia.png","width":114,"height":100,"caption":"DLM tappi"},"image":{"@id":"https:\/\/dlmtappi.com\/es\/#\/schema\/logo\/image\/"}}]}},"_links":{"self":[{"href":"https:\/\/dlmtappi.com\/es\/wp-json\/wp\/v2\/pages\/11265","targetHints":{"allow":["GET"]}}],"collection":[{"href":"https:\/\/dlmtappi.com\/es\/wp-json\/wp\/v2\/pages"}],"about":[{"href":"https:\/\/dlmtappi.com\/es\/wp-json\/wp\/v2\/types\/page"}],"author":[{"embeddable":true,"href":"https:\/\/dlmtappi.com\/es\/wp-json\/wp\/v2\/users\/1"}],"replies":[{"embeddable":true,"href":"https:\/\/dlmtappi.com\/es\/wp-json\/wp\/v2\/comments?post=11265"}],"version-history":[{"count":3,"href":"https:\/\/dlmtappi.com\/es\/wp-json\/wp\/v2\/pages\/11265\/revisions"}],"predecessor-version":[{"id":11344,"href":"https:\/\/dlmtappi.com\/es\/wp-json\/wp\/v2\/pages\/11265\/revisions\/11344"}],"up":[{"embeddable":true,"href":"https:\/\/dlmtappi.com\/es\/wp-json\/wp\/v2\/pages\/11298"}],"wp:featuredmedia":[{"embeddable":true,"href":"https:\/\/dlmtappi.com\/es\/wp-json\/wp\/v2\/media\/11267"}],"wp:attachment":[{"href":"https:\/\/dlmtappi.com\/es\/wp-json\/wp\/v2\/media?parent=11265"}],"curies":[{"name":"wp","href":"https:\/\/api.w.org\/{rel}","templated":true}]}}