{"id":11284,"date":"2019-09-06T15:31:47","date_gmt":"2019-09-06T13:31:47","guid":{"rendered":"https:\/\/dlmtappi.com\/prodotti-custom\/"},"modified":"2025-12-23T16:49:35","modified_gmt":"2025-12-23T15:49:35","slug":"productos-personalizados","status":"publish","type":"page","link":"https:\/\/dlmtappi.com\/es\/empresa\/productos-personalizados\/","title":{"rendered":"Productos personalizados"},"content":{"rendered":"<section class=\"wpb-content-wrapper\"><p>[vc_row gap=\u00bb20&#8243; equal_height=\u00bbyes\u00bb content_placement=\u00bbtop\u00bb][vc_column width=\u00bb1\/2&#8243; offset=\u00bbvc_hidden-xs\u00bb][vc_column_text]Despu\u00e9s de patentar e ingeniar nuestros productos, decidimos desarrollar un <strong>taller de herramientas interno<\/strong> en toda regla. El reto consist\u00eda en satisfacer no s\u00f3lo las necesidades internas de mantenimiento, sino tambi\u00e9n la acuciante demanda del <strong>sector de la automoci\u00f3n<\/strong> de una producci\u00f3n a medida.<\/p>\n<p>Para poder responder a las nuevas demandas de forma m\u00e1s atenta y avanzada, creamos en primer lugar una <strong>nueva rama de la empresa<\/strong>, equipada con centros de mecanizado y erosi\u00f3n por hilo y platina. Paralelamente, fue necesario invertir en la creaci\u00f3n de un <strong>Departamento T\u00e9cnico<\/strong> capaz de seguir todo el proceso de producci\u00f3n codo con codo con el cliente. Desde el desarrollo de todo el componente hasta el resultado final de la protecci\u00f3n, en sinergia con los departamentos de I+D y UT del propio cliente.[\/vc_column_text][\/vc_column][vc_column width=\u00bb1\/2&#8243; offset=\u00bbvc_hidden-xs\u00bb][vc_single_image image=\u00bb7411&#8243; img_size=\u00bblarge\u00bb alignment=\u00bbcenter\u00bb image_hovers=\u00bbfalse\u00bb lazy_loading=\u00bbtrue\u00bb][\/vc_column][\/vc_row][vc_row equal_height=\u00bbyes\u00bb content_placement=\u00bbtop\u00bb css=\u00bb.vc_custom_1575900930450{padding-top: 50px !important;}\u00bb][vc_column offset=\u00bbvc_hidden-lg vc_hidden-md vc_hidden-sm\u00bb][vc_column_text]Dopo aver brevettato ed ingegnerizzato i nostri prodotti, abbiamo deciso di sviluppare una vera e propria <b>attrezzeria interna<\/b>. La sfida era soddisfare non soltanto le necessit\u00e0 di manutenzione interna, ma anche l\u2019impellente domanda del <b>settore Automotive<\/b> di una produzione customizzata.<\/p>\n<p>Per riuscire a rispondere alle nuove richieste in modo sempre pi\u00f9 attento e avanzato abbiamo anzitutto creato un <b>nuovo ramo d\u2019azienda<\/b>, provvisto di centri di lavoro, erosioni a filo e tuffo. Parallelamente \u00e8 stato necessario investire nella creazione di un <b>Ufficio Tecnico<\/b> in grado di seguire, fianco a fianco al cliente, l\u2019intero processo produttivo. Dallo sviluppo di tutto il componente fino al risultato finale della protezione, in sinergia con gli enti R&amp;D e UT del cliente stesso.[\/vc_column_text][vc_single_image image=\u00bb7411&#8243; img_size=\u00bb440&#215;320&#8243; alignment=\u00bbcenter\u00bb image_hovers=\u00bbfalse\u00bb lazy_loading=\u00bbtrue\u00bb][\/vc_column][\/vc_row][vc_row gap=\u00bb20&#8243; equal_height=\u00bbyes\u00bb content_placement=\u00bbmiddle\u00bb][vc_column width=\u00bb1\/2&#8243; offset=\u00bbvc_hidden-xs\u00bb][vc_single_image image=\u00bb7413&#8243; img_size=\u00bblarge\u00bb alignment=\u00bbcenter\u00bb image_hovers=\u00bbfalse\u00bb lazy_loading=\u00bbtrue\u00bb][\/vc_column][vc_column width=\u00bb1\/2&#8243; offset=\u00bbvc_hidden-xs\u00bb][vc_column_text]Esto nos ha permitido convertirnos en un <strong>actor de referencia<\/strong> para el sector de la automoci\u00f3n en el \u00e1mbito de las protecciones y, al mismo tiempo, desarrollar proyectos a medida junto con nuestros clientes. De hecho, a menudo se nos presenta la necesidad de un producto que no pertenece a la gama est\u00e1ndar de DLM. En estos casos, por lo tanto, es indispensable partir de una idea y de un dise\u00f1o <strong>estudiado espec\u00edficamente<\/strong> para esa protecci\u00f3n concreta. Tras compartir el dise\u00f1o en 2D, pasamos a la realizaci\u00f3n de la muestra en 3D, para finalizar el proceso con la producci\u00f3n de un molde en serie.[\/vc_column_text][\/vc_column][\/vc_row][vc_row equal_height=\u00bbyes\u00bb content_placement=\u00bbmiddle\u00bb css=\u00bb.vc_custom_1575900995075{padding-top: 50px !important;}\u00bb][vc_column offset=\u00bbvc_hidden-lg vc_hidden-md vc_hidden-sm\u00bb][vc_column_text]Esto nos ha permitido convertirnos en un <strong>actor de referencia<\/strong> para el sector de la automoci\u00f3n en el \u00e1mbito de las protecciones y, al mismo tiempo, desarrollar proyectos a medida junto con nuestros clientes. De hecho, a menudo se nos presenta la necesidad de un producto que no pertenece a la gama est\u00e1ndar de DLM. En estos casos, por lo tanto, es indispensable partir de una idea y de un dise\u00f1o <strong>estudiado espec\u00edficamente<\/strong> para esa protecci\u00f3n concreta. Tras compartir el dise\u00f1o en 2D, pasamos a la realizaci\u00f3n de la muestra en 3D, para finalizar el proceso con la producci\u00f3n de un molde en serie.[\/vc_column_text][vc_single_image image=\u00bb7413&#8243; img_size=\u00bb440&#215;320&#8243; alignment=\u00bbcenter\u00bb image_hovers=\u00bbfalse\u00bb lazy_loading=\u00bbtrue\u00bb][\/vc_column][\/vc_row][vc_row full_width=\u00bbstretch_row\u00bb gap=\u00bb35&#8243; equal_height=\u00bbyes\u00bb content_placement=\u00bbmiddle\u00bb css=\u00bb.vc_custom_1575906570947{background-color: #f7f7f7 !important;}\u00bb el_class=\u00bbpreFooter\u00bb][vc_column offset=\u00bbvc_col-lg-offset-1 vc_col-lg-10 vc_col-md-offset-1 vc_col-md-10&#8243;][vc_custom_heading text=\u00bbProductos\u00bb font_container=\u00bbtag:h2|text_align:center\u00bb use_theme_fonts=\u00bbyes\u00bb el_class=\u00bbtextUppercase\u00bb][vc_custom_heading text=\u00bbNuestros art\u00edculos se estudian, dise\u00f1an y fabrican para salvaguardar las roscas y evitar la contaminaci\u00f3n externa.\u00bb font_container=\u00bbtag:h3|text_align:center\u00bb use_theme_fonts=\u00bbyes\u00bb][vc_empty_space][vc_btn title=\u00bbVER NUESTROS PRODUCTOS &gt;\u00bb style=\u00bboutline-custom\u00bb outline_custom_color=\u00bb#333333&#8243; outline_custom_hover_background=\u00bb#333333&#8243; outline_custom_hover_text=\u00bb#ffffff\u00bb shape=\u00bbsquare\u00bb align=\u00bbcenter\u00bb link=\u00bburl:https%3A%2F%2Fdlmtappi.com%2Fes%2Fcategorias%2F|title:Categor%C3%ADas\u00bb el_class=\u00bbtextUppercase\u00bb][vc_empty_space height=\u00bb20px\u00bb][\/vc_column][\/vc_row]<\/p>\n<\/section>","protected":false},"excerpt":{"rendered":"<p>[vc_row gap=\u00bb20&#8243; equal_height=\u00bbyes\u00bb content_placement=\u00bbtop\u00bb][vc_column width=\u00bb1\/2&#8243; offset=\u00bbvc_hidden-xs\u00bb][vc_column_text]Despu\u00e9s de patentar e ingeniar nuestros productos, decidimos desarrollar un taller de herramientas interno en toda regla. El reto consist\u00eda en satisfacer no s\u00f3lo las necesidades internas de mantenimiento, sino tambi\u00e9n la acuciante demanda del sector de la automoci\u00f3n de una producci\u00f3n a medida. Para poder responder a las nuevas&hellip;<\/p>\n","protected":false},"author":1,"featured_media":0,"parent":11298,"menu_order":0,"comment_status":"closed","ping_status":"closed","template":"","meta":{"_acf_changed":false,"footnotes":""},"class_list":["post-11284","page","type-page","status-publish","hentry","description-off"],"acf":[],"yoast_head":"<!-- This site is optimized with the Yoast SEO plugin v25.6 - https:\/\/yoast.com\/wordpress\/plugins\/seo\/ -->\n<title>Gorras Personalizadas | Productos Personalizados - DLM tappi<\/title>\n<meta name=\"description\" content=\"DLM Tappi produce y dise\u00f1a gorras y productos personalizados para sus clientes gracias a la experiencia de su departamento t\u00e9cnico. \u00a1Descubre m\u00e1s!\" \/>\n<meta name=\"robots\" content=\"index, follow, max-snippet:-1, max-image-preview:large, max-video-preview:-1\" \/>\n<link rel=\"canonical\" href=\"https:\/\/dlmtappi.com\/es\/empresa\/productos-personalizados\/\" \/>\n<meta property=\"og:locale\" content=\"es_ES\" \/>\n<meta property=\"og:type\" content=\"article\" \/>\n<meta property=\"og:title\" content=\"Gorras Personalizadas | Productos Personalizados - DLM tappi\" \/>\n<meta property=\"og:description\" content=\"DLM Tappi produce y dise\u00f1a gorras y productos personalizados para sus clientes gracias a la experiencia de su departamento t\u00e9cnico. \u00a1Descubre m\u00e1s!\" \/>\n<meta property=\"og:url\" content=\"https:\/\/dlmtappi.com\/es\/empresa\/productos-personalizados\/\" \/>\n<meta property=\"og:site_name\" content=\"DLM tappi\" \/>\n<meta property=\"article:modified_time\" content=\"2025-12-23T15:49:35+00:00\" \/>\n<meta name=\"twitter:card\" content=\"summary_large_image\" \/>\n<meta name=\"twitter:label1\" content=\"Tiempo de lectura\" \/>\n\t<meta name=\"twitter:data1\" content=\"3 minutos\" \/>\n<script type=\"application\/ld+json\" class=\"yoast-schema-graph\">{\"@context\":\"https:\/\/schema.org\",\"@graph\":[{\"@type\":\"WebPage\",\"@id\":\"https:\/\/dlmtappi.com\/es\/empresa\/productos-personalizados\/\",\"url\":\"https:\/\/dlmtappi.com\/es\/empresa\/productos-personalizados\/\",\"name\":\"Gorras Personalizadas | Productos Personalizados - DLM tappi\",\"isPartOf\":{\"@id\":\"https:\/\/dlmtappi.com\/es\/#website\"},\"datePublished\":\"2019-09-06T13:31:47+00:00\",\"dateModified\":\"2025-12-23T15:49:35+00:00\",\"description\":\"DLM Tappi produce y dise\u00f1a gorras y productos personalizados para sus clientes gracias a la experiencia de su departamento t\u00e9cnico. \u00a1Descubre m\u00e1s!\",\"breadcrumb\":{\"@id\":\"https:\/\/dlmtappi.com\/es\/empresa\/productos-personalizados\/#breadcrumb\"},\"inLanguage\":\"es\",\"potentialAction\":[{\"@type\":\"ReadAction\",\"target\":[\"https:\/\/dlmtappi.com\/es\/empresa\/productos-personalizados\/\"]}]},{\"@type\":\"BreadcrumbList\",\"@id\":\"https:\/\/dlmtappi.com\/es\/empresa\/productos-personalizados\/#breadcrumb\",\"itemListElement\":[{\"@type\":\"ListItem\",\"position\":1,\"name\":\"Home\",\"item\":\"https:\/\/dlmtappi.com\/es\/\"},{\"@type\":\"ListItem\",\"position\":2,\"name\":\"Empresa\",\"item\":\"https:\/\/dlmtappi.com\/es\/empresa\/\"},{\"@type\":\"ListItem\",\"position\":3,\"name\":\"Productos personalizados\"}]},{\"@type\":\"WebSite\",\"@id\":\"https:\/\/dlmtappi.com\/es\/#website\",\"url\":\"https:\/\/dlmtappi.com\/es\/\",\"name\":\"DLM tappi\",\"description\":\"Produzione tappi tecnici e protezione filetti in plastica\",\"publisher\":{\"@id\":\"https:\/\/dlmtappi.com\/es\/#organization\"},\"potentialAction\":[{\"@type\":\"SearchAction\",\"target\":{\"@type\":\"EntryPoint\",\"urlTemplate\":\"https:\/\/dlmtappi.com\/es\/?s={search_term_string}\"},\"query-input\":{\"@type\":\"PropertyValueSpecification\",\"valueRequired\":true,\"valueName\":\"search_term_string\"}}],\"inLanguage\":\"es\"},{\"@type\":\"Organization\",\"@id\":\"https:\/\/dlmtappi.com\/es\/#organization\",\"name\":\"DLM tappi\",\"url\":\"https:\/\/dlmtappi.com\/es\/\",\"logo\":{\"@type\":\"ImageObject\",\"inLanguage\":\"es\",\"@id\":\"https:\/\/dlmtappi.com\/es\/#\/schema\/logo\/image\/\",\"url\":\"https:\/\/dlmtappi.com\/wp-content\/uploads\/2022\/12\/dlm_logo_foglia.png\",\"contentUrl\":\"https:\/\/dlmtappi.com\/wp-content\/uploads\/2022\/12\/dlm_logo_foglia.png\",\"width\":114,\"height\":100,\"caption\":\"DLM tappi\"},\"image\":{\"@id\":\"https:\/\/dlmtappi.com\/es\/#\/schema\/logo\/image\/\"}}]}<\/script>\n<!-- \/ Yoast SEO plugin. -->","yoast_head_json":{"title":"Gorras Personalizadas | Productos Personalizados - DLM tappi","description":"DLM Tappi produce y dise\u00f1a gorras y productos personalizados para sus clientes gracias a la experiencia de su departamento t\u00e9cnico. \u00a1Descubre m\u00e1s!","robots":{"index":"index","follow":"follow","max-snippet":"max-snippet:-1","max-image-preview":"max-image-preview:large","max-video-preview":"max-video-preview:-1"},"canonical":"https:\/\/dlmtappi.com\/es\/empresa\/productos-personalizados\/","og_locale":"es_ES","og_type":"article","og_title":"Gorras Personalizadas | Productos Personalizados - DLM tappi","og_description":"DLM Tappi produce y dise\u00f1a gorras y productos personalizados para sus clientes gracias a la experiencia de su departamento t\u00e9cnico. \u00a1Descubre m\u00e1s!","og_url":"https:\/\/dlmtappi.com\/es\/empresa\/productos-personalizados\/","og_site_name":"DLM tappi","article_modified_time":"2025-12-23T15:49:35+00:00","twitter_card":"summary_large_image","twitter_misc":{"Tiempo de lectura":"3 minutos"},"schema":{"@context":"https:\/\/schema.org","@graph":[{"@type":"WebPage","@id":"https:\/\/dlmtappi.com\/es\/empresa\/productos-personalizados\/","url":"https:\/\/dlmtappi.com\/es\/empresa\/productos-personalizados\/","name":"Gorras Personalizadas | Productos Personalizados - DLM tappi","isPartOf":{"@id":"https:\/\/dlmtappi.com\/es\/#website"},"datePublished":"2019-09-06T13:31:47+00:00","dateModified":"2025-12-23T15:49:35+00:00","description":"DLM Tappi produce y dise\u00f1a gorras y productos personalizados para sus clientes gracias a la experiencia de su departamento t\u00e9cnico. \u00a1Descubre m\u00e1s!","breadcrumb":{"@id":"https:\/\/dlmtappi.com\/es\/empresa\/productos-personalizados\/#breadcrumb"},"inLanguage":"es","potentialAction":[{"@type":"ReadAction","target":["https:\/\/dlmtappi.com\/es\/empresa\/productos-personalizados\/"]}]},{"@type":"BreadcrumbList","@id":"https:\/\/dlmtappi.com\/es\/empresa\/productos-personalizados\/#breadcrumb","itemListElement":[{"@type":"ListItem","position":1,"name":"Home","item":"https:\/\/dlmtappi.com\/es\/"},{"@type":"ListItem","position":2,"name":"Empresa","item":"https:\/\/dlmtappi.com\/es\/empresa\/"},{"@type":"ListItem","position":3,"name":"Productos personalizados"}]},{"@type":"WebSite","@id":"https:\/\/dlmtappi.com\/es\/#website","url":"https:\/\/dlmtappi.com\/es\/","name":"DLM tappi","description":"Produzione tappi tecnici e protezione filetti in plastica","publisher":{"@id":"https:\/\/dlmtappi.com\/es\/#organization"},"potentialAction":[{"@type":"SearchAction","target":{"@type":"EntryPoint","urlTemplate":"https:\/\/dlmtappi.com\/es\/?s={search_term_string}"},"query-input":{"@type":"PropertyValueSpecification","valueRequired":true,"valueName":"search_term_string"}}],"inLanguage":"es"},{"@type":"Organization","@id":"https:\/\/dlmtappi.com\/es\/#organization","name":"DLM tappi","url":"https:\/\/dlmtappi.com\/es\/","logo":{"@type":"ImageObject","inLanguage":"es","@id":"https:\/\/dlmtappi.com\/es\/#\/schema\/logo\/image\/","url":"https:\/\/dlmtappi.com\/wp-content\/uploads\/2022\/12\/dlm_logo_foglia.png","contentUrl":"https:\/\/dlmtappi.com\/wp-content\/uploads\/2022\/12\/dlm_logo_foglia.png","width":114,"height":100,"caption":"DLM tappi"},"image":{"@id":"https:\/\/dlmtappi.com\/es\/#\/schema\/logo\/image\/"}}]}},"_links":{"self":[{"href":"https:\/\/dlmtappi.com\/es\/wp-json\/wp\/v2\/pages\/11284","targetHints":{"allow":["GET"]}}],"collection":[{"href":"https:\/\/dlmtappi.com\/es\/wp-json\/wp\/v2\/pages"}],"about":[{"href":"https:\/\/dlmtappi.com\/es\/wp-json\/wp\/v2\/types\/page"}],"author":[{"embeddable":true,"href":"https:\/\/dlmtappi.com\/es\/wp-json\/wp\/v2\/users\/1"}],"replies":[{"embeddable":true,"href":"https:\/\/dlmtappi.com\/es\/wp-json\/wp\/v2\/comments?post=11284"}],"version-history":[{"count":3,"href":"https:\/\/dlmtappi.com\/es\/wp-json\/wp\/v2\/pages\/11284\/revisions"}],"predecessor-version":[{"id":11333,"href":"https:\/\/dlmtappi.com\/es\/wp-json\/wp\/v2\/pages\/11284\/revisions\/11333"}],"up":[{"embeddable":true,"href":"https:\/\/dlmtappi.com\/es\/wp-json\/wp\/v2\/pages\/11298"}],"wp:attachment":[{"href":"https:\/\/dlmtappi.com\/es\/wp-json\/wp\/v2\/media?parent=11284"}],"curies":[{"name":"wp","href":"https:\/\/api.w.org\/{rel}","templated":true}]}}