{"id":11298,"date":"2019-07-30T12:14:42","date_gmt":"2019-07-30T10:14:42","guid":{"rendered":"https:\/\/dlmtappi.com\/azienda\/"},"modified":"2026-01-07T10:58:01","modified_gmt":"2026-01-07T09:58:01","slug":"empresa","status":"publish","type":"page","link":"https:\/\/dlmtappi.com\/es\/empresa\/","title":{"rendered":"Empresa"},"content":{"rendered":"<section class=\"wpb-content-wrapper\"><p>[vc_row gap=\u00bb20&#8243; equal_height=\u00bbyes\u00bb content_placement=\u00bbmiddle\u00bb][vc_column width=\u00bb1\/2&#8243; offset=\u00bbvc_hidden-xs\u00bb][vc_column_text]DLM ha sido una empresa especializada en la producci\u00f3n de sistemas de protecci\u00f3n durante m\u00e1s de 50 a\u00f1os.<\/p>\n<p>La empresa se ha comprometido, para 2025, a afrontar una <strong>transici\u00f3n ecol\u00f3gica total <\/strong>de sus productos y procesos productivos.<\/p>\n<p>El personal de DLM es el coraz\u00f3n palpitante de esta extraordinaria transici\u00f3n ecol\u00f3gica, que se transforma en <strong>acciones concretas <\/strong>tanto profesionales como personales.<\/p>\n<p>Nuestra transici\u00f3n ecol\u00f3gica es un compromiso concreto con nuestras familias, nuestros hijos y las futuras generaciones, para <strong>reducir el impacto ambiental <\/strong>de nuestros productos y procesos, que est\u00e1 firmemente anclado en el<strong> DLM GREEN DEAL<\/strong>.[\/vc_column_text][\/vc_column][vc_column width=\u00bb1\/2&#8243; css=\u00bb.vc_custom_1709894351283{background-image: url(https:\/\/dlmtappi.com\/wp-content\/uploads\/2024\/03\/spalla-laterale-azienda.jpg?id=10599) !important;background-position: center !important;background-repeat: no-repeat !important;background-size: contain !important;}\u00bb offset=\u00bbvc_hidden-xs\u00bb][\/vc_column][\/vc_row][vc_row equal_height=\u00bbyes\u00bb content_placement=\u00bbmiddle\u00bb][vc_column offset=\u00bbvc_hidden-lg vc_hidden-md vc_hidden-sm\u00bb][vc_single_image image=\u00bb9630&#8243; img_size=\u00bbfull\u00bb alignment=\u00bbcenter\u00bb][vc_column_text]DLM da oltre 50 anni \u00e8 un\u2019azienda specializzata nella produzione di sistemi di protezione.<\/p>\n<p>La societ\u00e0 si \u00e8 impegnata, entro il 2025, ad affrontare una <strong>totale transizione ecologica<\/strong> dei propri prodotti e processi produttivi.<\/p>\n<p>Lo Staff di DLM \u00e8 il cuore pulsante di questa straordinaria transizione ecologica, che si trasforma in <strong>azioni concrete<\/strong> sia a livello professionale che personale.<\/p>\n<p>La nostra transizione ecologica \u00e8 un impegno concreto nei confronti delle nostre famiglie, dei nostri figli e delle generazioni future, per <strong>ridurre l\u2019impatto ambientale<\/strong> dei nostri prodotti e processi, che trova solide fondamenta nel <strong>GREEN DEAL DLM<\/strong>.[\/vc_column_text][vc_single_image image=\u00bb10622&#8243; img_size=\u00bbfull\u00bb alignment=\u00bbcenter\u00bb][vc_column_text]La nostra LINEA GREEN realizzata con <strong>plastiche di seconda vita<\/strong> \u00e8 il risultato del nostro impegno verso l\u2019ambiente.<\/p>\n<p>I nostri prodotti ECO sono certificati PSV (Plastica Seconda Vita) e rispondono ai requisiti della ISO 14021.<br \/>\nLa linea ECO ci permetter\u00e0 di contribuire ad <strong>evitare l\u2019emissione di circa 800.000 kg di CO2 equivalente<\/strong>.<\/p>\n<p>Tutti gli articoli ECO saranno nuovamente riciclabili in ottica di <strong>economia circolare<\/strong>.<\/p>\n<p>DLM quotidianamente si impegna nello sviluppo di idee e soluzioni per soddisfare la sostenibilit\u00e0 economica, sociale ed ambientale, accogliendo sfide di <strong>miglioramento continuo<\/strong>.[\/vc_column_text][\/vc_column][\/vc_row][vc_row equal_height=\u00bbyes\u00bb content_placement=\u00bbmiddle\u00bb][vc_column][vc_empty_space height=\u00bb50px\u00bb][\/vc_column][\/vc_row][vc_row full_width=\u00bbstretch_row\u00bb gap=\u00bb20&#8243; equal_height=\u00bbyes\u00bb content_placement=\u00bbtop\u00bb disable_element=\u00bbyes\u00bb css=\u00bb.vc_custom_1673623706796{background-color: #f7f7f7 !important;}\u00bb][vc_column width=\u00bb1\/3&#8243;][vc_custom_heading text=\u00bbTeam\u00bb font_container=\u00bbtag:h3|text_align:left\u00bb use_theme_fonts=\u00bbyes\u00bb el_class=\u00bbtextUppercase myHtre\u00bb][vc_column_text el_class=\u00bbleftBorder\u00bb]La nostra azienda \u00e8 composta da un team di <b>14 persone altamente specializzate<\/b> e costantemente formate, per rispondere da <b>oltre 30 anni <\/b>alle continue richieste del mercato.[\/vc_column_text][\/vc_column][vc_column width=\u00bb1\/3&#8243;][vc_custom_heading text=\u00bbParco macchine\u00bb font_container=\u00bbtag:h3|text_align:left\u00bb use_theme_fonts=\u00bbyes\u00bb el_class=\u00bbtextUppercase myHtre\u00bb][vc_column_text el_class=\u00bbleftBorder\u00bb]Il parco macchine \u00e8 costituito da <b>45 presse<\/b> per lo stampaggio ad iniezione, <b>un impianto<\/b> per lo stampaggio ad immersione ed <b>una attrezzeria<\/b> per la realizzazione degli stampi.[\/vc_column_text][\/vc_column][vc_column width=\u00bb1\/3&#8243;][vc_custom_heading text=\u00bbMission\u00bb font_container=\u00bbtag:h3|text_align:left\u00bb use_theme_fonts=\u00bbyes\u00bb el_class=\u00bbtextUppercase myHtre\u00bb][vc_column_text el_class=\u00bbleftBorder\u00bb]\u201cI nostri clienti devono dimenticarsi della gestione dei tappi. Il tappo in produzione \u00e8 come la penna in un ufficio: nessuno si aspetta di non trovarlo nel momento del bisogno.\u201d[\/vc_column_text][\/vc_column][\/vc_row][vc_row full_width=\u00bbstretch_row\u00bb gap=\u00bb20&#8243; equal_height=\u00bbyes\u00bb content_placement=\u00bbtop\u00bb disable_element=\u00bbyes\u00bb css=\u00bb.vc_custom_1673623715464{background-color: #f7f7f7 !important;}\u00bb][vc_column width=\u00bb1\/3&#8243;][vc_custom_heading text=\u00bbFilosofia\u00bb font_container=\u00bbtag:h3|text_align:left\u00bb use_theme_fonts=\u00bbyes\u00bb el_class=\u00bbtextUppercase myHtre\u00bb][vc_column_text el_class=\u00bbleftBorder\u00bb]Le nostre tecniche di fornitura si sono consolidate nella filosofia <b>Just in time<\/b> e <b>Kanban<\/b>. Siamo sensibili ai contenuti delle nuove normative in materia ambientale e ci stiamo concentrando nello <b>sviluppo di nuovi prodotti eco-compatibili<\/b>. La nostra azienda \u00e8 <b>certificata<\/b> secondo la normativa UNI EN ISO 9001:2015.[\/vc_column_text][\/vc_column][vc_column width=\u00bb1\/3&#8243;][vc_custom_heading text=\u00bbProduzione\u00bb font_container=\u00bbtag:h3|text_align:left\u00bb use_theme_fonts=\u00bbyes\u00bb el_class=\u00bbtextUppercase myHtre\u00bb][vc_column_text el_class=\u00bbleftBorder\u00bb]La nostra area produttiva si estende su circa <b>2.000 mq<\/b>, mentre la logistica ed il magazzino dei prodotti finiti si trovano a pochi chilometri dal sito produttivo e coprono un\u2019area di circa 1.500 mq. Siamo costantemente riforniti con <b>oltre 5.000 articoli<\/b> della nostra gamma standard.[\/vc_column_text][\/vc_column][vc_column width=\u00bb1\/3&#8243;][vc_custom_heading text=\u00bbSettori\u00bb font_container=\u00bbtag:h3|text_align:left\u00bb use_theme_fonts=\u00bbyes\u00bb el_class=\u00bbtextUppercase myHtre\u00bb][vc_column_text el_class=\u00bbleftBorder\u00bb]I nostri rapporti commerciali sono in continuo sviluppo con aziende leader nei settori dell\u2019<b>Automotive<\/b> e del <b>Condizionamento<\/b>, oltre che dell\u2019<b>Oleodimanica<\/b> e dell\u2019<b>Oleopneumatica<\/b>.[\/vc_column_text][\/vc_column][\/vc_row][vc_row equal_height=\u00bbyes\u00bb content_placement=\u00bbmiddle\u00bb disable_element=\u00bbyes\u00bb][vc_column width=\u00bb1\/2&#8243; css=\u00bb.vc_custom_1575900256001{margin-top: 50px !important;margin-bottom: 50px !important;background-image: url(https:\/\/dlmtappi.com\/wp-content\/uploads\/2019\/12\/DLM-cosa-caffiamo.jpg?id=5778) !important;background-position: center !important;background-repeat: no-repeat !important;background-size: contain !important;}\u00bb offset=\u00bbvc_hidden-xs\u00bb][\/vc_column][vc_column width=\u00bb1\/2&#8243; offset=\u00bbvc_hidden-xs\u00bb][vc_empty_space height=\u00bb100px\u00bb][vc_column_text]Affianchiamo i nostri clienti dall\u2019inizio alla fine. In fase di <b>progettazione<\/b> della protezione suggeriamo i <b>materiali <\/b>migliori e pi\u00f9 adeguati all&#8217;applicazione richiesta. Definiamo il <b>layout<\/b> pi\u00f9 sicuro. A seconda dell\u2019utilizzo realizziamo <b>prototipi<\/b> funzionali e stampi di produzione, grazie alla nostra attrezzeria interna.<\/p>\n<p>Inoltre garantiamo eventuali <b>scorte<\/b> del prodotto &#8211; in base alle necessit\u00e0 del cliente &#8211; grazie al magazzino di oltre 2.000 mq, con ulteriori aree dedicate ai prodotti customizzati. La <b>distribuzione<\/b> dei prodotti viene organizzata in ogni parte del mondo.[\/vc_column_text][vc_empty_space height=\u00bb100px\u00bb][\/vc_column][\/vc_row][vc_row equal_height=\u00bbyes\u00bb content_placement=\u00bbmiddle\u00bb disable_element=\u00bbyes\u00bb css=\u00bb.vc_custom_1676622493793{padding-top: 50px !important;}\u00bb][vc_column offset=\u00bbvc_hidden-lg vc_hidden-md vc_hidden-sm\u00bb][vc_column_text]Affianchiamo i nostri clienti dall\u2019inizio alla fine. In fase di <b>progettazione<\/b> della protezione suggeriamo i <b>materiali <\/b>migliori e pi\u00f9 adeguati all&#8217;applicazione richiesta. Definiamo il <b>layout<\/b> pi\u00f9 sicuro. A seconda dell\u2019utilizzo realizziamo <b>prototipi<\/b> funzionali e stampi di produzione, grazie alla nostra attrezzeria interna.<\/p>\n<p>Inoltre garantiamo eventuali <b>scorte<\/b> del prodotto &#8211; in base alle necessit\u00e0 del cliente &#8211; grazie al magazzino di oltre 2.000 mq, con ulteriori aree dedicate ai prodotti customizzati. La <b>distribuzione<\/b> dei prodotti viene organizzata in ogni parte del mondo.[\/vc_column_text][vc_single_image image=\u00bb5778&#8243; img_size=\u00bb320&#215;480&#8243; alignment=\u00bbcenter\u00bb][\/vc_column][\/vc_row][vc_row full_width=\u00bbstretch_row\u00bb equal_height=\u00bbyes\u00bb content_placement=\u00bbmiddle\u00bb el_class=\u00bbpreFooter\u00bb][vc_column offset=\u00bbvc_col-lg-offset-1 vc_col-lg-10 vc_col-md-offset-1 vc_col-md-10&#8243;][\/vc_column][\/vc_row][vc_row full_width=\u00bbstretch_row_content_no_spaces\u00bb css=\u00bb.vc_custom_1710233084148{background-color: #f7f7f7 !important;}\u00bb][vc_column][vc_cta h2=\u00bb\u00bfEl fruto de nuestro compromiso? \u00a1Un cat\u00e1logo cada vez m\u00e1s verde!\u00bb h4=\u00bbDesc\u00e1rgalo y descubre todos los detalles\u00bb txt_align=\u00bbcenter\u00bb add_button=\u00bbbottom\u00bb btn_title=\u00bbDESCARGA EL CAT\u00c1LOGO VERDE\u00bb btn_style=\u00bbflat\u00bb btn_shape=\u00bbsquare\u00bb btn_size=\u00bblg\u00bb btn_align=\u00bbcenter\u00bb el_class=\u00bbverde\u00bb btn_link=\u00bburl:https%3A%2F%2Fdlmtappi.com%2Fes%2Fcatalogo%2F|title:Cat%C3%A1logo\u00bb][\/vc_cta][\/vc_column][\/vc_row][vc_row][vc_column][vc_single_image image=\u00bb10601&#8243; img_size=\u00bbfull\u00bb alignment=\u00bbcenter\u00bb el_class=\u00bbimmagine\u00bb][vc_column_text]Desde 2019 hasta la fecha, DLM ha realizado inversiones para reemplazar el 65% de sus plantas de producci\u00f3n instalando <strong>equipos de \u00faltima generaci\u00f3n<\/strong> que han permitido reducir el consumo energ\u00e9tico en un 30%.<\/p>\n<p>En 2021 activamos nuestro <strong>sistema fotovoltaico <\/strong>que nos permite, gracias a la energ\u00eda solar, cubrir el 35% de nuestras necesidades el\u00e9ctricas.<\/p>\n<p>La formaci\u00f3n, la concienciaci\u00f3n y la implicaci\u00f3n de todo nuestro PERSONAL han sido factores de \u00e9xito para un <strong>uso consciente <\/strong>de plantas y materias primas.[\/vc_column_text][vc_btn title=\u00bbDESCUBRE NUESTRAS CERTIFICACIONES\u00bb style=\u00bboutline-custom\u00bb outline_custom_color=\u00bb#0a0a0a\u00bb outline_custom_hover_background=\u00bb#000000&#8243; outline_custom_hover_text=\u00bb#ffffff\u00bb shape=\u00bbsquare\u00bb size=\u00bblg\u00bb align=\u00bbcenter\u00bb link=\u00bburl:https%3A%2F%2Fdlmtappi.com%2Fes%2Fcertificaciones%2F|title:Certificaciones\u00bb][vc_empty_space height=\u00bb40px\u00bb][\/vc_column][\/vc_row][vc_row][vc_column][vc_single_image image=\u00bb10681&#8243; img_size=\u00bbfull\u00bb alignment=\u00bbcenter\u00bb el_class=\u00bbimmagine\u00bb][vc_column_text]Nuestra L\u00cdNEA VERDE hecha con <strong>pl\u00e1sticos de segunda vida <\/strong>es el resultado de nuestro compromiso con el medio ambiente.<\/p>\n<p>Nuestros productos ECO cuentan con certificaci\u00f3n PSV (Plastic Second Life) y cumplen con los requisitos de ISO 14021. La l\u00ednea ECO nos permitir\u00e1 <strong>evitar la emisi\u00f3n de unos 800.000 kg de CO2 <\/strong>equivalente.<\/p>\n<p>Todos los art\u00edculos ECO volver\u00e1n a ser reciclables con vistas a la <strong>econom\u00eda circular<\/strong>.<\/p>\n<p>DLM est\u00e1 comprometida con desarrollar ideas y soluciones para satisfacer la sostenibilidad econ\u00f3mica, social y medioambiental a diario, aceptando los retos de la<strong> mejora continua<\/strong>.[\/vc_column_text][vc_btn title=\u00bbDESCARGA NUESTRO CAT\u00c1LOGO VERDE\u00bb style=\u00bboutline-custom\u00bb outline_custom_color=\u00bb#0a0a0a\u00bb outline_custom_hover_background=\u00bb#000000&#8243; outline_custom_hover_text=\u00bb#ffffff\u00bb shape=\u00bbsquare\u00bb size=\u00bblg\u00bb align=\u00bbcenter\u00bb link=\u00bburl:https%3A%2F%2Fdlmtappi.com%2Fes%2Fcatalogo%2F|title:Cat%C3%A1logo\u00bb][vc_empty_space height=\u00bb40px\u00bb][vc_single_image image=\u00bb10638&#8243; img_size=\u00bbfull\u00bb alignment=\u00bbcenter\u00bb el_class=\u00bbimmagine\u00bb][vc_empty_space height=\u00bb40px\u00bb][\/vc_column][\/vc_row]<\/p>\n<\/section>","protected":false},"excerpt":{"rendered":"<p>[vc_row gap=\u00bb20&#8243; equal_height=\u00bbyes\u00bb content_placement=\u00bbmiddle\u00bb][vc_column width=\u00bb1\/2&#8243; offset=\u00bbvc_hidden-xs\u00bb][vc_column_text]DLM ha sido una empresa especializada en la producci\u00f3n de sistemas de protecci\u00f3n durante m\u00e1s de 50 a\u00f1os. La empresa se ha comprometido, para 2025, a afrontar una transici\u00f3n ecol\u00f3gica total de sus productos y procesos productivos. El personal de DLM es el coraz\u00f3n palpitante de esta extraordinaria transici\u00f3n ecol\u00f3gica,&hellip;<\/p>\n","protected":false},"author":1,"featured_media":0,"parent":0,"menu_order":0,"comment_status":"closed","ping_status":"closed","template":"","meta":{"_acf_changed":false,"footnotes":""},"class_list":["post-11298","page","type-page","status-publish","hentry","description-off"],"acf":[],"yoast_head":"<!-- This site is optimized with the Yoast SEO plugin v25.6 - https:\/\/yoast.com\/wordpress\/plugins\/seo\/ -->\n<title>F\u00e1brica de tapones de pl\u00e1stico | Empresa - DLM tappi<\/title>\n<meta name=\"description\" content=\"F\u00e1brica de tapones de pl\u00e1stico y socio l\u00edder en la producci\u00f3n y moldeo de tapones t\u00e9cnicos y tapones con protecci\u00f3n de roscas\" \/>\n<meta name=\"robots\" content=\"index, follow, max-snippet:-1, max-image-preview:large, max-video-preview:-1\" \/>\n<link rel=\"canonical\" href=\"https:\/\/dlmtappi.com\/es\/empresa\/\" \/>\n<meta property=\"og:locale\" content=\"es_ES\" \/>\n<meta property=\"og:type\" content=\"article\" \/>\n<meta property=\"og:title\" content=\"F\u00e1brica de tapones de pl\u00e1stico | Empresa - DLM tappi\" \/>\n<meta property=\"og:description\" content=\"F\u00e1brica de tapones de pl\u00e1stico y socio l\u00edder en la producci\u00f3n y moldeo de tapones t\u00e9cnicos y tapones con protecci\u00f3n de roscas\" \/>\n<meta property=\"og:url\" content=\"https:\/\/dlmtappi.com\/es\/empresa\/\" \/>\n<meta property=\"og:site_name\" content=\"DLM tappi\" \/>\n<meta property=\"article:modified_time\" content=\"2026-01-07T09:58:01+00:00\" \/>\n<meta name=\"twitter:card\" content=\"summary_large_image\" \/>\n<meta name=\"twitter:label1\" content=\"Tiempo de lectura\" \/>\n\t<meta name=\"twitter:data1\" content=\"7 minutos\" \/>\n<script type=\"application\/ld+json\" class=\"yoast-schema-graph\">{\"@context\":\"https:\/\/schema.org\",\"@graph\":[{\"@type\":\"WebPage\",\"@id\":\"https:\/\/dlmtappi.com\/es\/empresa\/\",\"url\":\"https:\/\/dlmtappi.com\/es\/empresa\/\",\"name\":\"F\u00e1brica de tapones de pl\u00e1stico | Empresa - DLM tappi\",\"isPartOf\":{\"@id\":\"https:\/\/dlmtappi.com\/es\/#website\"},\"datePublished\":\"2019-07-30T10:14:42+00:00\",\"dateModified\":\"2026-01-07T09:58:01+00:00\",\"description\":\"F\u00e1brica de tapones de pl\u00e1stico y socio l\u00edder en la producci\u00f3n y moldeo de tapones t\u00e9cnicos y tapones con protecci\u00f3n de roscas\",\"breadcrumb\":{\"@id\":\"https:\/\/dlmtappi.com\/es\/empresa\/#breadcrumb\"},\"inLanguage\":\"es\",\"potentialAction\":[{\"@type\":\"ReadAction\",\"target\":[\"https:\/\/dlmtappi.com\/es\/empresa\/\"]}]},{\"@type\":\"BreadcrumbList\",\"@id\":\"https:\/\/dlmtappi.com\/es\/empresa\/#breadcrumb\",\"itemListElement\":[{\"@type\":\"ListItem\",\"position\":1,\"name\":\"Home\",\"item\":\"https:\/\/dlmtappi.com\/es\/\"},{\"@type\":\"ListItem\",\"position\":2,\"name\":\"Empresa\"}]},{\"@type\":\"WebSite\",\"@id\":\"https:\/\/dlmtappi.com\/es\/#website\",\"url\":\"https:\/\/dlmtappi.com\/es\/\",\"name\":\"DLM tappi\",\"description\":\"Produzione tappi tecnici e protezione filetti in plastica\",\"publisher\":{\"@id\":\"https:\/\/dlmtappi.com\/es\/#organization\"},\"potentialAction\":[{\"@type\":\"SearchAction\",\"target\":{\"@type\":\"EntryPoint\",\"urlTemplate\":\"https:\/\/dlmtappi.com\/es\/?s={search_term_string}\"},\"query-input\":{\"@type\":\"PropertyValueSpecification\",\"valueRequired\":true,\"valueName\":\"search_term_string\"}}],\"inLanguage\":\"es\"},{\"@type\":\"Organization\",\"@id\":\"https:\/\/dlmtappi.com\/es\/#organization\",\"name\":\"DLM tappi\",\"url\":\"https:\/\/dlmtappi.com\/es\/\",\"logo\":{\"@type\":\"ImageObject\",\"inLanguage\":\"es\",\"@id\":\"https:\/\/dlmtappi.com\/es\/#\/schema\/logo\/image\/\",\"url\":\"https:\/\/dlmtappi.com\/wp-content\/uploads\/2022\/12\/dlm_logo_foglia.png\",\"contentUrl\":\"https:\/\/dlmtappi.com\/wp-content\/uploads\/2022\/12\/dlm_logo_foglia.png\",\"width\":114,\"height\":100,\"caption\":\"DLM tappi\"},\"image\":{\"@id\":\"https:\/\/dlmtappi.com\/es\/#\/schema\/logo\/image\/\"}}]}<\/script>\n<!-- \/ Yoast SEO plugin. -->","yoast_head_json":{"title":"F\u00e1brica de tapones de pl\u00e1stico | Empresa - DLM tappi","description":"F\u00e1brica de tapones de pl\u00e1stico y socio l\u00edder en la producci\u00f3n y moldeo de tapones t\u00e9cnicos y tapones con protecci\u00f3n de roscas","robots":{"index":"index","follow":"follow","max-snippet":"max-snippet:-1","max-image-preview":"max-image-preview:large","max-video-preview":"max-video-preview:-1"},"canonical":"https:\/\/dlmtappi.com\/es\/empresa\/","og_locale":"es_ES","og_type":"article","og_title":"F\u00e1brica de tapones de pl\u00e1stico | Empresa - DLM tappi","og_description":"F\u00e1brica de tapones de pl\u00e1stico y socio l\u00edder en la producci\u00f3n y moldeo de tapones t\u00e9cnicos y tapones con protecci\u00f3n de roscas","og_url":"https:\/\/dlmtappi.com\/es\/empresa\/","og_site_name":"DLM tappi","article_modified_time":"2026-01-07T09:58:01+00:00","twitter_card":"summary_large_image","twitter_misc":{"Tiempo de lectura":"7 minutos"},"schema":{"@context":"https:\/\/schema.org","@graph":[{"@type":"WebPage","@id":"https:\/\/dlmtappi.com\/es\/empresa\/","url":"https:\/\/dlmtappi.com\/es\/empresa\/","name":"F\u00e1brica de tapones de pl\u00e1stico | Empresa - DLM tappi","isPartOf":{"@id":"https:\/\/dlmtappi.com\/es\/#website"},"datePublished":"2019-07-30T10:14:42+00:00","dateModified":"2026-01-07T09:58:01+00:00","description":"F\u00e1brica de tapones de pl\u00e1stico y socio l\u00edder en la producci\u00f3n y moldeo de tapones t\u00e9cnicos y tapones con protecci\u00f3n de roscas","breadcrumb":{"@id":"https:\/\/dlmtappi.com\/es\/empresa\/#breadcrumb"},"inLanguage":"es","potentialAction":[{"@type":"ReadAction","target":["https:\/\/dlmtappi.com\/es\/empresa\/"]}]},{"@type":"BreadcrumbList","@id":"https:\/\/dlmtappi.com\/es\/empresa\/#breadcrumb","itemListElement":[{"@type":"ListItem","position":1,"name":"Home","item":"https:\/\/dlmtappi.com\/es\/"},{"@type":"ListItem","position":2,"name":"Empresa"}]},{"@type":"WebSite","@id":"https:\/\/dlmtappi.com\/es\/#website","url":"https:\/\/dlmtappi.com\/es\/","name":"DLM tappi","description":"Produzione tappi tecnici e protezione filetti in plastica","publisher":{"@id":"https:\/\/dlmtappi.com\/es\/#organization"},"potentialAction":[{"@type":"SearchAction","target":{"@type":"EntryPoint","urlTemplate":"https:\/\/dlmtappi.com\/es\/?s={search_term_string}"},"query-input":{"@type":"PropertyValueSpecification","valueRequired":true,"valueName":"search_term_string"}}],"inLanguage":"es"},{"@type":"Organization","@id":"https:\/\/dlmtappi.com\/es\/#organization","name":"DLM tappi","url":"https:\/\/dlmtappi.com\/es\/","logo":{"@type":"ImageObject","inLanguage":"es","@id":"https:\/\/dlmtappi.com\/es\/#\/schema\/logo\/image\/","url":"https:\/\/dlmtappi.com\/wp-content\/uploads\/2022\/12\/dlm_logo_foglia.png","contentUrl":"https:\/\/dlmtappi.com\/wp-content\/uploads\/2022\/12\/dlm_logo_foglia.png","width":114,"height":100,"caption":"DLM tappi"},"image":{"@id":"https:\/\/dlmtappi.com\/es\/#\/schema\/logo\/image\/"}}]}},"_links":{"self":[{"href":"https:\/\/dlmtappi.com\/es\/wp-json\/wp\/v2\/pages\/11298","targetHints":{"allow":["GET"]}}],"collection":[{"href":"https:\/\/dlmtappi.com\/es\/wp-json\/wp\/v2\/pages"}],"about":[{"href":"https:\/\/dlmtappi.com\/es\/wp-json\/wp\/v2\/types\/page"}],"author":[{"embeddable":true,"href":"https:\/\/dlmtappi.com\/es\/wp-json\/wp\/v2\/users\/1"}],"replies":[{"embeddable":true,"href":"https:\/\/dlmtappi.com\/es\/wp-json\/wp\/v2\/comments?post=11298"}],"version-history":[{"count":7,"href":"https:\/\/dlmtappi.com\/es\/wp-json\/wp\/v2\/pages\/11298\/revisions"}],"predecessor-version":[{"id":13523,"href":"https:\/\/dlmtappi.com\/es\/wp-json\/wp\/v2\/pages\/11298\/revisions\/13523"}],"wp:attachment":[{"href":"https:\/\/dlmtappi.com\/es\/wp-json\/wp\/v2\/media?parent=11298"}],"curies":[{"name":"wp","href":"https:\/\/api.w.org\/{rel}","templated":true}]}}