{"id":10957,"date":"2019-07-30T12:14:42","date_gmt":"2019-07-30T10:14:42","guid":{"rendered":"https:\/\/dlmtappi.com\/azienda\/"},"modified":"2025-12-23T16:46:09","modified_gmt":"2025-12-23T15:46:09","slug":"entreprise","status":"publish","type":"page","link":"https:\/\/dlmtappi.com\/fr\/entreprise\/","title":{"rendered":"Entreprise"},"content":{"rendered":"<section class=\"wpb-content-wrapper\"><p>[vc_row gap=\u00a0\u00bb20&Prime; equal_height=\u00a0\u00bbyes\u00a0\u00bb content_placement=\u00a0\u00bbmiddle\u00a0\u00bb][vc_column width=\u00a0\u00bb1\/2&Prime; offset=\u00a0\u00bbvc_hidden-xs\u00a0\u00bb][vc_column_text]DLM est sp\u00e9cialis\u00e9 dans la production de syst\u00e8mes de protection depuis plus de 50 ans.<\/p>\n<p>L\u2019entreprise s\u2019est engag\u00e9e \u00e0 assurer une <strong>transition \u00e9cologique<\/strong> totale de ses produits et de ses processus de production d\u2019ici 2025.<\/p>\n<p>Le personnel de DLM est le coeur battant de cette extraordinaire transition \u00e9cologique, qui se traduit par des actions concr\u00e8tes aussi bien sur le plan professionnel que personnel.<\/p>\n<p>Notre transition \u00e9cologique est un engagement concret envers nos familles, nos enfants et les g\u00e9n\u00e9rations futures, afin de <strong>r\u00e9duire l\u2019impact environnemental<\/strong> de nos produits et de nos processus, un engagement qui trouve une base solide dans le <strong>GREEN DEAL DLM<\/strong>.[\/vc_column_text][\/vc_column][vc_column width=\u00a0\u00bb1\/2&Prime; css=\u00a0\u00bb.vc_custom_1709894351283{background-image: url(https:\/\/dlmtappi.com\/wp-content\/uploads\/2024\/03\/spalla-laterale-azienda.jpg?id=10599) !important;background-position: center !important;background-repeat: no-repeat !important;background-size: contain !important;}\u00a0\u00bb offset=\u00a0\u00bbvc_hidden-xs\u00a0\u00bb][\/vc_column][\/vc_row][vc_row equal_height=\u00a0\u00bbyes\u00a0\u00bb content_placement=\u00a0\u00bbmiddle\u00a0\u00bb][vc_column offset=\u00a0\u00bbvc_hidden-lg vc_hidden-md vc_hidden-sm\u00a0\u00bb][vc_single_image image=\u00a0\u00bb9630&Prime; img_size=\u00a0\u00bbfull\u00a0\u00bb alignment=\u00a0\u00bbcenter\u00a0\u00bb][vc_column_text]DLM est sp\u00e9cialis\u00e9 dans la production de syst\u00e8mes de protection depuis plus de 50 ans.<\/p>\n<p>L\u2019entreprise s\u2019est engag\u00e9e \u00e0 assurer une <strong>transition \u00e9cologique<\/strong> totale de ses produits et de ses processus de production d\u2019ici 2025.<\/p>\n<p>Le personnel de DLM est le coeur battant de cette extraordinaire transition \u00e9cologique, qui se traduit par des actions concr\u00e8tes aussi bien sur le plan professionnel que personnel.<\/p>\n<p>Notre transition \u00e9cologique est un engagement concret envers nos familles, nos enfants et les g\u00e9n\u00e9rations futures, afin de <strong>r\u00e9duire l\u2019impact environnemental<\/strong> de nos produits et de nos processus, un engagement qui trouve une base solide dans le <strong>GREEN DEAL DLM<\/strong>.[\/vc_column_text][vc_single_image image=\u00a0\u00bb10622&Prime; img_size=\u00a0\u00bbfull\u00a0\u00bb alignment=\u00a0\u00bbcenter\u00a0\u00bb][vc_column_text]Notre ligne GREEN, fabriqu\u00e9e \u00e0 partir de <strong>plastiques de seconde vie<\/strong>, est le r\u00e9sultat de notre engagement en faveur de l\u2019environnement.<\/p>\n<p>Nos produits ECO sont certifi\u00e9s PSV (plastique de seconde vie) et r\u00e9pondent aux exigences de la norme ISO 14021.<\/p>\n<p>La ligne ECO nous permettra d\u2019<strong>\u00e9viter de rel\u00e2cher environ 800 000 kg d\u2019\u00e9quivalent CO2eq\/year.<\/strong><\/p>\n<p>Tous les articles ECO seront \u00e0 nouveau recyclables dans l\u2019optique de l\u2019\u00e9conomie circulaire.<\/p>\n<p>Chaque jour, DLM s\u2019engage \u00e0 d\u00e9velopper des id\u00e9es et des solutions pour r\u00e9pondre \u00e0 la durabilit\u00e9 \u00e9conomique, sociale et environnementale, tout en acceptant les d\u00e9fis en vue d\u2019une <strong>am\u00e9lioration continue<\/strong>.[\/vc_column_text][\/vc_column][\/vc_row][vc_row equal_height=\u00a0\u00bbyes\u00a0\u00bb content_placement=\u00a0\u00bbmiddle\u00a0\u00bb][vc_column][vc_empty_space height=\u00a0\u00bb50px\u00a0\u00bb][\/vc_column][\/vc_row][vc_row full_width=\u00a0\u00bbstretch_row\u00a0\u00bb gap=\u00a0\u00bb20&Prime; equal_height=\u00a0\u00bbyes\u00a0\u00bb content_placement=\u00a0\u00bbtop\u00a0\u00bb disable_element=\u00a0\u00bbyes\u00a0\u00bb css=\u00a0\u00bb.vc_custom_1673623706796{background-color: #f7f7f7 !important;}\u00a0\u00bb][vc_column width=\u00a0\u00bb1\/3&Prime;][vc_custom_heading text=\u00a0\u00bbTeam\u00a0\u00bb font_container=\u00a0\u00bbtag:h3|text_align:left\u00a0\u00bb use_theme_fonts=\u00a0\u00bbyes\u00a0\u00bb el_class=\u00a0\u00bbtextUppercase myHtre\u00a0\u00bb][vc_column_text el_class=\u00a0\u00bbleftBorder\u00a0\u00bb]La nostra azienda \u00e8 composta da un team di <b>14 persone altamente specializzate<\/b> e costantemente formate, per rispondere da <b>oltre 30 anni <\/b>alle continue richieste del mercato.[\/vc_column_text][\/vc_column][vc_column width=\u00a0\u00bb1\/3&Prime;][vc_custom_heading text=\u00a0\u00bbParco macchine\u00a0\u00bb font_container=\u00a0\u00bbtag:h3|text_align:left\u00a0\u00bb use_theme_fonts=\u00a0\u00bbyes\u00a0\u00bb el_class=\u00a0\u00bbtextUppercase myHtre\u00a0\u00bb][vc_column_text el_class=\u00a0\u00bbleftBorder\u00a0\u00bb]Il parco macchine \u00e8 costituito da <b>45 presse<\/b> per lo stampaggio ad iniezione, <b>un impianto<\/b> per lo stampaggio ad immersione ed <b>una attrezzeria<\/b> per la realizzazione degli stampi.[\/vc_column_text][\/vc_column][vc_column width=\u00a0\u00bb1\/3&Prime;][vc_custom_heading text=\u00a0\u00bbMission\u00a0\u00bb font_container=\u00a0\u00bbtag:h3|text_align:left\u00a0\u00bb use_theme_fonts=\u00a0\u00bbyes\u00a0\u00bb el_class=\u00a0\u00bbtextUppercase myHtre\u00a0\u00bb][vc_column_text el_class=\u00a0\u00bbleftBorder\u00a0\u00bb]\u201cI nostri clienti devono dimenticarsi della gestione dei tappi. Il tappo in produzione \u00e8 come la penna in un ufficio: nessuno si aspetta di non trovarlo nel momento del bisogno.\u201d[\/vc_column_text][\/vc_column][\/vc_row][vc_row full_width=\u00a0\u00bbstretch_row\u00a0\u00bb gap=\u00a0\u00bb20&Prime; equal_height=\u00a0\u00bbyes\u00a0\u00bb content_placement=\u00a0\u00bbtop\u00a0\u00bb disable_element=\u00a0\u00bbyes\u00a0\u00bb css=\u00a0\u00bb.vc_custom_1673623715464{background-color: #f7f7f7 !important;}\u00a0\u00bb][vc_column width=\u00a0\u00bb1\/3&Prime;][vc_custom_heading text=\u00a0\u00bbFilosofia\u00a0\u00bb font_container=\u00a0\u00bbtag:h3|text_align:left\u00a0\u00bb use_theme_fonts=\u00a0\u00bbyes\u00a0\u00bb el_class=\u00a0\u00bbtextUppercase myHtre\u00a0\u00bb][vc_column_text el_class=\u00a0\u00bbleftBorder\u00a0\u00bb]Le nostre tecniche di fornitura si sono consolidate nella filosofia <b>Just in time<\/b> e <b>Kanban<\/b>. Siamo sensibili ai contenuti delle nuove normative in materia ambientale e ci stiamo concentrando nello <b>sviluppo di nuovi prodotti eco-compatibili<\/b>. La nostra azienda \u00e8 <b>certificata<\/b> secondo la normativa UNI EN ISO 9001:2015.[\/vc_column_text][\/vc_column][vc_column width=\u00a0\u00bb1\/3&Prime;][vc_custom_heading text=\u00a0\u00bbProduzione\u00a0\u00bb font_container=\u00a0\u00bbtag:h3|text_align:left\u00a0\u00bb use_theme_fonts=\u00a0\u00bbyes\u00a0\u00bb el_class=\u00a0\u00bbtextUppercase myHtre\u00a0\u00bb][vc_column_text el_class=\u00a0\u00bbleftBorder\u00a0\u00bb]La nostra area produttiva si estende su circa <b>2.000 mq<\/b>, mentre la logistica ed il magazzino dei prodotti finiti si trovano a pochi chilometri dal sito produttivo e coprono un\u2019area di circa 1.500 mq. Siamo costantemente riforniti con <b>oltre 5.000 articoli<\/b> della nostra gamma standard.[\/vc_column_text][\/vc_column][vc_column width=\u00a0\u00bb1\/3&Prime;][vc_custom_heading text=\u00a0\u00bbSettori\u00a0\u00bb font_container=\u00a0\u00bbtag:h3|text_align:left\u00a0\u00bb use_theme_fonts=\u00a0\u00bbyes\u00a0\u00bb el_class=\u00a0\u00bbtextUppercase myHtre\u00a0\u00bb][vc_column_text el_class=\u00a0\u00bbleftBorder\u00a0\u00bb]I nostri rapporti commerciali sono in continuo sviluppo con aziende leader nei settori dell\u2019<b>Automotive<\/b> e del <b>Condizionamento<\/b>, oltre che dell\u2019<b>Oleodimanica<\/b> e dell\u2019<b>Oleopneumatica<\/b>.[\/vc_column_text][\/vc_column][\/vc_row][vc_row equal_height=\u00a0\u00bbyes\u00a0\u00bb content_placement=\u00a0\u00bbmiddle\u00a0\u00bb disable_element=\u00a0\u00bbyes\u00a0\u00bb][vc_column width=\u00a0\u00bb1\/2&Prime; css=\u00a0\u00bb.vc_custom_1575900256001{margin-top: 50px !important;margin-bottom: 50px !important;background-image: url(https:\/\/dlmtappi.com\/wp-content\/uploads\/2019\/12\/DLM-cosa-caffiamo.jpg?id=5778) !important;background-position: center !important;background-repeat: no-repeat !important;background-size: contain !important;}\u00a0\u00bb offset=\u00a0\u00bbvc_hidden-xs\u00a0\u00bb][\/vc_column][vc_column width=\u00a0\u00bb1\/2&Prime; offset=\u00a0\u00bbvc_hidden-xs\u00a0\u00bb][vc_empty_space height=\u00a0\u00bb100px\u00a0\u00bb][vc_column_text]Affianchiamo i nostri clienti dall\u2019inizio alla fine. In fase di <b>progettazione<\/b> della protezione suggeriamo i <b>materiali <\/b>migliori e pi\u00f9 adeguati all&rsquo;applicazione richiesta. Definiamo il <b>layout<\/b> pi\u00f9 sicuro. A seconda dell\u2019utilizzo realizziamo <b>prototipi<\/b> funzionali e stampi di produzione, grazie alla nostra attrezzeria interna.<\/p>\n<p>Inoltre garantiamo eventuali <b>scorte<\/b> del prodotto &#8211; in base alle necessit\u00e0 del cliente &#8211; grazie al magazzino di oltre 2.000 mq, con ulteriori aree dedicate ai prodotti customizzati. La <b>distribuzione<\/b> dei prodotti viene organizzata in ogni parte del mondo.[\/vc_column_text][vc_empty_space height=\u00a0\u00bb100px\u00a0\u00bb][\/vc_column][\/vc_row][vc_row equal_height=\u00a0\u00bbyes\u00a0\u00bb content_placement=\u00a0\u00bbmiddle\u00a0\u00bb disable_element=\u00a0\u00bbyes\u00a0\u00bb css=\u00a0\u00bb.vc_custom_1676622493793{padding-top: 50px !important;}\u00a0\u00bb][vc_column offset=\u00a0\u00bbvc_hidden-lg vc_hidden-md vc_hidden-sm\u00a0\u00bb][vc_column_text]Affianchiamo i nostri clienti dall\u2019inizio alla fine. In fase di <b>progettazione<\/b> della protezione suggeriamo i <b>materiali <\/b>migliori e pi\u00f9 adeguati all&rsquo;applicazione richiesta. Definiamo il <b>layout<\/b> pi\u00f9 sicuro. A seconda dell\u2019utilizzo realizziamo <b>prototipi<\/b> funzionali e stampi di produzione, grazie alla nostra attrezzeria interna.<\/p>\n<p>Inoltre garantiamo eventuali <b>scorte<\/b> del prodotto &#8211; in base alle necessit\u00e0 del cliente &#8211; grazie al magazzino di oltre 2.000 mq, con ulteriori aree dedicate ai prodotti customizzati. La <b>distribuzione<\/b> dei prodotti viene organizzata in ogni parte del mondo.[\/vc_column_text][vc_single_image image=\u00a0\u00bb5778&Prime; img_size=\u00a0\u00bb320&#215;480&Prime; alignment=\u00a0\u00bbcenter\u00a0\u00bb][\/vc_column][\/vc_row][vc_row full_width=\u00a0\u00bbstretch_row\u00a0\u00bb equal_height=\u00a0\u00bbyes\u00a0\u00bb content_placement=\u00a0\u00bbmiddle\u00a0\u00bb el_class=\u00a0\u00bbpreFooter\u00a0\u00bb][vc_column offset=\u00a0\u00bbvc_col-lg-offset-1 vc_col-lg-10 vc_col-md-offset-1 vc_col-md-10&Prime;][\/vc_column][\/vc_row][vc_row full_width=\u00a0\u00bbstretch_row_content_no_spaces\u00a0\u00bb css=\u00a0\u00bb.vc_custom_1710233084148{background-color: #f7f7f7 !important;}\u00a0\u00bb][vc_column][vc_cta h2=\u00a0\u00bbLe fruit de nos efforts? Un catalogue de plus en plus vert!\u00a0\u00bb h4=\u00a0\u00bbT\u00e9l\u00e9chargez-le et d\u00e9couvrez tous les d\u00e9tails\u00a0\u00bb txt_align=\u00a0\u00bbcenter\u00a0\u00bb add_button=\u00a0\u00bbbottom\u00a0\u00bb btn_title=\u00a0\u00bbT\u00c9L\u00c9CHARGEZ NOTRE CATALOGUE VERT\u00a0\u00bb btn_style=\u00a0\u00bbflat\u00a0\u00bb btn_shape=\u00a0\u00bbsquare\u00a0\u00bb btn_size=\u00a0\u00bblg\u00a0\u00bb btn_align=\u00a0\u00bbcenter\u00a0\u00bb el_class=\u00a0\u00bbverde\u00a0\u00bb btn_link=\u00a0\u00bburl:https%3A%2F%2Fdlmtappi.com%2Ffr%2Fcatalogue%2F|title:CATALOGUE\u00a0\u00bb][\/vc_cta][\/vc_column][\/vc_row][vc_row][vc_column][vc_single_image image=\u00a0\u00bb10601&Prime; img_size=\u00a0\u00bbfull\u00a0\u00bb alignment=\u00a0\u00bbcenter\u00a0\u00bb el_class=\u00a0\u00bbimmagine\u00a0\u00bb][vc_column_text]Depuis 2019, DLM a r\u00e9alis\u00e9 des investissements pour remplacer 65% de ses \u00e9quipements productifs en installant des <strong>appareils de pointe<\/strong> qui ont permis de r\u00e9duire la consommation d\u2019\u00e9nergie de 30%.<\/p>\n<p>En 2021, notre <strong>syst\u00e8me photovolta\u00efque<\/strong> a \u00e9t\u00e9 mis en route et il nous permet, gr\u00e2ce \u00e0 l\u2019\u00e9nergie solaire, de couvrir 35% de nos besoins en \u00e9lectricit\u00e9.<\/p>\n<p>La formation, la sensibilisation et l\u2019implication de l\u2019ensemble de notre personnel ont \u00e9t\u00e9 des facteurs cl\u00e9s de r\u00e9ussite pour une <strong>utilisation consciente<\/strong> des \u00e9quipements et des mati\u00e8res premi\u00e8res.[\/vc_column_text][vc_btn title=\u00a0\u00bbD\u00c9COUVREZ NOS CERTIFICATIONS\u00a0\u00bb style=\u00a0\u00bboutline-custom\u00a0\u00bb outline_custom_color=\u00a0\u00bb#0a0a0a\u00a0\u00bb outline_custom_hover_background=\u00a0\u00bb#000000&Prime; outline_custom_hover_text=\u00a0\u00bb#ffffff\u00a0\u00bb shape=\u00a0\u00bbsquare\u00a0\u00bb size=\u00a0\u00bblg\u00a0\u00bb align=\u00a0\u00bbcenter\u00a0\u00bb link=\u00a0\u00bburl:https%3A%2F%2Fdlmtappi.com%2Ffr%2Fcertifications%2F|title:CERTIFICATIONS\u00a0\u00bb][vc_empty_space height=\u00a0\u00bb40px\u00a0\u00bb][\/vc_column][\/vc_row][vc_row][vc_column][vc_single_image image=\u00a0\u00bb10681&Prime; img_size=\u00a0\u00bbfull\u00a0\u00bb alignment=\u00a0\u00bbcenter\u00a0\u00bb el_class=\u00a0\u00bbimmagine\u00a0\u00bb][vc_column_text]Notre ligne GREEN, fabriqu\u00e9e \u00e0 partir de <strong>plastiques de seconde vie<\/strong>, est le r\u00e9sultat de notre engagement en faveur de l\u2019environnement.<\/p>\n<p>Nos produits ECO sont certifi\u00e9s PSV (plastique de seconde vie) et r\u00e9pondent aux exigences de la norme ISO 14021.<\/p>\n<p>La ligne ECO nous permettra d\u2019<strong>\u00e9viter de rel\u00e2cher environ 800 000 kg d\u2019\u00e9quivalent CO2eq\/year.<\/strong><\/p>\n<p>Tous les articles ECO seront \u00e0 nouveau recyclables dans l\u2019optique de l\u2019\u00e9conomie circulaire.<\/p>\n<p>Chaque jour, DLM s\u2019engage \u00e0 d\u00e9velopper des id\u00e9es et des solutions pour r\u00e9pondre \u00e0 la durabilit\u00e9 \u00e9conomique, sociale et environnementale, tout en acceptant les d\u00e9fis en vue d\u2019une <strong>am\u00e9lioration continue<\/strong>.[\/vc_column_text][vc_btn title=\u00a0\u00bbT\u00c9L\u00c9CHARGEZ NOTRE CATALOGUE VERT\u00a0\u00bb style=\u00a0\u00bboutline-custom\u00a0\u00bb outline_custom_color=\u00a0\u00bb#0a0a0a\u00a0\u00bb outline_custom_hover_background=\u00a0\u00bb#000000&Prime; outline_custom_hover_text=\u00a0\u00bb#ffffff\u00a0\u00bb shape=\u00a0\u00bbsquare\u00a0\u00bb size=\u00a0\u00bblg\u00a0\u00bb align=\u00a0\u00bbcenter\u00a0\u00bb link=\u00a0\u00bburl:https%3A%2F%2Fdlmtappi.com%2Ffr%2Fcatalogue%2F|title:CATALOGUE\u00a0\u00bb][vc_empty_space height=\u00a0\u00bb40px\u00a0\u00bb][vc_single_image image=\u00a0\u00bb10638&Prime; img_size=\u00a0\u00bbfull\u00a0\u00bb alignment=\u00a0\u00bbcenter\u00a0\u00bb el_class=\u00a0\u00bbimmagine\u00a0\u00bb][vc_empty_space height=\u00a0\u00bb40px\u00a0\u00bb][\/vc_column][\/vc_row]<\/p>\n<\/section>","protected":false},"excerpt":{"rendered":"<p>[vc_row gap=\u00a0\u00bb20&Prime; equal_height=\u00a0\u00bbyes\u00a0\u00bb content_placement=\u00a0\u00bbmiddle\u00a0\u00bb][vc_column width=\u00a0\u00bb1\/2&Prime; offset=\u00a0\u00bbvc_hidden-xs\u00a0\u00bb][vc_column_text]DLM est sp\u00e9cialis\u00e9 dans la production de syst\u00e8mes de protection depuis plus de 50 ans. L\u2019entreprise s\u2019est engag\u00e9e \u00e0 assurer une transition \u00e9cologique totale de ses produits et de ses processus de production d\u2019ici 2025. Le personnel de DLM est le coeur battant de cette extraordinaire transition \u00e9cologique, qui se&hellip;<\/p>\n","protected":false},"author":1,"featured_media":0,"parent":0,"menu_order":0,"comment_status":"closed","ping_status":"closed","template":"","meta":{"_acf_changed":false,"footnotes":""},"class_list":["post-10957","page","type-page","status-publish","hentry","description-off"],"acf":[],"yoast_head":"<!-- This site is optimized with the Yoast SEO plugin v25.6 - https:\/\/yoast.com\/wordpress\/plugins\/seo\/ -->\n<title>Fabricant de bouchons en plastique | Entreprise - DLM tappi<\/title>\n<meta name=\"description\" content=\"Fabricant de bouchons en plastique et partenaire leader dans la production et le moulage de bouchons techniques et de capuchons de protection de filetage\" \/>\n<meta name=\"robots\" content=\"index, follow, max-snippet:-1, max-image-preview:large, max-video-preview:-1\" \/>\n<link rel=\"canonical\" href=\"https:\/\/dlmtappi.com\/fr\/entreprise\/\" \/>\n<meta property=\"og:locale\" content=\"fr_FR\" \/>\n<meta property=\"og:type\" content=\"article\" \/>\n<meta property=\"og:title\" content=\"Fabricant de bouchons en plastique | Entreprise - DLM tappi\" \/>\n<meta property=\"og:description\" content=\"Fabricant de bouchons en plastique et partenaire leader dans la production et le moulage de bouchons techniques et de capuchons de protection de filetage\" \/>\n<meta property=\"og:url\" content=\"https:\/\/dlmtappi.com\/fr\/entreprise\/\" \/>\n<meta property=\"og:site_name\" content=\"DLM tappi\" \/>\n<meta property=\"article:modified_time\" content=\"2025-12-23T15:46:09+00:00\" \/>\n<meta name=\"twitter:card\" content=\"summary_large_image\" \/>\n<meta name=\"twitter:label1\" content=\"Dur\u00e9e de lecture estim\u00e9e\" \/>\n\t<meta name=\"twitter:data1\" content=\"6 minutes\" \/>\n<script type=\"application\/ld+json\" class=\"yoast-schema-graph\">{\"@context\":\"https:\/\/schema.org\",\"@graph\":[{\"@type\":\"WebPage\",\"@id\":\"https:\/\/dlmtappi.com\/fr\/entreprise\/\",\"url\":\"https:\/\/dlmtappi.com\/fr\/entreprise\/\",\"name\":\"Fabricant de bouchons en plastique | Entreprise - DLM tappi\",\"isPartOf\":{\"@id\":\"https:\/\/dlmtappi.com\/fr\/#website\"},\"datePublished\":\"2019-07-30T10:14:42+00:00\",\"dateModified\":\"2025-12-23T15:46:09+00:00\",\"description\":\"Fabricant de bouchons en plastique et partenaire leader dans la production et le moulage de bouchons techniques et de capuchons de protection de filetage\",\"breadcrumb\":{\"@id\":\"https:\/\/dlmtappi.com\/fr\/entreprise\/#breadcrumb\"},\"inLanguage\":\"fr-FR\",\"potentialAction\":[{\"@type\":\"ReadAction\",\"target\":[\"https:\/\/dlmtappi.com\/fr\/entreprise\/\"]}]},{\"@type\":\"BreadcrumbList\",\"@id\":\"https:\/\/dlmtappi.com\/fr\/entreprise\/#breadcrumb\",\"itemListElement\":[{\"@type\":\"ListItem\",\"position\":1,\"name\":\"Home\",\"item\":\"https:\/\/dlmtappi.com\/fr\/\"},{\"@type\":\"ListItem\",\"position\":2,\"name\":\"Entreprise\"}]},{\"@type\":\"WebSite\",\"@id\":\"https:\/\/dlmtappi.com\/fr\/#website\",\"url\":\"https:\/\/dlmtappi.com\/fr\/\",\"name\":\"DLM tappi\",\"description\":\"Produzione tappi tecnici e protezione filetti in plastica\",\"publisher\":{\"@id\":\"https:\/\/dlmtappi.com\/fr\/#organization\"},\"potentialAction\":[{\"@type\":\"SearchAction\",\"target\":{\"@type\":\"EntryPoint\",\"urlTemplate\":\"https:\/\/dlmtappi.com\/fr\/?s={search_term_string}\"},\"query-input\":{\"@type\":\"PropertyValueSpecification\",\"valueRequired\":true,\"valueName\":\"search_term_string\"}}],\"inLanguage\":\"fr-FR\"},{\"@type\":\"Organization\",\"@id\":\"https:\/\/dlmtappi.com\/fr\/#organization\",\"name\":\"DLM tappi\",\"url\":\"https:\/\/dlmtappi.com\/fr\/\",\"logo\":{\"@type\":\"ImageObject\",\"inLanguage\":\"fr-FR\",\"@id\":\"https:\/\/dlmtappi.com\/fr\/#\/schema\/logo\/image\/\",\"url\":\"https:\/\/dlmtappi.com\/wp-content\/uploads\/2022\/12\/dlm_logo_foglia.png\",\"contentUrl\":\"https:\/\/dlmtappi.com\/wp-content\/uploads\/2022\/12\/dlm_logo_foglia.png\",\"width\":114,\"height\":100,\"caption\":\"DLM tappi\"},\"image\":{\"@id\":\"https:\/\/dlmtappi.com\/fr\/#\/schema\/logo\/image\/\"}}]}<\/script>\n<!-- \/ Yoast SEO plugin. -->","yoast_head_json":{"title":"Fabricant de bouchons en plastique | Entreprise - DLM tappi","description":"Fabricant de bouchons en plastique et partenaire leader dans la production et le moulage de bouchons techniques et de capuchons de protection de filetage","robots":{"index":"index","follow":"follow","max-snippet":"max-snippet:-1","max-image-preview":"max-image-preview:large","max-video-preview":"max-video-preview:-1"},"canonical":"https:\/\/dlmtappi.com\/fr\/entreprise\/","og_locale":"fr_FR","og_type":"article","og_title":"Fabricant de bouchons en plastique | Entreprise - DLM tappi","og_description":"Fabricant de bouchons en plastique et partenaire leader dans la production et le moulage de bouchons techniques et de capuchons de protection de filetage","og_url":"https:\/\/dlmtappi.com\/fr\/entreprise\/","og_site_name":"DLM tappi","article_modified_time":"2025-12-23T15:46:09+00:00","twitter_card":"summary_large_image","twitter_misc":{"Dur\u00e9e de lecture estim\u00e9e":"6 minutes"},"schema":{"@context":"https:\/\/schema.org","@graph":[{"@type":"WebPage","@id":"https:\/\/dlmtappi.com\/fr\/entreprise\/","url":"https:\/\/dlmtappi.com\/fr\/entreprise\/","name":"Fabricant de bouchons en plastique | Entreprise - DLM tappi","isPartOf":{"@id":"https:\/\/dlmtappi.com\/fr\/#website"},"datePublished":"2019-07-30T10:14:42+00:00","dateModified":"2025-12-23T15:46:09+00:00","description":"Fabricant de bouchons en plastique et partenaire leader dans la production et le moulage de bouchons techniques et de capuchons de protection de filetage","breadcrumb":{"@id":"https:\/\/dlmtappi.com\/fr\/entreprise\/#breadcrumb"},"inLanguage":"fr-FR","potentialAction":[{"@type":"ReadAction","target":["https:\/\/dlmtappi.com\/fr\/entreprise\/"]}]},{"@type":"BreadcrumbList","@id":"https:\/\/dlmtappi.com\/fr\/entreprise\/#breadcrumb","itemListElement":[{"@type":"ListItem","position":1,"name":"Home","item":"https:\/\/dlmtappi.com\/fr\/"},{"@type":"ListItem","position":2,"name":"Entreprise"}]},{"@type":"WebSite","@id":"https:\/\/dlmtappi.com\/fr\/#website","url":"https:\/\/dlmtappi.com\/fr\/","name":"DLM tappi","description":"Produzione tappi tecnici e protezione filetti in plastica","publisher":{"@id":"https:\/\/dlmtappi.com\/fr\/#organization"},"potentialAction":[{"@type":"SearchAction","target":{"@type":"EntryPoint","urlTemplate":"https:\/\/dlmtappi.com\/fr\/?s={search_term_string}"},"query-input":{"@type":"PropertyValueSpecification","valueRequired":true,"valueName":"search_term_string"}}],"inLanguage":"fr-FR"},{"@type":"Organization","@id":"https:\/\/dlmtappi.com\/fr\/#organization","name":"DLM tappi","url":"https:\/\/dlmtappi.com\/fr\/","logo":{"@type":"ImageObject","inLanguage":"fr-FR","@id":"https:\/\/dlmtappi.com\/fr\/#\/schema\/logo\/image\/","url":"https:\/\/dlmtappi.com\/wp-content\/uploads\/2022\/12\/dlm_logo_foglia.png","contentUrl":"https:\/\/dlmtappi.com\/wp-content\/uploads\/2022\/12\/dlm_logo_foglia.png","width":114,"height":100,"caption":"DLM tappi"},"image":{"@id":"https:\/\/dlmtappi.com\/fr\/#\/schema\/logo\/image\/"}}]}},"_links":{"self":[{"href":"https:\/\/dlmtappi.com\/fr\/wp-json\/wp\/v2\/pages\/10957","targetHints":{"allow":["GET"]}}],"collection":[{"href":"https:\/\/dlmtappi.com\/fr\/wp-json\/wp\/v2\/pages"}],"about":[{"href":"https:\/\/dlmtappi.com\/fr\/wp-json\/wp\/v2\/types\/page"}],"author":[{"embeddable":true,"href":"https:\/\/dlmtappi.com\/fr\/wp-json\/wp\/v2\/users\/1"}],"replies":[{"embeddable":true,"href":"https:\/\/dlmtappi.com\/fr\/wp-json\/wp\/v2\/comments?post=10957"}],"version-history":[{"count":6,"href":"https:\/\/dlmtappi.com\/fr\/wp-json\/wp\/v2\/pages\/10957\/revisions"}],"predecessor-version":[{"id":11327,"href":"https:\/\/dlmtappi.com\/fr\/wp-json\/wp\/v2\/pages\/10957\/revisions\/11327"}],"wp:attachment":[{"href":"https:\/\/dlmtappi.com\/fr\/wp-json\/wp\/v2\/media?parent=10957"}],"curies":[{"name":"wp","href":"https:\/\/api.w.org\/{rel}","templated":true}]}}