{"id":11005,"date":"2019-09-06T15:31:47","date_gmt":"2019-09-06T13:31:47","guid":{"rendered":"https:\/\/dlmtappi.com\/entreprise\/prodotti-custom\/"},"modified":"2025-12-23T16:51:34","modified_gmt":"2025-12-23T15:51:34","slug":"produits-sur-mesure","status":"publish","type":"page","link":"https:\/\/dlmtappi.com\/fr\/entreprise\/produits-sur-mesure\/","title":{"rendered":"Produits sur mesure"},"content":{"rendered":"<section class=\"wpb-content-wrapper\"><p>[vc_row gap=\u00a0\u00bb20&Prime; equal_height=\u00a0\u00bbyes\u00a0\u00bb content_placement=\u00a0\u00bbtop\u00a0\u00bb][vc_column width=\u00a0\u00bb1\/2&Prime; offset=\u00a0\u00bbvc_hidden-xs\u00a0\u00bb][vc_column_text]Apr\u00e8s avoir brevet\u00e9 et con\u00e7u nos produits, nous avons d\u00e9cid\u00e9 de mettre en place un <strong>atelier d&rsquo;outillage interne<\/strong> \u00e0 part enti\u00e8re. Le d\u00e9fi consistait \u00e0 satisfaire non seulement les besoins de maintenance interne, mais aussi la demande pressante du <strong>secteur automobile<\/strong> pour une production sur mesure.<\/p>\n<p>Afin de pouvoir r\u00e9pondre aux nouvelles demandes de mani\u00e8re plus attentive et plus avanc\u00e9e, nous avons d&rsquo;abord cr\u00e9\u00e9 une <strong>nouvelle branche de l&rsquo;entreprise<\/strong>, \u00e9quip\u00e9e de centres d&rsquo;usinage, d&rsquo;\u00e9rosion \u00e0 fil et d&rsquo;\u00e9rosion en plong\u00e9e. Parall\u00e8lement, il \u00e9tait n\u00e9cessaire d&rsquo;investir dans la cr\u00e9ation d&rsquo;un <strong>d\u00e9partement technique<\/strong> capable de suivre, aux c\u00f4t\u00e9s du client, l&rsquo;ensemble du processus de production. Depuis le d\u00e9veloppement de l&rsquo;ensemble du composant jusqu&rsquo;au r\u00e9sultat final de la protection, en synergie avec les d\u00e9partements R&amp;D et UT du client.[\/vc_column_text][\/vc_column][vc_column width=\u00a0\u00bb1\/2&Prime; offset=\u00a0\u00bbvc_hidden-xs\u00a0\u00bb][vc_single_image image=\u00a0\u00bb7411&Prime; img_size=\u00a0\u00bblarge\u00a0\u00bb alignment=\u00a0\u00bbcenter\u00a0\u00bb image_hovers=\u00a0\u00bbfalse\u00a0\u00bb lazy_loading=\u00a0\u00bbtrue\u00a0\u00bb][\/vc_column][\/vc_row][vc_row equal_height=\u00a0\u00bbyes\u00a0\u00bb content_placement=\u00a0\u00bbtop\u00a0\u00bb css=\u00a0\u00bb.vc_custom_1575900930450{padding-top: 50px !important;}\u00a0\u00bb][vc_column offset=\u00a0\u00bbvc_hidden-lg vc_hidden-md vc_hidden-sm\u00a0\u00bb][vc_column_text]Dopo aver brevettato ed ingegnerizzato i nostri prodotti, abbiamo deciso di sviluppare una vera e propria <b>attrezzeria interna<\/b>. La sfida era soddisfare non soltanto le necessit\u00e0 di manutenzione interna, ma anche l\u2019impellente domanda del <b>settore Automotive<\/b> di una produzione customizzata.<\/p>\n<p>Per riuscire a rispondere alle nuove richieste in modo sempre pi\u00f9 attento e avanzato abbiamo anzitutto creato un <b>nuovo ramo d\u2019azienda<\/b>, provvisto di centri di lavoro, erosioni a filo e tuffo. Parallelamente \u00e8 stato necessario investire nella creazione di un <b>Ufficio Tecnico<\/b> in grado di seguire, fianco a fianco al cliente, l\u2019intero processo produttivo. Dallo sviluppo di tutto il componente fino al risultato finale della protezione, in sinergia con gli enti R&amp;D e UT del cliente stesso.[\/vc_column_text][vc_single_image image=\u00a0\u00bb7411&Prime; img_size=\u00a0\u00bb440&#215;320&Prime; alignment=\u00a0\u00bbcenter\u00a0\u00bb image_hovers=\u00a0\u00bbfalse\u00a0\u00bb lazy_loading=\u00a0\u00bbtrue\u00a0\u00bb][\/vc_column][\/vc_row][vc_row gap=\u00a0\u00bb20&Prime; equal_height=\u00a0\u00bbyes\u00a0\u00bb content_placement=\u00a0\u00bbmiddle\u00a0\u00bb][vc_column width=\u00a0\u00bb1\/2&Prime; offset=\u00a0\u00bbvc_hidden-xs\u00a0\u00bb][vc_single_image image=\u00a0\u00bb7413&Prime; img_size=\u00a0\u00bblarge\u00a0\u00bb alignment=\u00a0\u00bbcenter\u00a0\u00bb image_hovers=\u00a0\u00bbfalse\u00a0\u00bb lazy_loading=\u00a0\u00bbtrue\u00a0\u00bb][\/vc_column][vc_column width=\u00a0\u00bb1\/2&Prime; offset=\u00a0\u00bbvc_hidden-xs\u00a0\u00bb][vc_column_text]Cela nous a permis de devenir un <strong>acteur de r\u00e9f\u00e9rence<\/strong> pour le secteur automobile dans le domaine des protections et, en m\u00eame temps, de d\u00e9velopper des projets sur mesure avec nos clients. En effet, nous sommes souvent confront\u00e9s \u00e0 la n\u00e9cessit\u00e9 d&rsquo;un produit qui n&rsquo;appartient pas \u00e0 la gamme standard de DLM. Dans ces cas, il est donc indispensable de partir d&rsquo;une id\u00e9e et d&rsquo;une conception <strong>sp\u00e9cifiquement \u00e9tudi\u00e9es<\/strong> pour cette protection particuli\u00e8re. Apr\u00e8s avoir partag\u00e9 le dessin en 2D, nous passons \u00e0 la r\u00e9alisation de l&rsquo;\u00e9chantillon en 3D, puis nous finalisons le processus avec la production d&rsquo;un moule de s\u00e9rie.[\/vc_column_text][\/vc_column][\/vc_row][vc_row equal_height=\u00a0\u00bbyes\u00a0\u00bb content_placement=\u00a0\u00bbmiddle\u00a0\u00bb css=\u00a0\u00bb.vc_custom_1575900995075{padding-top: 50px !important;}\u00a0\u00bb][vc_column offset=\u00a0\u00bbvc_hidden-lg vc_hidden-md vc_hidden-sm\u00a0\u00bb][vc_column_text]Questo ci ha permesso di diventare un <b>player di riferimento<\/b> per il settore automobilistico nell&rsquo;ambito delle protezioni e allo stesso tempo di sviluppare progetti custom insieme ai clienti. Spesso, infatti, ci viene presentata l\u2019esigenza di un prodotto che non appartiene alla gamma standard di DLM. In questi casi \u00e8 quindi indispensabile partire da un\u2019idea e da un disegno <b>studiato ad hoc<\/b> per quella specifica protezione. Dopo aver condiviso il progetto 2D, si passa alla realizzazione del campione 3D, per poi ultimare il processo con la produzione di uno stampo di serie.[\/vc_column_text][vc_single_image image=\u00a0\u00bb7413&Prime; img_size=\u00a0\u00bb440&#215;320&Prime; alignment=\u00a0\u00bbcenter\u00a0\u00bb image_hovers=\u00a0\u00bbfalse\u00a0\u00bb lazy_loading=\u00a0\u00bbtrue\u00a0\u00bb][\/vc_column][\/vc_row][vc_row full_width=\u00a0\u00bbstretch_row\u00a0\u00bb gap=\u00a0\u00bb35&Prime; equal_height=\u00a0\u00bbyes\u00a0\u00bb content_placement=\u00a0\u00bbmiddle\u00a0\u00bb css=\u00a0\u00bb.vc_custom_1575906570947{background-color: #f7f7f7 !important;}\u00a0\u00bb el_class=\u00a0\u00bbpreFooter\u00a0\u00bb][vc_column offset=\u00a0\u00bbvc_col-lg-offset-1 vc_col-lg-10 vc_col-md-offset-1 vc_col-md-10&Prime;][vc_custom_heading text=\u00a0\u00bbProduits\u00a0\u00bb font_container=\u00a0\u00bbtag:h2|text_align:center\u00a0\u00bb use_theme_fonts=\u00a0\u00bbyes\u00a0\u00bb el_class=\u00a0\u00bbtextUppercase\u00a0\u00bb][vc_custom_heading text=\u00a0\u00bbNos articles sont \u00e9tudi\u00e9s, con\u00e7us et fabriqu\u00e9s pour prot\u00e9ger les filetages et pr\u00e9venir la contamination externe.\u00a0\u00bb font_container=\u00a0\u00bbtag:h3|text_align:center\u00a0\u00bb use_theme_fonts=\u00a0\u00bbyes\u00a0\u00bb][vc_empty_space][vc_btn title=\u00a0\u00bbVOIR NOS PRODUITS &gt;\u00a0\u00bb style=\u00a0\u00bboutline-custom\u00a0\u00bb outline_custom_color=\u00a0\u00bb#333333&Prime; outline_custom_hover_background=\u00a0\u00bb#333333&Prime; outline_custom_hover_text=\u00a0\u00bb#ffffff\u00a0\u00bb shape=\u00a0\u00bbsquare\u00a0\u00bb align=\u00a0\u00bbcenter\u00a0\u00bb link=\u00a0\u00bburl:https%3A%2F%2Fdlmtappi.com%2Ffr%2Fcategories%2F|title:Cat%C3%A9gories\u00a0\u00bb el_class=\u00a0\u00bbtextUppercase\u00a0\u00bb][vc_empty_space height=\u00a0\u00bb20px\u00a0\u00bb][\/vc_column][\/vc_row]<\/p>\n<\/section>","protected":false},"excerpt":{"rendered":"<p>[vc_row gap=\u00a0\u00bb20&Prime; equal_height=\u00a0\u00bbyes\u00a0\u00bb content_placement=\u00a0\u00bbtop\u00a0\u00bb][vc_column width=\u00a0\u00bb1\/2&Prime; offset=\u00a0\u00bbvc_hidden-xs\u00a0\u00bb][vc_column_text]Apr\u00e8s avoir brevet\u00e9 et con\u00e7u nos produits, nous avons d\u00e9cid\u00e9 de mettre en place un atelier d&rsquo;outillage interne \u00e0 part enti\u00e8re. Le d\u00e9fi consistait \u00e0 satisfaire non seulement les besoins de maintenance interne, mais aussi la demande pressante du secteur automobile pour une production sur mesure. Afin de pouvoir r\u00e9pondre&hellip;<\/p>\n","protected":false},"author":1,"featured_media":0,"parent":10957,"menu_order":0,"comment_status":"closed","ping_status":"closed","template":"","meta":{"_acf_changed":false,"footnotes":""},"class_list":["post-11005","page","type-page","status-publish","hentry","description-off"],"acf":[],"yoast_head":"<!-- This site is optimized with the Yoast SEO plugin v25.6 - https:\/\/yoast.com\/wordpress\/plugins\/seo\/ -->\n<title>Casquettes personnalis\u00e9es | Produits personnalis\u00e9s - DLM tappi<\/title>\n<meta name=\"description\" content=\"DLM Tappi con\u00e7oit et fabrique des casquettes et des produits personnalis\u00e9s pour ses clients gr\u00e2ce \u00e0 l&#039;expertise de son bureau d&#039;\u00e9tudes. Renseignez-vous d\u00e8s maintenant\u00a0!\" \/>\n<meta name=\"robots\" content=\"index, follow, max-snippet:-1, max-image-preview:large, max-video-preview:-1\" \/>\n<link rel=\"canonical\" href=\"https:\/\/dlmtappi.com\/fr\/entreprise\/produits-sur-mesure\/\" \/>\n<meta property=\"og:locale\" content=\"fr_FR\" \/>\n<meta property=\"og:type\" content=\"article\" \/>\n<meta property=\"og:title\" content=\"Casquettes personnalis\u00e9es | Produits personnalis\u00e9s - DLM tappi\" \/>\n<meta property=\"og:description\" content=\"DLM Tappi con\u00e7oit et fabrique des casquettes et des produits personnalis\u00e9s pour ses clients gr\u00e2ce \u00e0 l&#039;expertise de son bureau d&#039;\u00e9tudes. Renseignez-vous d\u00e8s maintenant\u00a0!\" \/>\n<meta property=\"og:url\" content=\"https:\/\/dlmtappi.com\/fr\/entreprise\/produits-sur-mesure\/\" \/>\n<meta property=\"og:site_name\" content=\"DLM tappi\" \/>\n<meta property=\"article:modified_time\" content=\"2025-12-23T15:51:34+00:00\" \/>\n<meta name=\"twitter:card\" content=\"summary_large_image\" \/>\n<meta name=\"twitter:label1\" content=\"Dur\u00e9e de lecture estim\u00e9e\" \/>\n\t<meta name=\"twitter:data1\" content=\"3 minutes\" \/>\n<script type=\"application\/ld+json\" class=\"yoast-schema-graph\">{\"@context\":\"https:\/\/schema.org\",\"@graph\":[{\"@type\":\"WebPage\",\"@id\":\"https:\/\/dlmtappi.com\/fr\/entreprise\/produits-sur-mesure\/\",\"url\":\"https:\/\/dlmtappi.com\/fr\/entreprise\/produits-sur-mesure\/\",\"name\":\"Casquettes personnalis\u00e9es | Produits personnalis\u00e9s - DLM tappi\",\"isPartOf\":{\"@id\":\"https:\/\/dlmtappi.com\/fr\/#website\"},\"datePublished\":\"2019-09-06T13:31:47+00:00\",\"dateModified\":\"2025-12-23T15:51:34+00:00\",\"description\":\"DLM Tappi con\u00e7oit et fabrique des casquettes et des produits personnalis\u00e9s pour ses clients gr\u00e2ce \u00e0 l'expertise de son bureau d'\u00e9tudes. Renseignez-vous d\u00e8s maintenant\u00a0!\",\"breadcrumb\":{\"@id\":\"https:\/\/dlmtappi.com\/fr\/entreprise\/produits-sur-mesure\/#breadcrumb\"},\"inLanguage\":\"fr-FR\",\"potentialAction\":[{\"@type\":\"ReadAction\",\"target\":[\"https:\/\/dlmtappi.com\/fr\/entreprise\/produits-sur-mesure\/\"]}]},{\"@type\":\"BreadcrumbList\",\"@id\":\"https:\/\/dlmtappi.com\/fr\/entreprise\/produits-sur-mesure\/#breadcrumb\",\"itemListElement\":[{\"@type\":\"ListItem\",\"position\":1,\"name\":\"Home\",\"item\":\"https:\/\/dlmtappi.com\/fr\/\"},{\"@type\":\"ListItem\",\"position\":2,\"name\":\"Entreprise\",\"item\":\"https:\/\/dlmtappi.com\/fr\/entreprise\/\"},{\"@type\":\"ListItem\",\"position\":3,\"name\":\"Produits sur mesure\"}]},{\"@type\":\"WebSite\",\"@id\":\"https:\/\/dlmtappi.com\/fr\/#website\",\"url\":\"https:\/\/dlmtappi.com\/fr\/\",\"name\":\"DLM tappi\",\"description\":\"Produzione tappi tecnici e protezione filetti in plastica\",\"publisher\":{\"@id\":\"https:\/\/dlmtappi.com\/fr\/#organization\"},\"potentialAction\":[{\"@type\":\"SearchAction\",\"target\":{\"@type\":\"EntryPoint\",\"urlTemplate\":\"https:\/\/dlmtappi.com\/fr\/?s={search_term_string}\"},\"query-input\":{\"@type\":\"PropertyValueSpecification\",\"valueRequired\":true,\"valueName\":\"search_term_string\"}}],\"inLanguage\":\"fr-FR\"},{\"@type\":\"Organization\",\"@id\":\"https:\/\/dlmtappi.com\/fr\/#organization\",\"name\":\"DLM tappi\",\"url\":\"https:\/\/dlmtappi.com\/fr\/\",\"logo\":{\"@type\":\"ImageObject\",\"inLanguage\":\"fr-FR\",\"@id\":\"https:\/\/dlmtappi.com\/fr\/#\/schema\/logo\/image\/\",\"url\":\"https:\/\/dlmtappi.com\/wp-content\/uploads\/2022\/12\/dlm_logo_foglia.png\",\"contentUrl\":\"https:\/\/dlmtappi.com\/wp-content\/uploads\/2022\/12\/dlm_logo_foglia.png\",\"width\":114,\"height\":100,\"caption\":\"DLM tappi\"},\"image\":{\"@id\":\"https:\/\/dlmtappi.com\/fr\/#\/schema\/logo\/image\/\"}}]}<\/script>\n<!-- \/ Yoast SEO plugin. -->","yoast_head_json":{"title":"Casquettes personnalis\u00e9es | Produits personnalis\u00e9s - DLM tappi","description":"DLM Tappi con\u00e7oit et fabrique des casquettes et des produits personnalis\u00e9s pour ses clients gr\u00e2ce \u00e0 l'expertise de son bureau d'\u00e9tudes. Renseignez-vous d\u00e8s maintenant\u00a0!","robots":{"index":"index","follow":"follow","max-snippet":"max-snippet:-1","max-image-preview":"max-image-preview:large","max-video-preview":"max-video-preview:-1"},"canonical":"https:\/\/dlmtappi.com\/fr\/entreprise\/produits-sur-mesure\/","og_locale":"fr_FR","og_type":"article","og_title":"Casquettes personnalis\u00e9es | Produits personnalis\u00e9s - DLM tappi","og_description":"DLM Tappi con\u00e7oit et fabrique des casquettes et des produits personnalis\u00e9s pour ses clients gr\u00e2ce \u00e0 l'expertise de son bureau d'\u00e9tudes. Renseignez-vous d\u00e8s maintenant\u00a0!","og_url":"https:\/\/dlmtappi.com\/fr\/entreprise\/produits-sur-mesure\/","og_site_name":"DLM tappi","article_modified_time":"2025-12-23T15:51:34+00:00","twitter_card":"summary_large_image","twitter_misc":{"Dur\u00e9e de lecture estim\u00e9e":"3 minutes"},"schema":{"@context":"https:\/\/schema.org","@graph":[{"@type":"WebPage","@id":"https:\/\/dlmtappi.com\/fr\/entreprise\/produits-sur-mesure\/","url":"https:\/\/dlmtappi.com\/fr\/entreprise\/produits-sur-mesure\/","name":"Casquettes personnalis\u00e9es | Produits personnalis\u00e9s - DLM tappi","isPartOf":{"@id":"https:\/\/dlmtappi.com\/fr\/#website"},"datePublished":"2019-09-06T13:31:47+00:00","dateModified":"2025-12-23T15:51:34+00:00","description":"DLM Tappi con\u00e7oit et fabrique des casquettes et des produits personnalis\u00e9s pour ses clients gr\u00e2ce \u00e0 l'expertise de son bureau d'\u00e9tudes. Renseignez-vous d\u00e8s maintenant\u00a0!","breadcrumb":{"@id":"https:\/\/dlmtappi.com\/fr\/entreprise\/produits-sur-mesure\/#breadcrumb"},"inLanguage":"fr-FR","potentialAction":[{"@type":"ReadAction","target":["https:\/\/dlmtappi.com\/fr\/entreprise\/produits-sur-mesure\/"]}]},{"@type":"BreadcrumbList","@id":"https:\/\/dlmtappi.com\/fr\/entreprise\/produits-sur-mesure\/#breadcrumb","itemListElement":[{"@type":"ListItem","position":1,"name":"Home","item":"https:\/\/dlmtappi.com\/fr\/"},{"@type":"ListItem","position":2,"name":"Entreprise","item":"https:\/\/dlmtappi.com\/fr\/entreprise\/"},{"@type":"ListItem","position":3,"name":"Produits sur mesure"}]},{"@type":"WebSite","@id":"https:\/\/dlmtappi.com\/fr\/#website","url":"https:\/\/dlmtappi.com\/fr\/","name":"DLM tappi","description":"Produzione tappi tecnici e protezione filetti in plastica","publisher":{"@id":"https:\/\/dlmtappi.com\/fr\/#organization"},"potentialAction":[{"@type":"SearchAction","target":{"@type":"EntryPoint","urlTemplate":"https:\/\/dlmtappi.com\/fr\/?s={search_term_string}"},"query-input":{"@type":"PropertyValueSpecification","valueRequired":true,"valueName":"search_term_string"}}],"inLanguage":"fr-FR"},{"@type":"Organization","@id":"https:\/\/dlmtappi.com\/fr\/#organization","name":"DLM tappi","url":"https:\/\/dlmtappi.com\/fr\/","logo":{"@type":"ImageObject","inLanguage":"fr-FR","@id":"https:\/\/dlmtappi.com\/fr\/#\/schema\/logo\/image\/","url":"https:\/\/dlmtappi.com\/wp-content\/uploads\/2022\/12\/dlm_logo_foglia.png","contentUrl":"https:\/\/dlmtappi.com\/wp-content\/uploads\/2022\/12\/dlm_logo_foglia.png","width":114,"height":100,"caption":"DLM tappi"},"image":{"@id":"https:\/\/dlmtappi.com\/fr\/#\/schema\/logo\/image\/"}}]}},"_links":{"self":[{"href":"https:\/\/dlmtappi.com\/fr\/wp-json\/wp\/v2\/pages\/11005","targetHints":{"allow":["GET"]}}],"collection":[{"href":"https:\/\/dlmtappi.com\/fr\/wp-json\/wp\/v2\/pages"}],"about":[{"href":"https:\/\/dlmtappi.com\/fr\/wp-json\/wp\/v2\/types\/page"}],"author":[{"embeddable":true,"href":"https:\/\/dlmtappi.com\/fr\/wp-json\/wp\/v2\/users\/1"}],"replies":[{"embeddable":true,"href":"https:\/\/dlmtappi.com\/fr\/wp-json\/wp\/v2\/comments?post=11005"}],"version-history":[{"count":4,"href":"https:\/\/dlmtappi.com\/fr\/wp-json\/wp\/v2\/pages\/11005\/revisions"}],"predecessor-version":[{"id":11335,"href":"https:\/\/dlmtappi.com\/fr\/wp-json\/wp\/v2\/pages\/11005\/revisions\/11335"}],"up":[{"embeddable":true,"href":"https:\/\/dlmtappi.com\/fr\/wp-json\/wp\/v2\/pages\/10957"}],"wp:attachment":[{"href":"https:\/\/dlmtappi.com\/fr\/wp-json\/wp\/v2\/media?parent=11005"}],"curies":[{"name":"wp","href":"https:\/\/api.w.org\/{rel}","templated":true}]}}