{"id":11010,"date":"2019-07-30T14:12:15","date_gmt":"2019-07-30T12:12:15","guid":{"rendered":"https:\/\/dlmtappi.com\/entreprise\/ricerca-e-sviluppo\/"},"modified":"2025-12-23T16:52:40","modified_gmt":"2025-12-23T15:52:40","slug":"recherche-et-developpement","status":"publish","type":"page","link":"https:\/\/dlmtappi.com\/fr\/entreprise\/recherche-et-developpement\/","title":{"rendered":"Recherche et d\u00e9veloppement"},"content":{"rendered":"<section class=\"wpb-content-wrapper\"><p>[vc_row][vc_column][vc_column_text]Gr\u00e2ce aux <strong>commentaires constants<\/strong> de ses clients, notre entreprise veille \u00e0 d\u00e9velopper des produits qui r\u00e9pondent aux probl\u00e8mes les plus critiques rencontr\u00e9s ces derni\u00e8res ann\u00e9es. En fait, nous consacrons du temps et des ressources \u00e0 la recherche et au d\u00e9veloppement de <strong>nouvelles proc\u00e9dures et solutions<\/strong>, ainsi qu&rsquo;\u00e0 du <strong>personnel<\/strong> sp\u00e9cialis\u00e9 en interne et \u00e0 la <strong>consultation<\/strong> d&rsquo;ing\u00e9nieurs automobiles.[\/vc_column_text][\/vc_column][\/vc_row][vc_row][vc_column][vc_empty_space][vc_custom_heading text=\u00a0\u00bbVoici nos avantages en termes de qualit\u00e9 :\u00a0\u00bb font_container=\u00a0\u00bbtag:h3|text_align:center\u00a0\u00bb use_theme_fonts=\u00a0\u00bbyes\u00a0\u00bb el_class=\u00a0\u00bbbold black\u00a0\u00bb][vc_empty_space height=\u00a0\u00bb50px\u00a0\u00bb][\/vc_column][\/vc_row][vc_row gap=\u00a0\u00bb35&Prime; equal_height=\u00a0\u00bbyes\u00a0\u00bb content_placement=\u00a0\u00bbtop\u00a0\u00bb][vc_column width=\u00a0\u00bb1\/2&Prime;][vc_custom_heading text=\u00a0\u00bbGain de temps\u00a0\u00bb font_container=\u00a0\u00bbtag:h2|font_size:50px|text_align:center|line_height:54px\u00a0\u00bb use_theme_fonts=\u00a0\u00bbyes\u00a0\u00bb el_class=\u00a0\u00bbtextUppercase clip-time\u00a0\u00bb][vc_empty_space height=\u00a0\u00bb20px\u00a0\u00bb][vc_column_text]<\/p>\n<p style=\"text-align: center;\"><strong>R\u00e9duction du temps de montage<\/strong> : les protecteurs sont ainsi lib\u00e9r\u00e9s du concept de fixation par filetage et il y a une augmentation th\u00e9orique de la production (sur une \u00e9quipe de 8 heures : +60%).<\/p>\n<p>[\/vc_column_text][\/vc_column][vc_column width=\u00a0\u00bb1\/2&Prime;][vc_custom_heading text=\u00a0\u00bbPoka Yoke\u00a0\u00bb font_container=\u00a0\u00bbtag:h2|font_size:50px|text_align:center|line_height:54px\u00a0\u00bb use_theme_fonts=\u00a0\u00bbyes\u00a0\u00bb el_class=\u00a0\u00bbtextUppercase clip-poka\u00a0\u00bb][vc_empty_space height=\u00a0\u00bb20px\u00a0\u00bb][vc_column_text]<\/p>\n<p style=\"text-align: center;\"><strong>\u00ab\u00a0\u00c0 l&rsquo;\u00e9preuve des erreurs\u00a0\u00bb<\/strong> : ce terme d\u00e9signe un choix de conception qui, en limitant les utilisations du produit, oblige l&rsquo;utilisateur \u00e0 l&rsquo;appliquer correctement. L&rsquo;identification directe du produit &#8211; de mani\u00e8re unique et sans \u00e9quivoque &#8211; facilite son assemblage et son utilisation, ce qui entra\u00eene une r\u00e9duction des codes.<\/p>\n<p>[\/vc_column_text][\/vc_column][\/vc_row][vc_row gap=\u00a0\u00bb35&Prime; equal_height=\u00a0\u00bbyes\u00a0\u00bb content_placement=\u00a0\u00bbtop\u00a0\u00bb][vc_column width=\u00a0\u00bb1\/2&Prime;][vc_custom_heading text=\u00a0\u00bb\u00c9conomie de stocks\u00a0\u00bb font_container=\u00a0\u00bbtag:h2|font_size:50px|text_align:center|line_height:54px\u00a0\u00bb use_theme_fonts=\u00a0\u00bbyes\u00a0\u00bb el_class=\u00a0\u00bbtextUppercase clip-stock\u00a0\u00bb][vc_empty_space height=\u00a0\u00bb20px\u00a0\u00bb][vc_column_text]<\/p>\n<p style=\"text-align: center;\"><strong>R\u00e9duction de l&rsquo;espace de stockage<\/strong> (pour r\u00e9soudre le probl\u00e8me de l&rsquo;ancrage des fils uniques), simplification des nomenclatures, unification des produits<\/p>\n<p>[\/vc_column_text][\/vc_column][vc_column width=\u00a0\u00bb1\/2&Prime;][vc_custom_heading text=\u00a0\u00bbBrevet\u00e9e\u00a0\u00bb font_container=\u00a0\u00bbtag:h2|font_size:50px|text_align:center|line_height:54px\u00a0\u00bb use_theme_fonts=\u00a0\u00bbyes\u00a0\u00bb el_class=\u00a0\u00bbtextUppercase clip-patented\u00a0\u00bb][vc_empty_space height=\u00a0\u00bb20px\u00a0\u00bb][vc_column_text]<\/p>\n<p style=\"text-align: center;\"><strong>Type de produit<\/strong> : bouchons m\u00e2les \u00e0 coupe brevet\u00e9e et bouchons faciles<\/p>\n<p>[\/vc_column_text][\/vc_column][\/vc_row][vc_row disable_element=\u00a0\u00bbyes\u00a0\u00bb][vc_column offset=\u00a0\u00bbvc_col-lg-offset-1 vc_col-lg-10 vc_col-md-offset-1 vc_col-md-10&Prime;][vc_video link=\u00a0\u00bbhttps:\/\/youtu.be\/kvO9HdRZggs\u00a0\u00bb align=\u00a0\u00bbcenter\u00a0\u00bb][\/vc_column][\/vc_row][vc_row full_width=\u00a0\u00bbstretch_row\u00a0\u00bb gap=\u00a0\u00bb35&Prime; equal_height=\u00a0\u00bbyes\u00a0\u00bb content_placement=\u00a0\u00bbmiddle\u00a0\u00bb css=\u00a0\u00bb.vc_custom_1575906711278{background-color: #f7f7f7 !important;}\u00a0\u00bb el_class=\u00a0\u00bbpreFooter\u00a0\u00bb][vc_column offset=\u00a0\u00bbvc_col-lg-offset-1 vc_col-lg-10 vc_col-md-offset-1 vc_col-md-10&Prime;][vc_custom_heading text=\u00a0\u00bbProduits sur mesure\u00a0\u00bb font_container=\u00a0\u00bbtag:h2|text_align:center\u00a0\u00bb use_theme_fonts=\u00a0\u00bbyes\u00a0\u00bb el_class=\u00a0\u00bbtextUppercase\u00a0\u00bb][vc_custom_heading text=\u00a0\u00bbPour les clients qui ont besoin d&rsquo;un capuchon ou d&rsquo;une protection qui n&rsquo;appartient pas \u00e0 la gamme standard de DLM, nous d\u00e9veloppons un produit ad hoc pour la protection sp\u00e9cifique requise.\u00a0\u00bb font_container=\u00a0\u00bbtag:h3|text_align:center\u00a0\u00bb use_theme_fonts=\u00a0\u00bbyes\u00a0\u00bb][vc_empty_space][vc_btn title=\u00a0\u00bbD\u00c9COUVRIR PLUS &gt;\u00a0\u00bb style=\u00a0\u00bboutline-custom\u00a0\u00bb outline_custom_color=\u00a0\u00bb#333333&Prime; outline_custom_hover_background=\u00a0\u00bb#333333&Prime; outline_custom_hover_text=\u00a0\u00bb#ffffff\u00a0\u00bb shape=\u00a0\u00bbsquare\u00a0\u00bb align=\u00a0\u00bbcenter\u00a0\u00bb link=\u00a0\u00bburl:https%3A%2F%2Fdlmtappi.com%2Ffr%2Fentreprise%2Fproduits-sur-mesure%2F|title:Produits%20Sur%20Mesure\u00a0\u00bb el_class=\u00a0\u00bbtextUppercase\u00a0\u00bb][vc_empty_space height=\u00a0\u00bb20px\u00a0\u00bb][\/vc_column][\/vc_row]<\/p>\n<\/section>","protected":false},"excerpt":{"rendered":"<p>[vc_row][vc_column][vc_column_text]Gr\u00e2ce aux commentaires constants de ses clients, notre entreprise veille \u00e0 d\u00e9velopper des produits qui r\u00e9pondent aux probl\u00e8mes les plus critiques rencontr\u00e9s ces derni\u00e8res ann\u00e9es. En fait, nous consacrons du temps et des ressources \u00e0 la recherche et au d\u00e9veloppement de nouvelles proc\u00e9dures et solutions, ainsi qu&rsquo;\u00e0 du personnel sp\u00e9cialis\u00e9 en interne et \u00e0 la&hellip;<\/p>\n","protected":false},"author":1,"featured_media":11011,"parent":10957,"menu_order":0,"comment_status":"closed","ping_status":"closed","template":"","meta":{"_acf_changed":false,"footnotes":""},"class_list":["post-11010","page","type-page","status-publish","has-post-thumbnail","hentry","description-off"],"acf":[],"yoast_head":"<!-- This site is optimized with the Yoast SEO plugin v25.6 - https:\/\/yoast.com\/wordpress\/plugins\/seo\/ -->\n<title>Ricerca e sviluppo tappi protezioni in plastica | DLM Tappi<\/title>\n<meta name=\"description\" content=\"Grazie al costante feedback da parte dei clienti, DLM Tappi \u00e8 attiva nel campo della ricerca e sviluppo tappi protezioni in plastica. Scopri\" \/>\n<meta name=\"robots\" content=\"index, follow, max-snippet:-1, max-image-preview:large, max-video-preview:-1\" \/>\n<link rel=\"canonical\" href=\"https:\/\/dlmtappi.com\/fr\/entreprise\/recherche-et-developpement\/\" \/>\n<meta property=\"og:locale\" content=\"fr_FR\" \/>\n<meta property=\"og:type\" content=\"article\" \/>\n<meta property=\"og:title\" content=\"Ricerca e sviluppo tappi protezioni in plastica | DLM Tappi\" \/>\n<meta property=\"og:description\" content=\"Grazie al costante feedback da parte dei clienti, DLM Tappi \u00e8 attiva nel campo della ricerca e sviluppo tappi protezioni in plastica. Scopri\" \/>\n<meta property=\"og:url\" content=\"https:\/\/dlmtappi.com\/fr\/entreprise\/recherche-et-developpement\/\" \/>\n<meta property=\"og:site_name\" content=\"DLM tappi\" \/>\n<meta property=\"article:modified_time\" content=\"2025-12-23T15:52:40+00:00\" \/>\n<meta property=\"og:image\" content=\"https:\/\/dlmtappi.com\/wp-content\/uploads\/2020\/03\/0401_Disegno-tecnico.jpg\" \/>\n\t<meta property=\"og:image:width\" content=\"618\" \/>\n\t<meta property=\"og:image:height\" content=\"450\" \/>\n\t<meta property=\"og:image:type\" content=\"image\/jpeg\" \/>\n<meta name=\"twitter:card\" content=\"summary_large_image\" \/>\n<meta name=\"twitter:label1\" content=\"Dur\u00e9e de lecture estim\u00e9e\" \/>\n\t<meta name=\"twitter:data1\" content=\"2 minutes\" \/>\n<script type=\"application\/ld+json\" class=\"yoast-schema-graph\">{\"@context\":\"https:\/\/schema.org\",\"@graph\":[{\"@type\":\"WebPage\",\"@id\":\"https:\/\/dlmtappi.com\/fr\/entreprise\/recherche-et-developpement\/\",\"url\":\"https:\/\/dlmtappi.com\/fr\/entreprise\/recherche-et-developpement\/\",\"name\":\"Ricerca e sviluppo tappi protezioni in plastica | DLM Tappi\",\"isPartOf\":{\"@id\":\"https:\/\/dlmtappi.com\/fr\/#website\"},\"primaryImageOfPage\":{\"@id\":\"https:\/\/dlmtappi.com\/fr\/entreprise\/recherche-et-developpement\/#primaryimage\"},\"image\":{\"@id\":\"https:\/\/dlmtappi.com\/fr\/entreprise\/recherche-et-developpement\/#primaryimage\"},\"thumbnailUrl\":\"https:\/\/dlmtappi.com\/wp-content\/uploads\/2020\/03\/0401_Disegno-tecnico.jpg\",\"datePublished\":\"2019-07-30T12:12:15+00:00\",\"dateModified\":\"2025-12-23T15:52:40+00:00\",\"description\":\"Grazie al costante feedback da parte dei clienti, DLM Tappi \u00e8 attiva nel campo della ricerca e sviluppo tappi protezioni in plastica. Scopri\",\"breadcrumb\":{\"@id\":\"https:\/\/dlmtappi.com\/fr\/entreprise\/recherche-et-developpement\/#breadcrumb\"},\"inLanguage\":\"fr-FR\",\"potentialAction\":[{\"@type\":\"ReadAction\",\"target\":[\"https:\/\/dlmtappi.com\/fr\/entreprise\/recherche-et-developpement\/\"]}]},{\"@type\":\"ImageObject\",\"inLanguage\":\"fr-FR\",\"@id\":\"https:\/\/dlmtappi.com\/fr\/entreprise\/recherche-et-developpement\/#primaryimage\",\"url\":\"https:\/\/dlmtappi.com\/wp-content\/uploads\/2020\/03\/0401_Disegno-tecnico.jpg\",\"contentUrl\":\"https:\/\/dlmtappi.com\/wp-content\/uploads\/2020\/03\/0401_Disegno-tecnico.jpg\",\"width\":618,\"height\":450},{\"@type\":\"BreadcrumbList\",\"@id\":\"https:\/\/dlmtappi.com\/fr\/entreprise\/recherche-et-developpement\/#breadcrumb\",\"itemListElement\":[{\"@type\":\"ListItem\",\"position\":1,\"name\":\"Home\",\"item\":\"https:\/\/dlmtappi.com\/fr\/\"},{\"@type\":\"ListItem\",\"position\":2,\"name\":\"Entreprise\",\"item\":\"https:\/\/dlmtappi.com\/fr\/entreprise\/\"},{\"@type\":\"ListItem\",\"position\":3,\"name\":\"Recherche et d\u00e9veloppement\"}]},{\"@type\":\"WebSite\",\"@id\":\"https:\/\/dlmtappi.com\/fr\/#website\",\"url\":\"https:\/\/dlmtappi.com\/fr\/\",\"name\":\"DLM tappi\",\"description\":\"Produzione tappi tecnici e protezione filetti in plastica\",\"publisher\":{\"@id\":\"https:\/\/dlmtappi.com\/fr\/#organization\"},\"potentialAction\":[{\"@type\":\"SearchAction\",\"target\":{\"@type\":\"EntryPoint\",\"urlTemplate\":\"https:\/\/dlmtappi.com\/fr\/?s={search_term_string}\"},\"query-input\":{\"@type\":\"PropertyValueSpecification\",\"valueRequired\":true,\"valueName\":\"search_term_string\"}}],\"inLanguage\":\"fr-FR\"},{\"@type\":\"Organization\",\"@id\":\"https:\/\/dlmtappi.com\/fr\/#organization\",\"name\":\"DLM tappi\",\"url\":\"https:\/\/dlmtappi.com\/fr\/\",\"logo\":{\"@type\":\"ImageObject\",\"inLanguage\":\"fr-FR\",\"@id\":\"https:\/\/dlmtappi.com\/fr\/#\/schema\/logo\/image\/\",\"url\":\"https:\/\/dlmtappi.com\/wp-content\/uploads\/2022\/12\/dlm_logo_foglia.png\",\"contentUrl\":\"https:\/\/dlmtappi.com\/wp-content\/uploads\/2022\/12\/dlm_logo_foglia.png\",\"width\":114,\"height\":100,\"caption\":\"DLM tappi\"},\"image\":{\"@id\":\"https:\/\/dlmtappi.com\/fr\/#\/schema\/logo\/image\/\"}}]}<\/script>\n<!-- \/ Yoast SEO plugin. -->","yoast_head_json":{"title":"Ricerca e sviluppo tappi protezioni in plastica | DLM Tappi","description":"Grazie al costante feedback da parte dei clienti, DLM Tappi \u00e8 attiva nel campo della ricerca e sviluppo tappi protezioni in plastica. Scopri","robots":{"index":"index","follow":"follow","max-snippet":"max-snippet:-1","max-image-preview":"max-image-preview:large","max-video-preview":"max-video-preview:-1"},"canonical":"https:\/\/dlmtappi.com\/fr\/entreprise\/recherche-et-developpement\/","og_locale":"fr_FR","og_type":"article","og_title":"Ricerca e sviluppo tappi protezioni in plastica | DLM Tappi","og_description":"Grazie al costante feedback da parte dei clienti, DLM Tappi \u00e8 attiva nel campo della ricerca e sviluppo tappi protezioni in plastica. Scopri","og_url":"https:\/\/dlmtappi.com\/fr\/entreprise\/recherche-et-developpement\/","og_site_name":"DLM tappi","article_modified_time":"2025-12-23T15:52:40+00:00","og_image":[{"width":618,"height":450,"url":"https:\/\/dlmtappi.com\/wp-content\/uploads\/2020\/03\/0401_Disegno-tecnico.jpg","type":"image\/jpeg"}],"twitter_card":"summary_large_image","twitter_misc":{"Dur\u00e9e de lecture estim\u00e9e":"2 minutes"},"schema":{"@context":"https:\/\/schema.org","@graph":[{"@type":"WebPage","@id":"https:\/\/dlmtappi.com\/fr\/entreprise\/recherche-et-developpement\/","url":"https:\/\/dlmtappi.com\/fr\/entreprise\/recherche-et-developpement\/","name":"Ricerca e sviluppo tappi protezioni in plastica | DLM Tappi","isPartOf":{"@id":"https:\/\/dlmtappi.com\/fr\/#website"},"primaryImageOfPage":{"@id":"https:\/\/dlmtappi.com\/fr\/entreprise\/recherche-et-developpement\/#primaryimage"},"image":{"@id":"https:\/\/dlmtappi.com\/fr\/entreprise\/recherche-et-developpement\/#primaryimage"},"thumbnailUrl":"https:\/\/dlmtappi.com\/wp-content\/uploads\/2020\/03\/0401_Disegno-tecnico.jpg","datePublished":"2019-07-30T12:12:15+00:00","dateModified":"2025-12-23T15:52:40+00:00","description":"Grazie al costante feedback da parte dei clienti, DLM Tappi \u00e8 attiva nel campo della ricerca e sviluppo tappi protezioni in plastica. Scopri","breadcrumb":{"@id":"https:\/\/dlmtappi.com\/fr\/entreprise\/recherche-et-developpement\/#breadcrumb"},"inLanguage":"fr-FR","potentialAction":[{"@type":"ReadAction","target":["https:\/\/dlmtappi.com\/fr\/entreprise\/recherche-et-developpement\/"]}]},{"@type":"ImageObject","inLanguage":"fr-FR","@id":"https:\/\/dlmtappi.com\/fr\/entreprise\/recherche-et-developpement\/#primaryimage","url":"https:\/\/dlmtappi.com\/wp-content\/uploads\/2020\/03\/0401_Disegno-tecnico.jpg","contentUrl":"https:\/\/dlmtappi.com\/wp-content\/uploads\/2020\/03\/0401_Disegno-tecnico.jpg","width":618,"height":450},{"@type":"BreadcrumbList","@id":"https:\/\/dlmtappi.com\/fr\/entreprise\/recherche-et-developpement\/#breadcrumb","itemListElement":[{"@type":"ListItem","position":1,"name":"Home","item":"https:\/\/dlmtappi.com\/fr\/"},{"@type":"ListItem","position":2,"name":"Entreprise","item":"https:\/\/dlmtappi.com\/fr\/entreprise\/"},{"@type":"ListItem","position":3,"name":"Recherche et d\u00e9veloppement"}]},{"@type":"WebSite","@id":"https:\/\/dlmtappi.com\/fr\/#website","url":"https:\/\/dlmtappi.com\/fr\/","name":"DLM tappi","description":"Produzione tappi tecnici e protezione filetti in plastica","publisher":{"@id":"https:\/\/dlmtappi.com\/fr\/#organization"},"potentialAction":[{"@type":"SearchAction","target":{"@type":"EntryPoint","urlTemplate":"https:\/\/dlmtappi.com\/fr\/?s={search_term_string}"},"query-input":{"@type":"PropertyValueSpecification","valueRequired":true,"valueName":"search_term_string"}}],"inLanguage":"fr-FR"},{"@type":"Organization","@id":"https:\/\/dlmtappi.com\/fr\/#organization","name":"DLM tappi","url":"https:\/\/dlmtappi.com\/fr\/","logo":{"@type":"ImageObject","inLanguage":"fr-FR","@id":"https:\/\/dlmtappi.com\/fr\/#\/schema\/logo\/image\/","url":"https:\/\/dlmtappi.com\/wp-content\/uploads\/2022\/12\/dlm_logo_foglia.png","contentUrl":"https:\/\/dlmtappi.com\/wp-content\/uploads\/2022\/12\/dlm_logo_foglia.png","width":114,"height":100,"caption":"DLM tappi"},"image":{"@id":"https:\/\/dlmtappi.com\/fr\/#\/schema\/logo\/image\/"}}]}},"_links":{"self":[{"href":"https:\/\/dlmtappi.com\/fr\/wp-json\/wp\/v2\/pages\/11010","targetHints":{"allow":["GET"]}}],"collection":[{"href":"https:\/\/dlmtappi.com\/fr\/wp-json\/wp\/v2\/pages"}],"about":[{"href":"https:\/\/dlmtappi.com\/fr\/wp-json\/wp\/v2\/types\/page"}],"author":[{"embeddable":true,"href":"https:\/\/dlmtappi.com\/fr\/wp-json\/wp\/v2\/users\/1"}],"replies":[{"embeddable":true,"href":"https:\/\/dlmtappi.com\/fr\/wp-json\/wp\/v2\/comments?post=11010"}],"version-history":[{"count":4,"href":"https:\/\/dlmtappi.com\/fr\/wp-json\/wp\/v2\/pages\/11010\/revisions"}],"predecessor-version":[{"id":11338,"href":"https:\/\/dlmtappi.com\/fr\/wp-json\/wp\/v2\/pages\/11010\/revisions\/11338"}],"up":[{"embeddable":true,"href":"https:\/\/dlmtappi.com\/fr\/wp-json\/wp\/v2\/pages\/10957"}],"wp:featuredmedia":[{"embeddable":true,"href":"https:\/\/dlmtappi.com\/fr\/wp-json\/wp\/v2\/media\/11011"}],"wp:attachment":[{"href":"https:\/\/dlmtappi.com\/fr\/wp-json\/wp\/v2\/media?parent=11010"}],"curies":[{"name":"wp","href":"https:\/\/api.w.org\/{rel}","templated":true}]}}