{"id":11017,"date":"2019-11-29T10:29:17","date_gmt":"2019-11-29T09:29:17","guid":{"rendered":"https:\/\/dlmtappi.com\/categorie\/"},"modified":"2025-12-23T16:55:28","modified_gmt":"2025-12-23T15:55:28","slug":"categories","status":"publish","type":"page","link":"https:\/\/dlmtappi.com\/fr\/categories\/","title":{"rendered":"Cat\u00e9gories"},"content":{"rendered":"<section class=\"wpb-content-wrapper\"><p>[vc_row][vc_column offset=\u00a0\u00bbvc_col-lg-offset-2 vc_col-lg-8 vc_col-md-offset-2 vc_col-md-8&Prime;][vc_empty_space][vc_column_text]Dans cette section, vous trouverez tous nos produits r\u00e9partis dans les <strong>cat\u00e9gories<\/strong> suivantes : bouchons, capuchons, protections maigres, protections de brides, protections de raccords rapides, bagues collectrices d&rsquo;\u00e9crous, automobile, capuchons de peinture, autres protections, s\u00e9ries bio &amp; \u00e9co. Chaque produit r\u00e9pond \u00e0 un <strong>besoin diff\u00e9rent<\/strong>, assurant une production optimale pendant la fabrication, le stockage et le transport des marchandises. <strong>Les couleurs, dimensions et mat\u00e9riaux disponibles sont indiqu\u00e9s<\/strong> sur chaque fiche produit.[\/vc_column_text][\/vc_column][\/vc_row]<\/p>\n<\/section>","protected":false},"excerpt":{"rendered":"<p>[vc_row][vc_column offset=\u00a0\u00bbvc_col-lg-offset-2 vc_col-lg-8 vc_col-md-offset-2 vc_col-md-8&Prime;][vc_empty_space][vc_column_text]Dans cette section, vous trouverez tous nos produits r\u00e9partis dans les cat\u00e9gories suivantes : bouchons, capuchons, protections maigres, protections de brides, protections de raccords rapides, bagues collectrices d&rsquo;\u00e9crous, automobile, capuchons de peinture, autres protections, s\u00e9ries bio &amp; \u00e9co. Chaque produit r\u00e9pond \u00e0 un besoin diff\u00e9rent, assurant une production optimale pendant la&hellip;<\/p>\n","protected":false},"author":1,"featured_media":11018,"parent":0,"menu_order":0,"comment_status":"closed","ping_status":"closed","template":"","meta":{"_acf_changed":false,"footnotes":""},"class_list":["post-11017","page","type-page","status-publish","has-post-thumbnail","hentry","description-off"],"acf":[],"yoast_head":"<!-- This site is optimized with the Yoast SEO plugin v25.6 - https:\/\/yoast.com\/wordpress\/plugins\/seo\/ -->\n<title>Categorie tappi tecnici in plastica - DLM tappi<\/title>\n<meta name=\"description\" content=\"Scopri ora le categorie tappi tecnici in plastica, cappucci, protezioni per flange, protezioni per innesti rapidi, tappi per verniciatura...\" \/>\n<meta name=\"robots\" content=\"index, follow, max-snippet:-1, max-image-preview:large, max-video-preview:-1\" \/>\n<link rel=\"canonical\" href=\"https:\/\/dlmtappi.com\/fr\/categories\/\" \/>\n<meta property=\"og:locale\" content=\"fr_FR\" \/>\n<meta property=\"og:type\" content=\"article\" \/>\n<meta property=\"og:title\" content=\"Categorie tappi tecnici in plastica - DLM tappi\" \/>\n<meta property=\"og:description\" content=\"Scopri ora le categorie tappi tecnici in plastica, cappucci, protezioni per flange, protezioni per innesti rapidi, tappi per verniciatura...\" \/>\n<meta property=\"og:url\" content=\"https:\/\/dlmtappi.com\/fr\/categories\/\" \/>\n<meta property=\"og:site_name\" content=\"DLM tappi\" \/>\n<meta property=\"article:modified_time\" content=\"2025-12-23T15:55:28+00:00\" \/>\n<meta property=\"og:image\" content=\"https:\/\/dlmtappi.com\/wp-content\/uploads\/2022\/12\/Eco_caps_female_quick_fit_style_plain_push-on.jpg\" \/>\n\t<meta property=\"og:image:width\" content=\"2022\" \/>\n\t<meta property=\"og:image:height\" content=\"1354\" \/>\n\t<meta property=\"og:image:type\" content=\"image\/jpeg\" \/>\n<meta name=\"twitter:card\" content=\"summary_large_image\" \/>\n<meta name=\"twitter:label1\" content=\"Dur\u00e9e de lecture estim\u00e9e\" \/>\n\t<meta name=\"twitter:data1\" content=\"1 minute\" \/>\n<script type=\"application\/ld+json\" class=\"yoast-schema-graph\">{\"@context\":\"https:\/\/schema.org\",\"@graph\":[{\"@type\":\"WebPage\",\"@id\":\"https:\/\/dlmtappi.com\/fr\/categories\/\",\"url\":\"https:\/\/dlmtappi.com\/fr\/categories\/\",\"name\":\"Categorie tappi tecnici in plastica - DLM tappi\",\"isPartOf\":{\"@id\":\"https:\/\/dlmtappi.com\/fr\/#website\"},\"primaryImageOfPage\":{\"@id\":\"https:\/\/dlmtappi.com\/fr\/categories\/#primaryimage\"},\"image\":{\"@id\":\"https:\/\/dlmtappi.com\/fr\/categories\/#primaryimage\"},\"thumbnailUrl\":\"https:\/\/dlmtappi.com\/wp-content\/uploads\/2022\/12\/Eco_caps_female_quick_fit_style_plain_push-on.jpg\",\"datePublished\":\"2019-11-29T09:29:17+00:00\",\"dateModified\":\"2025-12-23T15:55:28+00:00\",\"description\":\"Scopri ora le categorie tappi tecnici in plastica, cappucci, protezioni per flange, protezioni per innesti rapidi, tappi per verniciatura...\",\"breadcrumb\":{\"@id\":\"https:\/\/dlmtappi.com\/fr\/categories\/#breadcrumb\"},\"inLanguage\":\"fr-FR\",\"potentialAction\":[{\"@type\":\"ReadAction\",\"target\":[\"https:\/\/dlmtappi.com\/fr\/categories\/\"]}]},{\"@type\":\"ImageObject\",\"inLanguage\":\"fr-FR\",\"@id\":\"https:\/\/dlmtappi.com\/fr\/categories\/#primaryimage\",\"url\":\"https:\/\/dlmtappi.com\/wp-content\/uploads\/2022\/12\/Eco_caps_female_quick_fit_style_plain_push-on.jpg\",\"contentUrl\":\"https:\/\/dlmtappi.com\/wp-content\/uploads\/2022\/12\/Eco_caps_female_quick_fit_style_plain_push-on.jpg\",\"width\":2022,\"height\":1354},{\"@type\":\"BreadcrumbList\",\"@id\":\"https:\/\/dlmtappi.com\/fr\/categories\/#breadcrumb\",\"itemListElement\":[{\"@type\":\"ListItem\",\"position\":1,\"name\":\"Home\",\"item\":\"https:\/\/dlmtappi.com\/fr\/\"},{\"@type\":\"ListItem\",\"position\":2,\"name\":\"Cat\u00e9gories\"}]},{\"@type\":\"WebSite\",\"@id\":\"https:\/\/dlmtappi.com\/fr\/#website\",\"url\":\"https:\/\/dlmtappi.com\/fr\/\",\"name\":\"DLM tappi\",\"description\":\"Produzione tappi tecnici e protezione filetti in plastica\",\"publisher\":{\"@id\":\"https:\/\/dlmtappi.com\/fr\/#organization\"},\"potentialAction\":[{\"@type\":\"SearchAction\",\"target\":{\"@type\":\"EntryPoint\",\"urlTemplate\":\"https:\/\/dlmtappi.com\/fr\/?s={search_term_string}\"},\"query-input\":{\"@type\":\"PropertyValueSpecification\",\"valueRequired\":true,\"valueName\":\"search_term_string\"}}],\"inLanguage\":\"fr-FR\"},{\"@type\":\"Organization\",\"@id\":\"https:\/\/dlmtappi.com\/fr\/#organization\",\"name\":\"DLM tappi\",\"url\":\"https:\/\/dlmtappi.com\/fr\/\",\"logo\":{\"@type\":\"ImageObject\",\"inLanguage\":\"fr-FR\",\"@id\":\"https:\/\/dlmtappi.com\/fr\/#\/schema\/logo\/image\/\",\"url\":\"https:\/\/dlmtappi.com\/wp-content\/uploads\/2022\/12\/dlm_logo_foglia.png\",\"contentUrl\":\"https:\/\/dlmtappi.com\/wp-content\/uploads\/2022\/12\/dlm_logo_foglia.png\",\"width\":114,\"height\":100,\"caption\":\"DLM tappi\"},\"image\":{\"@id\":\"https:\/\/dlmtappi.com\/fr\/#\/schema\/logo\/image\/\"}}]}<\/script>\n<!-- \/ Yoast SEO plugin. -->","yoast_head_json":{"title":"Categorie tappi tecnici in plastica - DLM tappi","description":"Scopri ora le categorie tappi tecnici in plastica, cappucci, protezioni per flange, protezioni per innesti rapidi, tappi per verniciatura...","robots":{"index":"index","follow":"follow","max-snippet":"max-snippet:-1","max-image-preview":"max-image-preview:large","max-video-preview":"max-video-preview:-1"},"canonical":"https:\/\/dlmtappi.com\/fr\/categories\/","og_locale":"fr_FR","og_type":"article","og_title":"Categorie tappi tecnici in plastica - DLM tappi","og_description":"Scopri ora le categorie tappi tecnici in plastica, cappucci, protezioni per flange, protezioni per innesti rapidi, tappi per verniciatura...","og_url":"https:\/\/dlmtappi.com\/fr\/categories\/","og_site_name":"DLM tappi","article_modified_time":"2025-12-23T15:55:28+00:00","og_image":[{"width":2022,"height":1354,"url":"https:\/\/dlmtappi.com\/wp-content\/uploads\/2022\/12\/Eco_caps_female_quick_fit_style_plain_push-on.jpg","type":"image\/jpeg"}],"twitter_card":"summary_large_image","twitter_misc":{"Dur\u00e9e de lecture estim\u00e9e":"1 minute"},"schema":{"@context":"https:\/\/schema.org","@graph":[{"@type":"WebPage","@id":"https:\/\/dlmtappi.com\/fr\/categories\/","url":"https:\/\/dlmtappi.com\/fr\/categories\/","name":"Categorie tappi tecnici in plastica - DLM tappi","isPartOf":{"@id":"https:\/\/dlmtappi.com\/fr\/#website"},"primaryImageOfPage":{"@id":"https:\/\/dlmtappi.com\/fr\/categories\/#primaryimage"},"image":{"@id":"https:\/\/dlmtappi.com\/fr\/categories\/#primaryimage"},"thumbnailUrl":"https:\/\/dlmtappi.com\/wp-content\/uploads\/2022\/12\/Eco_caps_female_quick_fit_style_plain_push-on.jpg","datePublished":"2019-11-29T09:29:17+00:00","dateModified":"2025-12-23T15:55:28+00:00","description":"Scopri ora le categorie tappi tecnici in plastica, cappucci, protezioni per flange, protezioni per innesti rapidi, tappi per verniciatura...","breadcrumb":{"@id":"https:\/\/dlmtappi.com\/fr\/categories\/#breadcrumb"},"inLanguage":"fr-FR","potentialAction":[{"@type":"ReadAction","target":["https:\/\/dlmtappi.com\/fr\/categories\/"]}]},{"@type":"ImageObject","inLanguage":"fr-FR","@id":"https:\/\/dlmtappi.com\/fr\/categories\/#primaryimage","url":"https:\/\/dlmtappi.com\/wp-content\/uploads\/2022\/12\/Eco_caps_female_quick_fit_style_plain_push-on.jpg","contentUrl":"https:\/\/dlmtappi.com\/wp-content\/uploads\/2022\/12\/Eco_caps_female_quick_fit_style_plain_push-on.jpg","width":2022,"height":1354},{"@type":"BreadcrumbList","@id":"https:\/\/dlmtappi.com\/fr\/categories\/#breadcrumb","itemListElement":[{"@type":"ListItem","position":1,"name":"Home","item":"https:\/\/dlmtappi.com\/fr\/"},{"@type":"ListItem","position":2,"name":"Cat\u00e9gories"}]},{"@type":"WebSite","@id":"https:\/\/dlmtappi.com\/fr\/#website","url":"https:\/\/dlmtappi.com\/fr\/","name":"DLM tappi","description":"Produzione tappi tecnici e protezione filetti in plastica","publisher":{"@id":"https:\/\/dlmtappi.com\/fr\/#organization"},"potentialAction":[{"@type":"SearchAction","target":{"@type":"EntryPoint","urlTemplate":"https:\/\/dlmtappi.com\/fr\/?s={search_term_string}"},"query-input":{"@type":"PropertyValueSpecification","valueRequired":true,"valueName":"search_term_string"}}],"inLanguage":"fr-FR"},{"@type":"Organization","@id":"https:\/\/dlmtappi.com\/fr\/#organization","name":"DLM tappi","url":"https:\/\/dlmtappi.com\/fr\/","logo":{"@type":"ImageObject","inLanguage":"fr-FR","@id":"https:\/\/dlmtappi.com\/fr\/#\/schema\/logo\/image\/","url":"https:\/\/dlmtappi.com\/wp-content\/uploads\/2022\/12\/dlm_logo_foglia.png","contentUrl":"https:\/\/dlmtappi.com\/wp-content\/uploads\/2022\/12\/dlm_logo_foglia.png","width":114,"height":100,"caption":"DLM tappi"},"image":{"@id":"https:\/\/dlmtappi.com\/fr\/#\/schema\/logo\/image\/"}}]}},"_links":{"self":[{"href":"https:\/\/dlmtappi.com\/fr\/wp-json\/wp\/v2\/pages\/11017","targetHints":{"allow":["GET"]}}],"collection":[{"href":"https:\/\/dlmtappi.com\/fr\/wp-json\/wp\/v2\/pages"}],"about":[{"href":"https:\/\/dlmtappi.com\/fr\/wp-json\/wp\/v2\/types\/page"}],"author":[{"embeddable":true,"href":"https:\/\/dlmtappi.com\/fr\/wp-json\/wp\/v2\/users\/1"}],"replies":[{"embeddable":true,"href":"https:\/\/dlmtappi.com\/fr\/wp-json\/wp\/v2\/comments?post=11017"}],"version-history":[{"count":2,"href":"https:\/\/dlmtappi.com\/fr\/wp-json\/wp\/v2\/pages\/11017\/revisions"}],"predecessor-version":[{"id":11020,"href":"https:\/\/dlmtappi.com\/fr\/wp-json\/wp\/v2\/pages\/11017\/revisions\/11020"}],"wp:featuredmedia":[{"embeddable":true,"href":"https:\/\/dlmtappi.com\/fr\/wp-json\/wp\/v2\/media\/11018"}],"wp:attachment":[{"href":"https:\/\/dlmtappi.com\/fr\/wp-json\/wp\/v2\/media?parent=11017"}],"curies":[{"name":"wp","href":"https:\/\/api.w.org\/{rel}","templated":true}]}}