{"id":11068,"date":"2019-07-30T14:22:38","date_gmt":"2019-07-30T12:22:38","guid":{"rendered":"https:\/\/dlmtappi.com\/?page_id=11068"},"modified":"2025-12-23T16:53:44","modified_gmt":"2025-12-23T15:53:44","slug":"durabilite","status":"publish","type":"page","link":"https:\/\/dlmtappi.com\/fr\/entreprise\/durabilite\/","title":{"rendered":"Durabilit\u00e9"},"content":{"rendered":"<section class=\"wpb-content-wrapper\"><p>[vc_row gap=\u00a0\u00bb20&Prime; equal_height=\u00a0\u00bbyes\u00a0\u00bb content_placement=\u00a0\u00bbmiddle\u00a0\u00bb][vc_column width=\u00a0\u00bb1\/2&Prime; offset=\u00a0\u00bbvc_hidden-xs\u00a0\u00bb][vc_column_text]En termes de durabilit\u00e9, nous nous consacrons au d\u00e9veloppement de produits fabriqu\u00e9s \u00e0 partir de <strong>plastiques biod\u00e9gradables<\/strong> et <strong>de \u00ab\u00a0seconde vie\u00a0\u00bb<\/strong>. Outre la recherche de mat\u00e9riaux ayant un faible impact sur l&rsquo;environnement, l&rsquo;entreprise souhaite r\u00e9duire les d\u00e9chets gr\u00e2ce \u00e0 des<strong> \u00ab\u00a0boucles ferm\u00e9es\u00a0\u00bb<\/strong> permettant de r\u00e9cup\u00e9rer les d\u00e9chets et les mat\u00e9riaux de rebut.[\/vc_column_text][vc_empty_space][vc_column_text]Depuis des ann\u00e9es, DLM s&rsquo;engage \u00e0 sensibiliser le client final \u00e0 <strong>l&rsquo;enl\u00e8vement et \u00e0 l&rsquo;\u00e9limination corrects de ses protecteurs<\/strong>. Cela permet de r\u00e9cup\u00e9rer et de retraiter le mat\u00e9riau, avec l&rsquo;aide d&rsquo;entreprises leaders dans le secteur de la r\u00e9g\u00e9n\u00e9ration des granul\u00e9s.[\/vc_column_text][vc_empty_space][vc_column_text]L&rsquo;<strong>engagement social<\/strong> s&rsquo;est \u00e9galement concr\u00e9tis\u00e9 par le soutien \u00e0 des associations locales, ainsi que par des <strong>projets \u00e9ducatifs avec des \u00e9coles<\/strong> de tous niveaux. Par exemple, nous avons organis\u00e9 des cours sur le recyclage du plastique ou des stages pour les \u00e9l\u00e8ves des \u00e9coles professionnelles.[\/vc_column_text][vc_empty_space][\/vc_column][vc_column width=\u00a0\u00bb1\/2&Prime; css=\u00a0\u00bb.vc_custom_1575901322404{background-image: url(https:\/\/dlmtappi.com\/wp-content\/uploads\/2019\/12\/DLM-Bio.jpg?id=5791) !important;background-position: center !important;background-repeat: no-repeat !important;background-size: cover !important;}\u00a0\u00bb offset=\u00a0\u00bbvc_hidden-xs\u00a0\u00bb][\/vc_column][\/vc_row][vc_row equal_height=\u00a0\u00bbyes\u00a0\u00bb content_placement=\u00a0\u00bbmiddle\u00a0\u00bb][vc_column offset=\u00a0\u00bbvc_hidden-lg vc_hidden-md vc_hidden-sm\u00a0\u00bb][vc_column_text]In termini di sostenibilit\u00e0 ci dedichiamo al potenziamento di prodotti realizzati con <b>plastiche biodegradabili<\/b> e con <b>plastiche di \u00ab\u00a0seconda vita\u00a0\u00bb<\/b>. Oltre alla ricerca di materiali a basso impatto ambientale, la volont\u00e0 dell&rsquo;azienda \u00e8 ridurre gli sprechi attraverso \u201c<b>cicli chiusi\u00a0\u00bb<\/b> per recuperare il materiale di scarto e di sfrido.<\/p>\n<p>Da anni DLM \u00e8 impegnata in un <b>percorso di educazione alla corretta rimozione e smaltimento delle proprie protezioni<\/b> da parte del cliente finale. In questo modo \u00e8 possibile recuperare e rielaborare il materiale, con l&rsquo;aiuto di aziende leader nel settore della rigenerazione del granulo.<\/p>\n<p>L<b>\u2019impegno sociale<\/b> si \u00e8 consolidato anche nel sostegno alle associazioni del territorio, nonch\u00e9 <b>progetti formativi con le scuole<\/b> di ogni ordine e grado. Abbiamo organizzato ad esempio lezioni sulla tematica del riciclo della plastica oppure tirocini per i ragazzi delle scuole professionali.[\/vc_column_text][vc_single_image image=\u00a0\u00bb5791&Prime; img_size=\u00a0\u00bb450&#215;300&Prime; alignment=\u00a0\u00bbcenter\u00a0\u00bb][\/vc_column][\/vc_row][vc_row full_width=\u00a0\u00bbstretch_row\u00a0\u00bb gap=\u00a0\u00bb35&Prime; equal_height=\u00a0\u00bbyes\u00a0\u00bb content_placement=\u00a0\u00bbmiddle\u00a0\u00bb css=\u00a0\u00bb.vc_custom_1575906788338{margin-top: 50px !important;background-color: #f7f7f7 !important;}\u00a0\u00bb el_class=\u00a0\u00bbpreFooter\u00a0\u00bb][vc_column offset=\u00a0\u00bbvc_col-lg-offset-1 vc_col-lg-10 vc_col-md-offset-1 vc_col-md-10&Prime;][vc_custom_heading text=\u00a0\u00bbA propos de nous\u00a0\u00bb font_container=\u00a0\u00bbtag:h2|text_align:center\u00a0\u00bb use_theme_fonts=\u00a0\u00bbyes\u00a0\u00bb el_class=\u00a0\u00bbtextUppercase\u00a0\u00bb][vc_custom_heading text=\u00a0\u00bb\u00ab\u00a0Nos clients doivent oublier la gestion des bouchons. Le bouchon dans la production est comme le stylo dans un bureau : personne ne s&rsquo;attend \u00e0 ne pas le trouver quand on en a besoin\u00ab\u00a0.\u00a0\u00bb font_container=\u00a0\u00bbtag:h3|text_align:center\u00a0\u00bb use_theme_fonts=\u00a0\u00bbyes\u00a0\u00bb][vc_empty_space][vc_btn title=\u00a0\u00bbD\u00c9COUVRIR LA SOCI\u00c9T\u00c9 DLM &gt;\u00a0\u00bb style=\u00a0\u00bboutline-custom\u00a0\u00bb outline_custom_color=\u00a0\u00bb#333333&Prime; outline_custom_hover_background=\u00a0\u00bb#333333&Prime; outline_custom_hover_text=\u00a0\u00bb#ffffff\u00a0\u00bb shape=\u00a0\u00bbsquare\u00a0\u00bb align=\u00a0\u00bbcenter\u00a0\u00bb link=\u00a0\u00bburl:https%3A%2F%2Fdlmtappi.com%2Ffr%2Fentreprise%2F|title:Entreprise\u00a0\u00bb el_class=\u00a0\u00bbtextUppercase\u00a0\u00bb][vc_empty_space height=\u00a0\u00bb20px\u00a0\u00bb][\/vc_column][\/vc_row]<\/p>\n<\/section>","protected":false},"excerpt":{"rendered":"<p>[vc_row gap=\u00a0\u00bb20&Prime; equal_height=\u00a0\u00bbyes\u00a0\u00bb content_placement=\u00a0\u00bbmiddle\u00a0\u00bb][vc_column width=\u00a0\u00bb1\/2&Prime; offset=\u00a0\u00bbvc_hidden-xs\u00a0\u00bb][vc_column_text]En termes de durabilit\u00e9, nous nous consacrons au d\u00e9veloppement de produits fabriqu\u00e9s \u00e0 partir de plastiques biod\u00e9gradables et de \u00ab\u00a0seconde vie\u00a0\u00bb. Outre la recherche de mat\u00e9riaux ayant un faible impact sur l&rsquo;environnement, l&rsquo;entreprise souhaite r\u00e9duire les d\u00e9chets gr\u00e2ce \u00e0 des \u00ab\u00a0boucles ferm\u00e9es\u00a0\u00bb permettant de r\u00e9cup\u00e9rer les d\u00e9chets et les mat\u00e9riaux&hellip;<\/p>\n","protected":false},"author":1,"featured_media":11070,"parent":10957,"menu_order":0,"comment_status":"closed","ping_status":"closed","template":"","meta":{"_acf_changed":false,"footnotes":""},"class_list":["post-11068","page","type-page","status-publish","has-post-thumbnail","hentry","description-off"],"acf":[],"yoast_head":"<!-- This site is optimized with the Yoast SEO plugin v25.6 - https:\/\/yoast.com\/wordpress\/plugins\/seo\/ -->\n<title>Sostenibilit\u00e0 ambientale - Riciclo Plastica - DLM tappi<\/title>\n<meta name=\"description\" content=\"Produciamo prodotti con plastiche biodegradabili e di seconda vita. Scopri i nostri progetti di riciclo plastico e sostenibilit\u00e0 ambientale\" \/>\n<meta name=\"robots\" content=\"index, follow, max-snippet:-1, max-image-preview:large, max-video-preview:-1\" \/>\n<link rel=\"canonical\" href=\"https:\/\/dlmtappi.com\/fr\/entreprise\/durabilite\/\" \/>\n<meta property=\"og:locale\" content=\"fr_FR\" \/>\n<meta property=\"og:type\" content=\"article\" \/>\n<meta property=\"og:title\" content=\"Sostenibilit\u00e0 ambientale - Riciclo Plastica - DLM tappi\" \/>\n<meta property=\"og:description\" content=\"Produciamo prodotti con plastiche biodegradabili e di seconda vita. Scopri i nostri progetti di riciclo plastico e sostenibilit\u00e0 ambientale\" \/>\n<meta property=\"og:url\" content=\"https:\/\/dlmtappi.com\/fr\/entreprise\/durabilite\/\" \/>\n<meta property=\"og:site_name\" content=\"DLM tappi\" \/>\n<meta property=\"article:modified_time\" content=\"2025-12-23T15:53:44+00:00\" \/>\n<meta property=\"og:image\" content=\"https:\/\/dlmtappi.com\/wp-content\/uploads\/2022\/12\/Eco_plugs_male_short_push-in_with_pull_tab.jpg\" \/>\n\t<meta property=\"og:image:width\" content=\"1824\" \/>\n\t<meta property=\"og:image:height\" content=\"1221\" \/>\n\t<meta property=\"og:image:type\" content=\"image\/jpeg\" \/>\n<meta name=\"twitter:card\" content=\"summary_large_image\" \/>\n<meta name=\"twitter:label1\" content=\"Dur\u00e9e de lecture estim\u00e9e\" \/>\n\t<meta name=\"twitter:data1\" content=\"3 minutes\" \/>\n<script type=\"application\/ld+json\" class=\"yoast-schema-graph\">{\"@context\":\"https:\/\/schema.org\",\"@graph\":[{\"@type\":\"WebPage\",\"@id\":\"https:\/\/dlmtappi.com\/fr\/entreprise\/durabilite\/\",\"url\":\"https:\/\/dlmtappi.com\/fr\/entreprise\/durabilite\/\",\"name\":\"Sostenibilit\u00e0 ambientale - Riciclo Plastica - DLM tappi\",\"isPartOf\":{\"@id\":\"https:\/\/dlmtappi.com\/fr\/#website\"},\"primaryImageOfPage\":{\"@id\":\"https:\/\/dlmtappi.com\/fr\/entreprise\/durabilite\/#primaryimage\"},\"image\":{\"@id\":\"https:\/\/dlmtappi.com\/fr\/entreprise\/durabilite\/#primaryimage\"},\"thumbnailUrl\":\"https:\/\/dlmtappi.com\/wp-content\/uploads\/2022\/12\/Eco_plugs_male_short_push-in_with_pull_tab.jpg\",\"datePublished\":\"2019-07-30T12:22:38+00:00\",\"dateModified\":\"2025-12-23T15:53:44+00:00\",\"description\":\"Produciamo prodotti con plastiche biodegradabili e di seconda vita. Scopri i nostri progetti di riciclo plastico e sostenibilit\u00e0 ambientale\",\"breadcrumb\":{\"@id\":\"https:\/\/dlmtappi.com\/fr\/entreprise\/durabilite\/#breadcrumb\"},\"inLanguage\":\"fr-FR\",\"potentialAction\":[{\"@type\":\"ReadAction\",\"target\":[\"https:\/\/dlmtappi.com\/fr\/entreprise\/durabilite\/\"]}]},{\"@type\":\"ImageObject\",\"inLanguage\":\"fr-FR\",\"@id\":\"https:\/\/dlmtappi.com\/fr\/entreprise\/durabilite\/#primaryimage\",\"url\":\"https:\/\/dlmtappi.com\/wp-content\/uploads\/2022\/12\/Eco_plugs_male_short_push-in_with_pull_tab.jpg\",\"contentUrl\":\"https:\/\/dlmtappi.com\/wp-content\/uploads\/2022\/12\/Eco_plugs_male_short_push-in_with_pull_tab.jpg\",\"width\":1824,\"height\":1221},{\"@type\":\"BreadcrumbList\",\"@id\":\"https:\/\/dlmtappi.com\/fr\/entreprise\/durabilite\/#breadcrumb\",\"itemListElement\":[{\"@type\":\"ListItem\",\"position\":1,\"name\":\"Home\",\"item\":\"https:\/\/dlmtappi.com\/fr\/\"},{\"@type\":\"ListItem\",\"position\":2,\"name\":\"Entreprise\",\"item\":\"https:\/\/dlmtappi.com\/fr\/entreprise\/\"},{\"@type\":\"ListItem\",\"position\":3,\"name\":\"Durabilit\u00e9\"}]},{\"@type\":\"WebSite\",\"@id\":\"https:\/\/dlmtappi.com\/fr\/#website\",\"url\":\"https:\/\/dlmtappi.com\/fr\/\",\"name\":\"DLM tappi\",\"description\":\"Produzione tappi tecnici e protezione filetti in plastica\",\"publisher\":{\"@id\":\"https:\/\/dlmtappi.com\/fr\/#organization\"},\"potentialAction\":[{\"@type\":\"SearchAction\",\"target\":{\"@type\":\"EntryPoint\",\"urlTemplate\":\"https:\/\/dlmtappi.com\/fr\/?s={search_term_string}\"},\"query-input\":{\"@type\":\"PropertyValueSpecification\",\"valueRequired\":true,\"valueName\":\"search_term_string\"}}],\"inLanguage\":\"fr-FR\"},{\"@type\":\"Organization\",\"@id\":\"https:\/\/dlmtappi.com\/fr\/#organization\",\"name\":\"DLM tappi\",\"url\":\"https:\/\/dlmtappi.com\/fr\/\",\"logo\":{\"@type\":\"ImageObject\",\"inLanguage\":\"fr-FR\",\"@id\":\"https:\/\/dlmtappi.com\/fr\/#\/schema\/logo\/image\/\",\"url\":\"https:\/\/dlmtappi.com\/wp-content\/uploads\/2022\/12\/dlm_logo_foglia.png\",\"contentUrl\":\"https:\/\/dlmtappi.com\/wp-content\/uploads\/2022\/12\/dlm_logo_foglia.png\",\"width\":114,\"height\":100,\"caption\":\"DLM tappi\"},\"image\":{\"@id\":\"https:\/\/dlmtappi.com\/fr\/#\/schema\/logo\/image\/\"}}]}<\/script>\n<!-- \/ Yoast SEO plugin. -->","yoast_head_json":{"title":"Sostenibilit\u00e0 ambientale - Riciclo Plastica - DLM tappi","description":"Produciamo prodotti con plastiche biodegradabili e di seconda vita. Scopri i nostri progetti di riciclo plastico e sostenibilit\u00e0 ambientale","robots":{"index":"index","follow":"follow","max-snippet":"max-snippet:-1","max-image-preview":"max-image-preview:large","max-video-preview":"max-video-preview:-1"},"canonical":"https:\/\/dlmtappi.com\/fr\/entreprise\/durabilite\/","og_locale":"fr_FR","og_type":"article","og_title":"Sostenibilit\u00e0 ambientale - Riciclo Plastica - DLM tappi","og_description":"Produciamo prodotti con plastiche biodegradabili e di seconda vita. Scopri i nostri progetti di riciclo plastico e sostenibilit\u00e0 ambientale","og_url":"https:\/\/dlmtappi.com\/fr\/entreprise\/durabilite\/","og_site_name":"DLM tappi","article_modified_time":"2025-12-23T15:53:44+00:00","og_image":[{"width":1824,"height":1221,"url":"https:\/\/dlmtappi.com\/wp-content\/uploads\/2022\/12\/Eco_plugs_male_short_push-in_with_pull_tab.jpg","type":"image\/jpeg"}],"twitter_card":"summary_large_image","twitter_misc":{"Dur\u00e9e de lecture estim\u00e9e":"3 minutes"},"schema":{"@context":"https:\/\/schema.org","@graph":[{"@type":"WebPage","@id":"https:\/\/dlmtappi.com\/fr\/entreprise\/durabilite\/","url":"https:\/\/dlmtappi.com\/fr\/entreprise\/durabilite\/","name":"Sostenibilit\u00e0 ambientale - Riciclo Plastica - DLM tappi","isPartOf":{"@id":"https:\/\/dlmtappi.com\/fr\/#website"},"primaryImageOfPage":{"@id":"https:\/\/dlmtappi.com\/fr\/entreprise\/durabilite\/#primaryimage"},"image":{"@id":"https:\/\/dlmtappi.com\/fr\/entreprise\/durabilite\/#primaryimage"},"thumbnailUrl":"https:\/\/dlmtappi.com\/wp-content\/uploads\/2022\/12\/Eco_plugs_male_short_push-in_with_pull_tab.jpg","datePublished":"2019-07-30T12:22:38+00:00","dateModified":"2025-12-23T15:53:44+00:00","description":"Produciamo prodotti con plastiche biodegradabili e di seconda vita. Scopri i nostri progetti di riciclo plastico e sostenibilit\u00e0 ambientale","breadcrumb":{"@id":"https:\/\/dlmtappi.com\/fr\/entreprise\/durabilite\/#breadcrumb"},"inLanguage":"fr-FR","potentialAction":[{"@type":"ReadAction","target":["https:\/\/dlmtappi.com\/fr\/entreprise\/durabilite\/"]}]},{"@type":"ImageObject","inLanguage":"fr-FR","@id":"https:\/\/dlmtappi.com\/fr\/entreprise\/durabilite\/#primaryimage","url":"https:\/\/dlmtappi.com\/wp-content\/uploads\/2022\/12\/Eco_plugs_male_short_push-in_with_pull_tab.jpg","contentUrl":"https:\/\/dlmtappi.com\/wp-content\/uploads\/2022\/12\/Eco_plugs_male_short_push-in_with_pull_tab.jpg","width":1824,"height":1221},{"@type":"BreadcrumbList","@id":"https:\/\/dlmtappi.com\/fr\/entreprise\/durabilite\/#breadcrumb","itemListElement":[{"@type":"ListItem","position":1,"name":"Home","item":"https:\/\/dlmtappi.com\/fr\/"},{"@type":"ListItem","position":2,"name":"Entreprise","item":"https:\/\/dlmtappi.com\/fr\/entreprise\/"},{"@type":"ListItem","position":3,"name":"Durabilit\u00e9"}]},{"@type":"WebSite","@id":"https:\/\/dlmtappi.com\/fr\/#website","url":"https:\/\/dlmtappi.com\/fr\/","name":"DLM tappi","description":"Produzione tappi tecnici e protezione filetti in plastica","publisher":{"@id":"https:\/\/dlmtappi.com\/fr\/#organization"},"potentialAction":[{"@type":"SearchAction","target":{"@type":"EntryPoint","urlTemplate":"https:\/\/dlmtappi.com\/fr\/?s={search_term_string}"},"query-input":{"@type":"PropertyValueSpecification","valueRequired":true,"valueName":"search_term_string"}}],"inLanguage":"fr-FR"},{"@type":"Organization","@id":"https:\/\/dlmtappi.com\/fr\/#organization","name":"DLM tappi","url":"https:\/\/dlmtappi.com\/fr\/","logo":{"@type":"ImageObject","inLanguage":"fr-FR","@id":"https:\/\/dlmtappi.com\/fr\/#\/schema\/logo\/image\/","url":"https:\/\/dlmtappi.com\/wp-content\/uploads\/2022\/12\/dlm_logo_foglia.png","contentUrl":"https:\/\/dlmtappi.com\/wp-content\/uploads\/2022\/12\/dlm_logo_foglia.png","width":114,"height":100,"caption":"DLM tappi"},"image":{"@id":"https:\/\/dlmtappi.com\/fr\/#\/schema\/logo\/image\/"}}]}},"_links":{"self":[{"href":"https:\/\/dlmtappi.com\/fr\/wp-json\/wp\/v2\/pages\/11068","targetHints":{"allow":["GET"]}}],"collection":[{"href":"https:\/\/dlmtappi.com\/fr\/wp-json\/wp\/v2\/pages"}],"about":[{"href":"https:\/\/dlmtappi.com\/fr\/wp-json\/wp\/v2\/types\/page"}],"author":[{"embeddable":true,"href":"https:\/\/dlmtappi.com\/fr\/wp-json\/wp\/v2\/users\/1"}],"replies":[{"embeddable":true,"href":"https:\/\/dlmtappi.com\/fr\/wp-json\/wp\/v2\/comments?post=11068"}],"version-history":[{"count":3,"href":"https:\/\/dlmtappi.com\/fr\/wp-json\/wp\/v2\/pages\/11068\/revisions"}],"predecessor-version":[{"id":11342,"href":"https:\/\/dlmtappi.com\/fr\/wp-json\/wp\/v2\/pages\/11068\/revisions\/11342"}],"up":[{"embeddable":true,"href":"https:\/\/dlmtappi.com\/fr\/wp-json\/wp\/v2\/pages\/10957"}],"wp:featuredmedia":[{"embeddable":true,"href":"https:\/\/dlmtappi.com\/fr\/wp-json\/wp\/v2\/media\/11070"}],"wp:attachment":[{"href":"https:\/\/dlmtappi.com\/fr\/wp-json\/wp\/v2\/media?parent=11068"}],"curies":[{"name":"wp","href":"https:\/\/api.w.org\/{rel}","templated":true}]}}