{"id":11433,"date":"2019-07-30T12:14:42","date_gmt":"2019-07-30T10:14:42","guid":{"rendered":"https:\/\/dlmtappi.com\/azienda\/"},"modified":"2025-12-23T16:47:14","modified_gmt":"2025-12-23T15:47:14","slug":"firma","status":"publish","type":"page","link":"https:\/\/dlmtappi.com\/pl\/firma\/","title":{"rendered":"Firma"},"content":{"rendered":"<section class=\"wpb-content-wrapper\"><p>[vc_row gap=&#8221;20&#8243; equal_height=&#8221;yes&#8221; content_placement=&#8221;middle&#8221;][vc_column width=&#8221;1\/2&#8243; offset=&#8221;vc_hidden-xs&#8221;][vc_column_text]DLM specjalizuje si\u0119 w produkcji system\u00f3w ochronnych od ponad 50 lat.<\/p>\n<p>Firma zobowi\u0105za\u0142a si\u0119 do <strong>ca\u0142kowitej ekologicznej transformacji<\/strong> swoich produkt\u00f3w i proces\u00f3w produkcyjnych do 2025 roku.<\/p>\n<p>Personel DLM jest bij\u0105cym sercem tej niezwyk\u0142ej ekologicznej transformacji, kt\u00f3ra przekszta\u0142ca si\u0119 w <strong>konkretne dzia\u0142ania<\/strong> zar\u00f3wno na poziomie zawodowym, jak i osobistym.<\/p>\n<p>Nasza transformacja ekologiczna jest konkretnym zobowi\u0105zaniem wobec naszych rodzin, dzieci i przysz\u0142ych pokole\u0144 do <strong>zmniejszenia wp\u0142ywu<\/strong> naszych produkt\u00f3w i proces\u00f3w <strong>na \u015brodowisko<\/strong>, co jest mocno zakorzenione w <strong>GREEN DEAL DLM<\/strong>.[\/vc_column_text][\/vc_column][vc_column width=&#8221;1\/2&#8243; css=&#8221;.vc_custom_1709894351283{background-image: url(https:\/\/dlmtappi.com\/wp-content\/uploads\/2024\/03\/spalla-laterale-azienda.jpg?id=10599) !important;background-position: center !important;background-repeat: no-repeat !important;background-size: contain !important;}&#8221; offset=&#8221;vc_hidden-xs&#8221;][\/vc_column][\/vc_row][vc_row equal_height=&#8221;yes&#8221; content_placement=&#8221;middle&#8221;][vc_column offset=&#8221;vc_hidden-lg vc_hidden-md vc_hidden-sm&#8221;][vc_single_image image=&#8221;9630&#8243; img_size=&#8221;full&#8221; alignment=&#8221;center&#8221;][vc_column_text]DLM da oltre 50 anni \u00e8 un\u2019azienda specializzata nella produzione di sistemi di protezione.<\/p>\n<p>La societ\u00e0 si \u00e8 impegnata, entro il 2025, ad affrontare una <strong>totale transizione ecologica<\/strong> dei propri prodotti e processi produttivi.<\/p>\n<p>Lo Staff di DLM \u00e8 il cuore pulsante di questa straordinaria transizione ecologica, che si trasforma in <strong>azioni concrete<\/strong> sia a livello professionale che personale.<\/p>\n<p>La nostra transizione ecologica \u00e8 un impegno concreto nei confronti delle nostre famiglie, dei nostri figli e delle generazioni future, per <strong>ridurre l\u2019impatto ambientale<\/strong> dei nostri prodotti e processi, che trova solide fondamenta nel <strong>GREEN DEAL DLM<\/strong>.[\/vc_column_text][vc_single_image image=&#8221;10622&#8243; img_size=&#8221;full&#8221; alignment=&#8221;center&#8221;][vc_column_text]La nostra LINEA GREEN realizzata con <strong>plastiche di seconda vita<\/strong> \u00e8 il risultato del nostro impegno verso l\u2019ambiente.<\/p>\n<p>I nostri prodotti ECO sono certificati PSV (Plastica Seconda Vita) e rispondono ai requisiti della ISO 14021.<br \/>\nLa linea ECO ci permetter\u00e0 di contribuire ad <strong>evitare l\u2019emissione di circa 800.000 kg di CO2 equivalente<\/strong>.<\/p>\n<p>Tutti gli articoli ECO saranno nuovamente riciclabili in ottica di <strong>economia circolare<\/strong>.<\/p>\n<p>DLM quotidianamente si impegna nello sviluppo di idee e soluzioni per soddisfare la sostenibilit\u00e0 economica, sociale ed ambientale, accogliendo sfide di <strong>miglioramento continuo<\/strong>.[\/vc_column_text][\/vc_column][\/vc_row][vc_row equal_height=&#8221;yes&#8221; content_placement=&#8221;middle&#8221;][vc_column][vc_empty_space height=&#8221;50px&#8221;][\/vc_column][\/vc_row][vc_row full_width=&#8221;stretch_row&#8221; gap=&#8221;20&#8243; equal_height=&#8221;yes&#8221; content_placement=&#8221;top&#8221; disable_element=&#8221;yes&#8221; css=&#8221;.vc_custom_1673623706796{background-color: #f7f7f7 !important;}&#8221;][vc_column width=&#8221;1\/3&#8243;][vc_custom_heading text=&#8221;Team&#8221; font_container=&#8221;tag:h3|text_align:left&#8221; use_theme_fonts=&#8221;yes&#8221; el_class=&#8221;textUppercase myHtre&#8221;][vc_column_text el_class=&#8221;leftBorder&#8221;]La nostra azienda \u00e8 composta da un team di <b>14 persone altamente specializzate<\/b> e costantemente formate, per rispondere da <b>oltre 30 anni <\/b>alle continue richieste del mercato.[\/vc_column_text][\/vc_column][vc_column width=&#8221;1\/3&#8243;][vc_custom_heading text=&#8221;Parco macchine&#8221; font_container=&#8221;tag:h3|text_align:left&#8221; use_theme_fonts=&#8221;yes&#8221; el_class=&#8221;textUppercase myHtre&#8221;][vc_column_text el_class=&#8221;leftBorder&#8221;]Il parco macchine \u00e8 costituito da <b>45 presse<\/b> per lo stampaggio ad iniezione, <b>un impianto<\/b> per lo stampaggio ad immersione ed <b>una attrezzeria<\/b> per la realizzazione degli stampi.[\/vc_column_text][\/vc_column][vc_column width=&#8221;1\/3&#8243;][vc_custom_heading text=&#8221;Mission&#8221; font_container=&#8221;tag:h3|text_align:left&#8221; use_theme_fonts=&#8221;yes&#8221; el_class=&#8221;textUppercase myHtre&#8221;][vc_column_text el_class=&#8221;leftBorder&#8221;]\u201cI nostri clienti devono dimenticarsi della gestione dei tappi. Il tappo in produzione \u00e8 come la penna in un ufficio: nessuno si aspetta di non trovarlo nel momento del bisogno.\u201d[\/vc_column_text][\/vc_column][\/vc_row][vc_row full_width=&#8221;stretch_row&#8221; gap=&#8221;20&#8243; equal_height=&#8221;yes&#8221; content_placement=&#8221;top&#8221; disable_element=&#8221;yes&#8221; css=&#8221;.vc_custom_1673623715464{background-color: #f7f7f7 !important;}&#8221;][vc_column width=&#8221;1\/3&#8243;][vc_custom_heading text=&#8221;Filosofia&#8221; font_container=&#8221;tag:h3|text_align:left&#8221; use_theme_fonts=&#8221;yes&#8221; el_class=&#8221;textUppercase myHtre&#8221;][vc_column_text el_class=&#8221;leftBorder&#8221;]Le nostre tecniche di fornitura si sono consolidate nella filosofia <b>Just in time<\/b> e <b>Kanban<\/b>. Siamo sensibili ai contenuti delle nuove normative in materia ambientale e ci stiamo concentrando nello <b>sviluppo di nuovi prodotti eco-compatibili<\/b>. La nostra azienda \u00e8 <b>certificata<\/b> secondo la normativa UNI EN ISO 9001:2015.[\/vc_column_text][\/vc_column][vc_column width=&#8221;1\/3&#8243;][vc_custom_heading text=&#8221;Produzione&#8221; font_container=&#8221;tag:h3|text_align:left&#8221; use_theme_fonts=&#8221;yes&#8221; el_class=&#8221;textUppercase myHtre&#8221;][vc_column_text el_class=&#8221;leftBorder&#8221;]La nostra area produttiva si estende su circa <b>2.000 mq<\/b>, mentre la logistica ed il magazzino dei prodotti finiti si trovano a pochi chilometri dal sito produttivo e coprono un\u2019area di circa 1.500 mq. Siamo costantemente riforniti con <b>oltre 5.000 articoli<\/b> della nostra gamma standard.[\/vc_column_text][\/vc_column][vc_column width=&#8221;1\/3&#8243;][vc_custom_heading text=&#8221;Settori&#8221; font_container=&#8221;tag:h3|text_align:left&#8221; use_theme_fonts=&#8221;yes&#8221; el_class=&#8221;textUppercase myHtre&#8221;][vc_column_text el_class=&#8221;leftBorder&#8221;]I nostri rapporti commerciali sono in continuo sviluppo con aziende leader nei settori dell\u2019<b>Automotive<\/b> e del <b>Condizionamento<\/b>, oltre che dell\u2019<b>Oleodimanica<\/b> e dell\u2019<b>Oleopneumatica<\/b>.[\/vc_column_text][\/vc_column][\/vc_row][vc_row equal_height=&#8221;yes&#8221; content_placement=&#8221;middle&#8221; disable_element=&#8221;yes&#8221;][vc_column width=&#8221;1\/2&#8243; css=&#8221;.vc_custom_1575900256001{margin-top: 50px !important;margin-bottom: 50px !important;background-image: url(https:\/\/dlmtappi.com\/wp-content\/uploads\/2019\/12\/DLM-cosa-caffiamo.jpg?id=5778) !important;background-position: center !important;background-repeat: no-repeat !important;background-size: contain !important;}&#8221; offset=&#8221;vc_hidden-xs&#8221;][\/vc_column][vc_column width=&#8221;1\/2&#8243; offset=&#8221;vc_hidden-xs&#8221;][vc_empty_space height=&#8221;100px&#8221;][vc_column_text]Affianchiamo i nostri clienti dall\u2019inizio alla fine. In fase di <b>progettazione<\/b> della protezione suggeriamo i <b>materiali <\/b>migliori e pi\u00f9 adeguati all&#8217;applicazione richiesta. Definiamo il <b>layout<\/b> pi\u00f9 sicuro. A seconda dell\u2019utilizzo realizziamo <b>prototipi<\/b> funzionali e stampi di produzione, grazie alla nostra attrezzeria interna.<\/p>\n<p>Inoltre garantiamo eventuali <b>scorte<\/b> del prodotto &#8211; in base alle necessit\u00e0 del cliente &#8211; grazie al magazzino di oltre 2.000 mq, con ulteriori aree dedicate ai prodotti customizzati. La <b>distribuzione<\/b> dei prodotti viene organizzata in ogni parte del mondo.[\/vc_column_text][vc_empty_space height=&#8221;100px&#8221;][\/vc_column][\/vc_row][vc_row equal_height=&#8221;yes&#8221; content_placement=&#8221;middle&#8221; disable_element=&#8221;yes&#8221; css=&#8221;.vc_custom_1676622493793{padding-top: 50px !important;}&#8221;][vc_column offset=&#8221;vc_hidden-lg vc_hidden-md vc_hidden-sm&#8221;][vc_column_text]Affianchiamo i nostri clienti dall\u2019inizio alla fine. In fase di <b>progettazione<\/b> della protezione suggeriamo i <b>materiali <\/b>migliori e pi\u00f9 adeguati all&#8217;applicazione richiesta. Definiamo il <b>layout<\/b> pi\u00f9 sicuro. A seconda dell\u2019utilizzo realizziamo <b>prototipi<\/b> funzionali e stampi di produzione, grazie alla nostra attrezzeria interna.<\/p>\n<p>Inoltre garantiamo eventuali <b>scorte<\/b> del prodotto &#8211; in base alle necessit\u00e0 del cliente &#8211; grazie al magazzino di oltre 2.000 mq, con ulteriori aree dedicate ai prodotti customizzati. La <b>distribuzione<\/b> dei prodotti viene organizzata in ogni parte del mondo.[\/vc_column_text][vc_single_image image=&#8221;5778&#8243; img_size=&#8221;320&#215;480&#8243; alignment=&#8221;center&#8221;][\/vc_column][\/vc_row][vc_row full_width=&#8221;stretch_row&#8221; equal_height=&#8221;yes&#8221; content_placement=&#8221;middle&#8221; el_class=&#8221;preFooter&#8221;][vc_column offset=&#8221;vc_col-lg-offset-1 vc_col-lg-10 vc_col-md-offset-1 vc_col-md-10&#8243;][\/vc_column][\/vc_row][vc_row full_width=&#8221;stretch_row_content_no_spaces&#8221; css=&#8221;.vc_custom_1710233084148{background-color: #f7f7f7 !important;}&#8221;][vc_column][vc_cta h2=&#8221;Owoc naszych wysi\u0142k\u00f3w? Coraz bardziej zielony katalog!&#8221; h4=&#8221;Pobierz i poznaj wszystkie szczeg\u00f3\u0142y&#8221; txt_align=&#8221;center&#8221; add_button=&#8221;bottom&#8221; btn_title=&#8221;POBIERZ ZIELONY KATALOG&#8221; btn_style=&#8221;flat&#8221; btn_shape=&#8221;square&#8221; btn_size=&#8221;lg&#8221; btn_align=&#8221;center&#8221; el_class=&#8221;verde&#8221; btn_link=&#8221;url:https%3A%2F%2Fdlmtappi.com%2Fpl%2Fkatalog%2F|title:Katalog&#8221;][\/vc_cta][\/vc_column][\/vc_row][vc_row][vc_column][vc_single_image image=&#8221;10601&#8243; img_size=&#8221;full&#8221; alignment=&#8221;center&#8221; el_class=&#8221;immagine&#8221;][vc_column_text]Od 2019 r. firma DLM zainwestowa\u0142a w wymian\u0119 65% swoich zak\u0142ad\u00f3w produkcyjnych, instaluj\u0105c <strong>najnowocze\u015bniejszy sprz\u0119t<\/strong>, kt\u00f3ry zmniejszy\u0142 zu\u017cycie energii o 30%.<\/p>\n<p>W 2021 r. uruchomili\u015bmy nasz <strong>system fotowoltaiczny<\/strong>, kt\u00f3ry pozwala nam, dzi\u0119ki energii s\u0142onecznej, zaspokoi\u0107 35% naszego zapotrzebowania na energi\u0119 elektryczn\u0105.<\/p>\n<p>Szkolenia, podnoszenie \u015bwiadomo\u015bci i zaanga\u017cowanie ca\u0142ego naszego ZESPO\u0141U by\u0142y czynnikami sukcesu w zakresie <strong>\u015bwiadomego wykorzystania<\/strong> sprz\u0119tu i surowc\u00f3w.[\/vc_column_text][vc_btn title=&#8221;ODKRYJ NASZE CERTYFIKATY&#8221; style=&#8221;outline-custom&#8221; outline_custom_color=&#8221;#0a0a0a&#8221; outline_custom_hover_background=&#8221;#000000&#8243; outline_custom_hover_text=&#8221;#ffffff&#8221; shape=&#8221;square&#8221; size=&#8221;lg&#8221; align=&#8221;center&#8221; link=&#8221;url:https%3A%2F%2Fdlmtappi.com%2Fpl%2Fcertyfikaty%2F|title:Certyfikaty&#8221;][vc_empty_space height=&#8221;40px&#8221;][\/vc_column][\/vc_row][vc_row][vc_column][vc_single_image image=&#8221;10681&#8243; img_size=&#8221;full&#8221; alignment=&#8221;center&#8221; el_class=&#8221;immagine&#8221;][vc_column_text]Nasza linia GREEN LINE wykonana z <strong>tworzyw sztucznych pochodz\u0105cych z recyklingu<\/strong> jest wynikiem naszego zaanga\u017cowania w ochron\u0119 \u015brodowiska.<\/p>\n<p>Nasze produkty ECO posiadaj\u0105 certyfikat PSV (Plastic Second Life) i spe\u0142niaj\u0105 wymagania normy ISO 14021.<br \/>\nLinia ECO pozwoli nam <strong>unikn\u0105\u0107 emisji oko\u0142o 800 000 kg ekwiwalentu CO2<\/strong>.<\/p>\n<p>Wszystkie przedmioty ECO b\u0119d\u0105 ponownie nadawa\u0107 si\u0119 do recyklingu w zwi\u0105zku z <strong>gospodark\u0105 o obiegu zamkni\u0119tym<\/strong>.<\/p>\n<p>DLM codziennie d\u0105\u017cy do opracowywania pomys\u0142\u00f3w i rozwi\u0105za\u0144, aby sprosta\u0107 zr\u00f3wnowa\u017conemu rozwojowi gospodarczemu, spo\u0142ecznemu i \u015brodowiskowemu, podejmuj\u0105c wyzwania zwi\u0105zane z <strong>ci\u0105g\u0142ym doskonaleniem<\/strong>.[\/vc_column_text][vc_btn title=&#8221;POBIERZ NASZ ZIELONY KATALOG&#8221; style=&#8221;outline-custom&#8221; outline_custom_color=&#8221;#0a0a0a&#8221; outline_custom_hover_background=&#8221;#000000&#8243; outline_custom_hover_text=&#8221;#ffffff&#8221; shape=&#8221;square&#8221; size=&#8221;lg&#8221; align=&#8221;center&#8221; link=&#8221;url:https%3A%2F%2Fdlmtappi.com%2Fpl%2Fkatalog%2F|title:Katalog&#8221;][vc_empty_space height=&#8221;40px&#8221;][vc_single_image image=&#8221;10638&#8243; img_size=&#8221;full&#8221; alignment=&#8221;center&#8221; el_class=&#8221;immagine&#8221;][vc_empty_space height=&#8221;40px&#8221;][\/vc_column][\/vc_row]<\/p>\n<\/section>","protected":false},"excerpt":{"rendered":"<p>[vc_row gap=&#8221;20&#8243; equal_height=&#8221;yes&#8221; content_placement=&#8221;middle&#8221;][vc_column width=&#8221;1\/2&#8243; offset=&#8221;vc_hidden-xs&#8221;][vc_column_text]DLM specjalizuje si\u0119 w produkcji system\u00f3w ochronnych od ponad 50 lat. Firma zobowi\u0105za\u0142a si\u0119 do ca\u0142kowitej ekologicznej transformacji swoich produkt\u00f3w i proces\u00f3w produkcyjnych do 2025 roku. Personel DLM jest bij\u0105cym sercem tej niezwyk\u0142ej ekologicznej transformacji, kt\u00f3ra przekszta\u0142ca si\u0119 w konkretne dzia\u0142ania zar\u00f3wno na poziomie zawodowym, jak i osobistym. Nasza transformacja&hellip;<\/p>\n","protected":false},"author":1,"featured_media":0,"parent":0,"menu_order":0,"comment_status":"closed","ping_status":"closed","template":"","meta":{"_acf_changed":false,"footnotes":""},"class_list":["post-11433","page","type-page","status-publish","hentry","description-off"],"acf":[],"yoast_head":"<!-- This site is optimized with the Yoast SEO plugin v25.6 - https:\/\/yoast.com\/wordpress\/plugins\/seo\/ -->\n<title>Fabryka producenta nakr\u0119tek plastikowych | Firma - DLM tappi<\/title>\n<meta name=\"description\" content=\"Fabryka producenta nakr\u0119tek plastikowych i wiod\u0105cy partner w produkcji i formowaniu nakr\u0119tek technicznych i za\u015blepek zabezpieczaj\u0105cych gwinty\" \/>\n<meta name=\"robots\" content=\"index, follow, max-snippet:-1, max-image-preview:large, max-video-preview:-1\" \/>\n<link rel=\"canonical\" href=\"https:\/\/dlmtappi.com\/pl\/firma\/\" \/>\n<meta property=\"og:locale\" content=\"pl_PL\" \/>\n<meta property=\"og:type\" content=\"article\" \/>\n<meta property=\"og:title\" content=\"Fabryka producenta nakr\u0119tek plastikowych | Firma - DLM tappi\" \/>\n<meta property=\"og:description\" content=\"Fabryka producenta nakr\u0119tek plastikowych i wiod\u0105cy partner w produkcji i formowaniu nakr\u0119tek technicznych i za\u015blepek zabezpieczaj\u0105cych gwinty\" \/>\n<meta property=\"og:url\" content=\"https:\/\/dlmtappi.com\/pl\/firma\/\" \/>\n<meta property=\"og:site_name\" content=\"DLM tappi\" \/>\n<meta property=\"article:modified_time\" content=\"2025-12-23T15:47:14+00:00\" \/>\n<meta name=\"twitter:card\" content=\"summary_large_image\" \/>\n<meta name=\"twitter:label1\" content=\"Szacowany czas czytania\" \/>\n\t<meta name=\"twitter:data1\" content=\"6 minut\" \/>\n<script type=\"application\/ld+json\" class=\"yoast-schema-graph\">{\"@context\":\"https:\/\/schema.org\",\"@graph\":[{\"@type\":\"WebPage\",\"@id\":\"https:\/\/dlmtappi.com\/pl\/firma\/\",\"url\":\"https:\/\/dlmtappi.com\/pl\/firma\/\",\"name\":\"Fabryka producenta nakr\u0119tek plastikowych | Firma - DLM tappi\",\"isPartOf\":{\"@id\":\"https:\/\/dlmtappi.com\/pl\/#website\"},\"datePublished\":\"2019-07-30T10:14:42+00:00\",\"dateModified\":\"2025-12-23T15:47:14+00:00\",\"description\":\"Fabryka producenta nakr\u0119tek plastikowych i wiod\u0105cy partner w produkcji i formowaniu nakr\u0119tek technicznych i za\u015blepek zabezpieczaj\u0105cych gwinty\",\"breadcrumb\":{\"@id\":\"https:\/\/dlmtappi.com\/pl\/firma\/#breadcrumb\"},\"inLanguage\":\"pl-PL\",\"potentialAction\":[{\"@type\":\"ReadAction\",\"target\":[\"https:\/\/dlmtappi.com\/pl\/firma\/\"]}]},{\"@type\":\"BreadcrumbList\",\"@id\":\"https:\/\/dlmtappi.com\/pl\/firma\/#breadcrumb\",\"itemListElement\":[{\"@type\":\"ListItem\",\"position\":1,\"name\":\"Home\",\"item\":\"https:\/\/dlmtappi.com\/pl\/\"},{\"@type\":\"ListItem\",\"position\":2,\"name\":\"Firma\"}]},{\"@type\":\"WebSite\",\"@id\":\"https:\/\/dlmtappi.com\/pl\/#website\",\"url\":\"https:\/\/dlmtappi.com\/pl\/\",\"name\":\"DLM tappi\",\"description\":\"Produzione tappi tecnici e protezione filetti in plastica\",\"publisher\":{\"@id\":\"https:\/\/dlmtappi.com\/pl\/#organization\"},\"potentialAction\":[{\"@type\":\"SearchAction\",\"target\":{\"@type\":\"EntryPoint\",\"urlTemplate\":\"https:\/\/dlmtappi.com\/pl\/?s={search_term_string}\"},\"query-input\":{\"@type\":\"PropertyValueSpecification\",\"valueRequired\":true,\"valueName\":\"search_term_string\"}}],\"inLanguage\":\"pl-PL\"},{\"@type\":\"Organization\",\"@id\":\"https:\/\/dlmtappi.com\/pl\/#organization\",\"name\":\"DLM tappi\",\"url\":\"https:\/\/dlmtappi.com\/pl\/\",\"logo\":{\"@type\":\"ImageObject\",\"inLanguage\":\"pl-PL\",\"@id\":\"https:\/\/dlmtappi.com\/pl\/#\/schema\/logo\/image\/\",\"url\":\"https:\/\/dlmtappi.com\/wp-content\/uploads\/2022\/12\/dlm_logo_foglia.png\",\"contentUrl\":\"https:\/\/dlmtappi.com\/wp-content\/uploads\/2022\/12\/dlm_logo_foglia.png\",\"width\":114,\"height\":100,\"caption\":\"DLM tappi\"},\"image\":{\"@id\":\"https:\/\/dlmtappi.com\/pl\/#\/schema\/logo\/image\/\"}}]}<\/script>\n<!-- \/ Yoast SEO plugin. -->","yoast_head_json":{"title":"Fabryka producenta nakr\u0119tek plastikowych | Firma - DLM tappi","description":"Fabryka producenta nakr\u0119tek plastikowych i wiod\u0105cy partner w produkcji i formowaniu nakr\u0119tek technicznych i za\u015blepek zabezpieczaj\u0105cych gwinty","robots":{"index":"index","follow":"follow","max-snippet":"max-snippet:-1","max-image-preview":"max-image-preview:large","max-video-preview":"max-video-preview:-1"},"canonical":"https:\/\/dlmtappi.com\/pl\/firma\/","og_locale":"pl_PL","og_type":"article","og_title":"Fabryka producenta nakr\u0119tek plastikowych | Firma - DLM tappi","og_description":"Fabryka producenta nakr\u0119tek plastikowych i wiod\u0105cy partner w produkcji i formowaniu nakr\u0119tek technicznych i za\u015blepek zabezpieczaj\u0105cych gwinty","og_url":"https:\/\/dlmtappi.com\/pl\/firma\/","og_site_name":"DLM tappi","article_modified_time":"2025-12-23T15:47:14+00:00","twitter_card":"summary_large_image","twitter_misc":{"Szacowany czas czytania":"6 minut"},"schema":{"@context":"https:\/\/schema.org","@graph":[{"@type":"WebPage","@id":"https:\/\/dlmtappi.com\/pl\/firma\/","url":"https:\/\/dlmtappi.com\/pl\/firma\/","name":"Fabryka producenta nakr\u0119tek plastikowych | Firma - DLM tappi","isPartOf":{"@id":"https:\/\/dlmtappi.com\/pl\/#website"},"datePublished":"2019-07-30T10:14:42+00:00","dateModified":"2025-12-23T15:47:14+00:00","description":"Fabryka producenta nakr\u0119tek plastikowych i wiod\u0105cy partner w produkcji i formowaniu nakr\u0119tek technicznych i za\u015blepek zabezpieczaj\u0105cych gwinty","breadcrumb":{"@id":"https:\/\/dlmtappi.com\/pl\/firma\/#breadcrumb"},"inLanguage":"pl-PL","potentialAction":[{"@type":"ReadAction","target":["https:\/\/dlmtappi.com\/pl\/firma\/"]}]},{"@type":"BreadcrumbList","@id":"https:\/\/dlmtappi.com\/pl\/firma\/#breadcrumb","itemListElement":[{"@type":"ListItem","position":1,"name":"Home","item":"https:\/\/dlmtappi.com\/pl\/"},{"@type":"ListItem","position":2,"name":"Firma"}]},{"@type":"WebSite","@id":"https:\/\/dlmtappi.com\/pl\/#website","url":"https:\/\/dlmtappi.com\/pl\/","name":"DLM tappi","description":"Produzione tappi tecnici e protezione filetti in plastica","publisher":{"@id":"https:\/\/dlmtappi.com\/pl\/#organization"},"potentialAction":[{"@type":"SearchAction","target":{"@type":"EntryPoint","urlTemplate":"https:\/\/dlmtappi.com\/pl\/?s={search_term_string}"},"query-input":{"@type":"PropertyValueSpecification","valueRequired":true,"valueName":"search_term_string"}}],"inLanguage":"pl-PL"},{"@type":"Organization","@id":"https:\/\/dlmtappi.com\/pl\/#organization","name":"DLM tappi","url":"https:\/\/dlmtappi.com\/pl\/","logo":{"@type":"ImageObject","inLanguage":"pl-PL","@id":"https:\/\/dlmtappi.com\/pl\/#\/schema\/logo\/image\/","url":"https:\/\/dlmtappi.com\/wp-content\/uploads\/2022\/12\/dlm_logo_foglia.png","contentUrl":"https:\/\/dlmtappi.com\/wp-content\/uploads\/2022\/12\/dlm_logo_foglia.png","width":114,"height":100,"caption":"DLM tappi"},"image":{"@id":"https:\/\/dlmtappi.com\/pl\/#\/schema\/logo\/image\/"}}]}},"_links":{"self":[{"href":"https:\/\/dlmtappi.com\/pl\/wp-json\/wp\/v2\/pages\/11433","targetHints":{"allow":["GET"]}}],"collection":[{"href":"https:\/\/dlmtappi.com\/pl\/wp-json\/wp\/v2\/pages"}],"about":[{"href":"https:\/\/dlmtappi.com\/pl\/wp-json\/wp\/v2\/types\/page"}],"author":[{"embeddable":true,"href":"https:\/\/dlmtappi.com\/pl\/wp-json\/wp\/v2\/users\/1"}],"replies":[{"embeddable":true,"href":"https:\/\/dlmtappi.com\/pl\/wp-json\/wp\/v2\/comments?post=11433"}],"version-history":[{"count":3,"href":"https:\/\/dlmtappi.com\/pl\/wp-json\/wp\/v2\/pages\/11433\/revisions"}],"predecessor-version":[{"id":11568,"href":"https:\/\/dlmtappi.com\/pl\/wp-json\/wp\/v2\/pages\/11433\/revisions\/11568"}],"wp:attachment":[{"href":"https:\/\/dlmtappi.com\/pl\/wp-json\/wp\/v2\/media?parent=11433"}],"curies":[{"name":"wp","href":"https:\/\/api.w.org\/{rel}","templated":true}]}}