{"id":11465,"date":"2019-09-06T15:31:47","date_gmt":"2019-09-06T13:31:47","guid":{"rendered":"https:\/\/dlmtappi.com\/firma\/prodotti-custom\/"},"modified":"2025-12-23T16:50:08","modified_gmt":"2025-12-23T15:50:08","slug":"produkty-niestandardowe","status":"publish","type":"page","link":"https:\/\/dlmtappi.com\/pl\/firma\/produkty-niestandardowe\/","title":{"rendered":"Produkty niestandardowe"},"content":{"rendered":"<section class=\"wpb-content-wrapper\"><p>[vc_row gap=&#8221;20&#8243; equal_height=&#8221;yes&#8221; content_placement=&#8221;top&#8221;][vc_column width=&#8221;1\/2&#8243; offset=&#8221;vc_hidden-xs&#8221;][vc_column_text]Po opatentowaniu i opracowaniu naszych produkt\u00f3w zdecydowali\u015bmy si\u0119 na stworzenie w pe\u0142ni rozwini\u0119tego <strong>wewn\u0119trznego warsztatu narz\u0119dziowego<\/strong>. Wyzwaniem by\u0142o zaspokojenie nie tylko wewn\u0119trznych potrzeb konserwacyjnych, ale tak\u017ce pilnego zapotrzebowania <strong>sektora motoryzacyjnego<\/strong> na niestandardow\u0105 produkcj\u0119.<\/p>\n<p>Aby m\u00f3c odpowiedzie\u0107 na nowe wymagania w bardziej staranny i zaawansowany spos\u00f3b, najpierw stworzyli\u015bmy <strong>nowy oddzia\u0142 firmy<\/strong>, wyposa\u017cony w centra obr\u00f3bcze, erozj\u0119 drutow\u0105 i wg\u0142\u0119bn\u0105. R\u00f3wnolegle konieczne by\u0142o zainwestowanie w stworzenie <strong>Dzia\u0142u Technicznego<\/strong>, kt\u00f3ry by\u0142by w stanie \u015bledzi\u0107 ca\u0142y proces produkcji wraz z klientem. Pocz\u0105wszy od opracowania ca\u0142ego komponentu, a\u017c po ko\u0144cowy efekt zabezpieczenia, w synergii z w\u0142asnymi dzia\u0142ami badawczo-rozwojowymi i UT klienta.[\/vc_column_text][\/vc_column][vc_column width=&#8221;1\/2&#8243; offset=&#8221;vc_hidden-xs&#8221;][vc_single_image image=&#8221;7411&#8243; img_size=&#8221;large&#8221; alignment=&#8221;center&#8221; image_hovers=&#8221;false&#8221; lazy_loading=&#8221;true&#8221;][\/vc_column][\/vc_row][vc_row equal_height=&#8221;yes&#8221; content_placement=&#8221;top&#8221; css=&#8221;.vc_custom_1575900930450{padding-top: 50px !important;}&#8221;][vc_column offset=&#8221;vc_hidden-lg vc_hidden-md vc_hidden-sm&#8221;][vc_column_text]Dopo aver brevettato ed ingegnerizzato i nostri prodotti, abbiamo deciso di sviluppare una vera e propria <b>attrezzeria interna<\/b>. La sfida era soddisfare non soltanto le necessit\u00e0 di manutenzione interna, ma anche l\u2019impellente domanda del <b>settore Automotive<\/b> di una produzione customizzata.<\/p>\n<p>Per riuscire a rispondere alle nuove richieste in modo sempre pi\u00f9 attento e avanzato abbiamo anzitutto creato un <b>nuovo ramo d\u2019azienda<\/b>, provvisto di centri di lavoro, erosioni a filo e tuffo. Parallelamente \u00e8 stato necessario investire nella creazione di un <b>Ufficio Tecnico<\/b> in grado di seguire, fianco a fianco al cliente, l\u2019intero processo produttivo. Dallo sviluppo di tutto il componente fino al risultato finale della protezione, in sinergia con gli enti R&amp;D e UT del cliente stesso.[\/vc_column_text][vc_single_image image=&#8221;7411&#8243; img_size=&#8221;440&#215;320&#8243; alignment=&#8221;center&#8221; image_hovers=&#8221;false&#8221; lazy_loading=&#8221;true&#8221;][\/vc_column][\/vc_row][vc_row gap=&#8221;20&#8243; equal_height=&#8221;yes&#8221; content_placement=&#8221;middle&#8221;][vc_column width=&#8221;1\/2&#8243; offset=&#8221;vc_hidden-xs&#8221;][vc_single_image image=&#8221;7413&#8243; img_size=&#8221;large&#8221; alignment=&#8221;center&#8221; image_hovers=&#8221;false&#8221; lazy_loading=&#8221;true&#8221;][\/vc_column][vc_column width=&#8221;1\/2&#8243; offset=&#8221;vc_hidden-xs&#8221;][vc_column_text]Pozwoli\u0142o nam to sta\u0107 si\u0119 <strong>graczem referencyjnym<\/strong> dla sektora motoryzacyjnego w dziedzinie zabezpiecze\u0144, a jednocze\u015bnie opracowywa\u0107 niestandardowe projekty wsp\u00f3lnie z naszymi klientami. W rzeczywisto\u015bci cz\u0119sto spotykamy si\u0119 z zapotrzebowaniem na produkt, kt\u00f3ry nie nale\u017cy do standardowego asortymentu DLM. W takich przypadkach niezb\u0119dne jest zatem rozpocz\u0119cie od pomys\u0142u i projektu <strong>opracowanego specjalnie<\/strong> dla tego konkretnego zabezpieczenia. Po udost\u0119pnieniu projektu 2D przechodzimy do realizacji pr\u00f3bki 3D, a nast\u0119pnie ko\u0144czymy proces produkcj\u0105 formy seryjnej.[\/vc_column_text][\/vc_column][\/vc_row][vc_row equal_height=&#8221;yes&#8221; content_placement=&#8221;middle&#8221; css=&#8221;.vc_custom_1575900995075{padding-top: 50px !important;}&#8221;][vc_column offset=&#8221;vc_hidden-lg vc_hidden-md vc_hidden-sm&#8221;][vc_column_text]Questo ci ha permesso di diventare un <b>player di riferimento<\/b> per il settore automobilistico nell&#8217;ambito delle protezioni e allo stesso tempo di sviluppare progetti custom insieme ai clienti. Spesso, infatti, ci viene presentata l\u2019esigenza di un prodotto che non appartiene alla gamma standard di DLM. In questi casi \u00e8 quindi indispensabile partire da un\u2019idea e da un disegno <b>studiato ad hoc<\/b> per quella specifica protezione. Dopo aver condiviso il progetto 2D, si passa alla realizzazione del campione 3D, per poi ultimare il processo con la produzione di uno stampo di serie.[\/vc_column_text][vc_single_image image=&#8221;7413&#8243; img_size=&#8221;440&#215;320&#8243; alignment=&#8221;center&#8221; image_hovers=&#8221;false&#8221; lazy_loading=&#8221;true&#8221;][\/vc_column][\/vc_row][vc_row full_width=&#8221;stretch_row&#8221; gap=&#8221;35&#8243; equal_height=&#8221;yes&#8221; content_placement=&#8221;middle&#8221; css=&#8221;.vc_custom_1575906570947{background-color: #f7f7f7 !important;}&#8221; el_class=&#8221;preFooter&#8221;][vc_column offset=&#8221;vc_col-lg-offset-1 vc_col-lg-10 vc_col-md-offset-1 vc_col-md-10&#8243;][vc_custom_heading text=&#8221;Produkty&#8221; font_container=&#8221;tag:h2|text_align:center&#8221; use_theme_fonts=&#8221;yes&#8221; el_class=&#8221;textUppercase&#8221;][vc_custom_heading text=&#8221;Nasze artyku\u0142y s\u0105 badane, projektowane i konstruowane w celu zabezpieczenia gwint\u00f3w i zapobiegania zanieczyszczeniom zewn\u0119trznym.&#8221; font_container=&#8221;tag:h3|text_align:center&#8221; use_theme_fonts=&#8221;yes&#8221;][vc_empty_space][vc_btn title=&#8221;ZOBACZ NASZE PRODUKTY &gt;&#8221; style=&#8221;outline-custom&#8221; outline_custom_color=&#8221;#333333&#8243; outline_custom_hover_background=&#8221;#333333&#8243; outline_custom_hover_text=&#8221;#ffffff&#8221; shape=&#8221;square&#8221; align=&#8221;center&#8221; link=&#8221;url:https%3A%2F%2Fdlmtappi.com%2Fpl%2Fkategorie%2F|title:Kategorie&#8221; el_class=&#8221;textUppercase&#8221;][vc_empty_space height=&#8221;20px&#8221;][\/vc_column][\/vc_row]<\/p>\n<\/section>","protected":false},"excerpt":{"rendered":"<p>[vc_row gap=&#8221;20&#8243; equal_height=&#8221;yes&#8221; content_placement=&#8221;top&#8221;][vc_column width=&#8221;1\/2&#8243; offset=&#8221;vc_hidden-xs&#8221;][vc_column_text]Po opatentowaniu i opracowaniu naszych produkt\u00f3w zdecydowali\u015bmy si\u0119 na stworzenie w pe\u0142ni rozwini\u0119tego wewn\u0119trznego warsztatu narz\u0119dziowego. Wyzwaniem by\u0142o zaspokojenie nie tylko wewn\u0119trznych potrzeb konserwacyjnych, ale tak\u017ce pilnego zapotrzebowania sektora motoryzacyjnego na niestandardow\u0105 produkcj\u0119. Aby m\u00f3c odpowiedzie\u0107 na nowe wymagania w bardziej staranny i zaawansowany spos\u00f3b, najpierw stworzyli\u015bmy nowy oddzia\u0142 firmy,&hellip;<\/p>\n","protected":false},"author":1,"featured_media":0,"parent":11433,"menu_order":0,"comment_status":"closed","ping_status":"closed","template":"","meta":{"_acf_changed":false,"footnotes":""},"class_list":["post-11465","page","type-page","status-publish","hentry","description-off"],"acf":[],"yoast_head":"<!-- This site is optimized with the Yoast SEO plugin v25.6 - https:\/\/yoast.com\/wordpress\/plugins\/seo\/ -->\n<title>Czapki na zam\u00f3wienie | Produkty na zam\u00f3wienie - DLM tappi<\/title>\n<meta name=\"description\" content=\"DLM Tappi produkuje i projektuje czapki i produkty na zam\u00f3wienie dla swoich klient\u00f3w dzi\u0119ki do\u015bwiadczeniu swojego dzia\u0142u technicznego. Dowiedz si\u0119 wi\u0119cej ju\u017c teraz!\" \/>\n<meta name=\"robots\" content=\"index, follow, max-snippet:-1, max-image-preview:large, max-video-preview:-1\" \/>\n<link rel=\"canonical\" href=\"https:\/\/dlmtappi.com\/pl\/firma\/produkty-niestandardowe\/\" \/>\n<meta property=\"og:locale\" content=\"pl_PL\" \/>\n<meta property=\"og:type\" content=\"article\" \/>\n<meta property=\"og:title\" content=\"Czapki na zam\u00f3wienie | Produkty na zam\u00f3wienie - DLM tappi\" \/>\n<meta property=\"og:description\" content=\"DLM Tappi produkuje i projektuje czapki i produkty na zam\u00f3wienie dla swoich klient\u00f3w dzi\u0119ki do\u015bwiadczeniu swojego dzia\u0142u technicznego. Dowiedz si\u0119 wi\u0119cej ju\u017c teraz!\" \/>\n<meta property=\"og:url\" content=\"https:\/\/dlmtappi.com\/pl\/firma\/produkty-niestandardowe\/\" \/>\n<meta property=\"og:site_name\" content=\"DLM tappi\" \/>\n<meta property=\"article:modified_time\" content=\"2025-12-23T15:50:08+00:00\" \/>\n<meta name=\"twitter:card\" content=\"summary_large_image\" \/>\n<meta name=\"twitter:label1\" content=\"Szacowany czas czytania\" \/>\n\t<meta name=\"twitter:data1\" content=\"3 minuty\" \/>\n<script type=\"application\/ld+json\" class=\"yoast-schema-graph\">{\"@context\":\"https:\/\/schema.org\",\"@graph\":[{\"@type\":\"WebPage\",\"@id\":\"https:\/\/dlmtappi.com\/pl\/firma\/produkty-niestandardowe\/\",\"url\":\"https:\/\/dlmtappi.com\/pl\/firma\/produkty-niestandardowe\/\",\"name\":\"Czapki na zam\u00f3wienie | Produkty na zam\u00f3wienie - DLM tappi\",\"isPartOf\":{\"@id\":\"https:\/\/dlmtappi.com\/pl\/#website\"},\"datePublished\":\"2019-09-06T13:31:47+00:00\",\"dateModified\":\"2025-12-23T15:50:08+00:00\",\"description\":\"DLM Tappi produkuje i projektuje czapki i produkty na zam\u00f3wienie dla swoich klient\u00f3w dzi\u0119ki do\u015bwiadczeniu swojego dzia\u0142u technicznego. Dowiedz si\u0119 wi\u0119cej ju\u017c teraz!\",\"breadcrumb\":{\"@id\":\"https:\/\/dlmtappi.com\/pl\/firma\/produkty-niestandardowe\/#breadcrumb\"},\"inLanguage\":\"pl-PL\",\"potentialAction\":[{\"@type\":\"ReadAction\",\"target\":[\"https:\/\/dlmtappi.com\/pl\/firma\/produkty-niestandardowe\/\"]}]},{\"@type\":\"BreadcrumbList\",\"@id\":\"https:\/\/dlmtappi.com\/pl\/firma\/produkty-niestandardowe\/#breadcrumb\",\"itemListElement\":[{\"@type\":\"ListItem\",\"position\":1,\"name\":\"Home\",\"item\":\"https:\/\/dlmtappi.com\/pl\/\"},{\"@type\":\"ListItem\",\"position\":2,\"name\":\"Firma\",\"item\":\"https:\/\/dlmtappi.com\/pl\/firma\/\"},{\"@type\":\"ListItem\",\"position\":3,\"name\":\"Produkty niestandardowe\"}]},{\"@type\":\"WebSite\",\"@id\":\"https:\/\/dlmtappi.com\/pl\/#website\",\"url\":\"https:\/\/dlmtappi.com\/pl\/\",\"name\":\"DLM tappi\",\"description\":\"Produzione tappi tecnici e protezione filetti in plastica\",\"publisher\":{\"@id\":\"https:\/\/dlmtappi.com\/pl\/#organization\"},\"potentialAction\":[{\"@type\":\"SearchAction\",\"target\":{\"@type\":\"EntryPoint\",\"urlTemplate\":\"https:\/\/dlmtappi.com\/pl\/?s={search_term_string}\"},\"query-input\":{\"@type\":\"PropertyValueSpecification\",\"valueRequired\":true,\"valueName\":\"search_term_string\"}}],\"inLanguage\":\"pl-PL\"},{\"@type\":\"Organization\",\"@id\":\"https:\/\/dlmtappi.com\/pl\/#organization\",\"name\":\"DLM tappi\",\"url\":\"https:\/\/dlmtappi.com\/pl\/\",\"logo\":{\"@type\":\"ImageObject\",\"inLanguage\":\"pl-PL\",\"@id\":\"https:\/\/dlmtappi.com\/pl\/#\/schema\/logo\/image\/\",\"url\":\"https:\/\/dlmtappi.com\/wp-content\/uploads\/2022\/12\/dlm_logo_foglia.png\",\"contentUrl\":\"https:\/\/dlmtappi.com\/wp-content\/uploads\/2022\/12\/dlm_logo_foglia.png\",\"width\":114,\"height\":100,\"caption\":\"DLM tappi\"},\"image\":{\"@id\":\"https:\/\/dlmtappi.com\/pl\/#\/schema\/logo\/image\/\"}}]}<\/script>\n<!-- \/ Yoast SEO plugin. -->","yoast_head_json":{"title":"Czapki na zam\u00f3wienie | Produkty na zam\u00f3wienie - DLM tappi","description":"DLM Tappi produkuje i projektuje czapki i produkty na zam\u00f3wienie dla swoich klient\u00f3w dzi\u0119ki do\u015bwiadczeniu swojego dzia\u0142u technicznego. Dowiedz si\u0119 wi\u0119cej ju\u017c teraz!","robots":{"index":"index","follow":"follow","max-snippet":"max-snippet:-1","max-image-preview":"max-image-preview:large","max-video-preview":"max-video-preview:-1"},"canonical":"https:\/\/dlmtappi.com\/pl\/firma\/produkty-niestandardowe\/","og_locale":"pl_PL","og_type":"article","og_title":"Czapki na zam\u00f3wienie | Produkty na zam\u00f3wienie - DLM tappi","og_description":"DLM Tappi produkuje i projektuje czapki i produkty na zam\u00f3wienie dla swoich klient\u00f3w dzi\u0119ki do\u015bwiadczeniu swojego dzia\u0142u technicznego. Dowiedz si\u0119 wi\u0119cej ju\u017c teraz!","og_url":"https:\/\/dlmtappi.com\/pl\/firma\/produkty-niestandardowe\/","og_site_name":"DLM tappi","article_modified_time":"2025-12-23T15:50:08+00:00","twitter_card":"summary_large_image","twitter_misc":{"Szacowany czas czytania":"3 minuty"},"schema":{"@context":"https:\/\/schema.org","@graph":[{"@type":"WebPage","@id":"https:\/\/dlmtappi.com\/pl\/firma\/produkty-niestandardowe\/","url":"https:\/\/dlmtappi.com\/pl\/firma\/produkty-niestandardowe\/","name":"Czapki na zam\u00f3wienie | Produkty na zam\u00f3wienie - DLM tappi","isPartOf":{"@id":"https:\/\/dlmtappi.com\/pl\/#website"},"datePublished":"2019-09-06T13:31:47+00:00","dateModified":"2025-12-23T15:50:08+00:00","description":"DLM Tappi produkuje i projektuje czapki i produkty na zam\u00f3wienie dla swoich klient\u00f3w dzi\u0119ki do\u015bwiadczeniu swojego dzia\u0142u technicznego. Dowiedz si\u0119 wi\u0119cej ju\u017c teraz!","breadcrumb":{"@id":"https:\/\/dlmtappi.com\/pl\/firma\/produkty-niestandardowe\/#breadcrumb"},"inLanguage":"pl-PL","potentialAction":[{"@type":"ReadAction","target":["https:\/\/dlmtappi.com\/pl\/firma\/produkty-niestandardowe\/"]}]},{"@type":"BreadcrumbList","@id":"https:\/\/dlmtappi.com\/pl\/firma\/produkty-niestandardowe\/#breadcrumb","itemListElement":[{"@type":"ListItem","position":1,"name":"Home","item":"https:\/\/dlmtappi.com\/pl\/"},{"@type":"ListItem","position":2,"name":"Firma","item":"https:\/\/dlmtappi.com\/pl\/firma\/"},{"@type":"ListItem","position":3,"name":"Produkty niestandardowe"}]},{"@type":"WebSite","@id":"https:\/\/dlmtappi.com\/pl\/#website","url":"https:\/\/dlmtappi.com\/pl\/","name":"DLM tappi","description":"Produzione tappi tecnici e protezione filetti in plastica","publisher":{"@id":"https:\/\/dlmtappi.com\/pl\/#organization"},"potentialAction":[{"@type":"SearchAction","target":{"@type":"EntryPoint","urlTemplate":"https:\/\/dlmtappi.com\/pl\/?s={search_term_string}"},"query-input":{"@type":"PropertyValueSpecification","valueRequired":true,"valueName":"search_term_string"}}],"inLanguage":"pl-PL"},{"@type":"Organization","@id":"https:\/\/dlmtappi.com\/pl\/#organization","name":"DLM tappi","url":"https:\/\/dlmtappi.com\/pl\/","logo":{"@type":"ImageObject","inLanguage":"pl-PL","@id":"https:\/\/dlmtappi.com\/pl\/#\/schema\/logo\/image\/","url":"https:\/\/dlmtappi.com\/wp-content\/uploads\/2022\/12\/dlm_logo_foglia.png","contentUrl":"https:\/\/dlmtappi.com\/wp-content\/uploads\/2022\/12\/dlm_logo_foglia.png","width":114,"height":100,"caption":"DLM tappi"},"image":{"@id":"https:\/\/dlmtappi.com\/pl\/#\/schema\/logo\/image\/"}}]}},"_links":{"self":[{"href":"https:\/\/dlmtappi.com\/pl\/wp-json\/wp\/v2\/pages\/11465","targetHints":{"allow":["GET"]}}],"collection":[{"href":"https:\/\/dlmtappi.com\/pl\/wp-json\/wp\/v2\/pages"}],"about":[{"href":"https:\/\/dlmtappi.com\/pl\/wp-json\/wp\/v2\/types\/page"}],"author":[{"embeddable":true,"href":"https:\/\/dlmtappi.com\/pl\/wp-json\/wp\/v2\/users\/1"}],"replies":[{"embeddable":true,"href":"https:\/\/dlmtappi.com\/pl\/wp-json\/wp\/v2\/comments?post=11465"}],"version-history":[{"count":3,"href":"https:\/\/dlmtappi.com\/pl\/wp-json\/wp\/v2\/pages\/11465\/revisions"}],"predecessor-version":[{"id":11631,"href":"https:\/\/dlmtappi.com\/pl\/wp-json\/wp\/v2\/pages\/11465\/revisions\/11631"}],"up":[{"embeddable":true,"href":"https:\/\/dlmtappi.com\/pl\/wp-json\/wp\/v2\/pages\/11433"}],"wp:attachment":[{"href":"https:\/\/dlmtappi.com\/pl\/wp-json\/wp\/v2\/media?parent=11465"}],"curies":[{"name":"wp","href":"https:\/\/api.w.org\/{rel}","templated":true}]}}