{"id":11482,"date":"2019-07-30T14:22:38","date_gmt":"2019-07-30T12:22:38","guid":{"rendered":"https:\/\/dlmtappi.com\/?page_id=11482"},"modified":"2025-12-23T16:53:49","modified_gmt":"2025-12-23T15:53:49","slug":"zrownowazony-rozwoj","status":"publish","type":"page","link":"https:\/\/dlmtappi.com\/pl\/firma\/zrownowazony-rozwoj\/","title":{"rendered":"Zr\u00f3wnowa\u017cony rozw\u00f3j"},"content":{"rendered":"<section class=\"wpb-content-wrapper\"><p>[vc_row gap=&#8221;20&#8243; equal_height=&#8221;yes&#8221; content_placement=&#8221;middle&#8221;][vc_column width=&#8221;1\/2&#8243; offset=&#8221;vc_hidden-xs&#8221;][vc_column_text]Je\u015bli chodzi o zr\u00f3wnowa\u017cony rozw\u00f3j, jeste\u015bmy zaanga\u017cowani w rozw\u00f3j produkt\u00f3w wykonanych z <strong>biodegradowalnych i \u201edrugiego \u017cycia\u201d tworzyw sztucznych<\/strong>. Opr\u00f3cz poszukiwania materia\u0142\u00f3w o niskim wp\u0142ywie na \u015brodowisko, pragnieniem firmy jest zmniejszenie ilo\u015bci odpad\u00f3w poprzez <strong>\u201ezamkni\u0119te p\u0119tle\u201d<\/strong> w celu odzyskania odpad\u00f3w i z\u0142omu.[\/vc_column_text][vc_empty_space][vc_column_text]Od lat DLM anga\u017cuje si\u0119 w <strong>edukowanie<\/strong> klient\u00f3w ko\u0144cowych <strong>w zakresie prawid\u0142owego usuwania i utylizacji swoich zabezpiecze\u0144<\/strong>. Umo\u017cliwia to odzyskiwanie i ponowne przetwarzanie materia\u0142u z pomoc\u0105 wiod\u0105cych firm w sektorze regeneracji granulatu.[\/vc_column_text][vc_empty_space][vc_column_text]<strong>Zaanga\u017cowanie spo\u0142eczne<\/strong> zosta\u0142o r\u00f3wnie\u017c skonsolidowane poprzez wsparcie lokalnych stowarzysze\u0144, a tak\u017ce <strong>projekty edukacyjne ze szko\u0142ami<\/strong> na wszystkich poziomach. Na przyk\u0142ad zorganizowali\u015bmy lekcje na temat recyklingu tworzyw sztucznych lub sta\u017ce dla uczni\u00f3w szk\u00f3\u0142 zawodowych.[\/vc_column_text][vc_empty_space][\/vc_column][vc_column width=&#8221;1\/2&#8243; css=&#8221;.vc_custom_1575901322404{background-image: url(https:\/\/dlmtappi.com\/wp-content\/uploads\/2019\/12\/DLM-Bio.jpg?id=5791) !important;background-position: center !important;background-repeat: no-repeat !important;background-size: cover !important;}&#8221; offset=&#8221;vc_hidden-xs&#8221;][\/vc_column][\/vc_row][vc_row equal_height=&#8221;yes&#8221; content_placement=&#8221;middle&#8221;][vc_column offset=&#8221;vc_hidden-lg vc_hidden-md vc_hidden-sm&#8221;][vc_column_text]In termini di sostenibilit\u00e0 ci dedichiamo al potenziamento di prodotti realizzati con <b>plastiche biodegradabili<\/b> e con <b>plastiche di &#8222;seconda vita&#8221;<\/b>. Oltre alla ricerca di materiali a basso impatto ambientale, la volont\u00e0 dell&#8217;azienda \u00e8 ridurre gli sprechi attraverso \u201c<b>cicli chiusi&#8221;<\/b> per recuperare il materiale di scarto e di sfrido.<\/p>\n<p>Da anni DLM \u00e8 impegnata in un <b>percorso di educazione alla corretta rimozione e smaltimento delle proprie protezioni<\/b> da parte del cliente finale. In questo modo \u00e8 possibile recuperare e rielaborare il materiale, con l&#8217;aiuto di aziende leader nel settore della rigenerazione del granulo.<\/p>\n<p>L<b>\u2019impegno sociale<\/b> si \u00e8 consolidato anche nel sostegno alle associazioni del territorio, nonch\u00e9 <b>progetti formativi con le scuole<\/b> di ogni ordine e grado. Abbiamo organizzato ad esempio lezioni sulla tematica del riciclo della plastica oppure tirocini per i ragazzi delle scuole professionali.[\/vc_column_text][vc_single_image image=&#8221;5791&#8243; img_size=&#8221;450&#215;300&#8243; alignment=&#8221;center&#8221;][\/vc_column][\/vc_row][vc_row full_width=&#8221;stretch_row&#8221; gap=&#8221;35&#8243; equal_height=&#8221;yes&#8221; content_placement=&#8221;middle&#8221; css=&#8221;.vc_custom_1575906788338{margin-top: 50px !important;background-color: #f7f7f7 !important;}&#8221; el_class=&#8221;preFooter&#8221;][vc_column offset=&#8221;vc_col-lg-offset-1 vc_col-lg-10 vc_col-md-offset-1 vc_col-md-10&#8243;][vc_custom_heading text=&#8221;O nas&#8221; font_container=&#8221;tag:h2|text_align:center&#8221; use_theme_fonts=&#8221;yes&#8221; el_class=&#8221;textUppercase&#8221;][vc_custom_heading text=&#8221;\u201eNasi klienci musz\u0105 zapomnie\u0107 o zarz\u0105dzaniu nasadkami. Nasadka w produkcji jest jak d\u0142ugopis w biurze: nikt nie spodziewa si\u0119, \u017ce nie znajdzie jej w razie potrzeby\u201d.&#8221; font_container=&#8221;tag:h3|text_align:center&#8221; use_theme_fonts=&#8221;yes&#8221;][vc_empty_space][vc_btn title=&#8221;ODKRYJ FIRM\u0118 DLM &gt;&#8221; style=&#8221;outline-custom&#8221; outline_custom_color=&#8221;#333333&#8243; outline_custom_hover_background=&#8221;#333333&#8243; outline_custom_hover_text=&#8221;#ffffff&#8221; shape=&#8221;square&#8221; align=&#8221;center&#8221; link=&#8221;url:https%3A%2F%2Fdlmtappi.com%2Fazienda%2F|title:Azienda||&#8221; el_class=&#8221;textUppercase&#8221;][vc_empty_space height=&#8221;20px&#8221;][\/vc_column][\/vc_row]<\/p>\n<\/section>","protected":false},"excerpt":{"rendered":"<p>[vc_row gap=&#8221;20&#8243; equal_height=&#8221;yes&#8221; content_placement=&#8221;middle&#8221;][vc_column width=&#8221;1\/2&#8243; offset=&#8221;vc_hidden-xs&#8221;][vc_column_text]Je\u015bli chodzi o zr\u00f3wnowa\u017cony rozw\u00f3j, jeste\u015bmy zaanga\u017cowani w rozw\u00f3j produkt\u00f3w wykonanych z biodegradowalnych i \u201edrugiego \u017cycia\u201d tworzyw sztucznych. Opr\u00f3cz poszukiwania materia\u0142\u00f3w o niskim wp\u0142ywie na \u015brodowisko, pragnieniem firmy jest zmniejszenie ilo\u015bci odpad\u00f3w poprzez \u201ezamkni\u0119te p\u0119tle\u201d w celu odzyskania odpad\u00f3w i z\u0142omu.[\/vc_column_text][vc_empty_space][vc_column_text]Od lat DLM anga\u017cuje si\u0119 w edukowanie klient\u00f3w ko\u0144cowych w&hellip;<\/p>\n","protected":false},"author":1,"featured_media":11484,"parent":11433,"menu_order":0,"comment_status":"closed","ping_status":"closed","template":"","meta":{"_acf_changed":false,"footnotes":""},"class_list":["post-11482","page","type-page","status-publish","has-post-thumbnail","hentry","description-off"],"acf":[],"yoast_head":"<!-- This site is optimized with the Yoast SEO plugin v25.6 - https:\/\/yoast.com\/wordpress\/plugins\/seo\/ -->\n<title>Sostenibilit\u00e0 ambientale - Riciclo Plastica - DLM tappi<\/title>\n<meta name=\"description\" content=\"Produciamo prodotti con plastiche biodegradabili e di seconda vita. Scopri i nostri progetti di riciclo plastico e sostenibilit\u00e0 ambientale\" \/>\n<meta name=\"robots\" content=\"index, follow, max-snippet:-1, max-image-preview:large, max-video-preview:-1\" \/>\n<link rel=\"canonical\" href=\"https:\/\/dlmtappi.com\/pl\/firma\/zrownowazony-rozwoj\/\" \/>\n<meta property=\"og:locale\" content=\"pl_PL\" \/>\n<meta property=\"og:type\" content=\"article\" \/>\n<meta property=\"og:title\" content=\"Sostenibilit\u00e0 ambientale - Riciclo Plastica - DLM tappi\" \/>\n<meta property=\"og:description\" content=\"Produciamo prodotti con plastiche biodegradabili e di seconda vita. Scopri i nostri progetti di riciclo plastico e sostenibilit\u00e0 ambientale\" \/>\n<meta property=\"og:url\" content=\"https:\/\/dlmtappi.com\/pl\/firma\/zrownowazony-rozwoj\/\" \/>\n<meta property=\"og:site_name\" content=\"DLM tappi\" \/>\n<meta property=\"article:modified_time\" content=\"2025-12-23T15:53:49+00:00\" \/>\n<meta property=\"og:image\" content=\"https:\/\/dlmtappi.com\/wp-content\/uploads\/2022\/12\/Eco_plugs_male_short_push-in_with_pull_tab.jpg\" \/>\n\t<meta property=\"og:image:width\" content=\"1824\" \/>\n\t<meta property=\"og:image:height\" content=\"1221\" \/>\n\t<meta property=\"og:image:type\" content=\"image\/jpeg\" \/>\n<meta name=\"twitter:card\" content=\"summary_large_image\" \/>\n<meta name=\"twitter:label1\" content=\"Szacowany czas czytania\" \/>\n\t<meta name=\"twitter:data1\" content=\"2 minuty\" \/>\n<script type=\"application\/ld+json\" class=\"yoast-schema-graph\">{\"@context\":\"https:\/\/schema.org\",\"@graph\":[{\"@type\":\"WebPage\",\"@id\":\"https:\/\/dlmtappi.com\/pl\/firma\/zrownowazony-rozwoj\/\",\"url\":\"https:\/\/dlmtappi.com\/pl\/firma\/zrownowazony-rozwoj\/\",\"name\":\"Sostenibilit\u00e0 ambientale - Riciclo Plastica - DLM tappi\",\"isPartOf\":{\"@id\":\"https:\/\/dlmtappi.com\/pl\/#website\"},\"primaryImageOfPage\":{\"@id\":\"https:\/\/dlmtappi.com\/pl\/firma\/zrownowazony-rozwoj\/#primaryimage\"},\"image\":{\"@id\":\"https:\/\/dlmtappi.com\/pl\/firma\/zrownowazony-rozwoj\/#primaryimage\"},\"thumbnailUrl\":\"https:\/\/dlmtappi.com\/wp-content\/uploads\/2022\/12\/Eco_plugs_male_short_push-in_with_pull_tab.jpg\",\"datePublished\":\"2019-07-30T12:22:38+00:00\",\"dateModified\":\"2025-12-23T15:53:49+00:00\",\"description\":\"Produciamo prodotti con plastiche biodegradabili e di seconda vita. Scopri i nostri progetti di riciclo plastico e sostenibilit\u00e0 ambientale\",\"breadcrumb\":{\"@id\":\"https:\/\/dlmtappi.com\/pl\/firma\/zrownowazony-rozwoj\/#breadcrumb\"},\"inLanguage\":\"pl-PL\",\"potentialAction\":[{\"@type\":\"ReadAction\",\"target\":[\"https:\/\/dlmtappi.com\/pl\/firma\/zrownowazony-rozwoj\/\"]}]},{\"@type\":\"ImageObject\",\"inLanguage\":\"pl-PL\",\"@id\":\"https:\/\/dlmtappi.com\/pl\/firma\/zrownowazony-rozwoj\/#primaryimage\",\"url\":\"https:\/\/dlmtappi.com\/wp-content\/uploads\/2022\/12\/Eco_plugs_male_short_push-in_with_pull_tab.jpg\",\"contentUrl\":\"https:\/\/dlmtappi.com\/wp-content\/uploads\/2022\/12\/Eco_plugs_male_short_push-in_with_pull_tab.jpg\",\"width\":1824,\"height\":1221},{\"@type\":\"BreadcrumbList\",\"@id\":\"https:\/\/dlmtappi.com\/pl\/firma\/zrownowazony-rozwoj\/#breadcrumb\",\"itemListElement\":[{\"@type\":\"ListItem\",\"position\":1,\"name\":\"Home\",\"item\":\"https:\/\/dlmtappi.com\/pl\/\"},{\"@type\":\"ListItem\",\"position\":2,\"name\":\"Firma\",\"item\":\"https:\/\/dlmtappi.com\/pl\/firma\/\"},{\"@type\":\"ListItem\",\"position\":3,\"name\":\"Zr\u00f3wnowa\u017cony rozw\u00f3j\"}]},{\"@type\":\"WebSite\",\"@id\":\"https:\/\/dlmtappi.com\/pl\/#website\",\"url\":\"https:\/\/dlmtappi.com\/pl\/\",\"name\":\"DLM tappi\",\"description\":\"Produzione tappi tecnici e protezione filetti in plastica\",\"publisher\":{\"@id\":\"https:\/\/dlmtappi.com\/pl\/#organization\"},\"potentialAction\":[{\"@type\":\"SearchAction\",\"target\":{\"@type\":\"EntryPoint\",\"urlTemplate\":\"https:\/\/dlmtappi.com\/pl\/?s={search_term_string}\"},\"query-input\":{\"@type\":\"PropertyValueSpecification\",\"valueRequired\":true,\"valueName\":\"search_term_string\"}}],\"inLanguage\":\"pl-PL\"},{\"@type\":\"Organization\",\"@id\":\"https:\/\/dlmtappi.com\/pl\/#organization\",\"name\":\"DLM tappi\",\"url\":\"https:\/\/dlmtappi.com\/pl\/\",\"logo\":{\"@type\":\"ImageObject\",\"inLanguage\":\"pl-PL\",\"@id\":\"https:\/\/dlmtappi.com\/pl\/#\/schema\/logo\/image\/\",\"url\":\"https:\/\/dlmtappi.com\/wp-content\/uploads\/2022\/12\/dlm_logo_foglia.png\",\"contentUrl\":\"https:\/\/dlmtappi.com\/wp-content\/uploads\/2022\/12\/dlm_logo_foglia.png\",\"width\":114,\"height\":100,\"caption\":\"DLM tappi\"},\"image\":{\"@id\":\"https:\/\/dlmtappi.com\/pl\/#\/schema\/logo\/image\/\"}}]}<\/script>\n<!-- \/ Yoast SEO plugin. -->","yoast_head_json":{"title":"Sostenibilit\u00e0 ambientale - Riciclo Plastica - DLM tappi","description":"Produciamo prodotti con plastiche biodegradabili e di seconda vita. Scopri i nostri progetti di riciclo plastico e sostenibilit\u00e0 ambientale","robots":{"index":"index","follow":"follow","max-snippet":"max-snippet:-1","max-image-preview":"max-image-preview:large","max-video-preview":"max-video-preview:-1"},"canonical":"https:\/\/dlmtappi.com\/pl\/firma\/zrownowazony-rozwoj\/","og_locale":"pl_PL","og_type":"article","og_title":"Sostenibilit\u00e0 ambientale - Riciclo Plastica - DLM tappi","og_description":"Produciamo prodotti con plastiche biodegradabili e di seconda vita. Scopri i nostri progetti di riciclo plastico e sostenibilit\u00e0 ambientale","og_url":"https:\/\/dlmtappi.com\/pl\/firma\/zrownowazony-rozwoj\/","og_site_name":"DLM tappi","article_modified_time":"2025-12-23T15:53:49+00:00","og_image":[{"width":1824,"height":1221,"url":"https:\/\/dlmtappi.com\/wp-content\/uploads\/2022\/12\/Eco_plugs_male_short_push-in_with_pull_tab.jpg","type":"image\/jpeg"}],"twitter_card":"summary_large_image","twitter_misc":{"Szacowany czas czytania":"2 minuty"},"schema":{"@context":"https:\/\/schema.org","@graph":[{"@type":"WebPage","@id":"https:\/\/dlmtappi.com\/pl\/firma\/zrownowazony-rozwoj\/","url":"https:\/\/dlmtappi.com\/pl\/firma\/zrownowazony-rozwoj\/","name":"Sostenibilit\u00e0 ambientale - Riciclo Plastica - DLM tappi","isPartOf":{"@id":"https:\/\/dlmtappi.com\/pl\/#website"},"primaryImageOfPage":{"@id":"https:\/\/dlmtappi.com\/pl\/firma\/zrownowazony-rozwoj\/#primaryimage"},"image":{"@id":"https:\/\/dlmtappi.com\/pl\/firma\/zrownowazony-rozwoj\/#primaryimage"},"thumbnailUrl":"https:\/\/dlmtappi.com\/wp-content\/uploads\/2022\/12\/Eco_plugs_male_short_push-in_with_pull_tab.jpg","datePublished":"2019-07-30T12:22:38+00:00","dateModified":"2025-12-23T15:53:49+00:00","description":"Produciamo prodotti con plastiche biodegradabili e di seconda vita. Scopri i nostri progetti di riciclo plastico e sostenibilit\u00e0 ambientale","breadcrumb":{"@id":"https:\/\/dlmtappi.com\/pl\/firma\/zrownowazony-rozwoj\/#breadcrumb"},"inLanguage":"pl-PL","potentialAction":[{"@type":"ReadAction","target":["https:\/\/dlmtappi.com\/pl\/firma\/zrownowazony-rozwoj\/"]}]},{"@type":"ImageObject","inLanguage":"pl-PL","@id":"https:\/\/dlmtappi.com\/pl\/firma\/zrownowazony-rozwoj\/#primaryimage","url":"https:\/\/dlmtappi.com\/wp-content\/uploads\/2022\/12\/Eco_plugs_male_short_push-in_with_pull_tab.jpg","contentUrl":"https:\/\/dlmtappi.com\/wp-content\/uploads\/2022\/12\/Eco_plugs_male_short_push-in_with_pull_tab.jpg","width":1824,"height":1221},{"@type":"BreadcrumbList","@id":"https:\/\/dlmtappi.com\/pl\/firma\/zrownowazony-rozwoj\/#breadcrumb","itemListElement":[{"@type":"ListItem","position":1,"name":"Home","item":"https:\/\/dlmtappi.com\/pl\/"},{"@type":"ListItem","position":2,"name":"Firma","item":"https:\/\/dlmtappi.com\/pl\/firma\/"},{"@type":"ListItem","position":3,"name":"Zr\u00f3wnowa\u017cony rozw\u00f3j"}]},{"@type":"WebSite","@id":"https:\/\/dlmtappi.com\/pl\/#website","url":"https:\/\/dlmtappi.com\/pl\/","name":"DLM tappi","description":"Produzione tappi tecnici e protezione filetti in plastica","publisher":{"@id":"https:\/\/dlmtappi.com\/pl\/#organization"},"potentialAction":[{"@type":"SearchAction","target":{"@type":"EntryPoint","urlTemplate":"https:\/\/dlmtappi.com\/pl\/?s={search_term_string}"},"query-input":{"@type":"PropertyValueSpecification","valueRequired":true,"valueName":"search_term_string"}}],"inLanguage":"pl-PL"},{"@type":"Organization","@id":"https:\/\/dlmtappi.com\/pl\/#organization","name":"DLM tappi","url":"https:\/\/dlmtappi.com\/pl\/","logo":{"@type":"ImageObject","inLanguage":"pl-PL","@id":"https:\/\/dlmtappi.com\/pl\/#\/schema\/logo\/image\/","url":"https:\/\/dlmtappi.com\/wp-content\/uploads\/2022\/12\/dlm_logo_foglia.png","contentUrl":"https:\/\/dlmtappi.com\/wp-content\/uploads\/2022\/12\/dlm_logo_foglia.png","width":114,"height":100,"caption":"DLM tappi"},"image":{"@id":"https:\/\/dlmtappi.com\/pl\/#\/schema\/logo\/image\/"}}]}},"_links":{"self":[{"href":"https:\/\/dlmtappi.com\/pl\/wp-json\/wp\/v2\/pages\/11482","targetHints":{"allow":["GET"]}}],"collection":[{"href":"https:\/\/dlmtappi.com\/pl\/wp-json\/wp\/v2\/pages"}],"about":[{"href":"https:\/\/dlmtappi.com\/pl\/wp-json\/wp\/v2\/types\/page"}],"author":[{"embeddable":true,"href":"https:\/\/dlmtappi.com\/pl\/wp-json\/wp\/v2\/users\/1"}],"replies":[{"embeddable":true,"href":"https:\/\/dlmtappi.com\/pl\/wp-json\/wp\/v2\/comments?post=11482"}],"version-history":[{"count":3,"href":"https:\/\/dlmtappi.com\/pl\/wp-json\/wp\/v2\/pages\/11482\/revisions"}],"predecessor-version":[{"id":11635,"href":"https:\/\/dlmtappi.com\/pl\/wp-json\/wp\/v2\/pages\/11482\/revisions\/11635"}],"up":[{"embeddable":true,"href":"https:\/\/dlmtappi.com\/pl\/wp-json\/wp\/v2\/pages\/11433"}],"wp:featuredmedia":[{"embeddable":true,"href":"https:\/\/dlmtappi.com\/pl\/wp-json\/wp\/v2\/media\/11484"}],"wp:attachment":[{"href":"https:\/\/dlmtappi.com\/pl\/wp-json\/wp\/v2\/media?parent=11482"}],"curies":[{"name":"wp","href":"https:\/\/api.w.org\/{rel}","templated":true}]}}