{"id":11492,"date":"2019-11-27T09:32:06","date_gmt":"2019-11-27T08:32:06","guid":{"rendered":"https:\/\/dlmtappi.com\/catalogo\/"},"modified":"2026-01-07T11:34:41","modified_gmt":"2026-01-07T10:34:41","slug":"katalog","status":"publish","type":"page","link":"https:\/\/dlmtappi.com\/pl\/katalog\/","title":{"rendered":"Katalog"},"content":{"rendered":"<section class=\"wpb-content-wrapper\"><p>[vc_row full_width=&#8221;stretch_row&#8221; equal_height=&#8221;yes&#8221; content_placement=&#8221;top&#8221;][vc_column width=&#8221;1\/3&#8243;][vc_single_image image=&#8221;9898&#8243; img_size=&#8221;full&#8221; alignment=&#8221;center&#8221;][\/vc_column][vc_column width=&#8221;2\/3&#8243; css=&#8221;.vc_custom_1692879682102{padding-top: 30px !important;padding-right: 30px !important;padding-bottom: 30px !important;padding-left: 30px !important;}&#8221;][vc_column_text]Jeste\u015bmy partnerem z wyboru w sektorach hydraulicznym i oleopneumatycznym w zakresie produkcji i formowania zatyczek i os\u0142on. Nasze artyku\u0142y s\u0105 zaprojektowane i skonstruowane tak, aby chroni\u0107 gwinty i zapobiega\u0107 zanieczyszczeniom zewn\u0119trznym.[\/vc_column_text][vc_separator][vc_column_text]<\/p>\n<h3>Wype\u0142nij formularz, aby otrzyma\u0107 nasz katalog na wskazany adres e-mail.<\/h3>\n<p>[\/vc_column_text]\n<div class=\"wpcf7 no-js\" id=\"wpcf7-f6007-o1\" lang=\"it-IT\" dir=\"ltr\" data-wpcf7-id=\"6007\">\n<div class=\"screen-reader-response\"><p role=\"status\" aria-live=\"polite\" aria-atomic=\"true\"><\/p> <ul><\/ul><\/div>\n<form action=\"\/pl\/wp-json\/wp\/v2\/pages\/11492#wpcf7-f6007-o1\" method=\"post\" class=\"wpcf7-form init\" aria-label=\"Modulo di contatto\" novalidate=\"novalidate\" data-status=\"init\">\n<fieldset class=\"hidden-fields-container\"><input type=\"hidden\" name=\"_wpcf7\" value=\"6007\" \/><input type=\"hidden\" name=\"_wpcf7_version\" value=\"6.1\" \/><input type=\"hidden\" name=\"_wpcf7_locale\" value=\"it_IT\" \/><input type=\"hidden\" name=\"_wpcf7_unit_tag\" value=\"wpcf7-f6007-o1\" \/><input type=\"hidden\" name=\"_wpcf7_container_post\" value=\"0\" \/><input type=\"hidden\" name=\"_wpcf7_posted_data_hash\" value=\"\" \/><input type=\"hidden\" name=\"_wpcf7_recaptcha_response\" value=\"\" \/>\n<\/fieldset>\n<div class=\"vc_row wpb_row vc_row-fluid downloadCatalogo\">\n\t<div class=\"wpb_column vc_column_container vc_col-sm-12\">\n\t\t<div class=\"vc_column-inner \">\n\t\t\t<div class=\"wpb_wrapper\">\n\t\t\t\t<div class=\"vc_row wpb_row vc_inner vc_row-fluid\">\n\t\t\t\t\t<div class=\"wpb_column vc_column_container vc_col-sm-6\">\n\t\t\t\t\t\t<div class=\"vc_column-inner \">\n\t\t\t\t\t\t\t<div class=\"wpb_wrapper\">\n\t\t\t\t\t\t\t\t<div class=\"wpb_text_column wpb_content_element\">\n\t\t\t\t\t\t\t\t\t<div class=\"wpb_wrapper\">\n\t\t\t\t\t\t\t\t\t\t<p><label> First name and last name *<\/label><br \/>\n<span class=\"wpcf7-form-control-wrap\" data-name=\"your-nome\"><input size=\"40\" maxlength=\"400\" class=\"wpcf7-form-control wpcf7-text wpcf7-validates-as-required\" aria-required=\"true\" aria-invalid=\"false\" value=\"\" type=\"text\" name=\"your-nome\" \/><\/span>\n\t\t\t\t\t\t\t\t\t\t<\/p>\n\t\t\t\t\t\t\t\t\t\t<p><label> Email address *<\/label><br \/>\n<span class=\"wpcf7-form-control-wrap\" data-name=\"your-email\"><input size=\"40\" maxlength=\"400\" class=\"wpcf7-form-control wpcf7-email wpcf7-validates-as-required wpcf7-text wpcf7-validates-as-email\" aria-required=\"true\" aria-invalid=\"false\" value=\"\" type=\"email\" name=\"your-email\" \/><\/span>\n\t\t\t\t\t\t\t\t\t\t<\/p>\n\t\t\t\t\t\t\t\t\t\t<p><label> Business role *<\/label><br \/>\n<span class=\"wpcf7-form-control-wrap\" data-name=\"your-qualifica\"><input size=\"40\" maxlength=\"400\" class=\"wpcf7-form-control wpcf7-text wpcf7-validates-as-required\" aria-required=\"true\" aria-invalid=\"false\" value=\"\" type=\"text\" name=\"your-qualifica\" \/><\/span>\n\t\t\t\t\t\t\t\t\t\t<\/p>\n\t\t\t\t\t\t\t\t\t<\/div>\n\t\t\t\t\t\t\t\t<\/div>\n\t\t\t\t\t\t\t<\/div>\n\t\t\t\t\t\t<\/div>\n\t\t\t\t\t<\/div>\n\t\t\t\t\t<div class=\"wpb_column vc_column_container vc_col-sm-6\">\n\t\t\t\t\t\t<div class=\"vc_column-inner \">\n\t\t\t\t\t\t\t<div class=\"wpb_wrapper\">\n\t\t\t\t\t\t\t\t<div class=\"wpb_text_column wpb_content_element\">\n\t\t\t\t\t\t\t\t\t<div class=\"wpb_wrapper\">\n\t\t\t\t\t\t\t\t\t\t<p><label> Company *<\/label><br \/>\n<span class=\"wpcf7-form-control-wrap\" data-name=\"your-ragsociale\"><input size=\"40\" maxlength=\"400\" class=\"wpcf7-form-control wpcf7-text wpcf7-validates-as-required\" aria-required=\"true\" aria-invalid=\"false\" value=\"\" type=\"text\" name=\"your-ragsociale\" \/><\/span>\n\t\t\t\t\t\t\t\t\t\t<\/p>\n\t\t\t\t\t\t\t\t\t\t<p><label> City *<\/label><br \/>\n<span class=\"wpcf7-form-control-wrap\" data-name=\"your-localita\"><input size=\"40\" maxlength=\"400\" class=\"wpcf7-form-control wpcf7-text wpcf7-validates-as-required\" aria-required=\"true\" aria-invalid=\"false\" value=\"\" type=\"text\" name=\"your-localita\" \/><\/span>\n\t\t\t\t\t\t\t\t\t\t<\/p>\n\t\t\t\t\t\t\t\t\t\t<p><label> Telephone *<\/label><br \/>\n<span class=\"wpcf7-form-control-wrap\" data-name=\"your-telefono\"><input size=\"40\" maxlength=\"400\" class=\"wpcf7-form-control wpcf7-tel wpcf7-validates-as-required wpcf7-text wpcf7-validates-as-tel\" aria-required=\"true\" aria-invalid=\"false\" value=\"\" type=\"tel\" name=\"your-telefono\" \/><\/span>\n\t\t\t\t\t\t\t\t\t\t<\/p>\n\t\t\t\t\t\t\t\t\t<\/div>\n\t\t\t\t\t\t\t\t<\/div>\n\t\t\t\t\t\t\t<\/div>\n\t\t\t\t\t\t<\/div>\n\t\t\t\t\t<\/div>\n\t\t\t\t<\/div>\n\t\t\t\t<div class=\"wpb_text_column wpb_content_element\">\n\t\t\t\t\t<div class=\"wpb_wrapper\">\n\t\t\t\t\t\t<p><span class=\"wpcf7-form-control-wrap\" data-name=\"autorizzazione\"><span class=\"wpcf7-form-control wpcf7-checkbox wpcf7-validates-as-required\"><span class=\"wpcf7-list-item first last\"><input type=\"checkbox\" name=\"autorizzazione[]\" value=\"I authorize the processing of my personal data, in accordance with current privacy regulations (EU GDPR 679\/16), as per the purposes and methods indicated in the privacy policy.\" \/><span class=\"wpcf7-list-item-label\">I authorize the processing of my personal data, in accordance with current privacy regulations (EU GDPR 679\/16), as per the purposes and methods indicated in the privacy policy.<\/span><\/span><\/span><\/span><a href=\"\/privacy-policy\/\" target=\"_blank\">Privacy policy<\/a><br \/>\n<span class=\"wpcf7-form-control-wrap\" data-name=\"newsletter\"><span class=\"wpcf7-form-control wpcf7-checkbox\"><span class=\"wpcf7-list-item first last\"><input type=\"checkbox\" name=\"newsletter[]\" value=\"I would also like to subscribe to the newsletter to stay updated on news special offers and initiatives.\" \/><span class=\"wpcf7-list-item-label\">I would also like to subscribe to the newsletter to stay updated on news special offers and initiatives.<\/span><\/span><\/span><\/span>\n\t\t\t\t\t\t<\/p>\n\t\t\t\t\t\t<p class=\"submitCenter\"><input class=\"wpcf7-form-control wpcf7-submit has-spinner\" type=\"submit\" value=\"Request Catalogue&nbsp;&nbsp;&rarr;\" \/>\n\t\t\t\t\t\t<\/p>\n\t\t\t\t\t<\/div>\n\t\t\t\t<\/div>\n\t\t\t<\/div>\n\t\t<\/div>\n\t<\/div>\n<\/div><div class=\"wpcf7-response-output\" aria-hidden=\"true\"><\/div>\n<\/form>\n<\/div>\n[\/vc_column][\/vc_row]<\/p>\n<\/section>","protected":false},"excerpt":{"rendered":"<p>[vc_row full_width=&#8221;stretch_row&#8221; equal_height=&#8221;yes&#8221; content_placement=&#8221;top&#8221;][vc_column width=&#8221;1\/3&#8243;][vc_single_image image=&#8221;9898&#8243; img_size=&#8221;full&#8221; alignment=&#8221;center&#8221;][\/vc_column][vc_column width=&#8221;2\/3&#8243; css=&#8221;.vc_custom_1692879682102{padding-top: 30px !important;padding-right: 30px !important;padding-bottom: 30px !important;padding-left: 30px !important;}&#8221;][vc_column_text]Jeste\u015bmy partnerem z wyboru w sektorach hydraulicznym i oleopneumatycznym w zakresie produkcji i formowania zatyczek i os\u0142on. Nasze artyku\u0142y s\u0105 zaprojektowane i skonstruowane tak, aby chroni\u0107 gwinty i zapobiega\u0107 zanieczyszczeniom zewn\u0119trznym.[\/vc_column_text][vc_separator][vc_column_text] Wype\u0142nij formularz, aby otrzyma\u0107 nasz katalog na&hellip;<\/p>\n","protected":false},"author":1,"featured_media":11494,"parent":0,"menu_order":0,"comment_status":"closed","ping_status":"closed","template":"","meta":{"_acf_changed":false,"footnotes":""},"class_list":["post-11492","page","type-page","status-publish","has-post-thumbnail","hentry","description-off"],"acf":[],"yoast_head":"<!-- This site is optimized with the Yoast SEO plugin v25.6 - https:\/\/yoast.com\/wordpress\/plugins\/seo\/ -->\n<title>Katalog online - Plastikowe nakr\u0119tki - DLM tappi<\/title>\n<meta name=\"description\" content=\"Pobierz nasz katalog online dotycz\u0105cy naszej oferty nakr\u0119tek z tworzyw sztucznych pochodz\u0105cych z recyklingu i zabezpiecze\u0144 gwint\u00f3w. Zam\u00f3w katalog ju\u017c teraz!\" \/>\n<meta name=\"robots\" content=\"index, follow, max-snippet:-1, max-image-preview:large, max-video-preview:-1\" \/>\n<link rel=\"canonical\" href=\"https:\/\/dlmtappi.com\/pl\/katalog\/\" \/>\n<meta property=\"og:locale\" content=\"pl_PL\" \/>\n<meta property=\"og:type\" content=\"article\" \/>\n<meta property=\"og:title\" content=\"Katalog online - Plastikowe nakr\u0119tki - DLM tappi\" \/>\n<meta property=\"og:description\" content=\"Pobierz nasz katalog online dotycz\u0105cy naszej oferty nakr\u0119tek z tworzyw sztucznych pochodz\u0105cych z recyklingu i zabezpiecze\u0144 gwint\u00f3w. Zam\u00f3w katalog ju\u017c teraz!\" \/>\n<meta property=\"og:url\" content=\"https:\/\/dlmtappi.com\/pl\/katalog\/\" \/>\n<meta property=\"og:site_name\" content=\"DLM tappi\" \/>\n<meta property=\"article:modified_time\" content=\"2026-01-07T10:34:41+00:00\" \/>\n<meta property=\"og:image\" content=\"https:\/\/dlmtappi.com\/wp-content\/uploads\/2023\/04\/copertina-catalogo-1.jpg\" \/>\n\t<meta property=\"og:image:width\" content=\"1240\" \/>\n\t<meta property=\"og:image:height\" content=\"1753\" \/>\n\t<meta property=\"og:image:type\" content=\"image\/jpeg\" \/>\n<meta name=\"twitter:card\" content=\"summary_large_image\" \/>\n<meta name=\"twitter:image\" content=\"https:\/\/dlmtappi.com\/wp-content\/uploads\/2023\/04\/copertina-catalogo-1.jpg\" \/>\n<meta name=\"twitter:label1\" content=\"Szacowany czas czytania\" \/>\n\t<meta name=\"twitter:data1\" content=\"1 minuta\" \/>\n<script type=\"application\/ld+json\" class=\"yoast-schema-graph\">{\"@context\":\"https:\/\/schema.org\",\"@graph\":[{\"@type\":\"WebPage\",\"@id\":\"https:\/\/dlmtappi.com\/pl\/katalog\/\",\"url\":\"https:\/\/dlmtappi.com\/pl\/katalog\/\",\"name\":\"Katalog online - Plastikowe nakr\u0119tki - DLM tappi\",\"isPartOf\":{\"@id\":\"https:\/\/dlmtappi.com\/pl\/#website\"},\"primaryImageOfPage\":{\"@id\":\"https:\/\/dlmtappi.com\/pl\/katalog\/#primaryimage\"},\"image\":{\"@id\":\"https:\/\/dlmtappi.com\/pl\/katalog\/#primaryimage\"},\"thumbnailUrl\":\"https:\/\/dlmtappi.com\/wp-content\/uploads\/2023\/04\/copertina-catalogo-1.jpg\",\"datePublished\":\"2019-11-27T08:32:06+00:00\",\"dateModified\":\"2026-01-07T10:34:41+00:00\",\"description\":\"Pobierz nasz katalog online dotycz\u0105cy naszej oferty nakr\u0119tek z tworzyw sztucznych pochodz\u0105cych z recyklingu i zabezpiecze\u0144 gwint\u00f3w. Zam\u00f3w katalog ju\u017c teraz!\",\"breadcrumb\":{\"@id\":\"https:\/\/dlmtappi.com\/pl\/katalog\/#breadcrumb\"},\"inLanguage\":\"pl-PL\",\"potentialAction\":[{\"@type\":\"ReadAction\",\"target\":[\"https:\/\/dlmtappi.com\/pl\/katalog\/\"]}]},{\"@type\":\"ImageObject\",\"inLanguage\":\"pl-PL\",\"@id\":\"https:\/\/dlmtappi.com\/pl\/katalog\/#primaryimage\",\"url\":\"https:\/\/dlmtappi.com\/wp-content\/uploads\/2023\/04\/copertina-catalogo-1.jpg\",\"contentUrl\":\"https:\/\/dlmtappi.com\/wp-content\/uploads\/2023\/04\/copertina-catalogo-1.jpg\",\"width\":1240,\"height\":1753},{\"@type\":\"BreadcrumbList\",\"@id\":\"https:\/\/dlmtappi.com\/pl\/katalog\/#breadcrumb\",\"itemListElement\":[{\"@type\":\"ListItem\",\"position\":1,\"name\":\"Home\",\"item\":\"https:\/\/dlmtappi.com\/pl\/\"},{\"@type\":\"ListItem\",\"position\":2,\"name\":\"Katalog\"}]},{\"@type\":\"WebSite\",\"@id\":\"https:\/\/dlmtappi.com\/pl\/#website\",\"url\":\"https:\/\/dlmtappi.com\/pl\/\",\"name\":\"DLM tappi\",\"description\":\"Produzione tappi tecnici e protezione filetti in plastica\",\"publisher\":{\"@id\":\"https:\/\/dlmtappi.com\/pl\/#organization\"},\"potentialAction\":[{\"@type\":\"SearchAction\",\"target\":{\"@type\":\"EntryPoint\",\"urlTemplate\":\"https:\/\/dlmtappi.com\/pl\/?s={search_term_string}\"},\"query-input\":{\"@type\":\"PropertyValueSpecification\",\"valueRequired\":true,\"valueName\":\"search_term_string\"}}],\"inLanguage\":\"pl-PL\"},{\"@type\":\"Organization\",\"@id\":\"https:\/\/dlmtappi.com\/pl\/#organization\",\"name\":\"DLM tappi\",\"url\":\"https:\/\/dlmtappi.com\/pl\/\",\"logo\":{\"@type\":\"ImageObject\",\"inLanguage\":\"pl-PL\",\"@id\":\"https:\/\/dlmtappi.com\/pl\/#\/schema\/logo\/image\/\",\"url\":\"https:\/\/dlmtappi.com\/wp-content\/uploads\/2022\/12\/dlm_logo_foglia.png\",\"contentUrl\":\"https:\/\/dlmtappi.com\/wp-content\/uploads\/2022\/12\/dlm_logo_foglia.png\",\"width\":114,\"height\":100,\"caption\":\"DLM tappi\"},\"image\":{\"@id\":\"https:\/\/dlmtappi.com\/pl\/#\/schema\/logo\/image\/\"}}]}<\/script>\n<!-- \/ Yoast SEO plugin. -->","yoast_head_json":{"title":"Katalog online - Plastikowe nakr\u0119tki - DLM tappi","description":"Pobierz nasz katalog online dotycz\u0105cy naszej oferty nakr\u0119tek z tworzyw sztucznych pochodz\u0105cych z recyklingu i zabezpiecze\u0144 gwint\u00f3w. Zam\u00f3w katalog ju\u017c teraz!","robots":{"index":"index","follow":"follow","max-snippet":"max-snippet:-1","max-image-preview":"max-image-preview:large","max-video-preview":"max-video-preview:-1"},"canonical":"https:\/\/dlmtappi.com\/pl\/katalog\/","og_locale":"pl_PL","og_type":"article","og_title":"Katalog online - Plastikowe nakr\u0119tki - DLM tappi","og_description":"Pobierz nasz katalog online dotycz\u0105cy naszej oferty nakr\u0119tek z tworzyw sztucznych pochodz\u0105cych z recyklingu i zabezpiecze\u0144 gwint\u00f3w. Zam\u00f3w katalog ju\u017c teraz!","og_url":"https:\/\/dlmtappi.com\/pl\/katalog\/","og_site_name":"DLM tappi","article_modified_time":"2026-01-07T10:34:41+00:00","og_image":[{"width":1240,"height":1753,"url":"https:\/\/dlmtappi.com\/wp-content\/uploads\/2023\/04\/copertina-catalogo-1.jpg","type":"image\/jpeg"}],"twitter_card":"summary_large_image","twitter_image":"https:\/\/dlmtappi.com\/wp-content\/uploads\/2023\/04\/copertina-catalogo-1.jpg","twitter_misc":{"Szacowany czas czytania":"1 minuta"},"schema":{"@context":"https:\/\/schema.org","@graph":[{"@type":"WebPage","@id":"https:\/\/dlmtappi.com\/pl\/katalog\/","url":"https:\/\/dlmtappi.com\/pl\/katalog\/","name":"Katalog online - Plastikowe nakr\u0119tki - DLM tappi","isPartOf":{"@id":"https:\/\/dlmtappi.com\/pl\/#website"},"primaryImageOfPage":{"@id":"https:\/\/dlmtappi.com\/pl\/katalog\/#primaryimage"},"image":{"@id":"https:\/\/dlmtappi.com\/pl\/katalog\/#primaryimage"},"thumbnailUrl":"https:\/\/dlmtappi.com\/wp-content\/uploads\/2023\/04\/copertina-catalogo-1.jpg","datePublished":"2019-11-27T08:32:06+00:00","dateModified":"2026-01-07T10:34:41+00:00","description":"Pobierz nasz katalog online dotycz\u0105cy naszej oferty nakr\u0119tek z tworzyw sztucznych pochodz\u0105cych z recyklingu i zabezpiecze\u0144 gwint\u00f3w. Zam\u00f3w katalog ju\u017c teraz!","breadcrumb":{"@id":"https:\/\/dlmtappi.com\/pl\/katalog\/#breadcrumb"},"inLanguage":"pl-PL","potentialAction":[{"@type":"ReadAction","target":["https:\/\/dlmtappi.com\/pl\/katalog\/"]}]},{"@type":"ImageObject","inLanguage":"pl-PL","@id":"https:\/\/dlmtappi.com\/pl\/katalog\/#primaryimage","url":"https:\/\/dlmtappi.com\/wp-content\/uploads\/2023\/04\/copertina-catalogo-1.jpg","contentUrl":"https:\/\/dlmtappi.com\/wp-content\/uploads\/2023\/04\/copertina-catalogo-1.jpg","width":1240,"height":1753},{"@type":"BreadcrumbList","@id":"https:\/\/dlmtappi.com\/pl\/katalog\/#breadcrumb","itemListElement":[{"@type":"ListItem","position":1,"name":"Home","item":"https:\/\/dlmtappi.com\/pl\/"},{"@type":"ListItem","position":2,"name":"Katalog"}]},{"@type":"WebSite","@id":"https:\/\/dlmtappi.com\/pl\/#website","url":"https:\/\/dlmtappi.com\/pl\/","name":"DLM tappi","description":"Produzione tappi tecnici e protezione filetti in plastica","publisher":{"@id":"https:\/\/dlmtappi.com\/pl\/#organization"},"potentialAction":[{"@type":"SearchAction","target":{"@type":"EntryPoint","urlTemplate":"https:\/\/dlmtappi.com\/pl\/?s={search_term_string}"},"query-input":{"@type":"PropertyValueSpecification","valueRequired":true,"valueName":"search_term_string"}}],"inLanguage":"pl-PL"},{"@type":"Organization","@id":"https:\/\/dlmtappi.com\/pl\/#organization","name":"DLM tappi","url":"https:\/\/dlmtappi.com\/pl\/","logo":{"@type":"ImageObject","inLanguage":"pl-PL","@id":"https:\/\/dlmtappi.com\/pl\/#\/schema\/logo\/image\/","url":"https:\/\/dlmtappi.com\/wp-content\/uploads\/2022\/12\/dlm_logo_foglia.png","contentUrl":"https:\/\/dlmtappi.com\/wp-content\/uploads\/2022\/12\/dlm_logo_foglia.png","width":114,"height":100,"caption":"DLM tappi"},"image":{"@id":"https:\/\/dlmtappi.com\/pl\/#\/schema\/logo\/image\/"}}]}},"_links":{"self":[{"href":"https:\/\/dlmtappi.com\/pl\/wp-json\/wp\/v2\/pages\/11492","targetHints":{"allow":["GET"]}}],"collection":[{"href":"https:\/\/dlmtappi.com\/pl\/wp-json\/wp\/v2\/pages"}],"about":[{"href":"https:\/\/dlmtappi.com\/pl\/wp-json\/wp\/v2\/types\/page"}],"author":[{"embeddable":true,"href":"https:\/\/dlmtappi.com\/pl\/wp-json\/wp\/v2\/users\/1"}],"replies":[{"embeddable":true,"href":"https:\/\/dlmtappi.com\/pl\/wp-json\/wp\/v2\/comments?post=11492"}],"version-history":[{"count":3,"href":"https:\/\/dlmtappi.com\/pl\/wp-json\/wp\/v2\/pages\/11492\/revisions"}],"predecessor-version":[{"id":13528,"href":"https:\/\/dlmtappi.com\/pl\/wp-json\/wp\/v2\/pages\/11492\/revisions\/13528"}],"wp:featuredmedia":[{"embeddable":true,"href":"https:\/\/dlmtappi.com\/pl\/wp-json\/wp\/v2\/media\/11494"}],"wp:attachment":[{"href":"https:\/\/dlmtappi.com\/pl\/wp-json\/wp\/v2\/media?parent=11492"}],"curies":[{"name":"wp","href":"https:\/\/api.w.org\/{rel}","templated":true}]}}